{"id":14737,"date":"2019-09-26T17:56:16","date_gmt":"2019-09-26T15:56:16","guid":{"rendered":"https:\/\/www.eryxfitness.com\/produit\/verstellbare-kettlebell-12-32kg-onebell\/"},"modified":"2026-05-05T15:10:23","modified_gmt":"2026-05-05T13:10:23","slug":"verstellbare-kettlebell","status":"publish","type":"product","link":"https:\/\/www.eryxfitness.com\/de\/produit\/verstellbare-kettlebell\/","title":{"rendered":"Kettlebell Verstellbar 12-32kg OneBell\u00ae"},"content":{"rendered":"<h1>VERSTELLBARE KETTLEBELL<\/h1>\n<p>Das Training mit der Kettlebell kann unglaubliche Vorteile f\u00fcr Ihre sportliche Leistung und Ihre Gesundheit mit sich bringen. Sich mit einem kompletten Kettlebell-Set auszustatten, kann jedoch teuer sein und erfordert einen relativ hohen Lagerplatzbedarf.<\/p>\n<p>OneBell\u00ae, unsere verstellbare Kettlebell von 12 bis 32 kg, ist die ideale L\u00f6sung f\u00fcr Kettlebell-Praktizierende, die weder das Budget noch den Platz haben, sich mehrere Kettlebells anzuschaffen. 19 Kettlebells in 1, um Platz und Geld zu sparen.<\/p>\n<p><strong>COMPACT<\/strong><\/p>\n<p>Der gr\u00f6\u00dfte Vorteil der OneBell\u00ae ist die Einsparung von Speicherplatz. Wenn Sie in einer Wohnung leben, in der Sie es sich nicht leisten k\u00f6nnen, ein Dutzend Kettlebells mit unterschiedlichen Gewichten aneinanderzureihen, ist die OneBell\u00ae die perfekte L\u00f6sung.<\/p>\n<p><strong>WIRTSCHAFTLICH<\/strong><\/p>\n<p>Die Anschaffungskosten f\u00fcr ein Grundset von Kettlebells (16kg, 24kg und 32kg) belaufen sich je nach Marke oft auf 200-300 Euro. F\u00fcr ein komplettes Set mit Zwischengewichten m\u00fcssen Sie mit mehreren hundert Euro rechnen, je nach Marke sogar mit \u00fcber 1000 Euro. Mit der OneBell\u00ae erhalten Sie f\u00fcr den Preis eines Grundsets 19 Kettlebells, von 12 bis 32 kg in 1-kg-Schritten.<\/p>\n<p><strong>TRANSPORTABLE<\/strong><\/p>\n<p>Fahren Sie in den Urlaub oder wollen Sie im Freien trainieren? Der OneBell\u00ae passt perfekt in den Kofferraum eines Autos: Sie k\u00f6nnen \u00fcberall und jederzeit trainieren.<\/p>\n<p><strong>ERGONOMISCH<\/strong><\/p>\n<p>Im Gegensatz zu den meisten verstellbaren Kettlebells auf dem Markt hat die OneBell\u00ae die Form einer echten Kettlebell: Sie k\u00f6nnen alle ballistischen \u00dcbungen und Grinds durchf\u00fchren. Auch wenn die Einrichtungszeit vielleicht etwas l\u00e4nger dauert als bei anderen Modellen, erhalten Sie daf\u00fcr eine sehr ergonomische und absolut sichere Kettlebell.<\/p>\n\n\n","protected":false},"excerpt":{"rendered":"<p>OneBell\u00ae, die verstellbare Kettlebell von <strong>12 bis 32 kg<\/strong> in Schritten von 1 kg <strong>.<\/strong> Diese verstellbare Kettlebell vereint <strong>19 Kettlebells in einer<\/strong>, um Platz und Geld zu sparen. Der Griff ist aus lackiertem Stahl und <strong>im Wettkampfformat<\/strong> (Girevoy Sport Standards).<\/p>\n","protected":false},"featured_media":24780,"comment_status":"open","ping_status":"closed","template":"","meta":{"_monsterinsights_skip_tracking":false,"_monsterinsights_sitenote_active":false,"_monsterinsights_sitenote_note":"","_monsterinsights_sitenote_category":0},"product_brand":[],"product_cat":[173],"product_tag":[],"class_list":{"0":"post-14737","1":"product","2":"type-product","3":"status-publish","4":"has-post-thumbnail","6":"product_cat-kettlebells","8":"first","9":"instock","10":"taxable","11":"shipping-taxable","12":"purchasable","13":"product-type-simple"},"yoast_head":"<!-- This site is optimized with the Yoast SEO plugin v27.5 - https:\/\/yoast.com\/product\/yoast-seo-wordpress\/ -->\n<title>Kettlebell Verstellbar 12-32kg OneBell\u00ae &#8211; Eryx Fitness<\/title>\n<meta name=\"description\" content=\"Die OneBell\u00ae Wettkampf verstellbare Kettlebell vereint 19 Wettkampf Kettlebells in 1: Sparen Sie Platz und Geld.\" \/>\n<meta name=\"robots\" content=\"index, follow, max-snippet:-1, max-image-preview:large, max-video-preview:-1\" \/>\n<link rel=\"canonical\" href=\"https:\/\/www.eryxfitness.com\/de\/produit\/verstellbare-kettlebell\/\" \/>\n<meta property=\"og:locale\" content=\"de_DE\" \/>\n<meta property=\"og:type\" content=\"article\" \/>\n<meta property=\"og:title\" content=\"Kettlebell Verstellbar 12-32kg OneBell\u00ae &#8211; Eryx Fitness\" \/>\n<meta property=\"og:description\" content=\"Die OneBell\u00ae Wettkampf verstellbare Kettlebell vereint 19 Wettkampf Kettlebells in 1: Sparen Sie Platz und Geld.\" \/>\n<meta property=\"og:url\" content=\"https:\/\/www.eryxfitness.com\/de\/produit\/verstellbare-kettlebell\/\" \/>\n<meta property=\"og:site_name\" content=\"Eryx Fitness\" \/>\n<meta property=\"article:modified_time\" content=\"2026-05-05T13:10:23+00:00\" \/>\n<meta property=\"og:image\" content=\"https:\/\/www.eryxfitness.com\/wp-content\/uploads\/2019\/09\/12-32-kg-competition-adjustable-kettlebell-eryx-fitness.webp\" \/>\n\t<meta property=\"og:image:width\" content=\"1000\" \/>\n\t<meta property=\"og:image:height\" content=\"1000\" \/>\n\t<meta property=\"og:image:type\" content=\"image\/webp\" \/>\n<meta name=\"twitter:card\" content=\"summary_large_image\" \/>\n<meta name=\"twitter:label1\" content=\"Gesch\u00e4tzte Lesezeit\" \/>\n\t<meta name=\"twitter:data1\" content=\"2\u00a0Minuten\" \/>\n<script type=\"application\/ld+json\" class=\"yoast-schema-graph\">{\"@context\":\"https:\\\/\\\/schema.org\",\"@graph\":[{\"@type\":\"WebPage\",\"@id\":\"https:\\\/\\\/www.eryxfitness.com\\\/de\\\/produit\\\/verstellbare-kettlebell\\\/\",\"url\":\"https:\\\/\\\/www.eryxfitness.com\\\/de\\\/produit\\\/verstellbare-kettlebell\\\/\",\"name\":\"Kettlebell Verstellbar 12-32kg OneBell\u00ae &#8211; Eryx Fitness\",\"isPartOf\":{\"@id\":\"https:\\\/\\\/www.eryxfitness.com\\\/de\\\/#website\"},\"primaryImageOfPage\":{\"@id\":\"https:\\\/\\\/www.eryxfitness.com\\\/de\\\/produit\\\/verstellbare-kettlebell\\\/#primaryimage\"},\"image\":{\"@id\":\"https:\\\/\\\/www.eryxfitness.com\\\/de\\\/produit\\\/verstellbare-kettlebell\\\/#primaryimage\"},\"thumbnailUrl\":\"https:\\\/\\\/www.eryxfitness.com\\\/wp-content\\\/uploads\\\/2019\\\/09\\\/12-32-kg-competition-adjustable-kettlebell-eryx-fitness.webp\",\"datePublished\":\"2019-09-26T15:56:16+00:00\",\"dateModified\":\"2026-05-05T13:10:23+00:00\",\"description\":\"Die OneBell\u00ae Wettkampf verstellbare Kettlebell vereint 19 Wettkampf Kettlebells in 1: Sparen Sie Platz und Geld.\",\"breadcrumb\":{\"@id\":\"https:\\\/\\\/www.eryxfitness.com\\\/de\\\/produit\\\/verstellbare-kettlebell\\\/#breadcrumb\"},\"inLanguage\":\"de\",\"potentialAction\":[{\"@type\":\"ReadAction\",\"target\":[\"https:\\\/\\\/www.eryxfitness.com\\\/de\\\/produit\\\/verstellbare-kettlebell\\\/\"]}]},{\"@type\":\"ImageObject\",\"inLanguage\":\"de\",\"@id\":\"https:\\\/\\\/www.eryxfitness.com\\\/de\\\/produit\\\/verstellbare-kettlebell\\\/#primaryimage\",\"url\":\"https:\\\/\\\/www.eryxfitness.com\\\/wp-content\\\/uploads\\\/2019\\\/09\\\/12-32-kg-competition-adjustable-kettlebell-eryx-fitness.webp\",\"contentUrl\":\"https:\\\/\\\/www.eryxfitness.com\\\/wp-content\\\/uploads\\\/2019\\\/09\\\/12-32-kg-competition-adjustable-kettlebell-eryx-fitness.webp\",\"width\":1000,\"height\":1000},{\"@type\":\"BreadcrumbList\",\"@id\":\"https:\\\/\\\/www.eryxfitness.com\\\/de\\\/produit\\\/verstellbare-kettlebell\\\/#breadcrumb\",\"itemListElement\":[{\"@type\":\"ListItem\",\"position\":1,\"name\":\"Accueil\",\"item\":\"https:\\\/\\\/www.eryxfitness.com\\\/de\\\/startseite\\\/\"},{\"@type\":\"ListItem\",\"position\":2,\"name\":\"Gesch\u00e4ft\",\"item\":\"https:\\\/\\\/www.eryxfitness.com\\\/de\\\/geschaft\\\/\"},{\"@type\":\"ListItem\",\"position\":3,\"name\":\"Kettlebell Verstellbar 12-32kg OneBell\u00ae\"}]},{\"@type\":\"WebSite\",\"@id\":\"https:\\\/\\\/www.eryxfitness.com\\\/de\\\/#website\",\"url\":\"https:\\\/\\\/www.eryxfitness.com\\\/de\\\/\",\"name\":\"ERYX FITNESS\",\"description\":\"Adjustable and portable fitness equipment\",\"publisher\":{\"@id\":\"https:\\\/\\\/www.eryxfitness.com\\\/de\\\/#organization\"},\"alternateName\":\"ERYX\",\"potentialAction\":[{\"@type\":\"SearchAction\",\"target\":{\"@type\":\"EntryPoint\",\"urlTemplate\":\"https:\\\/\\\/www.eryxfitness.com\\\/de\\\/?s={search_term_string}\"},\"query-input\":{\"@type\":\"PropertyValueSpecification\",\"valueRequired\":true,\"valueName\":\"search_term_string\"}}],\"inLanguage\":\"de\"},{\"@type\":\"Organization\",\"@id\":\"https:\\\/\\\/www.eryxfitness.com\\\/de\\\/#organization\",\"name\":\"ERYX FITNESS\",\"alternateName\":\"ERYX\",\"url\":\"https:\\\/\\\/www.eryxfitness.com\\\/de\\\/\",\"logo\":{\"@type\":\"ImageObject\",\"inLanguage\":\"de\",\"@id\":\"https:\\\/\\\/www.eryxfitness.com\\\/de\\\/#\\\/schema\\\/logo\\\/image\\\/\",\"url\":\"https:\\\/\\\/i0.wp.com\\\/www.eryxfitness.com\\\/wp-content\\\/uploads\\\/2023\\\/06\\\/INSTA.png?fit=2000%2C2000&ssl=1\",\"contentUrl\":\"https:\\\/\\\/i0.wp.com\\\/www.eryxfitness.com\\\/wp-content\\\/uploads\\\/2023\\\/06\\\/INSTA.png?fit=2000%2C2000&ssl=1\",\"width\":2000,\"height\":2000,\"caption\":\"ERYX FITNESS\"},\"image\":{\"@id\":\"https:\\\/\\\/www.eryxfitness.com\\\/de\\\/#\\\/schema\\\/logo\\\/image\\\/\"}}]}<\/script>\n<!-- \/ Yoast SEO plugin. -->","yoast_head_json":{"title":"Kettlebell Verstellbar 12-32kg OneBell\u00ae &#8211; Eryx Fitness","description":"Die OneBell\u00ae Wettkampf verstellbare Kettlebell vereint 19 Wettkampf Kettlebells in 1: Sparen Sie Platz und Geld.","robots":{"index":"index","follow":"follow","max-snippet":"max-snippet:-1","max-image-preview":"max-image-preview:large","max-video-preview":"max-video-preview:-1"},"canonical":"https:\/\/www.eryxfitness.com\/de\/produit\/verstellbare-kettlebell\/","og_locale":"de_DE","og_type":"article","og_title":"Kettlebell Verstellbar 12-32kg OneBell\u00ae &#8211; Eryx Fitness","og_description":"Die OneBell\u00ae Wettkampf verstellbare Kettlebell vereint 19 Wettkampf Kettlebells in 1: Sparen Sie Platz und Geld.","og_url":"https:\/\/www.eryxfitness.com\/de\/produit\/verstellbare-kettlebell\/","og_site_name":"Eryx Fitness","article_modified_time":"2026-05-05T13:10:23+00:00","og_image":[{"width":1000,"height":1000,"url":"https:\/\/www.eryxfitness.com\/wp-content\/uploads\/2019\/09\/12-32-kg-competition-adjustable-kettlebell-eryx-fitness.webp","type":"image\/webp"}],"twitter_card":"summary_large_image","twitter_misc":{"Gesch\u00e4tzte Lesezeit":"2\u00a0Minuten"},"schema":{"@context":"https:\/\/schema.org","@graph":[{"@type":"WebPage","@id":"https:\/\/www.eryxfitness.com\/de\/produit\/verstellbare-kettlebell\/","url":"https:\/\/www.eryxfitness.com\/de\/produit\/verstellbare-kettlebell\/","name":"Kettlebell Verstellbar 12-32kg OneBell\u00ae &#8211; Eryx Fitness","isPartOf":{"@id":"https:\/\/www.eryxfitness.com\/de\/#website"},"primaryImageOfPage":{"@id":"https:\/\/www.eryxfitness.com\/de\/produit\/verstellbare-kettlebell\/#primaryimage"},"image":{"@id":"https:\/\/www.eryxfitness.com\/de\/produit\/verstellbare-kettlebell\/#primaryimage"},"thumbnailUrl":"https:\/\/www.eryxfitness.com\/wp-content\/uploads\/2019\/09\/12-32-kg-competition-adjustable-kettlebell-eryx-fitness.webp","datePublished":"2019-09-26T15:56:16+00:00","dateModified":"2026-05-05T13:10:23+00:00","description":"Die OneBell\u00ae Wettkampf verstellbare Kettlebell vereint 19 Wettkampf Kettlebells in 1: Sparen Sie Platz und Geld.","breadcrumb":{"@id":"https:\/\/www.eryxfitness.com\/de\/produit\/verstellbare-kettlebell\/#breadcrumb"},"inLanguage":"de","potentialAction":[{"@type":"ReadAction","target":["https:\/\/www.eryxfitness.com\/de\/produit\/verstellbare-kettlebell\/"]}]},{"@type":"ImageObject","inLanguage":"de","@id":"https:\/\/www.eryxfitness.com\/de\/produit\/verstellbare-kettlebell\/#primaryimage","url":"https:\/\/www.eryxfitness.com\/wp-content\/uploads\/2019\/09\/12-32-kg-competition-adjustable-kettlebell-eryx-fitness.webp","contentUrl":"https:\/\/www.eryxfitness.com\/wp-content\/uploads\/2019\/09\/12-32-kg-competition-adjustable-kettlebell-eryx-fitness.webp","width":1000,"height":1000},{"@type":"BreadcrumbList","@id":"https:\/\/www.eryxfitness.com\/de\/produit\/verstellbare-kettlebell\/#breadcrumb","itemListElement":[{"@type":"ListItem","position":1,"name":"Accueil","item":"https:\/\/www.eryxfitness.com\/de\/startseite\/"},{"@type":"ListItem","position":2,"name":"Gesch\u00e4ft","item":"https:\/\/www.eryxfitness.com\/de\/geschaft\/"},{"@type":"ListItem","position":3,"name":"Kettlebell Verstellbar 12-32kg OneBell\u00ae"}]},{"@type":"WebSite","@id":"https:\/\/www.eryxfitness.com\/de\/#website","url":"https:\/\/www.eryxfitness.com\/de\/","name":"ERYX FITNESS","description":"Adjustable and portable fitness equipment","publisher":{"@id":"https:\/\/www.eryxfitness.com\/de\/#organization"},"alternateName":"ERYX","potentialAction":[{"@type":"SearchAction","target":{"@type":"EntryPoint","urlTemplate":"https:\/\/www.eryxfitness.com\/de\/?s={search_term_string}"},"query-input":{"@type":"PropertyValueSpecification","valueRequired":true,"valueName":"search_term_string"}}],"inLanguage":"de"},{"@type":"Organization","@id":"https:\/\/www.eryxfitness.com\/de\/#organization","name":"ERYX FITNESS","alternateName":"ERYX","url":"https:\/\/www.eryxfitness.com\/de\/","logo":{"@type":"ImageObject","inLanguage":"de","@id":"https:\/\/www.eryxfitness.com\/de\/#\/schema\/logo\/image\/","url":"https:\/\/i0.wp.com\/www.eryxfitness.com\/wp-content\/uploads\/2023\/06\/INSTA.png?fit=2000%2C2000&ssl=1","contentUrl":"https:\/\/i0.wp.com\/www.eryxfitness.com\/wp-content\/uploads\/2023\/06\/INSTA.png?fit=2000%2C2000&ssl=1","width":2000,"height":2000,"caption":"ERYX FITNESS"},"image":{"@id":"https:\/\/www.eryxfitness.com\/de\/#\/schema\/logo\/image\/"}}]}},"_links":{"self":[{"href":"https:\/\/www.eryxfitness.com\/de\/wp-json\/wp\/v2\/product\/14737","targetHints":{"allow":["GET"]}}],"collection":[{"href":"https:\/\/www.eryxfitness.com\/de\/wp-json\/wp\/v2\/product"}],"about":[{"href":"https:\/\/www.eryxfitness.com\/de\/wp-json\/wp\/v2\/types\/product"}],"replies":[{"embeddable":true,"href":"https:\/\/www.eryxfitness.com\/de\/wp-json\/wp\/v2\/comments?post=14737"}],"wp:featuredmedia":[{"embeddable":true,"href":"https:\/\/www.eryxfitness.com\/de\/wp-json\/wp\/v2\/media\/24780"}],"wp:attachment":[{"href":"https:\/\/www.eryxfitness.com\/de\/wp-json\/wp\/v2\/media?parent=14737"}],"wp:term":[{"taxonomy":"product_brand","embeddable":true,"href":"https:\/\/www.eryxfitness.com\/de\/wp-json\/wp\/v2\/product_brand?post=14737"},{"taxonomy":"product_cat","embeddable":true,"href":"https:\/\/www.eryxfitness.com\/de\/wp-json\/wp\/v2\/product_cat?post=14737"},{"taxonomy":"product_tag","embeddable":true,"href":"https:\/\/www.eryxfitness.com\/de\/wp-json\/wp\/v2\/product_tag?post=14737"}],"curies":[{"name":"wp","href":"https:\/\/api.w.org\/{rel}","templated":true}]}}