{"id":14923,"date":"2022-11-04T11:19:11","date_gmt":"2022-11-04T10:19:11","guid":{"rendered":"https:\/\/www.eryxfitness.com\/produit\/crosspak-crossfit-rucksack\/"},"modified":"2025-12-01T00:12:04","modified_gmt":"2025-11-30T23:12:04","slug":"crossfit-rucksack","status":"publish","type":"product","link":"https:\/\/www.eryxfitness.com\/de\/produit\/crossfit-rucksack\/","title":{"rendered":"CrossPak\u00ae Crossfit Rucksack"},"content":{"rendered":"<div>\n<h1>CROSSPAK\u00ae CROSSFIT RUCKSACK<\/h1>\n<p>Der CrossPak\u00ae Crossfit Rucksack ist ein ger\u00e4umiger Rucksack f\u00fcr Sportler, die eine Tasche ben\u00f6tigen, in der sie ihre gesamte Trainingsausr\u00fcstung transportieren k\u00f6nnen. Es ist aus hochwertigen Materialien gefertigt, die eine unvergleichliche St\u00e4rke und Haltbarkeit garantieren.<\/p>\n<h2>Ein ger\u00e4umiger und bequemer Crossfit Rucksack<\/h2>\n<p>Dieser Rucksack hat ein Fassungsverm\u00f6gen von 45 Litern, d. h. er kann all Ihre Trainingsutensilien transportieren, einschlie\u00dflich Ihrer Schuhe, Ersatzkleidung, eines Handtuchs, Wasserflaschen, Handgelenkbandagen, Kniebandagen und sogar eines Laptops. Er verf\u00fcgt \u00fcber mehrere Taschen und F\u00e4cher, um Ihre Sachen zu organisieren, was einen schnellen Zugriff auf alle Ihre Trainingsutensilien erleichtert.<\/p>\n<p>Die gepolsterten, verstellbaren Schultergurte bieten eine individuelle Passform, um sich Ihrer K\u00f6rperform anzupassen und den Druck auf die Schultern zu verringern. Die R\u00fcckwand ist au\u00dferdem mit einer Polsterung versehen, die die Luft zwischen R\u00fccken und Rucksack zirkulieren l\u00e4sst und so das Schwitzen reduziert.<\/p>\n<h2>Ein robuster Crossfit Rucksack<\/h2>\n<p>Die Herstellung aus 900D Oxford-Nylon garantiert eine langfristige Haltbarkeit gegen\u00fcber Abnutzung und Rissen. Die glatten Rei\u00dfverschl\u00fcsse von KAM sind so konzipiert, dass sie Verschlei\u00df und Abrieb standhalten. Au\u00dferdem ist unser Rucksack mit einem wasserfesten Innenfutter ausgestattet, das Ihre Trainingsutensilien vor Feuchtigkeit und Witterungseinfl\u00fcssen sch\u00fctzt.<\/p>\n<h2>Ein stilbewusster Crossfit Rucksack<\/h2>\n<p>Dieser 45L-Rucksack ist nicht nur praktisch, um Ihre Trainingsausr\u00fcstung zu transportieren, sondern hat auch ein elegantes Design, sodass Sie ihn auch als Alltagsrucksack verwenden k\u00f6nnen. Es ist in verschiedenen Farben erh\u00e4ltlich, darunter schwarz, blau, rot und gr\u00fcn, sodass Sie dasjenige ausw\u00e4hlen k\u00f6nnen, das am besten zu Ihrem Stil passt.<\/p>\n<p>Fazit: Wenn Sie als Crossfit-Sportler einen ger\u00e4umigen, haltbaren und bequemen Rucksack suchen, in dem Sie Ihre gesamte Trainingsausr\u00fcstung transportieren k\u00f6nnen, ist der CrossPak\u00ae Crossfit Rucksack die ideale L\u00f6sung f\u00fcr Sie. Mit einem Fassungsverm\u00f6gen von 45 Litern, mehreren Taschen und F\u00e4chern, einem atmungsaktiven Aufh\u00e4ngungssystem, langfristiger Haltbarkeit und einem eleganten Design werden Sie es nicht bereuen, diesen Crossfit-Rucksack f\u00fcr Ihr Training gew\u00e4hlt zu haben.<\/p>\n<\/div>\n\n\n\n\n","protected":false},"excerpt":{"rendered":"<div>Ein Crossfit-Rucksack ist ein unverzichtbares Hilfsmittel f\u00fcr alle, die Krafttraining, Crossfit, Crosstraining, funktionelle Fitness oder auch Kampfsport betreiben. Ein CrossPak\u00ae Crossfit-Rucksack mit 45L ist noch besser: viel Stauraum, praktisch zu transportieren und stilsicher.<\/div>\n<div> <\/div>\n<div>Der CrossPak\u00ae wird aus hochdichtem 900D-Oxford-Gewebe mit glattem KAM-Rei\u00dfverschluss hergestellt: wasserfest, rei\u00dffest, langlebig und rostfrei &#8211; Ihre Tasche wird lange halten.<\/div>\n","protected":false},"featured_media":14077,"comment_status":"open","ping_status":"closed","template":"","meta":{"_monsterinsights_skip_tracking":false,"_monsterinsights_sitenote_active":false,"_monsterinsights_sitenote_note":"","_monsterinsights_sitenote_category":0},"product_brand":[],"product_cat":[141],"product_tag":[],"class_list":{"0":"post-14923","1":"product","2":"type-product","3":"status-publish","4":"has-post-thumbnail","6":"product_cat-nicht-klassifiziert","8":"first","9":"instock","10":"taxable","11":"shipping-taxable","12":"purchasable","13":"product-type-variable"},"yoast_head":"<!-- This site is optimized with the Yoast SEO plugin v27.5 - https:\/\/yoast.com\/product\/yoast-seo-wordpress\/ -->\n<title>CrossPak\u00ae Crossfit Rucksack &#8211; Eryx Fitness<\/title>\n<meta name=\"description\" content=\"Der CrossPak\u00ae Crossfit-Rucksack ist ein unverzichtbares Hilfsmittel f\u00fcr jeden, der Krafttraining, Crossfit oder Kampfsport betreibt.\" \/>\n<meta name=\"robots\" content=\"index, follow, max-snippet:-1, max-image-preview:large, max-video-preview:-1\" \/>\n<link rel=\"canonical\" href=\"https:\/\/www.eryxfitness.com\/de\/produit\/crossfit-rucksack\/\" \/>\n<meta property=\"og:locale\" content=\"de_DE\" \/>\n<meta property=\"og:type\" content=\"article\" \/>\n<meta property=\"og:title\" content=\"CrossPak\u00ae Crossfit Rucksack &#8211; Eryx Fitness\" \/>\n<meta property=\"og:description\" content=\"Der CrossPak\u00ae Crossfit-Rucksack ist ein unverzichtbares Hilfsmittel f\u00fcr jeden, der Krafttraining, Crossfit oder Kampfsport betreibt.\" \/>\n<meta property=\"og:url\" content=\"https:\/\/www.eryxfitness.com\/de\/produit\/crossfit-rucksack\/\" \/>\n<meta property=\"og:site_name\" content=\"Eryx Fitness\" \/>\n<meta property=\"article:modified_time\" content=\"2025-11-30T23:12:04+00:00\" \/>\n<meta property=\"og:image\" content=\"https:\/\/www.eryxfitness.com\/wp-content\/uploads\/2023\/01\/crossfit-gym-bag-army-green.webp\" \/>\n\t<meta property=\"og:image:width\" content=\"2500\" \/>\n\t<meta property=\"og:image:height\" content=\"2500\" \/>\n\t<meta property=\"og:image:type\" content=\"image\/webp\" \/>\n<meta name=\"twitter:card\" content=\"summary_large_image\" \/>\n<meta name=\"twitter:label1\" content=\"Gesch\u00e4tzte Lesezeit\" \/>\n\t<meta name=\"twitter:data1\" content=\"2\u00a0Minuten\" \/>\n<script type=\"application\/ld+json\" class=\"yoast-schema-graph\">{\"@context\":\"https:\\\/\\\/schema.org\",\"@graph\":[{\"@type\":\"WebPage\",\"@id\":\"https:\\\/\\\/www.eryxfitness.com\\\/de\\\/produit\\\/crossfit-rucksack\\\/\",\"url\":\"https:\\\/\\\/www.eryxfitness.com\\\/de\\\/produit\\\/crossfit-rucksack\\\/\",\"name\":\"CrossPak\u00ae Crossfit Rucksack &#8211; Eryx Fitness\",\"isPartOf\":{\"@id\":\"https:\\\/\\\/www.eryxfitness.com\\\/de\\\/#website\"},\"primaryImageOfPage\":{\"@id\":\"https:\\\/\\\/www.eryxfitness.com\\\/de\\\/produit\\\/crossfit-rucksack\\\/#primaryimage\"},\"image\":{\"@id\":\"https:\\\/\\\/www.eryxfitness.com\\\/de\\\/produit\\\/crossfit-rucksack\\\/#primaryimage\"},\"thumbnailUrl\":\"https:\\\/\\\/www.eryxfitness.com\\\/wp-content\\\/uploads\\\/2023\\\/01\\\/crossfit-gym-bag-army-green.webp\",\"datePublished\":\"2022-11-04T10:19:11+00:00\",\"dateModified\":\"2025-11-30T23:12:04+00:00\",\"description\":\"Der CrossPak\u00ae Crossfit-Rucksack ist ein unverzichtbares Hilfsmittel f\u00fcr jeden, der Krafttraining, Crossfit oder Kampfsport betreibt.\",\"breadcrumb\":{\"@id\":\"https:\\\/\\\/www.eryxfitness.com\\\/de\\\/produit\\\/crossfit-rucksack\\\/#breadcrumb\"},\"inLanguage\":\"de\",\"potentialAction\":[{\"@type\":\"ReadAction\",\"target\":[\"https:\\\/\\\/www.eryxfitness.com\\\/de\\\/produit\\\/crossfit-rucksack\\\/\"]}]},{\"@type\":\"ImageObject\",\"inLanguage\":\"de\",\"@id\":\"https:\\\/\\\/www.eryxfitness.com\\\/de\\\/produit\\\/crossfit-rucksack\\\/#primaryimage\",\"url\":\"https:\\\/\\\/www.eryxfitness.com\\\/wp-content\\\/uploads\\\/2023\\\/01\\\/crossfit-gym-bag-army-green.webp\",\"contentUrl\":\"https:\\\/\\\/www.eryxfitness.com\\\/wp-content\\\/uploads\\\/2023\\\/01\\\/crossfit-gym-bag-army-green.webp\",\"width\":2500,\"height\":2500},{\"@type\":\"BreadcrumbList\",\"@id\":\"https:\\\/\\\/www.eryxfitness.com\\\/de\\\/produit\\\/crossfit-rucksack\\\/#breadcrumb\",\"itemListElement\":[{\"@type\":\"ListItem\",\"position\":1,\"name\":\"Accueil\",\"item\":\"https:\\\/\\\/www.eryxfitness.com\\\/de\\\/startseite\\\/\"},{\"@type\":\"ListItem\",\"position\":2,\"name\":\"Gesch\u00e4ft\",\"item\":\"https:\\\/\\\/www.eryxfitness.com\\\/de\\\/geschaft\\\/\"},{\"@type\":\"ListItem\",\"position\":3,\"name\":\"CrossPak\u00ae Crossfit Rucksack\"}]},{\"@type\":\"WebSite\",\"@id\":\"https:\\\/\\\/www.eryxfitness.com\\\/de\\\/#website\",\"url\":\"https:\\\/\\\/www.eryxfitness.com\\\/de\\\/\",\"name\":\"ERYX FITNESS\",\"description\":\"Adjustable and portable fitness equipment\",\"publisher\":{\"@id\":\"https:\\\/\\\/www.eryxfitness.com\\\/de\\\/#organization\"},\"alternateName\":\"ERYX\",\"potentialAction\":[{\"@type\":\"SearchAction\",\"target\":{\"@type\":\"EntryPoint\",\"urlTemplate\":\"https:\\\/\\\/www.eryxfitness.com\\\/de\\\/?s={search_term_string}\"},\"query-input\":{\"@type\":\"PropertyValueSpecification\",\"valueRequired\":true,\"valueName\":\"search_term_string\"}}],\"inLanguage\":\"de\"},{\"@type\":\"Organization\",\"@id\":\"https:\\\/\\\/www.eryxfitness.com\\\/de\\\/#organization\",\"name\":\"ERYX FITNESS\",\"alternateName\":\"ERYX\",\"url\":\"https:\\\/\\\/www.eryxfitness.com\\\/de\\\/\",\"logo\":{\"@type\":\"ImageObject\",\"inLanguage\":\"de\",\"@id\":\"https:\\\/\\\/www.eryxfitness.com\\\/de\\\/#\\\/schema\\\/logo\\\/image\\\/\",\"url\":\"https:\\\/\\\/i0.wp.com\\\/www.eryxfitness.com\\\/wp-content\\\/uploads\\\/2023\\\/06\\\/INSTA.png?fit=2000%2C2000&ssl=1\",\"contentUrl\":\"https:\\\/\\\/i0.wp.com\\\/www.eryxfitness.com\\\/wp-content\\\/uploads\\\/2023\\\/06\\\/INSTA.png?fit=2000%2C2000&ssl=1\",\"width\":2000,\"height\":2000,\"caption\":\"ERYX FITNESS\"},\"image\":{\"@id\":\"https:\\\/\\\/www.eryxfitness.com\\\/de\\\/#\\\/schema\\\/logo\\\/image\\\/\"}}]}<\/script>\n<!-- \/ Yoast SEO plugin. -->","yoast_head_json":{"title":"CrossPak\u00ae Crossfit Rucksack &#8211; Eryx Fitness","description":"Der CrossPak\u00ae Crossfit-Rucksack ist ein unverzichtbares Hilfsmittel f\u00fcr jeden, der Krafttraining, Crossfit oder Kampfsport betreibt.","robots":{"index":"index","follow":"follow","max-snippet":"max-snippet:-1","max-image-preview":"max-image-preview:large","max-video-preview":"max-video-preview:-1"},"canonical":"https:\/\/www.eryxfitness.com\/de\/produit\/crossfit-rucksack\/","og_locale":"de_DE","og_type":"article","og_title":"CrossPak\u00ae Crossfit Rucksack &#8211; Eryx Fitness","og_description":"Der CrossPak\u00ae Crossfit-Rucksack ist ein unverzichtbares Hilfsmittel f\u00fcr jeden, der Krafttraining, Crossfit oder Kampfsport betreibt.","og_url":"https:\/\/www.eryxfitness.com\/de\/produit\/crossfit-rucksack\/","og_site_name":"Eryx Fitness","article_modified_time":"2025-11-30T23:12:04+00:00","og_image":[{"width":2500,"height":2500,"url":"https:\/\/www.eryxfitness.com\/wp-content\/uploads\/2023\/01\/crossfit-gym-bag-army-green.webp","type":"image\/webp"}],"twitter_card":"summary_large_image","twitter_misc":{"Gesch\u00e4tzte Lesezeit":"2\u00a0Minuten"},"schema":{"@context":"https:\/\/schema.org","@graph":[{"@type":"WebPage","@id":"https:\/\/www.eryxfitness.com\/de\/produit\/crossfit-rucksack\/","url":"https:\/\/www.eryxfitness.com\/de\/produit\/crossfit-rucksack\/","name":"CrossPak\u00ae Crossfit Rucksack &#8211; Eryx Fitness","isPartOf":{"@id":"https:\/\/www.eryxfitness.com\/de\/#website"},"primaryImageOfPage":{"@id":"https:\/\/www.eryxfitness.com\/de\/produit\/crossfit-rucksack\/#primaryimage"},"image":{"@id":"https:\/\/www.eryxfitness.com\/de\/produit\/crossfit-rucksack\/#primaryimage"},"thumbnailUrl":"https:\/\/www.eryxfitness.com\/wp-content\/uploads\/2023\/01\/crossfit-gym-bag-army-green.webp","datePublished":"2022-11-04T10:19:11+00:00","dateModified":"2025-11-30T23:12:04+00:00","description":"Der CrossPak\u00ae Crossfit-Rucksack ist ein unverzichtbares Hilfsmittel f\u00fcr jeden, der Krafttraining, Crossfit oder Kampfsport betreibt.","breadcrumb":{"@id":"https:\/\/www.eryxfitness.com\/de\/produit\/crossfit-rucksack\/#breadcrumb"},"inLanguage":"de","potentialAction":[{"@type":"ReadAction","target":["https:\/\/www.eryxfitness.com\/de\/produit\/crossfit-rucksack\/"]}]},{"@type":"ImageObject","inLanguage":"de","@id":"https:\/\/www.eryxfitness.com\/de\/produit\/crossfit-rucksack\/#primaryimage","url":"https:\/\/www.eryxfitness.com\/wp-content\/uploads\/2023\/01\/crossfit-gym-bag-army-green.webp","contentUrl":"https:\/\/www.eryxfitness.com\/wp-content\/uploads\/2023\/01\/crossfit-gym-bag-army-green.webp","width":2500,"height":2500},{"@type":"BreadcrumbList","@id":"https:\/\/www.eryxfitness.com\/de\/produit\/crossfit-rucksack\/#breadcrumb","itemListElement":[{"@type":"ListItem","position":1,"name":"Accueil","item":"https:\/\/www.eryxfitness.com\/de\/startseite\/"},{"@type":"ListItem","position":2,"name":"Gesch\u00e4ft","item":"https:\/\/www.eryxfitness.com\/de\/geschaft\/"},{"@type":"ListItem","position":3,"name":"CrossPak\u00ae Crossfit Rucksack"}]},{"@type":"WebSite","@id":"https:\/\/www.eryxfitness.com\/de\/#website","url":"https:\/\/www.eryxfitness.com\/de\/","name":"ERYX FITNESS","description":"Adjustable and portable fitness equipment","publisher":{"@id":"https:\/\/www.eryxfitness.com\/de\/#organization"},"alternateName":"ERYX","potentialAction":[{"@type":"SearchAction","target":{"@type":"EntryPoint","urlTemplate":"https:\/\/www.eryxfitness.com\/de\/?s={search_term_string}"},"query-input":{"@type":"PropertyValueSpecification","valueRequired":true,"valueName":"search_term_string"}}],"inLanguage":"de"},{"@type":"Organization","@id":"https:\/\/www.eryxfitness.com\/de\/#organization","name":"ERYX FITNESS","alternateName":"ERYX","url":"https:\/\/www.eryxfitness.com\/de\/","logo":{"@type":"ImageObject","inLanguage":"de","@id":"https:\/\/www.eryxfitness.com\/de\/#\/schema\/logo\/image\/","url":"https:\/\/i0.wp.com\/www.eryxfitness.com\/wp-content\/uploads\/2023\/06\/INSTA.png?fit=2000%2C2000&ssl=1","contentUrl":"https:\/\/i0.wp.com\/www.eryxfitness.com\/wp-content\/uploads\/2023\/06\/INSTA.png?fit=2000%2C2000&ssl=1","width":2000,"height":2000,"caption":"ERYX FITNESS"},"image":{"@id":"https:\/\/www.eryxfitness.com\/de\/#\/schema\/logo\/image\/"}}]}},"_links":{"self":[{"href":"https:\/\/www.eryxfitness.com\/de\/wp-json\/wp\/v2\/product\/14923","targetHints":{"allow":["GET"]}}],"collection":[{"href":"https:\/\/www.eryxfitness.com\/de\/wp-json\/wp\/v2\/product"}],"about":[{"href":"https:\/\/www.eryxfitness.com\/de\/wp-json\/wp\/v2\/types\/product"}],"replies":[{"embeddable":true,"href":"https:\/\/www.eryxfitness.com\/de\/wp-json\/wp\/v2\/comments?post=14923"}],"wp:featuredmedia":[{"embeddable":true,"href":"https:\/\/www.eryxfitness.com\/de\/wp-json\/wp\/v2\/media\/14077"}],"wp:attachment":[{"href":"https:\/\/www.eryxfitness.com\/de\/wp-json\/wp\/v2\/media?parent=14923"}],"wp:term":[{"taxonomy":"product_brand","embeddable":true,"href":"https:\/\/www.eryxfitness.com\/de\/wp-json\/wp\/v2\/product_brand?post=14923"},{"taxonomy":"product_cat","embeddable":true,"href":"https:\/\/www.eryxfitness.com\/de\/wp-json\/wp\/v2\/product_cat?post=14923"},{"taxonomy":"product_tag","embeddable":true,"href":"https:\/\/www.eryxfitness.com\/de\/wp-json\/wp\/v2\/product_tag?post=14923"}],"curies":[{"name":"wp","href":"https:\/\/api.w.org\/{rel}","templated":true}]}}