{"id":16735,"date":"2024-01-25T21:15:34","date_gmt":"2024-01-25T20:15:34","guid":{"rendered":"https:\/\/www.eryxfitness.com\/produit\/verstellbare-clubbell-6-16kg-oneclub\/"},"modified":"2026-04-29T21:00:04","modified_gmt":"2026-04-29T19:00:04","slug":"verstellbare-clubbell","status":"publish","type":"product","link":"https:\/\/www.eryxfitness.com\/de\/produit\/verstellbare-clubbell\/","title":{"rendered":"Verstellbare Clubbell 6-16kg OneClub\u00ae"},"content":{"rendered":"<h1>VERSTELLBARE CLUBBELL<\/h1>\n<p>Das Training mit clubbell kann erhebliche Vorteile f\u00fcr Ihre sportlichen F\u00e4higkeiten und Ihre k\u00f6rperliche und geistige Gesundheit mit sich bringen. Die Beschaffung eines kompletten Clubbells Sets kann jedoch schnell teuer werden und erfordert einen entsprechenden Lagerraum.<\/p>\n<p>OneClub\u00ae, unsere verstellbare Clubbell von 6 bis 16 kg, ist die ideale L\u00f6sung f\u00fcr Sportler, die weder das Budget noch den Platz haben, um sich mit mehreren Clubbells auszustatten. 11 Clubbells in 1, um Platz und Geld zu sparen.<\/p>\n<p><strong>COMPACT<\/strong><\/p>\n<p>Der gr\u00f6\u00dfte Vorteil von OneClub\u00ae ist die Einsparung von Speicherplatz. Wenn Sie in einer Wohnung leben, in der Sie sich nicht mehrere Clubbells mit unterschiedlichem Gewicht leisten k\u00f6nnen, ist der OneClub\u00ae die perfekte L\u00f6sung.<\/p>\n<p><strong>WIRTSCHAFTLICH<\/strong><\/p>\n<p>Die Kosten f\u00fcr den Kauf eines Grundsets mit 2 oder 3 Clubbells belaufen sich je nach Marke oft auf 100-200 Euro. F\u00fcr ein komplettes Set mit Zwischengewichten m\u00fcssen Sie mit mehreren hundert Euro rechnen. Mit dem OneClub\u00ae erhalten Sie f\u00fcr den Preis eines Basissets 11 Clubbells, die von 6 bis 16 kg in 1-kg-Schritten reichen.<\/p>\n<p><strong>TRANSPORTABLE<\/strong><\/p>\n<p>Fahren Sie in den Urlaub oder wollen Sie im Freien trainieren? Der OneClub\u00ae passt perfekt in den Kofferraum eines Autos: Sie k\u00f6nnen \u00fcberall und jederzeit trainieren.<\/p>\n<p><strong>PRAXIS<\/strong><\/p>\n<p>Dank des effizienten Einstellungssystems des OneClub\u00ae ist die Einstellungszeit unserer Clubbell sehr kurz.<\/p>\n\n\n","protected":false},"excerpt":{"rendered":"<p>OneClub\u00ae, die verstellbare Clubbell von <strong>6 bis 16kg<\/strong> in 1kg Schritten. Diese verstellbare Clubbell vereint 11 Clubbells in einem, um Platz und Geld zu sparen. Ger\u00e4ndelter Griff f\u00fcr optimale Griffigkeit.<\/p>\n","protected":false},"featured_media":20773,"comment_status":"open","ping_status":"closed","template":"","meta":{"_monsterinsights_skip_tracking":false,"_monsterinsights_sitenote_active":false,"_monsterinsights_sitenote_note":"","_monsterinsights_sitenote_category":0},"product_brand":[],"product_cat":[175],"product_tag":[],"class_list":{"0":"post-16735","1":"product","2":"type-product","3":"status-publish","4":"has-post-thumbnail","6":"product_cat-clubbells","8":"first","9":"instock","10":"taxable","11":"shipping-taxable","12":"purchasable","13":"product-type-simple"},"yoast_head":"<!-- This site is optimized with the Yoast SEO plugin v27.3 - https:\/\/yoast.com\/product\/yoast-seo-wordpress\/ -->\n<title>Verstellbare Clubbell 6-16kg OneClub\u00ae &#8211; Eryx Fitness<\/title>\n<meta name=\"description\" content=\"Die verstellbare Clubbell OneClub\u00ae vereint 11 Clubbells in 1: Sparen Sie Platz und Geld. Trainieren Sie \u00fcberall und jederzeit.\" \/>\n<meta name=\"robots\" content=\"index, follow, max-snippet:-1, max-image-preview:large, max-video-preview:-1\" \/>\n<link rel=\"canonical\" href=\"https:\/\/www.eryxfitness.com\/de\/produit\/verstellbare-clubbell\/\" \/>\n<meta property=\"og:locale\" content=\"de_DE\" \/>\n<meta property=\"og:type\" content=\"article\" \/>\n<meta property=\"og:title\" content=\"Verstellbare Clubbell 6-16kg OneClub\u00ae &#8211; Eryx Fitness\" \/>\n<meta property=\"og:description\" content=\"Die verstellbare Clubbell OneClub\u00ae vereint 11 Clubbells in 1: Sparen Sie Platz und Geld. Trainieren Sie \u00fcberall und jederzeit.\" \/>\n<meta property=\"og:url\" content=\"https:\/\/www.eryxfitness.com\/de\/produit\/verstellbare-clubbell\/\" \/>\n<meta property=\"og:site_name\" content=\"Eryx Fitness\" \/>\n<meta property=\"article:modified_time\" content=\"2026-04-29T19:00:04+00:00\" \/>\n<meta property=\"og:image\" content=\"https:\/\/www.eryxfitness.com\/wp-content\/uploads\/2024\/01\/adjustable-clubbell-6-16-kg.webp\" \/>\n\t<meta property=\"og:image:width\" content=\"1200\" \/>\n\t<meta property=\"og:image:height\" content=\"1200\" \/>\n\t<meta property=\"og:image:type\" content=\"image\/webp\" \/>\n<meta name=\"twitter:card\" content=\"summary_large_image\" \/>\n<meta name=\"twitter:label1\" content=\"Gesch\u00e4tzte Lesezeit\" \/>\n\t<meta name=\"twitter:data1\" content=\"2\u00a0Minuten\" \/>\n<script type=\"application\/ld+json\" class=\"yoast-schema-graph\">{\"@context\":\"https:\\\/\\\/schema.org\",\"@graph\":[{\"@type\":\"WebPage\",\"@id\":\"https:\\\/\\\/www.eryxfitness.com\\\/de\\\/produit\\\/verstellbare-clubbell\\\/\",\"url\":\"https:\\\/\\\/www.eryxfitness.com\\\/de\\\/produit\\\/verstellbare-clubbell\\\/\",\"name\":\"Verstellbare Clubbell 6-16kg OneClub\u00ae &#8211; Eryx Fitness\",\"isPartOf\":{\"@id\":\"https:\\\/\\\/www.eryxfitness.com\\\/de\\\/#website\"},\"primaryImageOfPage\":{\"@id\":\"https:\\\/\\\/www.eryxfitness.com\\\/de\\\/produit\\\/verstellbare-clubbell\\\/#primaryimage\"},\"image\":{\"@id\":\"https:\\\/\\\/www.eryxfitness.com\\\/de\\\/produit\\\/verstellbare-clubbell\\\/#primaryimage\"},\"thumbnailUrl\":\"https:\\\/\\\/www.eryxfitness.com\\\/wp-content\\\/uploads\\\/2024\\\/01\\\/adjustable-clubbell-6-16-kg.webp\",\"datePublished\":\"2024-01-25T20:15:34+00:00\",\"dateModified\":\"2026-04-29T19:00:04+00:00\",\"description\":\"Die verstellbare Clubbell OneClub\u00ae vereint 11 Clubbells in 1: Sparen Sie Platz und Geld. Trainieren Sie \u00fcberall und jederzeit.\",\"breadcrumb\":{\"@id\":\"https:\\\/\\\/www.eryxfitness.com\\\/de\\\/produit\\\/verstellbare-clubbell\\\/#breadcrumb\"},\"inLanguage\":\"de\",\"potentialAction\":[{\"@type\":\"ReadAction\",\"target\":[\"https:\\\/\\\/www.eryxfitness.com\\\/de\\\/produit\\\/verstellbare-clubbell\\\/\"]}]},{\"@type\":\"ImageObject\",\"inLanguage\":\"de\",\"@id\":\"https:\\\/\\\/www.eryxfitness.com\\\/de\\\/produit\\\/verstellbare-clubbell\\\/#primaryimage\",\"url\":\"https:\\\/\\\/www.eryxfitness.com\\\/wp-content\\\/uploads\\\/2024\\\/01\\\/adjustable-clubbell-6-16-kg.webp\",\"contentUrl\":\"https:\\\/\\\/www.eryxfitness.com\\\/wp-content\\\/uploads\\\/2024\\\/01\\\/adjustable-clubbell-6-16-kg.webp\",\"width\":1200,\"height\":1200},{\"@type\":\"BreadcrumbList\",\"@id\":\"https:\\\/\\\/www.eryxfitness.com\\\/de\\\/produit\\\/verstellbare-clubbell\\\/#breadcrumb\",\"itemListElement\":[{\"@type\":\"ListItem\",\"position\":1,\"name\":\"Accueil\",\"item\":\"https:\\\/\\\/www.eryxfitness.com\\\/de\\\/startseite\\\/\"},{\"@type\":\"ListItem\",\"position\":2,\"name\":\"Gesch\u00e4ft\",\"item\":\"https:\\\/\\\/www.eryxfitness.com\\\/de\\\/geschaft\\\/\"},{\"@type\":\"ListItem\",\"position\":3,\"name\":\"Verstellbare Clubbell 6-16kg OneClub\u00ae\"}]},{\"@type\":\"WebSite\",\"@id\":\"https:\\\/\\\/www.eryxfitness.com\\\/de\\\/#website\",\"url\":\"https:\\\/\\\/www.eryxfitness.com\\\/de\\\/\",\"name\":\"ERYX FITNESS\",\"description\":\"Adjustable and portable fitness equipment\",\"publisher\":{\"@id\":\"https:\\\/\\\/www.eryxfitness.com\\\/de\\\/#organization\"},\"alternateName\":\"ERYX\",\"potentialAction\":[{\"@type\":\"SearchAction\",\"target\":{\"@type\":\"EntryPoint\",\"urlTemplate\":\"https:\\\/\\\/www.eryxfitness.com\\\/de\\\/?s={search_term_string}\"},\"query-input\":{\"@type\":\"PropertyValueSpecification\",\"valueRequired\":true,\"valueName\":\"search_term_string\"}}],\"inLanguage\":\"de\"},{\"@type\":\"Organization\",\"@id\":\"https:\\\/\\\/www.eryxfitness.com\\\/de\\\/#organization\",\"name\":\"ERYX FITNESS\",\"alternateName\":\"ERYX\",\"url\":\"https:\\\/\\\/www.eryxfitness.com\\\/de\\\/\",\"logo\":{\"@type\":\"ImageObject\",\"inLanguage\":\"de\",\"@id\":\"https:\\\/\\\/www.eryxfitness.com\\\/de\\\/#\\\/schema\\\/logo\\\/image\\\/\",\"url\":\"https:\\\/\\\/i0.wp.com\\\/www.eryxfitness.com\\\/wp-content\\\/uploads\\\/2023\\\/06\\\/INSTA.png?fit=2000%2C2000&ssl=1\",\"contentUrl\":\"https:\\\/\\\/i0.wp.com\\\/www.eryxfitness.com\\\/wp-content\\\/uploads\\\/2023\\\/06\\\/INSTA.png?fit=2000%2C2000&ssl=1\",\"width\":2000,\"height\":2000,\"caption\":\"ERYX FITNESS\"},\"image\":{\"@id\":\"https:\\\/\\\/www.eryxfitness.com\\\/de\\\/#\\\/schema\\\/logo\\\/image\\\/\"}}]}<\/script>\n<!-- \/ Yoast SEO plugin. -->","yoast_head_json":{"title":"Verstellbare Clubbell 6-16kg OneClub\u00ae &#8211; Eryx Fitness","description":"Die verstellbare Clubbell OneClub\u00ae vereint 11 Clubbells in 1: Sparen Sie Platz und Geld. Trainieren Sie \u00fcberall und jederzeit.","robots":{"index":"index","follow":"follow","max-snippet":"max-snippet:-1","max-image-preview":"max-image-preview:large","max-video-preview":"max-video-preview:-1"},"canonical":"https:\/\/www.eryxfitness.com\/de\/produit\/verstellbare-clubbell\/","og_locale":"de_DE","og_type":"article","og_title":"Verstellbare Clubbell 6-16kg OneClub\u00ae &#8211; Eryx Fitness","og_description":"Die verstellbare Clubbell OneClub\u00ae vereint 11 Clubbells in 1: Sparen Sie Platz und Geld. Trainieren Sie \u00fcberall und jederzeit.","og_url":"https:\/\/www.eryxfitness.com\/de\/produit\/verstellbare-clubbell\/","og_site_name":"Eryx Fitness","article_modified_time":"2026-04-29T19:00:04+00:00","og_image":[{"width":1200,"height":1200,"url":"https:\/\/www.eryxfitness.com\/wp-content\/uploads\/2024\/01\/adjustable-clubbell-6-16-kg.webp","type":"image\/webp"}],"twitter_card":"summary_large_image","twitter_misc":{"Gesch\u00e4tzte Lesezeit":"2\u00a0Minuten"},"schema":{"@context":"https:\/\/schema.org","@graph":[{"@type":"WebPage","@id":"https:\/\/www.eryxfitness.com\/de\/produit\/verstellbare-clubbell\/","url":"https:\/\/www.eryxfitness.com\/de\/produit\/verstellbare-clubbell\/","name":"Verstellbare Clubbell 6-16kg OneClub\u00ae &#8211; Eryx Fitness","isPartOf":{"@id":"https:\/\/www.eryxfitness.com\/de\/#website"},"primaryImageOfPage":{"@id":"https:\/\/www.eryxfitness.com\/de\/produit\/verstellbare-clubbell\/#primaryimage"},"image":{"@id":"https:\/\/www.eryxfitness.com\/de\/produit\/verstellbare-clubbell\/#primaryimage"},"thumbnailUrl":"https:\/\/www.eryxfitness.com\/wp-content\/uploads\/2024\/01\/adjustable-clubbell-6-16-kg.webp","datePublished":"2024-01-25T20:15:34+00:00","dateModified":"2026-04-29T19:00:04+00:00","description":"Die verstellbare Clubbell OneClub\u00ae vereint 11 Clubbells in 1: Sparen Sie Platz und Geld. Trainieren Sie \u00fcberall und jederzeit.","breadcrumb":{"@id":"https:\/\/www.eryxfitness.com\/de\/produit\/verstellbare-clubbell\/#breadcrumb"},"inLanguage":"de","potentialAction":[{"@type":"ReadAction","target":["https:\/\/www.eryxfitness.com\/de\/produit\/verstellbare-clubbell\/"]}]},{"@type":"ImageObject","inLanguage":"de","@id":"https:\/\/www.eryxfitness.com\/de\/produit\/verstellbare-clubbell\/#primaryimage","url":"https:\/\/www.eryxfitness.com\/wp-content\/uploads\/2024\/01\/adjustable-clubbell-6-16-kg.webp","contentUrl":"https:\/\/www.eryxfitness.com\/wp-content\/uploads\/2024\/01\/adjustable-clubbell-6-16-kg.webp","width":1200,"height":1200},{"@type":"BreadcrumbList","@id":"https:\/\/www.eryxfitness.com\/de\/produit\/verstellbare-clubbell\/#breadcrumb","itemListElement":[{"@type":"ListItem","position":1,"name":"Accueil","item":"https:\/\/www.eryxfitness.com\/de\/startseite\/"},{"@type":"ListItem","position":2,"name":"Gesch\u00e4ft","item":"https:\/\/www.eryxfitness.com\/de\/geschaft\/"},{"@type":"ListItem","position":3,"name":"Verstellbare Clubbell 6-16kg OneClub\u00ae"}]},{"@type":"WebSite","@id":"https:\/\/www.eryxfitness.com\/de\/#website","url":"https:\/\/www.eryxfitness.com\/de\/","name":"ERYX FITNESS","description":"Adjustable and portable fitness equipment","publisher":{"@id":"https:\/\/www.eryxfitness.com\/de\/#organization"},"alternateName":"ERYX","potentialAction":[{"@type":"SearchAction","target":{"@type":"EntryPoint","urlTemplate":"https:\/\/www.eryxfitness.com\/de\/?s={search_term_string}"},"query-input":{"@type":"PropertyValueSpecification","valueRequired":true,"valueName":"search_term_string"}}],"inLanguage":"de"},{"@type":"Organization","@id":"https:\/\/www.eryxfitness.com\/de\/#organization","name":"ERYX FITNESS","alternateName":"ERYX","url":"https:\/\/www.eryxfitness.com\/de\/","logo":{"@type":"ImageObject","inLanguage":"de","@id":"https:\/\/www.eryxfitness.com\/de\/#\/schema\/logo\/image\/","url":"https:\/\/i0.wp.com\/www.eryxfitness.com\/wp-content\/uploads\/2023\/06\/INSTA.png?fit=2000%2C2000&ssl=1","contentUrl":"https:\/\/i0.wp.com\/www.eryxfitness.com\/wp-content\/uploads\/2023\/06\/INSTA.png?fit=2000%2C2000&ssl=1","width":2000,"height":2000,"caption":"ERYX FITNESS"},"image":{"@id":"https:\/\/www.eryxfitness.com\/de\/#\/schema\/logo\/image\/"}}]}},"_links":{"self":[{"href":"https:\/\/www.eryxfitness.com\/de\/wp-json\/wp\/v2\/product\/16735","targetHints":{"allow":["GET"]}}],"collection":[{"href":"https:\/\/www.eryxfitness.com\/de\/wp-json\/wp\/v2\/product"}],"about":[{"href":"https:\/\/www.eryxfitness.com\/de\/wp-json\/wp\/v2\/types\/product"}],"replies":[{"embeddable":true,"href":"https:\/\/www.eryxfitness.com\/de\/wp-json\/wp\/v2\/comments?post=16735"}],"wp:featuredmedia":[{"embeddable":true,"href":"https:\/\/www.eryxfitness.com\/de\/wp-json\/wp\/v2\/media\/20773"}],"wp:attachment":[{"href":"https:\/\/www.eryxfitness.com\/de\/wp-json\/wp\/v2\/media?parent=16735"}],"wp:term":[{"taxonomy":"product_brand","embeddable":true,"href":"https:\/\/www.eryxfitness.com\/de\/wp-json\/wp\/v2\/product_brand?post=16735"},{"taxonomy":"product_cat","embeddable":true,"href":"https:\/\/www.eryxfitness.com\/de\/wp-json\/wp\/v2\/product_cat?post=16735"},{"taxonomy":"product_tag","embeddable":true,"href":"https:\/\/www.eryxfitness.com\/de\/wp-json\/wp\/v2\/product_tag?post=16735"}],"curies":[{"name":"wp","href":"https:\/\/api.w.org\/{rel}","templated":true}]}}