{"id":19091,"date":"2024-07-02T11:43:54","date_gmt":"2024-07-02T09:43:54","guid":{"rendered":"https:\/\/www.eryxfitness.com\/produit\/verstellbare-wettkampf-macebell-6-30kg-onemace\/"},"modified":"2026-01-04T14:07:32","modified_gmt":"2026-01-04T13:07:32","slug":"verstellbare-wettkampf-macebell","status":"publish","type":"product","link":"https:\/\/www.eryxfitness.com\/de\/produit\/verstellbare-wettkampf-macebell\/","title":{"rendered":"Verstellbare Wettkampf Macebell 6-30kg OneMace\u00ae"},"content":{"rendered":"<h1>VERSTELLBARE WETTKAMPF MACEBELL<\/h1>\n<p>Das Training mit einem Wettkampf-Macebell kann Ihre sportlichen F\u00e4higkeiten und Ihre k\u00f6rperliche und geistige Gesundheit erheblich verbessern. Allerdings kann die Anschaffung eines kompletten Sets von Wettkampf-Macebells schnell teuer werden und erfordert einen entsprechenden Lagerraum.<\/p>\n<p>OneMace\u00ae, unser verstellbares Wettkampf-Macebell von 6 bis 30 kg, ist die ideale L\u00f6sung f\u00fcr Macelifters, die weder das Budget noch den Platz haben, um sich mit mehreren Macebells auszustatten. 21 Macebells in 1, um Platz und Geld zu sparen.<\/p>\n<p><strong>COMPACT<\/strong><\/p>\n<p>Der gr\u00f6\u00dfte Vorteil des OneMace\u00ae ist die Einsparung von Speicherplatz. Wenn Sie in einer Wohnung leben, in der Sie es sich nicht leisten k\u00f6nnen, mehrere Macebells mit unterschiedlichem Gewicht zu haben, ist der OneMace\u00ae die perfekte L\u00f6sung.<\/p>\n<p><strong>WIRTSCHAFTLICH<\/strong><\/p>\n<p>Die Kosten f\u00fcr ein Basisset mit 2 oder 3 Wettkampf-Macebells belaufen sich je nach Marke oft auf 400-500 EUR. F\u00fcr ein komplettes Set mit Zwischengewichten m\u00fcssen Sie mit mehreren hundert Euro rechnen, je nach Marke sogar mit \u00fcber 1000 Euro. Mit dem OneMace\u00ae erhalten Sie f\u00fcr den Preis eines Basissets 21 Wettkampf-Macebells von 6 bis 30 kg in Schritten von 1 kg (au\u00dfer 7 kg, 9 kg, 11 kg und 29 kg).<\/p>\n<p><strong>TRANSPORTABLE<\/strong><\/p>\n<p>Fahren Sie in den Urlaub oder wollen Sie im Freien trainieren? Der OneMace\u00ae passt perfekt in den Kofferraum eines Autos: Sie k\u00f6nnen \u00fcberall und jederzeit trainieren.<\/p>\n<p><strong>ERGONOMISCH<\/strong><\/p>\n<p>Im Gegensatz zu den meisten verstellbaren Macebells auf dem Markt hat der OneMace\u00ae die Form eines echten Macebells mit einem Griffdurchmesser von 4 cm und einem runden Kopf. Auch wenn die Einrichtungszeit vielleicht etwas l\u00e4nger dauert als bei anderen Modellen, erhalten Sie im Gegenzug einen sehr ergonomischen und absolut sicheren Macebell.<\/p>\n\n\n","protected":false},"excerpt":{"rendered":"<p>OneMace\u00ae, die verstellbare Macebell von <strong>6 bis 30kg<\/strong> in 1kg-Schritten (au\u00dfer 7kg, 9kg, 11kg und 29kg). Dieses verstellbare Macebell vereint <strong>21 Macebells in einem<\/strong>, um Platz und Geld zu sparen. Griff aus lackiertem Stahl mit Stoppkugel, <strong>Wettkampfformat<\/strong> (Macelifting-Standards).<\/p>\n","protected":false},"featured_media":20692,"comment_status":"open","ping_status":"closed","template":"","meta":{"_monsterinsights_skip_tracking":false,"_monsterinsights_sitenote_active":false,"_monsterinsights_sitenote_note":"","_monsterinsights_sitenote_category":0},"product_brand":[],"product_cat":[174],"product_tag":[],"class_list":{"0":"post-19091","1":"product","2":"type-product","3":"status-publish","4":"has-post-thumbnail","6":"product_cat-macebells","8":"first","9":"outofstock","10":"taxable","11":"shipping-taxable","12":"purchasable","13":"product-type-simple"},"yoast_head":"<!-- This site is optimized with the Yoast SEO plugin v27.3 - https:\/\/yoast.com\/product\/yoast-seo-wordpress\/ -->\n<title>Verstellbare Wettkampf Macebell 6-30kg OneMace\u00ae &#8211; Eryx Fitness<\/title>\n<meta name=\"description\" content=\"Die OneMace\u00ae verstellbare Wettkampf Macebell vereint 21 Wettkampf Macebells in einem : Sparen Sie Platz und Geld.\" \/>\n<meta name=\"robots\" content=\"index, follow, max-snippet:-1, max-image-preview:large, max-video-preview:-1\" \/>\n<link rel=\"canonical\" href=\"https:\/\/www.eryxfitness.com\/de\/produit\/verstellbare-wettkampf-macebell\/\" \/>\n<meta property=\"og:locale\" content=\"de_DE\" \/>\n<meta property=\"og:type\" content=\"article\" \/>\n<meta property=\"og:title\" content=\"Verstellbare Wettkampf Macebell 6-30kg OneMace\u00ae &#8211; Eryx Fitness\" \/>\n<meta property=\"og:description\" content=\"Die OneMace\u00ae verstellbare Wettkampf Macebell vereint 21 Wettkampf Macebells in einem : Sparen Sie Platz und Geld.\" \/>\n<meta property=\"og:url\" content=\"https:\/\/www.eryxfitness.com\/de\/produit\/verstellbare-wettkampf-macebell\/\" \/>\n<meta property=\"og:site_name\" content=\"Eryx Fitness\" \/>\n<meta property=\"article:modified_time\" content=\"2026-01-04T13:07:32+00:00\" \/>\n<meta property=\"og:image\" content=\"https:\/\/www.eryxfitness.com\/wp-content\/uploads\/2024\/07\/adjustable-competition-macebell-6-30-kg-1.webp\" \/>\n\t<meta property=\"og:image:width\" content=\"1200\" \/>\n\t<meta property=\"og:image:height\" content=\"1200\" \/>\n\t<meta property=\"og:image:type\" content=\"image\/webp\" \/>\n<meta name=\"twitter:card\" content=\"summary_large_image\" \/>\n<meta name=\"twitter:label1\" content=\"Gesch\u00e4tzte Lesezeit\" \/>\n\t<meta name=\"twitter:data1\" content=\"2\u00a0Minuten\" \/>\n<script type=\"application\/ld+json\" class=\"yoast-schema-graph\">{\"@context\":\"https:\\\/\\\/schema.org\",\"@graph\":[{\"@type\":\"WebPage\",\"@id\":\"https:\\\/\\\/www.eryxfitness.com\\\/de\\\/produit\\\/verstellbare-wettkampf-macebell\\\/\",\"url\":\"https:\\\/\\\/www.eryxfitness.com\\\/de\\\/produit\\\/verstellbare-wettkampf-macebell\\\/\",\"name\":\"Verstellbare Wettkampf Macebell 6-30kg OneMace\u00ae &#8211; Eryx Fitness\",\"isPartOf\":{\"@id\":\"https:\\\/\\\/www.eryxfitness.com\\\/de\\\/#website\"},\"primaryImageOfPage\":{\"@id\":\"https:\\\/\\\/www.eryxfitness.com\\\/de\\\/produit\\\/verstellbare-wettkampf-macebell\\\/#primaryimage\"},\"image\":{\"@id\":\"https:\\\/\\\/www.eryxfitness.com\\\/de\\\/produit\\\/verstellbare-wettkampf-macebell\\\/#primaryimage\"},\"thumbnailUrl\":\"https:\\\/\\\/www.eryxfitness.com\\\/wp-content\\\/uploads\\\/2024\\\/07\\\/adjustable-competition-macebell-6-30-kg-1.webp\",\"datePublished\":\"2024-07-02T09:43:54+00:00\",\"dateModified\":\"2026-01-04T13:07:32+00:00\",\"description\":\"Die OneMace\u00ae verstellbare Wettkampf Macebell vereint 21 Wettkampf Macebells in einem : Sparen Sie Platz und Geld.\",\"breadcrumb\":{\"@id\":\"https:\\\/\\\/www.eryxfitness.com\\\/de\\\/produit\\\/verstellbare-wettkampf-macebell\\\/#breadcrumb\"},\"inLanguage\":\"de\",\"potentialAction\":[{\"@type\":\"ReadAction\",\"target\":[\"https:\\\/\\\/www.eryxfitness.com\\\/de\\\/produit\\\/verstellbare-wettkampf-macebell\\\/\"]}]},{\"@type\":\"ImageObject\",\"inLanguage\":\"de\",\"@id\":\"https:\\\/\\\/www.eryxfitness.com\\\/de\\\/produit\\\/verstellbare-wettkampf-macebell\\\/#primaryimage\",\"url\":\"https:\\\/\\\/www.eryxfitness.com\\\/wp-content\\\/uploads\\\/2024\\\/07\\\/adjustable-competition-macebell-6-30-kg-1.webp\",\"contentUrl\":\"https:\\\/\\\/www.eryxfitness.com\\\/wp-content\\\/uploads\\\/2024\\\/07\\\/adjustable-competition-macebell-6-30-kg-1.webp\",\"width\":1200,\"height\":1200},{\"@type\":\"BreadcrumbList\",\"@id\":\"https:\\\/\\\/www.eryxfitness.com\\\/de\\\/produit\\\/verstellbare-wettkampf-macebell\\\/#breadcrumb\",\"itemListElement\":[{\"@type\":\"ListItem\",\"position\":1,\"name\":\"Accueil\",\"item\":\"https:\\\/\\\/www.eryxfitness.com\\\/de\\\/startseite\\\/\"},{\"@type\":\"ListItem\",\"position\":2,\"name\":\"Gesch\u00e4ft\",\"item\":\"https:\\\/\\\/www.eryxfitness.com\\\/de\\\/geschaft\\\/\"},{\"@type\":\"ListItem\",\"position\":3,\"name\":\"Verstellbare Wettkampf Macebell 6-30kg OneMace\u00ae\"}]},{\"@type\":\"WebSite\",\"@id\":\"https:\\\/\\\/www.eryxfitness.com\\\/de\\\/#website\",\"url\":\"https:\\\/\\\/www.eryxfitness.com\\\/de\\\/\",\"name\":\"ERYX FITNESS\",\"description\":\"Adjustable and portable fitness equipment\",\"publisher\":{\"@id\":\"https:\\\/\\\/www.eryxfitness.com\\\/de\\\/#organization\"},\"alternateName\":\"ERYX\",\"potentialAction\":[{\"@type\":\"SearchAction\",\"target\":{\"@type\":\"EntryPoint\",\"urlTemplate\":\"https:\\\/\\\/www.eryxfitness.com\\\/de\\\/?s={search_term_string}\"},\"query-input\":{\"@type\":\"PropertyValueSpecification\",\"valueRequired\":true,\"valueName\":\"search_term_string\"}}],\"inLanguage\":\"de\"},{\"@type\":\"Organization\",\"@id\":\"https:\\\/\\\/www.eryxfitness.com\\\/de\\\/#organization\",\"name\":\"ERYX FITNESS\",\"alternateName\":\"ERYX\",\"url\":\"https:\\\/\\\/www.eryxfitness.com\\\/de\\\/\",\"logo\":{\"@type\":\"ImageObject\",\"inLanguage\":\"de\",\"@id\":\"https:\\\/\\\/www.eryxfitness.com\\\/de\\\/#\\\/schema\\\/logo\\\/image\\\/\",\"url\":\"https:\\\/\\\/i0.wp.com\\\/www.eryxfitness.com\\\/wp-content\\\/uploads\\\/2023\\\/06\\\/INSTA.png?fit=2000%2C2000&ssl=1\",\"contentUrl\":\"https:\\\/\\\/i0.wp.com\\\/www.eryxfitness.com\\\/wp-content\\\/uploads\\\/2023\\\/06\\\/INSTA.png?fit=2000%2C2000&ssl=1\",\"width\":2000,\"height\":2000,\"caption\":\"ERYX FITNESS\"},\"image\":{\"@id\":\"https:\\\/\\\/www.eryxfitness.com\\\/de\\\/#\\\/schema\\\/logo\\\/image\\\/\"}}]}<\/script>\n<!-- \/ Yoast SEO plugin. -->","yoast_head_json":{"title":"Verstellbare Wettkampf Macebell 6-30kg OneMace\u00ae &#8211; Eryx Fitness","description":"Die OneMace\u00ae verstellbare Wettkampf Macebell vereint 21 Wettkampf Macebells in einem : Sparen Sie Platz und Geld.","robots":{"index":"index","follow":"follow","max-snippet":"max-snippet:-1","max-image-preview":"max-image-preview:large","max-video-preview":"max-video-preview:-1"},"canonical":"https:\/\/www.eryxfitness.com\/de\/produit\/verstellbare-wettkampf-macebell\/","og_locale":"de_DE","og_type":"article","og_title":"Verstellbare Wettkampf Macebell 6-30kg OneMace\u00ae &#8211; Eryx Fitness","og_description":"Die OneMace\u00ae verstellbare Wettkampf Macebell vereint 21 Wettkampf Macebells in einem : Sparen Sie Platz und Geld.","og_url":"https:\/\/www.eryxfitness.com\/de\/produit\/verstellbare-wettkampf-macebell\/","og_site_name":"Eryx Fitness","article_modified_time":"2026-01-04T13:07:32+00:00","og_image":[{"width":1200,"height":1200,"url":"https:\/\/www.eryxfitness.com\/wp-content\/uploads\/2024\/07\/adjustable-competition-macebell-6-30-kg-1.webp","type":"image\/webp"}],"twitter_card":"summary_large_image","twitter_misc":{"Gesch\u00e4tzte Lesezeit":"2\u00a0Minuten"},"schema":{"@context":"https:\/\/schema.org","@graph":[{"@type":"WebPage","@id":"https:\/\/www.eryxfitness.com\/de\/produit\/verstellbare-wettkampf-macebell\/","url":"https:\/\/www.eryxfitness.com\/de\/produit\/verstellbare-wettkampf-macebell\/","name":"Verstellbare Wettkampf Macebell 6-30kg OneMace\u00ae &#8211; Eryx Fitness","isPartOf":{"@id":"https:\/\/www.eryxfitness.com\/de\/#website"},"primaryImageOfPage":{"@id":"https:\/\/www.eryxfitness.com\/de\/produit\/verstellbare-wettkampf-macebell\/#primaryimage"},"image":{"@id":"https:\/\/www.eryxfitness.com\/de\/produit\/verstellbare-wettkampf-macebell\/#primaryimage"},"thumbnailUrl":"https:\/\/www.eryxfitness.com\/wp-content\/uploads\/2024\/07\/adjustable-competition-macebell-6-30-kg-1.webp","datePublished":"2024-07-02T09:43:54+00:00","dateModified":"2026-01-04T13:07:32+00:00","description":"Die OneMace\u00ae verstellbare Wettkampf Macebell vereint 21 Wettkampf Macebells in einem : Sparen Sie Platz und Geld.","breadcrumb":{"@id":"https:\/\/www.eryxfitness.com\/de\/produit\/verstellbare-wettkampf-macebell\/#breadcrumb"},"inLanguage":"de","potentialAction":[{"@type":"ReadAction","target":["https:\/\/www.eryxfitness.com\/de\/produit\/verstellbare-wettkampf-macebell\/"]}]},{"@type":"ImageObject","inLanguage":"de","@id":"https:\/\/www.eryxfitness.com\/de\/produit\/verstellbare-wettkampf-macebell\/#primaryimage","url":"https:\/\/www.eryxfitness.com\/wp-content\/uploads\/2024\/07\/adjustable-competition-macebell-6-30-kg-1.webp","contentUrl":"https:\/\/www.eryxfitness.com\/wp-content\/uploads\/2024\/07\/adjustable-competition-macebell-6-30-kg-1.webp","width":1200,"height":1200},{"@type":"BreadcrumbList","@id":"https:\/\/www.eryxfitness.com\/de\/produit\/verstellbare-wettkampf-macebell\/#breadcrumb","itemListElement":[{"@type":"ListItem","position":1,"name":"Accueil","item":"https:\/\/www.eryxfitness.com\/de\/startseite\/"},{"@type":"ListItem","position":2,"name":"Gesch\u00e4ft","item":"https:\/\/www.eryxfitness.com\/de\/geschaft\/"},{"@type":"ListItem","position":3,"name":"Verstellbare Wettkampf Macebell 6-30kg OneMace\u00ae"}]},{"@type":"WebSite","@id":"https:\/\/www.eryxfitness.com\/de\/#website","url":"https:\/\/www.eryxfitness.com\/de\/","name":"ERYX FITNESS","description":"Adjustable and portable fitness equipment","publisher":{"@id":"https:\/\/www.eryxfitness.com\/de\/#organization"},"alternateName":"ERYX","potentialAction":[{"@type":"SearchAction","target":{"@type":"EntryPoint","urlTemplate":"https:\/\/www.eryxfitness.com\/de\/?s={search_term_string}"},"query-input":{"@type":"PropertyValueSpecification","valueRequired":true,"valueName":"search_term_string"}}],"inLanguage":"de"},{"@type":"Organization","@id":"https:\/\/www.eryxfitness.com\/de\/#organization","name":"ERYX FITNESS","alternateName":"ERYX","url":"https:\/\/www.eryxfitness.com\/de\/","logo":{"@type":"ImageObject","inLanguage":"de","@id":"https:\/\/www.eryxfitness.com\/de\/#\/schema\/logo\/image\/","url":"https:\/\/i0.wp.com\/www.eryxfitness.com\/wp-content\/uploads\/2023\/06\/INSTA.png?fit=2000%2C2000&ssl=1","contentUrl":"https:\/\/i0.wp.com\/www.eryxfitness.com\/wp-content\/uploads\/2023\/06\/INSTA.png?fit=2000%2C2000&ssl=1","width":2000,"height":2000,"caption":"ERYX FITNESS"},"image":{"@id":"https:\/\/www.eryxfitness.com\/de\/#\/schema\/logo\/image\/"}}]}},"_links":{"self":[{"href":"https:\/\/www.eryxfitness.com\/de\/wp-json\/wp\/v2\/product\/19091","targetHints":{"allow":["GET"]}}],"collection":[{"href":"https:\/\/www.eryxfitness.com\/de\/wp-json\/wp\/v2\/product"}],"about":[{"href":"https:\/\/www.eryxfitness.com\/de\/wp-json\/wp\/v2\/types\/product"}],"replies":[{"embeddable":true,"href":"https:\/\/www.eryxfitness.com\/de\/wp-json\/wp\/v2\/comments?post=19091"}],"wp:featuredmedia":[{"embeddable":true,"href":"https:\/\/www.eryxfitness.com\/de\/wp-json\/wp\/v2\/media\/20692"}],"wp:attachment":[{"href":"https:\/\/www.eryxfitness.com\/de\/wp-json\/wp\/v2\/media?parent=19091"}],"wp:term":[{"taxonomy":"product_brand","embeddable":true,"href":"https:\/\/www.eryxfitness.com\/de\/wp-json\/wp\/v2\/product_brand?post=19091"},{"taxonomy":"product_cat","embeddable":true,"href":"https:\/\/www.eryxfitness.com\/de\/wp-json\/wp\/v2\/product_cat?post=19091"},{"taxonomy":"product_tag","embeddable":true,"href":"https:\/\/www.eryxfitness.com\/de\/wp-json\/wp\/v2\/product_tag?post=19091"}],"curies":[{"name":"wp","href":"https:\/\/api.w.org\/{rel}","templated":true}]}}