{"id":19402,"date":"2024-07-17T18:45:02","date_gmt":"2024-07-17T17:02:32","guid":{"rendered":"https:\/\/www.eryxfitness.com\/produit\/zusaetzliches-gewicht-2kg-fuer-clubbell\/"},"modified":"2025-10-25T16:31:38","modified_gmt":"2025-10-25T14:31:38","slug":"zusaetzliches-gewicht-2kg-fuer-clubbell","status":"publish","type":"product","link":"https:\/\/www.eryxfitness.com\/de\/produit\/zusaetzliches-gewicht-2kg-fuer-clubbell\/","title":{"rendered":"Zus\u00e4tzliches Gewicht 2kg f\u00fcr Clubbell"},"content":{"rendered":"","protected":false},"excerpt":{"rendered":"<div>2kg Gewicht, um das Gewicht Ihrer verstellbaren Klubbell zu erh\u00f6hen.<\/div>\n<div><\/div>\n<div>Wir empfehlen, dass Ihr Clubbell insgesamt nicht mehr als 24kg wiegt.<\/div>\n","protected":false},"featured_media":16639,"comment_status":"open","ping_status":"closed","template":"","meta":{"_monsterinsights_skip_tracking":false,"_monsterinsights_sitenote_active":false,"_monsterinsights_sitenote_note":"","_monsterinsights_sitenote_category":0},"product_brand":[],"product_cat":[175],"product_tag":[],"class_list":{"0":"post-19402","1":"product","2":"type-product","3":"status-publish","4":"has-post-thumbnail","6":"product_cat-clubbells","8":"first","9":"outofstock","10":"taxable","11":"shipping-taxable","12":"purchasable","13":"product-type-simple"},"yoast_head":"<!-- This site is optimized with the Yoast SEO plugin v27.3 - https:\/\/yoast.com\/product\/yoast-seo-wordpress\/ -->\n<title>Zus\u00e4tzliches Gewicht 2kg f\u00fcr Clubbell &#8211; Eryx Fitness<\/title>\n<meta name=\"robots\" content=\"index, follow, max-snippet:-1, max-image-preview:large, max-video-preview:-1\" \/>\n<link rel=\"canonical\" href=\"https:\/\/www.eryxfitness.com\/de\/produit\/zusaetzliches-gewicht-2kg-fuer-clubbell\/\" \/>\n<meta property=\"og:locale\" content=\"de_DE\" \/>\n<meta property=\"og:type\" content=\"article\" \/>\n<meta property=\"og:title\" content=\"Zus\u00e4tzliches Gewicht 2kg f\u00fcr Clubbell &#8211; Eryx Fitness\" \/>\n<meta property=\"og:description\" content=\"2kg Gewicht, um das Gewicht Ihrer verstellbaren Klubbell zu erh\u00f6hen.  Wir empfehlen, dass Ihr Clubbell insgesamt nicht mehr als 24kg wiegt.\" \/>\n<meta property=\"og:url\" content=\"https:\/\/www.eryxfitness.com\/de\/produit\/zusaetzliches-gewicht-2kg-fuer-clubbell\/\" \/>\n<meta property=\"og:site_name\" content=\"Eryx Fitness\" \/>\n<meta property=\"article:modified_time\" content=\"2025-10-25T14:31:38+00:00\" \/>\n<meta property=\"og:image\" content=\"https:\/\/www.eryxfitness.com\/wp-content\/uploads\/2024\/01\/adjustable-clubbell-2kg-disc.webp\" \/>\n\t<meta property=\"og:image:width\" content=\"1200\" \/>\n\t<meta property=\"og:image:height\" content=\"1200\" \/>\n\t<meta property=\"og:image:type\" content=\"image\/webp\" \/>\n<meta name=\"twitter:card\" content=\"summary_large_image\" \/>\n<meta name=\"twitter:label1\" content=\"Gesch\u00e4tzte Lesezeit\" \/>\n\t<meta name=\"twitter:data1\" content=\"1\u00a0Minute\" \/>\n<script type=\"application\/ld+json\" class=\"yoast-schema-graph\">{\"@context\":\"https:\\\/\\\/schema.org\",\"@graph\":[{\"@type\":\"WebPage\",\"@id\":\"https:\\\/\\\/www.eryxfitness.com\\\/de\\\/produit\\\/zusaetzliches-gewicht-2kg-fuer-clubbell\\\/\",\"url\":\"https:\\\/\\\/www.eryxfitness.com\\\/de\\\/produit\\\/zusaetzliches-gewicht-2kg-fuer-clubbell\\\/\",\"name\":\"Zus\u00e4tzliches Gewicht 2kg f\u00fcr Clubbell &#8211; Eryx Fitness\",\"isPartOf\":{\"@id\":\"https:\\\/\\\/www.eryxfitness.com\\\/de\\\/#website\"},\"primaryImageOfPage\":{\"@id\":\"https:\\\/\\\/www.eryxfitness.com\\\/de\\\/produit\\\/zusaetzliches-gewicht-2kg-fuer-clubbell\\\/#primaryimage\"},\"image\":{\"@id\":\"https:\\\/\\\/www.eryxfitness.com\\\/de\\\/produit\\\/zusaetzliches-gewicht-2kg-fuer-clubbell\\\/#primaryimage\"},\"thumbnailUrl\":\"https:\\\/\\\/www.eryxfitness.com\\\/wp-content\\\/uploads\\\/2024\\\/01\\\/adjustable-clubbell-2kg-disc.webp\",\"datePublished\":\"2024-07-17T17:02:32+00:00\",\"dateModified\":\"2025-10-25T14:31:38+00:00\",\"breadcrumb\":{\"@id\":\"https:\\\/\\\/www.eryxfitness.com\\\/de\\\/produit\\\/zusaetzliches-gewicht-2kg-fuer-clubbell\\\/#breadcrumb\"},\"inLanguage\":\"de\",\"potentialAction\":[{\"@type\":\"ReadAction\",\"target\":[\"https:\\\/\\\/www.eryxfitness.com\\\/de\\\/produit\\\/zusaetzliches-gewicht-2kg-fuer-clubbell\\\/\"]}]},{\"@type\":\"ImageObject\",\"inLanguage\":\"de\",\"@id\":\"https:\\\/\\\/www.eryxfitness.com\\\/de\\\/produit\\\/zusaetzliches-gewicht-2kg-fuer-clubbell\\\/#primaryimage\",\"url\":\"https:\\\/\\\/www.eryxfitness.com\\\/wp-content\\\/uploads\\\/2024\\\/01\\\/adjustable-clubbell-2kg-disc.webp\",\"contentUrl\":\"https:\\\/\\\/www.eryxfitness.com\\\/wp-content\\\/uploads\\\/2024\\\/01\\\/adjustable-clubbell-2kg-disc.webp\",\"width\":1200,\"height\":1200},{\"@type\":\"BreadcrumbList\",\"@id\":\"https:\\\/\\\/www.eryxfitness.com\\\/de\\\/produit\\\/zusaetzliches-gewicht-2kg-fuer-clubbell\\\/#breadcrumb\",\"itemListElement\":[{\"@type\":\"ListItem\",\"position\":1,\"name\":\"Accueil\",\"item\":\"https:\\\/\\\/www.eryxfitness.com\\\/de\\\/startseite\\\/\"},{\"@type\":\"ListItem\",\"position\":2,\"name\":\"Gesch\u00e4ft\",\"item\":\"https:\\\/\\\/www.eryxfitness.com\\\/de\\\/geschaft\\\/\"},{\"@type\":\"ListItem\",\"position\":3,\"name\":\"Zus\u00e4tzliches Gewicht 2kg f\u00fcr Clubbell\"}]},{\"@type\":\"WebSite\",\"@id\":\"https:\\\/\\\/www.eryxfitness.com\\\/de\\\/#website\",\"url\":\"https:\\\/\\\/www.eryxfitness.com\\\/de\\\/\",\"name\":\"ERYX FITNESS\",\"description\":\"Adjustable and portable fitness equipment\",\"publisher\":{\"@id\":\"https:\\\/\\\/www.eryxfitness.com\\\/de\\\/#organization\"},\"alternateName\":\"ERYX\",\"potentialAction\":[{\"@type\":\"SearchAction\",\"target\":{\"@type\":\"EntryPoint\",\"urlTemplate\":\"https:\\\/\\\/www.eryxfitness.com\\\/de\\\/?s={search_term_string}\"},\"query-input\":{\"@type\":\"PropertyValueSpecification\",\"valueRequired\":true,\"valueName\":\"search_term_string\"}}],\"inLanguage\":\"de\"},{\"@type\":\"Organization\",\"@id\":\"https:\\\/\\\/www.eryxfitness.com\\\/de\\\/#organization\",\"name\":\"ERYX FITNESS\",\"alternateName\":\"ERYX\",\"url\":\"https:\\\/\\\/www.eryxfitness.com\\\/de\\\/\",\"logo\":{\"@type\":\"ImageObject\",\"inLanguage\":\"de\",\"@id\":\"https:\\\/\\\/www.eryxfitness.com\\\/de\\\/#\\\/schema\\\/logo\\\/image\\\/\",\"url\":\"https:\\\/\\\/i0.wp.com\\\/www.eryxfitness.com\\\/wp-content\\\/uploads\\\/2023\\\/06\\\/INSTA.png?fit=2000%2C2000&ssl=1\",\"contentUrl\":\"https:\\\/\\\/i0.wp.com\\\/www.eryxfitness.com\\\/wp-content\\\/uploads\\\/2023\\\/06\\\/INSTA.png?fit=2000%2C2000&ssl=1\",\"width\":2000,\"height\":2000,\"caption\":\"ERYX FITNESS\"},\"image\":{\"@id\":\"https:\\\/\\\/www.eryxfitness.com\\\/de\\\/#\\\/schema\\\/logo\\\/image\\\/\"}}]}<\/script>\n<!-- \/ Yoast SEO plugin. -->","yoast_head_json":{"title":"Zus\u00e4tzliches Gewicht 2kg f\u00fcr Clubbell &#8211; Eryx Fitness","robots":{"index":"index","follow":"follow","max-snippet":"max-snippet:-1","max-image-preview":"max-image-preview:large","max-video-preview":"max-video-preview:-1"},"canonical":"https:\/\/www.eryxfitness.com\/de\/produit\/zusaetzliches-gewicht-2kg-fuer-clubbell\/","og_locale":"de_DE","og_type":"article","og_title":"Zus\u00e4tzliches Gewicht 2kg f\u00fcr Clubbell &#8211; Eryx Fitness","og_description":"2kg Gewicht, um das Gewicht Ihrer verstellbaren Klubbell zu erh\u00f6hen.  Wir empfehlen, dass Ihr Clubbell insgesamt nicht mehr als 24kg wiegt.","og_url":"https:\/\/www.eryxfitness.com\/de\/produit\/zusaetzliches-gewicht-2kg-fuer-clubbell\/","og_site_name":"Eryx Fitness","article_modified_time":"2025-10-25T14:31:38+00:00","og_image":[{"width":1200,"height":1200,"url":"https:\/\/www.eryxfitness.com\/wp-content\/uploads\/2024\/01\/adjustable-clubbell-2kg-disc.webp","type":"image\/webp"}],"twitter_card":"summary_large_image","twitter_misc":{"Gesch\u00e4tzte Lesezeit":"1\u00a0Minute"},"schema":{"@context":"https:\/\/schema.org","@graph":[{"@type":"WebPage","@id":"https:\/\/www.eryxfitness.com\/de\/produit\/zusaetzliches-gewicht-2kg-fuer-clubbell\/","url":"https:\/\/www.eryxfitness.com\/de\/produit\/zusaetzliches-gewicht-2kg-fuer-clubbell\/","name":"Zus\u00e4tzliches Gewicht 2kg f\u00fcr Clubbell &#8211; Eryx Fitness","isPartOf":{"@id":"https:\/\/www.eryxfitness.com\/de\/#website"},"primaryImageOfPage":{"@id":"https:\/\/www.eryxfitness.com\/de\/produit\/zusaetzliches-gewicht-2kg-fuer-clubbell\/#primaryimage"},"image":{"@id":"https:\/\/www.eryxfitness.com\/de\/produit\/zusaetzliches-gewicht-2kg-fuer-clubbell\/#primaryimage"},"thumbnailUrl":"https:\/\/www.eryxfitness.com\/wp-content\/uploads\/2024\/01\/adjustable-clubbell-2kg-disc.webp","datePublished":"2024-07-17T17:02:32+00:00","dateModified":"2025-10-25T14:31:38+00:00","breadcrumb":{"@id":"https:\/\/www.eryxfitness.com\/de\/produit\/zusaetzliches-gewicht-2kg-fuer-clubbell\/#breadcrumb"},"inLanguage":"de","potentialAction":[{"@type":"ReadAction","target":["https:\/\/www.eryxfitness.com\/de\/produit\/zusaetzliches-gewicht-2kg-fuer-clubbell\/"]}]},{"@type":"ImageObject","inLanguage":"de","@id":"https:\/\/www.eryxfitness.com\/de\/produit\/zusaetzliches-gewicht-2kg-fuer-clubbell\/#primaryimage","url":"https:\/\/www.eryxfitness.com\/wp-content\/uploads\/2024\/01\/adjustable-clubbell-2kg-disc.webp","contentUrl":"https:\/\/www.eryxfitness.com\/wp-content\/uploads\/2024\/01\/adjustable-clubbell-2kg-disc.webp","width":1200,"height":1200},{"@type":"BreadcrumbList","@id":"https:\/\/www.eryxfitness.com\/de\/produit\/zusaetzliches-gewicht-2kg-fuer-clubbell\/#breadcrumb","itemListElement":[{"@type":"ListItem","position":1,"name":"Accueil","item":"https:\/\/www.eryxfitness.com\/de\/startseite\/"},{"@type":"ListItem","position":2,"name":"Gesch\u00e4ft","item":"https:\/\/www.eryxfitness.com\/de\/geschaft\/"},{"@type":"ListItem","position":3,"name":"Zus\u00e4tzliches Gewicht 2kg f\u00fcr Clubbell"}]},{"@type":"WebSite","@id":"https:\/\/www.eryxfitness.com\/de\/#website","url":"https:\/\/www.eryxfitness.com\/de\/","name":"ERYX FITNESS","description":"Adjustable and portable fitness equipment","publisher":{"@id":"https:\/\/www.eryxfitness.com\/de\/#organization"},"alternateName":"ERYX","potentialAction":[{"@type":"SearchAction","target":{"@type":"EntryPoint","urlTemplate":"https:\/\/www.eryxfitness.com\/de\/?s={search_term_string}"},"query-input":{"@type":"PropertyValueSpecification","valueRequired":true,"valueName":"search_term_string"}}],"inLanguage":"de"},{"@type":"Organization","@id":"https:\/\/www.eryxfitness.com\/de\/#organization","name":"ERYX FITNESS","alternateName":"ERYX","url":"https:\/\/www.eryxfitness.com\/de\/","logo":{"@type":"ImageObject","inLanguage":"de","@id":"https:\/\/www.eryxfitness.com\/de\/#\/schema\/logo\/image\/","url":"https:\/\/i0.wp.com\/www.eryxfitness.com\/wp-content\/uploads\/2023\/06\/INSTA.png?fit=2000%2C2000&ssl=1","contentUrl":"https:\/\/i0.wp.com\/www.eryxfitness.com\/wp-content\/uploads\/2023\/06\/INSTA.png?fit=2000%2C2000&ssl=1","width":2000,"height":2000,"caption":"ERYX FITNESS"},"image":{"@id":"https:\/\/www.eryxfitness.com\/de\/#\/schema\/logo\/image\/"}}]}},"_links":{"self":[{"href":"https:\/\/www.eryxfitness.com\/de\/wp-json\/wp\/v2\/product\/19402","targetHints":{"allow":["GET"]}}],"collection":[{"href":"https:\/\/www.eryxfitness.com\/de\/wp-json\/wp\/v2\/product"}],"about":[{"href":"https:\/\/www.eryxfitness.com\/de\/wp-json\/wp\/v2\/types\/product"}],"replies":[{"embeddable":true,"href":"https:\/\/www.eryxfitness.com\/de\/wp-json\/wp\/v2\/comments?post=19402"}],"wp:featuredmedia":[{"embeddable":true,"href":"https:\/\/www.eryxfitness.com\/de\/wp-json\/wp\/v2\/media\/16639"}],"wp:attachment":[{"href":"https:\/\/www.eryxfitness.com\/de\/wp-json\/wp\/v2\/media?parent=19402"}],"wp:term":[{"taxonomy":"product_brand","embeddable":true,"href":"https:\/\/www.eryxfitness.com\/de\/wp-json\/wp\/v2\/product_brand?post=19402"},{"taxonomy":"product_cat","embeddable":true,"href":"https:\/\/www.eryxfitness.com\/de\/wp-json\/wp\/v2\/product_cat?post=19402"},{"taxonomy":"product_tag","embeddable":true,"href":"https:\/\/www.eryxfitness.com\/de\/wp-json\/wp\/v2\/product_tag?post=19402"}],"curies":[{"name":"wp","href":"https:\/\/api.w.org\/{rel}","templated":true}]}}