{"id":22421,"date":"2024-11-17T15:47:48","date_gmt":"2024-11-17T14:47:48","guid":{"rendered":"https:\/\/www.eryxfitness.com\/?post_type=product&#038;p=22421"},"modified":"2024-11-18T14:32:18","modified_gmt":"2024-11-18T13:32:18","slug":"geschenkkarte","status":"publish","type":"product","link":"https:\/\/www.eryxfitness.com\/de\/produit\/geschenkkarte\/","title":{"rendered":"Geschenkkarte"},"content":{"rendered":"","protected":false},"excerpt":{"rendered":"<p>Mit der Eryx Fitness Geschenkkarte geben Sie einem Sportler die M\u00f6glichkeit, das auszuw\u00e4hlen, was ihm hilft, seine Ziele zu erreichen. Ein einfaches und n\u00fctzliches Geschenk, das immer gut ankommt. <\/p>\n<ul>\n<li>Lieferung per E-Mail<\/li>\n<li>Keine versteckten Kosten<\/li>\n<li>Kein Ablaufdatum<\/li>\n<\/ul>\n<p>&nbsp;<\/p>\n","protected":false},"featured_media":23057,"comment_status":"closed","ping_status":"closed","template":"","meta":{"_monsterinsights_skip_tracking":false,"_monsterinsights_sitenote_active":false,"_monsterinsights_sitenote_note":"","_monsterinsights_sitenote_category":0},"product_brand":[],"product_cat":[206],"product_tag":[],"class_list":{"0":"post-22421","1":"product","2":"type-product","3":"status-publish","4":"has-post-thumbnail","6":"product_cat-geschenkkarte","8":"first","9":"instock","10":"purchasable","11":"product-type-variable"},"yoast_head":"<!-- This site is optimized with the Yoast SEO plugin v27.2 - https:\/\/yoast.com\/product\/yoast-seo-wordpress\/ -->\n<title>Geschenkkarte &#8211; Eryx Fitness<\/title>\n<meta name=\"robots\" content=\"index, follow, max-snippet:-1, max-image-preview:large, max-video-preview:-1\" \/>\n<link rel=\"canonical\" href=\"https:\/\/www.eryxfitness.com\/de\/produit\/geschenkkarte\/\" \/>\n<meta property=\"og:locale\" content=\"de_DE\" \/>\n<meta property=\"og:type\" content=\"article\" \/>\n<meta property=\"og:title\" content=\"Geschenkkarte &#8211; Eryx Fitness\" \/>\n<meta property=\"og:description\" content=\"Mit der Eryx Fitness Geschenkkarte geben Sie einem Sportler die M\u00f6glichkeit, das auszuw\u00e4hlen, was ihm hilft, seine Ziele zu erreichen. Ein einfaches und n\u00fctzliches Geschenk, das immer gut ankommt.   Lieferung per E-Mail  Keine versteckten Kosten  Kein Ablaufdatum &nbsp;\" \/>\n<meta property=\"og:url\" content=\"https:\/\/www.eryxfitness.com\/de\/produit\/geschenkkarte\/\" \/>\n<meta property=\"og:site_name\" content=\"Eryx Fitness\" \/>\n<meta property=\"article:modified_time\" content=\"2024-11-18T13:32:18+00:00\" \/>\n<meta property=\"og:image\" content=\"https:\/\/www.eryxfitness.com\/wp-content\/uploads\/2024\/11\/eryx-fitness-christmas-gift-card.webp\" \/>\n\t<meta property=\"og:image:width\" content=\"1000\" \/>\n\t<meta property=\"og:image:height\" content=\"1000\" \/>\n\t<meta property=\"og:image:type\" content=\"image\/webp\" \/>\n<meta name=\"twitter:card\" content=\"summary_large_image\" \/>\n<script type=\"application\/ld+json\" class=\"yoast-schema-graph\">{\"@context\":\"https:\/\/schema.org\",\"@graph\":[{\"@type\":\"WebPage\",\"@id\":\"https:\/\/www.eryxfitness.com\/de\/produit\/geschenkkarte\/\",\"url\":\"https:\/\/www.eryxfitness.com\/de\/produit\/geschenkkarte\/\",\"name\":\"Geschenkkarte &#8211; Eryx Fitness\",\"isPartOf\":{\"@id\":\"https:\/\/www.eryxfitness.com\/de\/#website\"},\"primaryImageOfPage\":{\"@id\":\"https:\/\/www.eryxfitness.com\/de\/produit\/geschenkkarte\/#primaryimage\"},\"image\":{\"@id\":\"https:\/\/www.eryxfitness.com\/de\/produit\/geschenkkarte\/#primaryimage\"},\"thumbnailUrl\":\"https:\/\/www.eryxfitness.com\/wp-content\/uploads\/2024\/11\/eryx-fitness-christmas-gift-card.webp\",\"datePublished\":\"2024-11-17T14:47:48+00:00\",\"dateModified\":\"2024-11-18T13:32:18+00:00\",\"breadcrumb\":{\"@id\":\"https:\/\/www.eryxfitness.com\/de\/produit\/geschenkkarte\/#breadcrumb\"},\"inLanguage\":\"de\",\"potentialAction\":[{\"@type\":\"ReadAction\",\"target\":[\"https:\/\/www.eryxfitness.com\/de\/produit\/geschenkkarte\/\"]}]},{\"@type\":\"ImageObject\",\"inLanguage\":\"de\",\"@id\":\"https:\/\/www.eryxfitness.com\/de\/produit\/geschenkkarte\/#primaryimage\",\"url\":\"https:\/\/www.eryxfitness.com\/wp-content\/uploads\/2024\/11\/eryx-fitness-christmas-gift-card.webp\",\"contentUrl\":\"https:\/\/www.eryxfitness.com\/wp-content\/uploads\/2024\/11\/eryx-fitness-christmas-gift-card.webp\",\"width\":1000,\"height\":1000},{\"@type\":\"BreadcrumbList\",\"@id\":\"https:\/\/www.eryxfitness.com\/de\/produit\/geschenkkarte\/#breadcrumb\",\"itemListElement\":[{\"@type\":\"ListItem\",\"position\":1,\"name\":\"Accueil\",\"item\":\"https:\/\/www.eryxfitness.com\/de\/startseite\/\"},{\"@type\":\"ListItem\",\"position\":2,\"name\":\"Gesch\u00e4ft\",\"item\":\"https:\/\/www.eryxfitness.com\/de\/geschaft\/\"},{\"@type\":\"ListItem\",\"position\":3,\"name\":\"Geschenkkarte\"}]},{\"@type\":\"WebSite\",\"@id\":\"https:\/\/www.eryxfitness.com\/de\/#website\",\"url\":\"https:\/\/www.eryxfitness.com\/de\/\",\"name\":\"ERYX FITNESS\",\"description\":\"Adjustable and portable fitness equipment\",\"publisher\":{\"@id\":\"https:\/\/www.eryxfitness.com\/de\/#organization\"},\"alternateName\":\"ERYX\",\"potentialAction\":[{\"@type\":\"SearchAction\",\"target\":{\"@type\":\"EntryPoint\",\"urlTemplate\":\"https:\/\/www.eryxfitness.com\/de\/?s={search_term_string}\"},\"query-input\":{\"@type\":\"PropertyValueSpecification\",\"valueRequired\":true,\"valueName\":\"search_term_string\"}}],\"inLanguage\":\"de\"},{\"@type\":\"Organization\",\"@id\":\"https:\/\/www.eryxfitness.com\/de\/#organization\",\"name\":\"ERYX FITNESS\",\"alternateName\":\"ERYX\",\"url\":\"https:\/\/www.eryxfitness.com\/de\/\",\"logo\":{\"@type\":\"ImageObject\",\"inLanguage\":\"de\",\"@id\":\"https:\/\/www.eryxfitness.com\/de\/#\/schema\/logo\/image\/\",\"url\":\"https:\/\/i0.wp.com\/www.eryxfitness.com\/wp-content\/uploads\/2023\/06\/INSTA.png?fit=2000%2C2000&ssl=1\",\"contentUrl\":\"https:\/\/i0.wp.com\/www.eryxfitness.com\/wp-content\/uploads\/2023\/06\/INSTA.png?fit=2000%2C2000&ssl=1\",\"width\":2000,\"height\":2000,\"caption\":\"ERYX FITNESS\"},\"image\":{\"@id\":\"https:\/\/www.eryxfitness.com\/de\/#\/schema\/logo\/image\/\"}}]}<\/script>\n<!-- \/ Yoast SEO plugin. -->","yoast_head_json":{"title":"Geschenkkarte &#8211; Eryx Fitness","robots":{"index":"index","follow":"follow","max-snippet":"max-snippet:-1","max-image-preview":"max-image-preview:large","max-video-preview":"max-video-preview:-1"},"canonical":"https:\/\/www.eryxfitness.com\/de\/produit\/geschenkkarte\/","og_locale":"de_DE","og_type":"article","og_title":"Geschenkkarte &#8211; Eryx Fitness","og_description":"Mit der Eryx Fitness Geschenkkarte geben Sie einem Sportler die M\u00f6glichkeit, das auszuw\u00e4hlen, was ihm hilft, seine Ziele zu erreichen. Ein einfaches und n\u00fctzliches Geschenk, das immer gut ankommt.   Lieferung per E-Mail  Keine versteckten Kosten  Kein Ablaufdatum &nbsp;","og_url":"https:\/\/www.eryxfitness.com\/de\/produit\/geschenkkarte\/","og_site_name":"Eryx Fitness","article_modified_time":"2024-11-18T13:32:18+00:00","og_image":[{"width":1000,"height":1000,"url":"https:\/\/www.eryxfitness.com\/wp-content\/uploads\/2024\/11\/eryx-fitness-christmas-gift-card.webp","type":"image\/webp"}],"twitter_card":"summary_large_image","schema":{"@context":"https:\/\/schema.org","@graph":[{"@type":"WebPage","@id":"https:\/\/www.eryxfitness.com\/de\/produit\/geschenkkarte\/","url":"https:\/\/www.eryxfitness.com\/de\/produit\/geschenkkarte\/","name":"Geschenkkarte &#8211; Eryx Fitness","isPartOf":{"@id":"https:\/\/www.eryxfitness.com\/de\/#website"},"primaryImageOfPage":{"@id":"https:\/\/www.eryxfitness.com\/de\/produit\/geschenkkarte\/#primaryimage"},"image":{"@id":"https:\/\/www.eryxfitness.com\/de\/produit\/geschenkkarte\/#primaryimage"},"thumbnailUrl":"https:\/\/www.eryxfitness.com\/wp-content\/uploads\/2024\/11\/eryx-fitness-christmas-gift-card.webp","datePublished":"2024-11-17T14:47:48+00:00","dateModified":"2024-11-18T13:32:18+00:00","breadcrumb":{"@id":"https:\/\/www.eryxfitness.com\/de\/produit\/geschenkkarte\/#breadcrumb"},"inLanguage":"de","potentialAction":[{"@type":"ReadAction","target":["https:\/\/www.eryxfitness.com\/de\/produit\/geschenkkarte\/"]}]},{"@type":"ImageObject","inLanguage":"de","@id":"https:\/\/www.eryxfitness.com\/de\/produit\/geschenkkarte\/#primaryimage","url":"https:\/\/www.eryxfitness.com\/wp-content\/uploads\/2024\/11\/eryx-fitness-christmas-gift-card.webp","contentUrl":"https:\/\/www.eryxfitness.com\/wp-content\/uploads\/2024\/11\/eryx-fitness-christmas-gift-card.webp","width":1000,"height":1000},{"@type":"BreadcrumbList","@id":"https:\/\/www.eryxfitness.com\/de\/produit\/geschenkkarte\/#breadcrumb","itemListElement":[{"@type":"ListItem","position":1,"name":"Accueil","item":"https:\/\/www.eryxfitness.com\/de\/startseite\/"},{"@type":"ListItem","position":2,"name":"Gesch\u00e4ft","item":"https:\/\/www.eryxfitness.com\/de\/geschaft\/"},{"@type":"ListItem","position":3,"name":"Geschenkkarte"}]},{"@type":"WebSite","@id":"https:\/\/www.eryxfitness.com\/de\/#website","url":"https:\/\/www.eryxfitness.com\/de\/","name":"ERYX FITNESS","description":"Adjustable and portable fitness equipment","publisher":{"@id":"https:\/\/www.eryxfitness.com\/de\/#organization"},"alternateName":"ERYX","potentialAction":[{"@type":"SearchAction","target":{"@type":"EntryPoint","urlTemplate":"https:\/\/www.eryxfitness.com\/de\/?s={search_term_string}"},"query-input":{"@type":"PropertyValueSpecification","valueRequired":true,"valueName":"search_term_string"}}],"inLanguage":"de"},{"@type":"Organization","@id":"https:\/\/www.eryxfitness.com\/de\/#organization","name":"ERYX FITNESS","alternateName":"ERYX","url":"https:\/\/www.eryxfitness.com\/de\/","logo":{"@type":"ImageObject","inLanguage":"de","@id":"https:\/\/www.eryxfitness.com\/de\/#\/schema\/logo\/image\/","url":"https:\/\/i0.wp.com\/www.eryxfitness.com\/wp-content\/uploads\/2023\/06\/INSTA.png?fit=2000%2C2000&ssl=1","contentUrl":"https:\/\/i0.wp.com\/www.eryxfitness.com\/wp-content\/uploads\/2023\/06\/INSTA.png?fit=2000%2C2000&ssl=1","width":2000,"height":2000,"caption":"ERYX FITNESS"},"image":{"@id":"https:\/\/www.eryxfitness.com\/de\/#\/schema\/logo\/image\/"}}]}},"_links":{"self":[{"href":"https:\/\/www.eryxfitness.com\/de\/wp-json\/wp\/v2\/product\/22421","targetHints":{"allow":["GET"]}}],"collection":[{"href":"https:\/\/www.eryxfitness.com\/de\/wp-json\/wp\/v2\/product"}],"about":[{"href":"https:\/\/www.eryxfitness.com\/de\/wp-json\/wp\/v2\/types\/product"}],"replies":[{"embeddable":true,"href":"https:\/\/www.eryxfitness.com\/de\/wp-json\/wp\/v2\/comments?post=22421"}],"wp:featuredmedia":[{"embeddable":true,"href":"https:\/\/www.eryxfitness.com\/de\/wp-json\/wp\/v2\/media\/23057"}],"wp:attachment":[{"href":"https:\/\/www.eryxfitness.com\/de\/wp-json\/wp\/v2\/media?parent=22421"}],"wp:term":[{"taxonomy":"product_brand","embeddable":true,"href":"https:\/\/www.eryxfitness.com\/de\/wp-json\/wp\/v2\/product_brand?post=22421"},{"taxonomy":"product_cat","embeddable":true,"href":"https:\/\/www.eryxfitness.com\/de\/wp-json\/wp\/v2\/product_cat?post=22421"},{"taxonomy":"product_tag","embeddable":true,"href":"https:\/\/www.eryxfitness.com\/de\/wp-json\/wp\/v2\/product_tag?post=22421"}],"curies":[{"name":"wp","href":"https:\/\/api.w.org\/{rel}","templated":true}]}}