{"id":26614,"date":"2025-11-22T16:08:32","date_gmt":"2025-11-22T15:08:32","guid":{"rendered":"https:\/\/www.eryxfitness.com\/produit\/flow-pack-v1\/"},"modified":"2026-02-17T16:44:51","modified_gmt":"2026-02-17T15:44:51","slug":"flow-pack-v1","status":"publish","type":"product","link":"https:\/\/www.eryxfitness.com\/de\/produit\/flow-pack-v1\/","title":{"rendered":"Flow Pack V1"},"content":{"rendered":"","protected":false},"excerpt":{"rendered":"<p>Das <strong data-start=\"371\" data-end=\"386\">Flow Pack V1<\/strong> vereint die wichtigsten Werkzeuge, um das <strong data-start=\"433\" data-end=\"450\">Flow Training<\/strong> zu erforschen und eine fl\u00fcssige und kontrollierte Kraft zu entwickeln.<br data-start=\"499\" data-end=\"502\" \/>Es besteht aus <strong data-start=\"514\" data-end=\"550\">2x Clubbells 6-16kg<\/strong> und <strong data-start=\"554\" data-end=\"588\" data-is-only-node=\"\">1x Macebell 4-14kg<\/strong>, um dynamische Bewegungen aneinander zu reihen, die Koordination zu st\u00e4rken und die allgemeine Beweglichkeit zu verbessern.<br data-start=\"691\" data-end=\"694\" \/>Ein komplettes Paket, um <strong data-start=\"724\" data-end=\"759\">Stabilit\u00e4t, Kontrolle und Fl\u00fcssigkeit zu<\/strong> kultivieren, ob zu Hause, im Fitnessstudio oder im Freien.<\/p>\n","protected":false},"featured_media":26606,"comment_status":"closed","ping_status":"closed","template":"","meta":{"_monsterinsights_skip_tracking":false,"_monsterinsights_sitenote_active":false,"_monsterinsights_sitenote_note":"","_monsterinsights_sitenote_category":0},"product_brand":[],"product_cat":[215],"product_tag":[],"class_list":{"0":"post-26614","1":"product","2":"type-product","3":"status-publish","4":"has-post-thumbnail","6":"product_cat-packs","8":"first","9":"instock","10":"taxable","11":"shipping-taxable","12":"purchasable","13":"product-type-woosb"},"yoast_head":"<!-- This site is optimized with the Yoast SEO plugin v27.3 - https:\/\/yoast.com\/product\/yoast-seo-wordpress\/ -->\n<title>Flow Pack V1 &#8211; Eryx Fitness<\/title>\n<meta name=\"robots\" content=\"index, follow, max-snippet:-1, max-image-preview:large, max-video-preview:-1\" \/>\n<link rel=\"canonical\" href=\"https:\/\/www.eryxfitness.com\/de\/produit\/flow-pack-v1\/\" \/>\n<meta property=\"og:locale\" content=\"de_DE\" \/>\n<meta property=\"og:type\" content=\"article\" \/>\n<meta property=\"og:title\" content=\"Flow Pack V1 &#8211; Eryx Fitness\" \/>\n<meta property=\"og:description\" content=\"Das Flow Pack V1 vereint die wichtigsten Werkzeuge, um das Flow Training zu erforschen und eine fl\u00fcssige und kontrollierte Kraft zu entwickeln.Es besteht aus 2x Clubbells 6-16kg und 1x Macebell 4-14kg, um dynamische Bewegungen aneinander zu reihen, die Koordination zu st\u00e4rken und die allgemeine Beweglichkeit zu verbessern.Ein komplettes Paket, um Stabilit\u00e4t, Kontrolle und Fl\u00fcssigkeit zu kultivieren, ob zu Hause, im Fitnessstudio oder im Freien.\" \/>\n<meta property=\"og:url\" content=\"https:\/\/www.eryxfitness.com\/de\/produit\/flow-pack-v1\/\" \/>\n<meta property=\"og:site_name\" content=\"Eryx Fitness\" \/>\n<meta property=\"article:modified_time\" content=\"2026-02-17T15:44:51+00:00\" \/>\n<meta property=\"og:image\" content=\"https:\/\/www.eryxfitness.com\/wp-content\/uploads\/2025\/11\/PACK-FLOW-V1-4.webp\" \/>\n\t<meta property=\"og:image:width\" content=\"986\" \/>\n\t<meta property=\"og:image:height\" content=\"985\" \/>\n\t<meta property=\"og:image:type\" content=\"image\/webp\" \/>\n<meta name=\"twitter:card\" content=\"summary_large_image\" \/>\n<meta name=\"twitter:label1\" content=\"Gesch\u00e4tzte Lesezeit\" \/>\n\t<meta name=\"twitter:data1\" content=\"1\u00a0Minute\" \/>\n<script type=\"application\/ld+json\" class=\"yoast-schema-graph\">{\"@context\":\"https:\\\/\\\/schema.org\",\"@graph\":[{\"@type\":\"WebPage\",\"@id\":\"https:\\\/\\\/www.eryxfitness.com\\\/de\\\/produit\\\/flow-pack-v1\\\/\",\"url\":\"https:\\\/\\\/www.eryxfitness.com\\\/de\\\/produit\\\/flow-pack-v1\\\/\",\"name\":\"Flow Pack V1 &#8211; Eryx Fitness\",\"isPartOf\":{\"@id\":\"https:\\\/\\\/www.eryxfitness.com\\\/de\\\/#website\"},\"primaryImageOfPage\":{\"@id\":\"https:\\\/\\\/www.eryxfitness.com\\\/de\\\/produit\\\/flow-pack-v1\\\/#primaryimage\"},\"image\":{\"@id\":\"https:\\\/\\\/www.eryxfitness.com\\\/de\\\/produit\\\/flow-pack-v1\\\/#primaryimage\"},\"thumbnailUrl\":\"https:\\\/\\\/www.eryxfitness.com\\\/wp-content\\\/uploads\\\/2025\\\/11\\\/PACK-FLOW-V1-4.webp\",\"datePublished\":\"2025-11-22T15:08:32+00:00\",\"dateModified\":\"2026-02-17T15:44:51+00:00\",\"breadcrumb\":{\"@id\":\"https:\\\/\\\/www.eryxfitness.com\\\/de\\\/produit\\\/flow-pack-v1\\\/#breadcrumb\"},\"inLanguage\":\"de\",\"potentialAction\":[{\"@type\":\"ReadAction\",\"target\":[\"https:\\\/\\\/www.eryxfitness.com\\\/de\\\/produit\\\/flow-pack-v1\\\/\"]}]},{\"@type\":\"ImageObject\",\"inLanguage\":\"de\",\"@id\":\"https:\\\/\\\/www.eryxfitness.com\\\/de\\\/produit\\\/flow-pack-v1\\\/#primaryimage\",\"url\":\"https:\\\/\\\/www.eryxfitness.com\\\/wp-content\\\/uploads\\\/2025\\\/11\\\/PACK-FLOW-V1-4.webp\",\"contentUrl\":\"https:\\\/\\\/www.eryxfitness.com\\\/wp-content\\\/uploads\\\/2025\\\/11\\\/PACK-FLOW-V1-4.webp\",\"width\":986,\"height\":985},{\"@type\":\"BreadcrumbList\",\"@id\":\"https:\\\/\\\/www.eryxfitness.com\\\/de\\\/produit\\\/flow-pack-v1\\\/#breadcrumb\",\"itemListElement\":[{\"@type\":\"ListItem\",\"position\":1,\"name\":\"Accueil\",\"item\":\"https:\\\/\\\/www.eryxfitness.com\\\/de\\\/startseite\\\/\"},{\"@type\":\"ListItem\",\"position\":2,\"name\":\"Gesch\u00e4ft\",\"item\":\"https:\\\/\\\/www.eryxfitness.com\\\/de\\\/geschaft\\\/\"},{\"@type\":\"ListItem\",\"position\":3,\"name\":\"Flow Pack V1\"}]},{\"@type\":\"WebSite\",\"@id\":\"https:\\\/\\\/www.eryxfitness.com\\\/de\\\/#website\",\"url\":\"https:\\\/\\\/www.eryxfitness.com\\\/de\\\/\",\"name\":\"ERYX FITNESS\",\"description\":\"Adjustable and portable fitness equipment\",\"publisher\":{\"@id\":\"https:\\\/\\\/www.eryxfitness.com\\\/de\\\/#organization\"},\"alternateName\":\"ERYX\",\"potentialAction\":[{\"@type\":\"SearchAction\",\"target\":{\"@type\":\"EntryPoint\",\"urlTemplate\":\"https:\\\/\\\/www.eryxfitness.com\\\/de\\\/?s={search_term_string}\"},\"query-input\":{\"@type\":\"PropertyValueSpecification\",\"valueRequired\":true,\"valueName\":\"search_term_string\"}}],\"inLanguage\":\"de\"},{\"@type\":\"Organization\",\"@id\":\"https:\\\/\\\/www.eryxfitness.com\\\/de\\\/#organization\",\"name\":\"ERYX FITNESS\",\"alternateName\":\"ERYX\",\"url\":\"https:\\\/\\\/www.eryxfitness.com\\\/de\\\/\",\"logo\":{\"@type\":\"ImageObject\",\"inLanguage\":\"de\",\"@id\":\"https:\\\/\\\/www.eryxfitness.com\\\/de\\\/#\\\/schema\\\/logo\\\/image\\\/\",\"url\":\"https:\\\/\\\/i0.wp.com\\\/www.eryxfitness.com\\\/wp-content\\\/uploads\\\/2023\\\/06\\\/INSTA.png?fit=2000%2C2000&ssl=1\",\"contentUrl\":\"https:\\\/\\\/i0.wp.com\\\/www.eryxfitness.com\\\/wp-content\\\/uploads\\\/2023\\\/06\\\/INSTA.png?fit=2000%2C2000&ssl=1\",\"width\":2000,\"height\":2000,\"caption\":\"ERYX FITNESS\"},\"image\":{\"@id\":\"https:\\\/\\\/www.eryxfitness.com\\\/de\\\/#\\\/schema\\\/logo\\\/image\\\/\"}}]}<\/script>\n<!-- \/ Yoast SEO plugin. -->","yoast_head_json":{"title":"Flow Pack V1 &#8211; Eryx Fitness","robots":{"index":"index","follow":"follow","max-snippet":"max-snippet:-1","max-image-preview":"max-image-preview:large","max-video-preview":"max-video-preview:-1"},"canonical":"https:\/\/www.eryxfitness.com\/de\/produit\/flow-pack-v1\/","og_locale":"de_DE","og_type":"article","og_title":"Flow Pack V1 &#8211; Eryx Fitness","og_description":"Das Flow Pack V1 vereint die wichtigsten Werkzeuge, um das Flow Training zu erforschen und eine fl\u00fcssige und kontrollierte Kraft zu entwickeln.Es besteht aus 2x Clubbells 6-16kg und 1x Macebell 4-14kg, um dynamische Bewegungen aneinander zu reihen, die Koordination zu st\u00e4rken und die allgemeine Beweglichkeit zu verbessern.Ein komplettes Paket, um Stabilit\u00e4t, Kontrolle und Fl\u00fcssigkeit zu kultivieren, ob zu Hause, im Fitnessstudio oder im Freien.","og_url":"https:\/\/www.eryxfitness.com\/de\/produit\/flow-pack-v1\/","og_site_name":"Eryx Fitness","article_modified_time":"2026-02-17T15:44:51+00:00","og_image":[{"width":986,"height":985,"url":"https:\/\/www.eryxfitness.com\/wp-content\/uploads\/2025\/11\/PACK-FLOW-V1-4.webp","type":"image\/webp"}],"twitter_card":"summary_large_image","twitter_misc":{"Gesch\u00e4tzte Lesezeit":"1\u00a0Minute"},"schema":{"@context":"https:\/\/schema.org","@graph":[{"@type":"WebPage","@id":"https:\/\/www.eryxfitness.com\/de\/produit\/flow-pack-v1\/","url":"https:\/\/www.eryxfitness.com\/de\/produit\/flow-pack-v1\/","name":"Flow Pack V1 &#8211; Eryx Fitness","isPartOf":{"@id":"https:\/\/www.eryxfitness.com\/de\/#website"},"primaryImageOfPage":{"@id":"https:\/\/www.eryxfitness.com\/de\/produit\/flow-pack-v1\/#primaryimage"},"image":{"@id":"https:\/\/www.eryxfitness.com\/de\/produit\/flow-pack-v1\/#primaryimage"},"thumbnailUrl":"https:\/\/www.eryxfitness.com\/wp-content\/uploads\/2025\/11\/PACK-FLOW-V1-4.webp","datePublished":"2025-11-22T15:08:32+00:00","dateModified":"2026-02-17T15:44:51+00:00","breadcrumb":{"@id":"https:\/\/www.eryxfitness.com\/de\/produit\/flow-pack-v1\/#breadcrumb"},"inLanguage":"de","potentialAction":[{"@type":"ReadAction","target":["https:\/\/www.eryxfitness.com\/de\/produit\/flow-pack-v1\/"]}]},{"@type":"ImageObject","inLanguage":"de","@id":"https:\/\/www.eryxfitness.com\/de\/produit\/flow-pack-v1\/#primaryimage","url":"https:\/\/www.eryxfitness.com\/wp-content\/uploads\/2025\/11\/PACK-FLOW-V1-4.webp","contentUrl":"https:\/\/www.eryxfitness.com\/wp-content\/uploads\/2025\/11\/PACK-FLOW-V1-4.webp","width":986,"height":985},{"@type":"BreadcrumbList","@id":"https:\/\/www.eryxfitness.com\/de\/produit\/flow-pack-v1\/#breadcrumb","itemListElement":[{"@type":"ListItem","position":1,"name":"Accueil","item":"https:\/\/www.eryxfitness.com\/de\/startseite\/"},{"@type":"ListItem","position":2,"name":"Gesch\u00e4ft","item":"https:\/\/www.eryxfitness.com\/de\/geschaft\/"},{"@type":"ListItem","position":3,"name":"Flow Pack V1"}]},{"@type":"WebSite","@id":"https:\/\/www.eryxfitness.com\/de\/#website","url":"https:\/\/www.eryxfitness.com\/de\/","name":"ERYX FITNESS","description":"Adjustable and portable fitness equipment","publisher":{"@id":"https:\/\/www.eryxfitness.com\/de\/#organization"},"alternateName":"ERYX","potentialAction":[{"@type":"SearchAction","target":{"@type":"EntryPoint","urlTemplate":"https:\/\/www.eryxfitness.com\/de\/?s={search_term_string}"},"query-input":{"@type":"PropertyValueSpecification","valueRequired":true,"valueName":"search_term_string"}}],"inLanguage":"de"},{"@type":"Organization","@id":"https:\/\/www.eryxfitness.com\/de\/#organization","name":"ERYX FITNESS","alternateName":"ERYX","url":"https:\/\/www.eryxfitness.com\/de\/","logo":{"@type":"ImageObject","inLanguage":"de","@id":"https:\/\/www.eryxfitness.com\/de\/#\/schema\/logo\/image\/","url":"https:\/\/i0.wp.com\/www.eryxfitness.com\/wp-content\/uploads\/2023\/06\/INSTA.png?fit=2000%2C2000&ssl=1","contentUrl":"https:\/\/i0.wp.com\/www.eryxfitness.com\/wp-content\/uploads\/2023\/06\/INSTA.png?fit=2000%2C2000&ssl=1","width":2000,"height":2000,"caption":"ERYX FITNESS"},"image":{"@id":"https:\/\/www.eryxfitness.com\/de\/#\/schema\/logo\/image\/"}}]}},"_links":{"self":[{"href":"https:\/\/www.eryxfitness.com\/de\/wp-json\/wp\/v2\/product\/26614","targetHints":{"allow":["GET"]}}],"collection":[{"href":"https:\/\/www.eryxfitness.com\/de\/wp-json\/wp\/v2\/product"}],"about":[{"href":"https:\/\/www.eryxfitness.com\/de\/wp-json\/wp\/v2\/types\/product"}],"replies":[{"embeddable":true,"href":"https:\/\/www.eryxfitness.com\/de\/wp-json\/wp\/v2\/comments?post=26614"}],"wp:featuredmedia":[{"embeddable":true,"href":"https:\/\/www.eryxfitness.com\/de\/wp-json\/wp\/v2\/media\/26606"}],"wp:attachment":[{"href":"https:\/\/www.eryxfitness.com\/de\/wp-json\/wp\/v2\/media?parent=26614"}],"wp:term":[{"taxonomy":"product_brand","embeddable":true,"href":"https:\/\/www.eryxfitness.com\/de\/wp-json\/wp\/v2\/product_brand?post=26614"},{"taxonomy":"product_cat","embeddable":true,"href":"https:\/\/www.eryxfitness.com\/de\/wp-json\/wp\/v2\/product_cat?post=26614"},{"taxonomy":"product_tag","embeddable":true,"href":"https:\/\/www.eryxfitness.com\/de\/wp-json\/wp\/v2\/product_tag?post=26614"}],"curies":[{"name":"wp","href":"https:\/\/api.w.org\/{rel}","templated":true}]}}