{"id":15032,"date":"2023-07-25T15:01:25","date_gmt":"2023-07-25T13:01:25","guid":{"rendered":"https:\/\/www.eryxfitness.com\/politica-de-privacidad\/"},"modified":"2024-09-27T15:37:28","modified_gmt":"2024-09-27T13:37:28","slug":"politica-de-privacidad","status":"publish","type":"page","link":"https:\/\/www.eryxfitness.com\/es\/politica-de-privacidad\/","title":{"rendered":"Pol\u00edtica de privacidad"},"content":{"rendered":"\n\t<section class=\"section\" id=\"section_466782568\">\n\t\t<div class=\"section-bg fill\" >\n\t\t\t\t\t\t\t\t\t\n\t\t\t\n\n\t\t<\/div>\n\n\t\t\n\n\t\t<div class=\"section-content relative\">\n\t\t\t\n\n<div class=\"row\"  id=\"row-2082707994\">\n\n\n\t<div id=\"col-1914507072\" class=\"col small-12 large-12\"  >\n\t\t\t\t<div class=\"col-inner\"  >\n\t\t\t\n\t\t\t\n\n<\/p><h1><span style=\"font-size: 120%;\">POL\u00cdTICA DE PRIVACIDAD<\/span><\/h1>\n<h2 class=\"wp-block-heading\">\u00bfQui\u00e9nes somos?<\/h2>\n<p>Eryx Fitness es una marca de equipos de entrenamiento f\u00edsico modulares y transportables.<\/p>\n<p>SIRET: 892 602 327 00017<\/p>\n<p>P\u00e1gina web: https:\/\/www.eryxfitness.com<\/p>\n<p>Direcci\u00f3n de correo electr\u00f3nico: contact@eryxfitness.com<\/p>\n<h2 class=\"wp-block-heading\">Uso de los datos personales recogidos<\/h2>\n<h3 class=\"wp-block-heading\">Comentarios<\/h3>\n<p>Cuando deja un comentario en nuestro sitio web, se recogen los datos introducidos en el formulario de comentarios, su direcci\u00f3n IP y el agente de usuario de su navegador para ayudarnos a detectar comentarios no deseados.<\/p>\n<p>Una cadena an\u00f3nima creada a partir de tu direcci\u00f3n de correo electr\u00f3nico (tambi\u00e9n conocida como hash) puede enviarse al servicio Gravatar para comprobar que la est\u00e1s utilizando. La pol\u00edtica de privacidad de Gravatar est\u00e1 disponible aqu\u00ed: https:\/\/automattic.com\/privacy\/. Una vez validado tu comentario, tu foto de perfil ser\u00e1 visible p\u00fablicamente junto a tu comentario.<\/p>\n<h3 class=\"wp-block-heading\">Medios de comunicaci\u00f3n<\/h3>\n<p>Si es usted un usuario registrado y sube im\u00e1genes al sitio web, le aconsejamos que evite subir im\u00e1genes que contengan datos EXIF de coordenadas GPS. Los visitantes de su sitio web pueden descargar y extraer datos de localizaci\u00f3n de estas im\u00e1genes.<\/p>\n<h3 class=\"wp-block-heading\">Formularios de contacto<\/h3>\n<p>Utilizamos el software Brevo para recopilar informaci\u00f3n como tu nombre y direcci\u00f3n de correo electr\u00f3nico, en particular cuando te suscribes a nuestro bolet\u00edn de noticias. Estos datos se conservan para crear una base de datos de clientes. Una vez que te hayas registrado utilizando uno de nuestros formularios, podr\u00e1s recibir ofertas de productos por correo electr\u00f3nico. Puede darse de baja en cualquier momento haciendo clic en el enlace que aparece al final de cada correo electr\u00f3nico que reciba de nosotros.<\/p>\n<h3 class=\"wp-block-heading\">Cookies<\/h3>\n<p>Si deja un comentario en nuestro sitio, se le pedir\u00e1 que guarde su nombre, direcci\u00f3n de correo electr\u00f3nico y sitio web en cookies. Esto es s\u00f3lo para su comodidad, para que no tenga que introducir esta informaci\u00f3n si publica otro comentario m\u00e1s tarde. Estas cookies caducan al cabo de un a\u00f1o.<\/p>\n<p>Si accede a la p\u00e1gina de inicio de sesi\u00f3n, se crear\u00e1 una cookie temporal para determinar si su navegador acepta cookies. No contiene ning\u00fan dato personal y se borrar\u00e1 autom\u00e1ticamente cuando cierre el navegador.<\/p>\n<p>Cuando se conecte, instalaremos una serie de cookies para registrar sus datos de acceso y preferencias de pantalla. La vida \u00fatil de una cookie de conexi\u00f3n es de dos d\u00edas, la de una cookie de opci\u00f3n de pantalla es de un a\u00f1o. Si marca \u00abRecordarme\u00bb, su cookie de conexi\u00f3n se almacenar\u00e1 durante quince d\u00edas. Si sale de su cuenta, se borrar\u00e1 la cookie de conexi\u00f3n.<\/p>\n<p>Al modificar o publicar una publicaci\u00f3n, se almacenar\u00e1 una cookie adicional en su navegador. Esta cookie no contiene ning\u00fan dato personal. Indica simplemente el ID de la publicaci\u00f3n que acaba de modificar. Caduca al cabo de un d\u00eda.<\/p>\n<h3 class=\"wp-block-heading\">Contenido incrustado de otros sitios<\/h3>\n<p>Los art\u00edculos de este sitio pueden incluir contenido incrustado (por ejemplo, v\u00eddeos, im\u00e1genes, art\u00edculos\u2026). El contenido incrustado de otros sitios se comporta de la misma manera que si el visitante estuviera en ese otro sitio.<\/p>\n<p>Estos sitios web pueden recopilar datos sobre usted, utilizar cookies, incrustar herramientas de seguimiento de terceros, rastrear sus interacciones con estos contenidos incrustados si tiene una cuenta iniciada en su sitio web.<\/p>\n<h3 class=\"wp-block-heading\">Estad\u00edsticas y medici\u00f3n de audiencias<\/h3>\n<p>Este sitio utiliza Google Analytics como herramienta estad\u00edstica. Los sitios que utilizan este servicio deben incluir un texto est\u00e1ndar para los visitantes, que se inserta en el p\u00e1rrafo siguiente y se encierra entre comillas:<\/p>\n<p>\u00abEste sitio web utiliza Google Analytics, un servicio de an\u00e1lisis web prestado por Google Inc (\u00abGoogle\u00bb). Google Analytics utiliza \u00abcookies\u00bb, que son archivos de texto ubicados en su ordenador, para ayudar al website a analizar el uso que hacen los usuarios del sitio web. La informaci\u00f3n que genera la cookie acerca de su uso del website (incluyendo su direcci\u00f3n IP) ser\u00e1 directamente transmitida y archivada por Google en los servidores de Estados Unidos. Google usar\u00e1 esta informaci\u00f3n por cuenta nuestra con el prop\u00f3sito de seguir la pista de su uso del website, recopilando informes de la actividad del website y prestando otros servicios relacionados con la actividad del website y el uso de Internet. Google podr\u00e1 transmitir dicha informaci\u00f3n a terceros cuando as\u00ed se lo requiera la legislaci\u00f3n, o cuando dichos terceros procesen la informaci\u00f3n por cuenta de Google. Google no asociar\u00e1 su direcci\u00f3n IP con ning\u00fan otro dato del que disponga Google. Puede Usted rechazar el tratamiento de los datos o la informaci\u00f3n rechazando el uso de cookies mediante la selecci\u00f3n de la configuraci\u00f3n apropiada de su navegador, sin embargo, debe Usted saber que si lo hace puede ser que no pueda usar la plena funcionabilidad de este website. Sin embargo, si lo hace es posible que no pueda utilizar todas las funciones de este sitio web. Al utilizar este website Usted consiente el tratamiento de informaci\u00f3n acerca de Usted por Google en la forma y para los fines arriba indicados.<\/p>\n<h2 class=\"wp-block-heading\">Uso y transmisi\u00f3n de sus datos personales<\/h2>\n<p>Sus datos personales se transmitir\u00e1n a los siguientes departamentos:<\/p>\n<ul class=\"wp-block-list\">\n<li>Brevo para formularios de contacto<\/li>\n<li>PayPal y Payplug para pagos en el sitio web<\/li>\n<\/ul>\n<h2 class=\"wp-block-heading\">Periodos de almacenamiento de sus datos<\/h2>\n<p>Si deja un comentario, el comentario y sus metadatos se conservan indefinidamente. Esto permite que los comentarios posteriores se reconozcan y aprueben autom\u00e1ticamente en lugar de quedarse en la cola de moderaci\u00f3n.<\/p>\n<p>En el caso de los usuarios que se registran en nuestro sitio (cuando es posible), tambi\u00e9n almacenamos los datos personales indicados en su perfil. Todos los usuarios pueden ver, modificar o eliminar su informaci\u00f3n personal en cualquier momento (a excepci\u00f3n de su nombre de usuario). Los administradores de los centros tambi\u00e9n pueden ver y modificar esta informaci\u00f3n.<\/p>\n<p>Los registros de seguridad se conservan durante 14 d\u00edas.<\/p>\n<h2 class=\"wp-block-heading\">Los derechos que tiene sobre sus datos<\/h2>\n<p>Si tiene una cuenta o si ha dejado comentarios en el sitio, puede solicitar que le enviemos un archivo con todos los datos personales que tenemos sobre usted, incluidos los que nos ha facilitado. Tambi\u00e9n puede solicitar la supresi\u00f3n de sus datos personales. Esto no incluye los datos almacenados con fines administrativos, legales o de seguridad.<\/p>\n<h2 class=\"wp-block-heading\">Transmisi\u00f3n de sus datos personales<\/h2>\n<p>Los comentarios de los visitantes pueden comprobarse mediante un servicio automatizado para detectar comentarios no deseados.<\/p>\n<h2 class=\"wp-block-heading\">Informaci\u00f3n de contacto<\/h2>\n<p>Para cualquier solicitud relativa a la privacidad y a tu informaci\u00f3n personal, puedes ponerte en contacto con nosotros a trav\u00e9s de la direcci\u00f3n de correo electr\u00f3nico de la empresa :<\/p>\n<p>contact@eryxfitness.com<\/p>\n<h2 class=\"wp-block-heading\">Comercio<\/h2>\n<p>Recogemos informaci\u00f3n cuando realiza un pedido en nuestra tienda.<\/p>\n<h3 class=\"wp-block-heading\">Qu\u00e9 recopilamos y almacenamos<\/h3>\n<p>Durante su visita al sitio, controlamos :<\/p>\n<ul class=\"wp-block-list\">\n<li>Productos que ha visto: los utilizamos para mostrar productos que ha visto recientemente, por ejemplo.<\/li>\n<li>Ubicaci\u00f3n, direcci\u00f3n IP y tipo de navegador: los utilizamos para calcular los impuestos y los gastos de env\u00edo.<\/li>\n<li>Direcci\u00f3n de entrega: le pediremos que la introduzca para poder calcular los gastos de env\u00edo antes de realizar el pedido y envi\u00e1rselo.<\/li>\n<\/ul>\n<p>Utilizamos cookies para hacer un seguimiento del contenido de su cesta de la compra mientras navega por nuestro sitio.<\/p>\n<p>Cuando compre en nuestro sitio web, le pediremos que nos facilite informaci\u00f3n como su nombre, direcci\u00f3n de facturaci\u00f3n, direcci\u00f3n de entrega, direcci\u00f3n de correo electr\u00f3nico, n\u00famero de tel\u00e9fono, datos de pago\/tarjeta de cr\u00e9dito y, posiblemente, datos de su cuenta como nombre de usuario y contrase\u00f1a. Esta informaci\u00f3n se utilizar\u00e1 para :<\/p>\n<ul class=\"wp-block-list\">\n<li>Env\u00edo de informaci\u00f3n sobre su cuenta y su pedido<\/li>\n<li>Respuesta a consultas, incluidas devoluciones y reclamaciones<\/li>\n<li>Procesamiento de pagos y prevenci\u00f3n del fraude<\/li>\n<li>Configure su cuenta para nuestra tienda<\/li>\n<li>Cumplir las obligaciones legales, como el c\u00e1lculo de impuestos.<\/li>\n<li>Mejorar la oferta de nuestra tienda<\/li>\n<li>Para enviarle mensajes de marketing, si decide recibirlos<\/li>\n<\/ul>\n<p>Si crea una cuenta, almacenamos su nombre, direcci\u00f3n, correo electr\u00f3nico y n\u00famero de tel\u00e9fono, que se utilizar\u00e1n para rellenar previamente la validaci\u00f3n de pedidos para futuros pedidos.<\/p>\n<p>Por lo general, almacenamos tu informaci\u00f3n durante el tiempo que la necesitamos para los fines para los que la recopilamos y utilizamos, y no tenemos ninguna obligaci\u00f3n legal de seguir haci\u00e9ndolo. Por ejemplo, almacenamos la informaci\u00f3n de los pedidos durante XXX a\u00f1os a efectos fiscales y contables. Esto incluye su nombre, direcci\u00f3n de correo electr\u00f3nico y direcciones de facturaci\u00f3n y entrega.<\/p>\n<p>Tambi\u00e9n almacenamos comentarios u opiniones, si decide enviarlos.<\/p>\n<h3 class=\"wp-block-heading\">Qui\u00e9n de nuestro equipo tiene acceso a los datos<\/h3>\n<p>Los miembros de nuestro equipo tienen acceso a la informaci\u00f3n que nos facilite. Por ejemplo, los administradores y gerentes de tienda tienen acceso a :<\/p>\n<ul class=\"wp-block-list\">\n<li>Informaci\u00f3n sobre el pedido, como qu\u00e9 se ha comprado, cu\u00e1ndo y d\u00f3nde debe enviarse, y<\/li>\n<li>Informaci\u00f3n del cliente, como su nombre, direcci\u00f3n de correo electr\u00f3nico e informaci\u00f3n de facturaci\u00f3n y entrega.<\/li>\n<\/ul>\n<p>Nuestro equipo tiene acceso a esta informaci\u00f3n para procesar pedidos, tramitar reembolsos y ayudarle.<\/p>\n<h3 class=\"wp-block-heading\">Pagos<\/h3>\n<p>Aceptamos el pago por PayPal y por tarjeta de cr\u00e9dito mediante la soluci\u00f3n Payplug.<\/p>\n<p>Con respecto a los pagos por PayPal, al procesar los pagos, se transmitir\u00e1n ciertos datos a PayPal, incluida la informaci\u00f3n necesaria para procesar el pago, como el importe total o la informaci\u00f3n de facturaci\u00f3n.<\/p>\n<p>Para m\u00e1s informaci\u00f3n, lea la pol\u00edtica de privacidad de PayPal: https:\/\/www.paypal.com\/us\/webapps\/mpp\/ua\/privacy-full<\/p>\n<h2 class=\"wp-block-heading\">Para m\u00e1s informaci\u00f3n<\/h2>\n<h3 class=\"wp-block-heading\">C\u00f3mo protegemos sus datos<\/h3>\n<p>El sitio utiliza un certificado SSL, por lo que est\u00e1 encriptado en HTTPS. Esto significa que las comunicaciones entre su navegador y el servidor del sitio son seguras.<\/p>\n<p>Las direcciones IP de los visitantes, los identificadores de los usuarios que inician sesi\u00f3n y los identificadores de los intentos de inicio de sesi\u00f3n se registran condicionalmente para comprobar si hay actividad maliciosa y proteger el sitio contra tipos espec\u00edficos de ataque. Ejemplos de condiciones de inicio de sesi\u00f3n: intentos de inicio de sesi\u00f3n, solicitudes de cierre de sesi\u00f3n, solicitudes de URL sospechosas, cambios en el contenido del sitio y actualizaci\u00f3n de contrase\u00f1as. Esta informaci\u00f3n se conserva durante 14 d\u00edas.<\/p>\n<p>Este sitio es escaneado en busca de malware y vulnerabilidades por SiteCheck de Sucuri. No enviamos ninguna informaci\u00f3n personal a Sucuri; sin embargo, pueden encontrar informaci\u00f3n personal publicada p\u00fablicamente (como en comentarios) durante su an\u00e1lisis. Para m\u00e1s detalles, consulte la pol\u00edtica de privacidad de Sucuri: https:\/\/sucuri.net\/privacy<\/p>\n<h3 class=\"wp-block-heading\">Procedimientos aplicados en caso de fuga de datos<\/h3>\n<p>El Reglamento General de Protecci\u00f3n de Datos (RGPD) obliga a los responsables del tratamiento a documentar internamente las violaciones de datos personales y a notificar las violaciones que supongan un riesgo para los derechos y libertades de las personas a la CNIL y, en determinados casos en los que el riesgo sea elevado, a las personas afectadas.<\/p>\n<p>Por tanto, cualquier filtraci\u00f3n de datos se notificar\u00e1 a las personas que hayan sufrido el da\u00f1o y se comunicar\u00e1 a la CNIL en un plazo de 72 horas.<\/p>\n\n\t\t<\/div>\n\t\t\t\t\t<\/div>\n\n\t\n\n<\/div>\n\n\t\t<\/div>\n\n\t\t\n<style>\n#section_466782568 {\n  padding-top: 30px;\n  padding-bottom: 30px;\n}\n<\/style>\n\t<\/section>\n\t\n\n\n\n\n\n","protected":false},"excerpt":{"rendered":"","protected":false},"author":1,"featured_media":0,"parent":0,"menu_order":0,"comment_status":"closed","ping_status":"closed","template":"","meta":{"_monsterinsights_skip_tracking":false,"_monsterinsights_sitenote_active":false,"_monsterinsights_sitenote_note":"","_monsterinsights_sitenote_category":0,"footnotes":""},"class_list":["post-15032","page","type-page","status-publish","hentry"],"yoast_head":"<!-- This site is optimized with the Yoast SEO plugin v27.3 - https:\/\/yoast.com\/product\/yoast-seo-wordpress\/ -->\n<title>Pol\u00edtica de privacidad &#8211; Eryx Fitness<\/title>\n<meta name=\"robots\" content=\"noindex, nofollow\" \/>\n<meta property=\"og:locale\" content=\"es_ES\" \/>\n<meta property=\"og:type\" content=\"article\" \/>\n<meta property=\"og:title\" content=\"Pol\u00edtica de privacidad &#8211; Eryx Fitness\" \/>\n<meta property=\"og:url\" content=\"https:\/\/www.eryxfitness.com\/es\/politica-de-privacidad\/\" \/>\n<meta property=\"og:site_name\" content=\"Eryx Fitness\" \/>\n<meta property=\"article:modified_time\" content=\"2024-09-27T13:37:28+00:00\" \/>\n<meta property=\"og:image\" content=\"https:\/\/www.eryxfitness.com\/wp-content\/uploads\/2023\/06\/IMG_0866-copie-scaled.webp\" \/>\n\t<meta property=\"og:image:width\" content=\"2560\" \/>\n\t<meta property=\"og:image:height\" content=\"1707\" \/>\n\t<meta property=\"og:image:type\" content=\"image\/webp\" \/>\n<meta name=\"twitter:card\" content=\"summary_large_image\" \/>\n<meta name=\"twitter:label1\" content=\"Tiempo de lectura\" \/>\n\t<meta name=\"twitter:data1\" content=\"10 minutos\" \/>\n<script type=\"application\/ld+json\" class=\"yoast-schema-graph\">{\"@context\":\"https:\\\/\\\/schema.org\",\"@graph\":[{\"@type\":\"WebPage\",\"@id\":\"https:\\\/\\\/www.eryxfitness.com\\\/es\\\/politica-de-privacidad\\\/\",\"url\":\"https:\\\/\\\/www.eryxfitness.com\\\/es\\\/politica-de-privacidad\\\/\",\"name\":\"Pol\u00edtica de privacidad &#8211; Eryx Fitness\",\"isPartOf\":{\"@id\":\"https:\\\/\\\/www.eryxfitness.com\\\/es\\\/#website\"},\"datePublished\":\"2023-07-25T13:01:25+00:00\",\"dateModified\":\"2024-09-27T13:37:28+00:00\",\"breadcrumb\":{\"@id\":\"https:\\\/\\\/www.eryxfitness.com\\\/es\\\/politica-de-privacidad\\\/#breadcrumb\"},\"inLanguage\":\"es\",\"potentialAction\":[{\"@type\":\"ReadAction\",\"target\":[\"https:\\\/\\\/www.eryxfitness.com\\\/es\\\/politica-de-privacidad\\\/\"]}]},{\"@type\":\"BreadcrumbList\",\"@id\":\"https:\\\/\\\/www.eryxfitness.com\\\/es\\\/politica-de-privacidad\\\/#breadcrumb\",\"itemListElement\":[{\"@type\":\"ListItem\",\"position\":1,\"name\":\"Accueil\",\"item\":\"https:\\\/\\\/www.eryxfitness.com\\\/es\\\/inicio\\\/\"},{\"@type\":\"ListItem\",\"position\":2,\"name\":\"Pol\u00edtica de privacidad\"}]},{\"@type\":\"WebSite\",\"@id\":\"https:\\\/\\\/www.eryxfitness.com\\\/es\\\/#website\",\"url\":\"https:\\\/\\\/www.eryxfitness.com\\\/es\\\/\",\"name\":\"ERYX FITNESS\",\"description\":\"Adjustable and portable fitness equipment\",\"publisher\":{\"@id\":\"https:\\\/\\\/www.eryxfitness.com\\\/es\\\/#organization\"},\"alternateName\":\"ERYX\",\"potentialAction\":[{\"@type\":\"SearchAction\",\"target\":{\"@type\":\"EntryPoint\",\"urlTemplate\":\"https:\\\/\\\/www.eryxfitness.com\\\/es\\\/?s={search_term_string}\"},\"query-input\":{\"@type\":\"PropertyValueSpecification\",\"valueRequired\":true,\"valueName\":\"search_term_string\"}}],\"inLanguage\":\"es\"},{\"@type\":\"Organization\",\"@id\":\"https:\\\/\\\/www.eryxfitness.com\\\/es\\\/#organization\",\"name\":\"ERYX FITNESS\",\"alternateName\":\"ERYX\",\"url\":\"https:\\\/\\\/www.eryxfitness.com\\\/es\\\/\",\"logo\":{\"@type\":\"ImageObject\",\"inLanguage\":\"es\",\"@id\":\"https:\\\/\\\/www.eryxfitness.com\\\/es\\\/#\\\/schema\\\/logo\\\/image\\\/\",\"url\":\"https:\\\/\\\/i0.wp.com\\\/www.eryxfitness.com\\\/wp-content\\\/uploads\\\/2023\\\/06\\\/INSTA.png?fit=2000%2C2000&ssl=1\",\"contentUrl\":\"https:\\\/\\\/i0.wp.com\\\/www.eryxfitness.com\\\/wp-content\\\/uploads\\\/2023\\\/06\\\/INSTA.png?fit=2000%2C2000&ssl=1\",\"width\":2000,\"height\":2000,\"caption\":\"ERYX FITNESS\"},\"image\":{\"@id\":\"https:\\\/\\\/www.eryxfitness.com\\\/es\\\/#\\\/schema\\\/logo\\\/image\\\/\"}}]}<\/script>\n<!-- \/ Yoast SEO plugin. -->","yoast_head_json":{"title":"Pol\u00edtica de privacidad &#8211; Eryx Fitness","robots":{"index":"noindex","follow":"nofollow"},"og_locale":"es_ES","og_type":"article","og_title":"Pol\u00edtica de privacidad &#8211; Eryx Fitness","og_url":"https:\/\/www.eryxfitness.com\/es\/politica-de-privacidad\/","og_site_name":"Eryx Fitness","article_modified_time":"2024-09-27T13:37:28+00:00","og_image":[{"width":2560,"height":1707,"url":"https:\/\/www.eryxfitness.com\/wp-content\/uploads\/2023\/06\/IMG_0866-copie-scaled.webp","type":"image\/webp"}],"twitter_card":"summary_large_image","twitter_misc":{"Tiempo de lectura":"10 minutos"},"schema":{"@context":"https:\/\/schema.org","@graph":[{"@type":"WebPage","@id":"https:\/\/www.eryxfitness.com\/es\/politica-de-privacidad\/","url":"https:\/\/www.eryxfitness.com\/es\/politica-de-privacidad\/","name":"Pol\u00edtica de privacidad &#8211; Eryx Fitness","isPartOf":{"@id":"https:\/\/www.eryxfitness.com\/es\/#website"},"datePublished":"2023-07-25T13:01:25+00:00","dateModified":"2024-09-27T13:37:28+00:00","breadcrumb":{"@id":"https:\/\/www.eryxfitness.com\/es\/politica-de-privacidad\/#breadcrumb"},"inLanguage":"es","potentialAction":[{"@type":"ReadAction","target":["https:\/\/www.eryxfitness.com\/es\/politica-de-privacidad\/"]}]},{"@type":"BreadcrumbList","@id":"https:\/\/www.eryxfitness.com\/es\/politica-de-privacidad\/#breadcrumb","itemListElement":[{"@type":"ListItem","position":1,"name":"Accueil","item":"https:\/\/www.eryxfitness.com\/es\/inicio\/"},{"@type":"ListItem","position":2,"name":"Pol\u00edtica de privacidad"}]},{"@type":"WebSite","@id":"https:\/\/www.eryxfitness.com\/es\/#website","url":"https:\/\/www.eryxfitness.com\/es\/","name":"ERYX FITNESS","description":"Adjustable and portable fitness equipment","publisher":{"@id":"https:\/\/www.eryxfitness.com\/es\/#organization"},"alternateName":"ERYX","potentialAction":[{"@type":"SearchAction","target":{"@type":"EntryPoint","urlTemplate":"https:\/\/www.eryxfitness.com\/es\/?s={search_term_string}"},"query-input":{"@type":"PropertyValueSpecification","valueRequired":true,"valueName":"search_term_string"}}],"inLanguage":"es"},{"@type":"Organization","@id":"https:\/\/www.eryxfitness.com\/es\/#organization","name":"ERYX FITNESS","alternateName":"ERYX","url":"https:\/\/www.eryxfitness.com\/es\/","logo":{"@type":"ImageObject","inLanguage":"es","@id":"https:\/\/www.eryxfitness.com\/es\/#\/schema\/logo\/image\/","url":"https:\/\/i0.wp.com\/www.eryxfitness.com\/wp-content\/uploads\/2023\/06\/INSTA.png?fit=2000%2C2000&ssl=1","contentUrl":"https:\/\/i0.wp.com\/www.eryxfitness.com\/wp-content\/uploads\/2023\/06\/INSTA.png?fit=2000%2C2000&ssl=1","width":2000,"height":2000,"caption":"ERYX FITNESS"},"image":{"@id":"https:\/\/www.eryxfitness.com\/es\/#\/schema\/logo\/image\/"}}]}},"_links":{"self":[{"href":"https:\/\/www.eryxfitness.com\/es\/wp-json\/wp\/v2\/pages\/15032","targetHints":{"allow":["GET"]}}],"collection":[{"href":"https:\/\/www.eryxfitness.com\/es\/wp-json\/wp\/v2\/pages"}],"about":[{"href":"https:\/\/www.eryxfitness.com\/es\/wp-json\/wp\/v2\/types\/page"}],"author":[{"embeddable":true,"href":"https:\/\/www.eryxfitness.com\/es\/wp-json\/wp\/v2\/users\/1"}],"replies":[{"embeddable":true,"href":"https:\/\/www.eryxfitness.com\/es\/wp-json\/wp\/v2\/comments?post=15032"}],"version-history":[{"count":2,"href":"https:\/\/www.eryxfitness.com\/es\/wp-json\/wp\/v2\/pages\/15032\/revisions"}],"predecessor-version":[{"id":21812,"href":"https:\/\/www.eryxfitness.com\/es\/wp-json\/wp\/v2\/pages\/15032\/revisions\/21812"}],"wp:attachment":[{"href":"https:\/\/www.eryxfitness.com\/es\/wp-json\/wp\/v2\/media?parent=15032"}],"curies":[{"name":"wp","href":"https:\/\/api.w.org\/{rel}","templated":true}]}}