{"id":14740,"date":"2019-09-26T17:56:16","date_gmt":"2019-09-26T15:56:16","guid":{"rendered":"https:\/\/www.eryxfitness.com\/produit\/kettlebell-ajustable-12-32kg-onebell\/"},"modified":"2026-05-02T23:05:03","modified_gmt":"2026-05-02T21:05:03","slug":"kettlebell-ajustable","status":"publish","type":"product","link":"https:\/\/www.eryxfitness.com\/es\/produit\/kettlebell-ajustable\/","title":{"rendered":"Kettlebell ajustable 12-32kg OneBell\u00ae"},"content":{"rendered":"<h1>KETTLEBELL AJUSTABLE<\/h1>\n<p>El entrenamiento con kettlebell puede aportar incre\u00edbles beneficios a tu rendimiento deportivo y a tu salud. Pero comprar un juego completo de kettlebells puede resultar caro y requiere un espacio de almacenamiento relativamente grande.<\/p>\n<p>OneBell\u00ae, nuestra kettlebell ajustable de 12 a 32 kg, es la soluci\u00f3n ideal para los usuarios de kettlebells que no tienen presupuesto o espacio para comprar varias kettlebells. 19 kettlebells en 1 para ahorrar espacio y dinero.<\/p>\n<p><strong>COMPACTO<\/strong><\/p>\n<p>La principal ventaja de OneBell\u00ae es que ahorra espacio de almacenamiento. Si vives en un piso donde no puedes permitirte alinear una docena de kettlebells de distintos pesos, la OneBell\u00ae es la soluci\u00f3n perfecta.<\/p>\n<p><strong>ECON\u00d3MICO<\/strong><\/p>\n<p>El precio de compra de un juego b\u00e1sico de kettlebells (16 kg, 24 kg y 32 kg) suele rondar los 200-300 euros, dependiendo de la marca. Para un juego completo con pesas intermedias, tendr\u00e1s que gastarte varios cientos de euros, o incluso m\u00e1s de 1.000 euros dependiendo de la marca. Con OneBell\u00ae, por el precio de un set b\u00e1sico obtienes 19 kettlebells, que van de 12 a 32 kg en incrementos de 1 kg.<\/p>\n<p><strong>TRANSPORTABLE<\/strong><\/p>\n<p>\u00bfTe vas de vacaciones o quieres entrenar al aire libre? OneBell\u00ae cabe perfectamente en el maletero de su coche, para que pueda entrenar en cualquier lugar y en cualquier momento.<\/p>\n<p><strong>ERGONOM\u00cdA<\/strong><\/p>\n<p>A diferencia de la mayor\u00eda de las kettlebells ajustables del mercado, la OneBell\u00ae tiene la forma de una kettlebell real: puedes realizar todos los ejercicios bal\u00edsticos y de molienda. Aunque el tiempo de preparaci\u00f3n puede ser un poco m\u00e1s largo que en otros modelos, lo que obtienes a cambio es una kettlebell muy ergon\u00f3mica y totalmente segura.<\/p>\n\n\n","protected":false},"excerpt":{"rendered":"<p>OneBell\u00ae, el kettlebell ajustable de <strong>12 a 32 kg<\/strong> en incrementos de 1 kg. Esta kettlebell ajustable combina <strong>19 kettlebells en 1<\/strong> para ahorrar espacio y dinero. Mango de acero barnizado y <strong>formato de competici\u00f3n<\/strong> (normas Girevoy Sport).<\/p>\n","protected":false},"featured_media":24784,"comment_status":"open","ping_status":"closed","template":"","meta":{"_monsterinsights_skip_tracking":false,"_monsterinsights_sitenote_active":false,"_monsterinsights_sitenote_note":"","_monsterinsights_sitenote_category":0},"product_brand":[],"product_cat":[182],"product_tag":[],"class_list":{"0":"post-14740","1":"product","2":"type-product","3":"status-publish","4":"has-post-thumbnail","6":"product_cat-kettlebells","8":"first","9":"instock","10":"taxable","11":"shipping-taxable","12":"purchasable","13":"product-type-simple"},"yoast_head":"<!-- This site is optimized with the Yoast SEO plugin v27.3 - https:\/\/yoast.com\/product\/yoast-seo-wordpress\/ -->\n<title>Kettlebell ajustable 12-32kg OneBell\u00ae &#8211; Eryx Fitness<\/title>\n<meta name=\"description\" content=\"La kettlebell ajustable de competici\u00f3n OneBell\u00ae re\u00fane 19 kettlebells de competici\u00f3n en 1: ahorra espacio y dinero.\" \/>\n<meta name=\"robots\" content=\"index, follow, max-snippet:-1, max-image-preview:large, max-video-preview:-1\" \/>\n<link rel=\"canonical\" href=\"https:\/\/www.eryxfitness.com\/es\/produit\/kettlebell-ajustable\/\" \/>\n<meta property=\"og:locale\" content=\"es_ES\" \/>\n<meta property=\"og:type\" content=\"article\" \/>\n<meta property=\"og:title\" content=\"Kettlebell ajustable 12-32kg OneBell\u00ae &#8211; Eryx Fitness\" \/>\n<meta property=\"og:description\" content=\"La kettlebell ajustable de competici\u00f3n OneBell\u00ae re\u00fane 19 kettlebells de competici\u00f3n en 1: ahorra espacio y dinero.\" \/>\n<meta property=\"og:url\" content=\"https:\/\/www.eryxfitness.com\/es\/produit\/kettlebell-ajustable\/\" \/>\n<meta property=\"og:site_name\" content=\"Eryx Fitness\" \/>\n<meta property=\"article:modified_time\" content=\"2026-05-02T21:05:03+00:00\" \/>\n<meta property=\"og:image\" content=\"https:\/\/www.eryxfitness.com\/wp-content\/uploads\/2019\/09\/12-32-kg-competition-adjustable-kettlebell-eryx-fitness.webp\" \/>\n\t<meta property=\"og:image:width\" content=\"1000\" \/>\n\t<meta property=\"og:image:height\" content=\"1000\" \/>\n\t<meta property=\"og:image:type\" content=\"image\/webp\" \/>\n<meta name=\"twitter:card\" content=\"summary_large_image\" \/>\n<meta name=\"twitter:label1\" content=\"Tiempo de lectura\" \/>\n\t<meta name=\"twitter:data1\" content=\"2 minutos\" \/>\n<script type=\"application\/ld+json\" class=\"yoast-schema-graph\">{\"@context\":\"https:\\\/\\\/schema.org\",\"@graph\":[{\"@type\":\"WebPage\",\"@id\":\"https:\\\/\\\/www.eryxfitness.com\\\/es\\\/produit\\\/kettlebell-ajustable\\\/\",\"url\":\"https:\\\/\\\/www.eryxfitness.com\\\/es\\\/produit\\\/kettlebell-ajustable\\\/\",\"name\":\"Kettlebell ajustable 12-32kg OneBell\u00ae &#8211; Eryx Fitness\",\"isPartOf\":{\"@id\":\"https:\\\/\\\/www.eryxfitness.com\\\/es\\\/#website\"},\"primaryImageOfPage\":{\"@id\":\"https:\\\/\\\/www.eryxfitness.com\\\/es\\\/produit\\\/kettlebell-ajustable\\\/#primaryimage\"},\"image\":{\"@id\":\"https:\\\/\\\/www.eryxfitness.com\\\/es\\\/produit\\\/kettlebell-ajustable\\\/#primaryimage\"},\"thumbnailUrl\":\"https:\\\/\\\/www.eryxfitness.com\\\/wp-content\\\/uploads\\\/2019\\\/09\\\/12-32-kg-competition-adjustable-kettlebell-eryx-fitness.webp\",\"datePublished\":\"2019-09-26T15:56:16+00:00\",\"dateModified\":\"2026-05-02T21:05:03+00:00\",\"description\":\"La kettlebell ajustable de competici\u00f3n OneBell\u00ae re\u00fane 19 kettlebells de competici\u00f3n en 1: ahorra espacio y dinero.\",\"breadcrumb\":{\"@id\":\"https:\\\/\\\/www.eryxfitness.com\\\/es\\\/produit\\\/kettlebell-ajustable\\\/#breadcrumb\"},\"inLanguage\":\"es\",\"potentialAction\":[{\"@type\":\"ReadAction\",\"target\":[\"https:\\\/\\\/www.eryxfitness.com\\\/es\\\/produit\\\/kettlebell-ajustable\\\/\"]}]},{\"@type\":\"ImageObject\",\"inLanguage\":\"es\",\"@id\":\"https:\\\/\\\/www.eryxfitness.com\\\/es\\\/produit\\\/kettlebell-ajustable\\\/#primaryimage\",\"url\":\"https:\\\/\\\/www.eryxfitness.com\\\/wp-content\\\/uploads\\\/2019\\\/09\\\/12-32-kg-competition-adjustable-kettlebell-eryx-fitness.webp\",\"contentUrl\":\"https:\\\/\\\/www.eryxfitness.com\\\/wp-content\\\/uploads\\\/2019\\\/09\\\/12-32-kg-competition-adjustable-kettlebell-eryx-fitness.webp\",\"width\":1000,\"height\":1000},{\"@type\":\"BreadcrumbList\",\"@id\":\"https:\\\/\\\/www.eryxfitness.com\\\/es\\\/produit\\\/kettlebell-ajustable\\\/#breadcrumb\",\"itemListElement\":[{\"@type\":\"ListItem\",\"position\":1,\"name\":\"Accueil\",\"item\":\"https:\\\/\\\/www.eryxfitness.com\\\/es\\\/inicio\\\/\"},{\"@type\":\"ListItem\",\"position\":2,\"name\":\"Comercio\",\"item\":\"https:\\\/\\\/www.eryxfitness.com\\\/es\\\/comercio\\\/\"},{\"@type\":\"ListItem\",\"position\":3,\"name\":\"Kettlebell ajustable 12-32kg OneBell\u00ae\"}]},{\"@type\":\"WebSite\",\"@id\":\"https:\\\/\\\/www.eryxfitness.com\\\/es\\\/#website\",\"url\":\"https:\\\/\\\/www.eryxfitness.com\\\/es\\\/\",\"name\":\"ERYX FITNESS\",\"description\":\"Adjustable and portable fitness equipment\",\"publisher\":{\"@id\":\"https:\\\/\\\/www.eryxfitness.com\\\/es\\\/#organization\"},\"alternateName\":\"ERYX\",\"potentialAction\":[{\"@type\":\"SearchAction\",\"target\":{\"@type\":\"EntryPoint\",\"urlTemplate\":\"https:\\\/\\\/www.eryxfitness.com\\\/es\\\/?s={search_term_string}\"},\"query-input\":{\"@type\":\"PropertyValueSpecification\",\"valueRequired\":true,\"valueName\":\"search_term_string\"}}],\"inLanguage\":\"es\"},{\"@type\":\"Organization\",\"@id\":\"https:\\\/\\\/www.eryxfitness.com\\\/es\\\/#organization\",\"name\":\"ERYX FITNESS\",\"alternateName\":\"ERYX\",\"url\":\"https:\\\/\\\/www.eryxfitness.com\\\/es\\\/\",\"logo\":{\"@type\":\"ImageObject\",\"inLanguage\":\"es\",\"@id\":\"https:\\\/\\\/www.eryxfitness.com\\\/es\\\/#\\\/schema\\\/logo\\\/image\\\/\",\"url\":\"https:\\\/\\\/i0.wp.com\\\/www.eryxfitness.com\\\/wp-content\\\/uploads\\\/2023\\\/06\\\/INSTA.png?fit=2000%2C2000&ssl=1\",\"contentUrl\":\"https:\\\/\\\/i0.wp.com\\\/www.eryxfitness.com\\\/wp-content\\\/uploads\\\/2023\\\/06\\\/INSTA.png?fit=2000%2C2000&ssl=1\",\"width\":2000,\"height\":2000,\"caption\":\"ERYX FITNESS\"},\"image\":{\"@id\":\"https:\\\/\\\/www.eryxfitness.com\\\/es\\\/#\\\/schema\\\/logo\\\/image\\\/\"}}]}<\/script>\n<!-- \/ Yoast SEO plugin. -->","yoast_head_json":{"title":"Kettlebell ajustable 12-32kg OneBell\u00ae &#8211; Eryx Fitness","description":"La kettlebell ajustable de competici\u00f3n OneBell\u00ae re\u00fane 19 kettlebells de competici\u00f3n en 1: ahorra espacio y dinero.","robots":{"index":"index","follow":"follow","max-snippet":"max-snippet:-1","max-image-preview":"max-image-preview:large","max-video-preview":"max-video-preview:-1"},"canonical":"https:\/\/www.eryxfitness.com\/es\/produit\/kettlebell-ajustable\/","og_locale":"es_ES","og_type":"article","og_title":"Kettlebell ajustable 12-32kg OneBell\u00ae &#8211; Eryx Fitness","og_description":"La kettlebell ajustable de competici\u00f3n OneBell\u00ae re\u00fane 19 kettlebells de competici\u00f3n en 1: ahorra espacio y dinero.","og_url":"https:\/\/www.eryxfitness.com\/es\/produit\/kettlebell-ajustable\/","og_site_name":"Eryx Fitness","article_modified_time":"2026-05-02T21:05:03+00:00","og_image":[{"width":1000,"height":1000,"url":"https:\/\/www.eryxfitness.com\/wp-content\/uploads\/2019\/09\/12-32-kg-competition-adjustable-kettlebell-eryx-fitness.webp","type":"image\/webp"}],"twitter_card":"summary_large_image","twitter_misc":{"Tiempo de lectura":"2 minutos"},"schema":{"@context":"https:\/\/schema.org","@graph":[{"@type":"WebPage","@id":"https:\/\/www.eryxfitness.com\/es\/produit\/kettlebell-ajustable\/","url":"https:\/\/www.eryxfitness.com\/es\/produit\/kettlebell-ajustable\/","name":"Kettlebell ajustable 12-32kg OneBell\u00ae &#8211; Eryx Fitness","isPartOf":{"@id":"https:\/\/www.eryxfitness.com\/es\/#website"},"primaryImageOfPage":{"@id":"https:\/\/www.eryxfitness.com\/es\/produit\/kettlebell-ajustable\/#primaryimage"},"image":{"@id":"https:\/\/www.eryxfitness.com\/es\/produit\/kettlebell-ajustable\/#primaryimage"},"thumbnailUrl":"https:\/\/www.eryxfitness.com\/wp-content\/uploads\/2019\/09\/12-32-kg-competition-adjustable-kettlebell-eryx-fitness.webp","datePublished":"2019-09-26T15:56:16+00:00","dateModified":"2026-05-02T21:05:03+00:00","description":"La kettlebell ajustable de competici\u00f3n OneBell\u00ae re\u00fane 19 kettlebells de competici\u00f3n en 1: ahorra espacio y dinero.","breadcrumb":{"@id":"https:\/\/www.eryxfitness.com\/es\/produit\/kettlebell-ajustable\/#breadcrumb"},"inLanguage":"es","potentialAction":[{"@type":"ReadAction","target":["https:\/\/www.eryxfitness.com\/es\/produit\/kettlebell-ajustable\/"]}]},{"@type":"ImageObject","inLanguage":"es","@id":"https:\/\/www.eryxfitness.com\/es\/produit\/kettlebell-ajustable\/#primaryimage","url":"https:\/\/www.eryxfitness.com\/wp-content\/uploads\/2019\/09\/12-32-kg-competition-adjustable-kettlebell-eryx-fitness.webp","contentUrl":"https:\/\/www.eryxfitness.com\/wp-content\/uploads\/2019\/09\/12-32-kg-competition-adjustable-kettlebell-eryx-fitness.webp","width":1000,"height":1000},{"@type":"BreadcrumbList","@id":"https:\/\/www.eryxfitness.com\/es\/produit\/kettlebell-ajustable\/#breadcrumb","itemListElement":[{"@type":"ListItem","position":1,"name":"Accueil","item":"https:\/\/www.eryxfitness.com\/es\/inicio\/"},{"@type":"ListItem","position":2,"name":"Comercio","item":"https:\/\/www.eryxfitness.com\/es\/comercio\/"},{"@type":"ListItem","position":3,"name":"Kettlebell ajustable 12-32kg OneBell\u00ae"}]},{"@type":"WebSite","@id":"https:\/\/www.eryxfitness.com\/es\/#website","url":"https:\/\/www.eryxfitness.com\/es\/","name":"ERYX FITNESS","description":"Adjustable and portable fitness equipment","publisher":{"@id":"https:\/\/www.eryxfitness.com\/es\/#organization"},"alternateName":"ERYX","potentialAction":[{"@type":"SearchAction","target":{"@type":"EntryPoint","urlTemplate":"https:\/\/www.eryxfitness.com\/es\/?s={search_term_string}"},"query-input":{"@type":"PropertyValueSpecification","valueRequired":true,"valueName":"search_term_string"}}],"inLanguage":"es"},{"@type":"Organization","@id":"https:\/\/www.eryxfitness.com\/es\/#organization","name":"ERYX FITNESS","alternateName":"ERYX","url":"https:\/\/www.eryxfitness.com\/es\/","logo":{"@type":"ImageObject","inLanguage":"es","@id":"https:\/\/www.eryxfitness.com\/es\/#\/schema\/logo\/image\/","url":"https:\/\/i0.wp.com\/www.eryxfitness.com\/wp-content\/uploads\/2023\/06\/INSTA.png?fit=2000%2C2000&ssl=1","contentUrl":"https:\/\/i0.wp.com\/www.eryxfitness.com\/wp-content\/uploads\/2023\/06\/INSTA.png?fit=2000%2C2000&ssl=1","width":2000,"height":2000,"caption":"ERYX FITNESS"},"image":{"@id":"https:\/\/www.eryxfitness.com\/es\/#\/schema\/logo\/image\/"}}]}},"_links":{"self":[{"href":"https:\/\/www.eryxfitness.com\/es\/wp-json\/wp\/v2\/product\/14740","targetHints":{"allow":["GET"]}}],"collection":[{"href":"https:\/\/www.eryxfitness.com\/es\/wp-json\/wp\/v2\/product"}],"about":[{"href":"https:\/\/www.eryxfitness.com\/es\/wp-json\/wp\/v2\/types\/product"}],"replies":[{"embeddable":true,"href":"https:\/\/www.eryxfitness.com\/es\/wp-json\/wp\/v2\/comments?post=14740"}],"wp:featuredmedia":[{"embeddable":true,"href":"https:\/\/www.eryxfitness.com\/es\/wp-json\/wp\/v2\/media\/24784"}],"wp:attachment":[{"href":"https:\/\/www.eryxfitness.com\/es\/wp-json\/wp\/v2\/media?parent=14740"}],"wp:term":[{"taxonomy":"product_brand","embeddable":true,"href":"https:\/\/www.eryxfitness.com\/es\/wp-json\/wp\/v2\/product_brand?post=14740"},{"taxonomy":"product_cat","embeddable":true,"href":"https:\/\/www.eryxfitness.com\/es\/wp-json\/wp\/v2\/product_cat?post=14740"},{"taxonomy":"product_tag","embeddable":true,"href":"https:\/\/www.eryxfitness.com\/es\/wp-json\/wp\/v2\/product_tag?post=14740"}],"curies":[{"name":"wp","href":"https:\/\/api.w.org\/{rel}","templated":true}]}}