{"id":14926,"date":"2022-11-04T11:19:11","date_gmt":"2022-11-04T10:19:11","guid":{"rendered":"https:\/\/www.eryxfitness.com\/produit\/mochila-crossfit-crosspak\/"},"modified":"2025-12-01T00:12:04","modified_gmt":"2025-11-30T23:12:04","slug":"mochila-crossfit","status":"publish","type":"product","link":"https:\/\/www.eryxfitness.com\/es\/produit\/mochila-crossfit\/","title":{"rendered":"Mochila crossfit CrossPak\u00ae"},"content":{"rendered":"<div>\n<h1>MOCHILA CROSSFIT CROSSPAK\u00ae<\/h1>\n<p>La mochila crossfit CrossPak\u00ae es una espaciosa mochila dise\u00f1ada para atletas que necesitan una bolsa para llevar todo su equipo de entrenamiento. Est\u00e1 fabricado con materiales de alta calidad, lo que garantiza una resistencia y durabilidad inigualables.<\/p>\n<h2>Una mochila crossfit espaciosa y c\u00f3moda<\/h2>\n<p>Esta mochila tiene una capacidad de 45 litros, lo que significa que puede transportar todos tus accesorios de entrenamiento, incluidas las zapatillas, una muda de ropa, una toalla, botellas de agua, mu\u00f1equeras, rodilleras e incluso un ordenador port\u00e1til. Dispone de varios bolsillos y compartimentos para organizar tus pertenencias, facilitando el acceso a todos tus accesorios de entrenamiento.<\/p>\n<p>Los tirantes acolchados y ajustables ofrecen un ajuste personalizado para adaptarse a la forma del cuerpo y reducir la presi\u00f3n sobre los hombros. El panel trasero tambi\u00e9n tiene un acolchado que permite que el aire circule entre la espalda y la bolsa, reduciendo la transpiraci\u00f3n.<\/p>\n<h2>Una mochila crossfit duradera<\/h2>\n<p>Fabricada en nailon Oxford 900D para una mayor durabilidad frente al desgaste. Las cremalleras lisas KAM est\u00e1n dise\u00f1adas para resistir el desgaste y la abrasi\u00f3n. Adem\u00e1s, nuestra bolsa tiene un forro interior impermeable para proteger tus accesorios de entrenamiento de la humedad y los elementos.<\/p>\n<h2>Una mochila crossfit con estilo<\/h2>\n<p>Esta mochila de 45L no s\u00f3lo es pr\u00e1ctica para llevar tu equipo de entrenamiento, sino que tambi\u00e9n tiene un dise\u00f1o elegante que te permite utilizarla como mochila de diario. Est\u00e1 disponible en varios colores, como negro, azul, rojo y verde, para que puedas elegir el que mejor se adapte a tu estilo.<\/p>\n<p>En conclusi\u00f3n, si eres un atleta de crossfit y buscas una mochila espaciosa, duradera y c\u00f3moda para llevar todo tu equipo de entrenamiento, la mochila crossfit CrossPak\u00ae es la soluci\u00f3n ideal para ti. Con sus 45 litros de capacidad, m\u00faltiples bolsillos y compartimentos, sistema de suspensi\u00f3n transpirable, durabilidad a largo plazo y dise\u00f1o elegante, no te arrepentir\u00e1s de elegir esta mochila de crossfit para tus entrenamientos.<\/p>\n<\/div>\n\n\n\n\n","protected":false},"excerpt":{"rendered":"<div>Una mochila de crossfit es una herramienta esencial para cualquier persona involucrada en el culturismo, crossfit, cross training, fitness funcional o deportes de combate. Una mochila crossfit CrossPak\u00ae 45L es a\u00fan mejor: gran capacidad de almacenamiento, pr\u00e1ctica de transportar y elegante a la vista.<\/div>\n<div> <\/div>\n<div>CrossPak\u00ae est\u00e1 fabricada con tejido Oxford 900D de alta densidad y cremallera KAM lisa: resistente al agua, a los desgarros, duradera y a prueba de \u00f3xido, su bolsa durar\u00e1 mucho tiempo.<\/div>\n","protected":false},"featured_media":14080,"comment_status":"open","ping_status":"closed","template":"","meta":{"_monsterinsights_skip_tracking":false,"_monsterinsights_sitenote_active":false,"_monsterinsights_sitenote_note":"","_monsterinsights_sitenote_category":0},"product_brand":[],"product_cat":[145],"product_tag":[],"class_list":{"0":"post-14926","1":"product","2":"type-product","3":"status-publish","4":"has-post-thumbnail","6":"product_cat-sin-categoria","8":"first","9":"instock","10":"taxable","11":"shipping-taxable","12":"purchasable","13":"product-type-variable"},"yoast_head":"<!-- This site is optimized with the Yoast SEO plugin v27.5 - https:\/\/yoast.com\/product\/yoast-seo-wordpress\/ -->\n<title>Mochila crossfit CrossPak\u00ae &#8211; Eryx Fitness<\/title>\n<meta name=\"description\" content=\"La mochila crossfit CrossPak\u00ae es una herramienta esencial para cualquier persona involucrada en el entrenamiento con pesas, crossfit o deportes de combate.\" \/>\n<meta name=\"robots\" content=\"index, follow, max-snippet:-1, max-image-preview:large, max-video-preview:-1\" \/>\n<link rel=\"canonical\" href=\"https:\/\/www.eryxfitness.com\/es\/produit\/mochila-crossfit\/\" \/>\n<meta property=\"og:locale\" content=\"es_ES\" \/>\n<meta property=\"og:type\" content=\"article\" \/>\n<meta property=\"og:title\" content=\"Mochila crossfit CrossPak\u00ae &#8211; Eryx Fitness\" \/>\n<meta property=\"og:description\" content=\"La mochila crossfit CrossPak\u00ae es una herramienta esencial para cualquier persona involucrada en el entrenamiento con pesas, crossfit o deportes de combate.\" \/>\n<meta property=\"og:url\" content=\"https:\/\/www.eryxfitness.com\/es\/produit\/mochila-crossfit\/\" \/>\n<meta property=\"og:site_name\" content=\"Eryx Fitness\" \/>\n<meta property=\"article:modified_time\" content=\"2025-11-30T23:12:04+00:00\" \/>\n<meta property=\"og:image\" content=\"https:\/\/www.eryxfitness.com\/wp-content\/uploads\/2023\/01\/crossfit-gym-bag-army-green.webp\" \/>\n\t<meta property=\"og:image:width\" content=\"2500\" \/>\n\t<meta property=\"og:image:height\" content=\"2500\" \/>\n\t<meta property=\"og:image:type\" content=\"image\/webp\" \/>\n<meta name=\"twitter:card\" content=\"summary_large_image\" \/>\n<meta name=\"twitter:label1\" content=\"Tiempo de lectura\" \/>\n\t<meta name=\"twitter:data1\" content=\"2 minutos\" \/>\n<script type=\"application\/ld+json\" class=\"yoast-schema-graph\">{\"@context\":\"https:\\\/\\\/schema.org\",\"@graph\":[{\"@type\":\"WebPage\",\"@id\":\"https:\\\/\\\/www.eryxfitness.com\\\/es\\\/produit\\\/mochila-crossfit\\\/\",\"url\":\"https:\\\/\\\/www.eryxfitness.com\\\/es\\\/produit\\\/mochila-crossfit\\\/\",\"name\":\"Mochila crossfit CrossPak\u00ae &#8211; Eryx Fitness\",\"isPartOf\":{\"@id\":\"https:\\\/\\\/www.eryxfitness.com\\\/es\\\/#website\"},\"primaryImageOfPage\":{\"@id\":\"https:\\\/\\\/www.eryxfitness.com\\\/es\\\/produit\\\/mochila-crossfit\\\/#primaryimage\"},\"image\":{\"@id\":\"https:\\\/\\\/www.eryxfitness.com\\\/es\\\/produit\\\/mochila-crossfit\\\/#primaryimage\"},\"thumbnailUrl\":\"https:\\\/\\\/www.eryxfitness.com\\\/wp-content\\\/uploads\\\/2023\\\/01\\\/crossfit-gym-bag-army-green.webp\",\"datePublished\":\"2022-11-04T10:19:11+00:00\",\"dateModified\":\"2025-11-30T23:12:04+00:00\",\"description\":\"La mochila crossfit CrossPak\u00ae es una herramienta esencial para cualquier persona involucrada en el entrenamiento con pesas, crossfit o deportes de combate.\",\"breadcrumb\":{\"@id\":\"https:\\\/\\\/www.eryxfitness.com\\\/es\\\/produit\\\/mochila-crossfit\\\/#breadcrumb\"},\"inLanguage\":\"es\",\"potentialAction\":[{\"@type\":\"ReadAction\",\"target\":[\"https:\\\/\\\/www.eryxfitness.com\\\/es\\\/produit\\\/mochila-crossfit\\\/\"]}]},{\"@type\":\"ImageObject\",\"inLanguage\":\"es\",\"@id\":\"https:\\\/\\\/www.eryxfitness.com\\\/es\\\/produit\\\/mochila-crossfit\\\/#primaryimage\",\"url\":\"https:\\\/\\\/www.eryxfitness.com\\\/wp-content\\\/uploads\\\/2023\\\/01\\\/crossfit-gym-bag-army-green.webp\",\"contentUrl\":\"https:\\\/\\\/www.eryxfitness.com\\\/wp-content\\\/uploads\\\/2023\\\/01\\\/crossfit-gym-bag-army-green.webp\",\"width\":2500,\"height\":2500},{\"@type\":\"BreadcrumbList\",\"@id\":\"https:\\\/\\\/www.eryxfitness.com\\\/es\\\/produit\\\/mochila-crossfit\\\/#breadcrumb\",\"itemListElement\":[{\"@type\":\"ListItem\",\"position\":1,\"name\":\"Accueil\",\"item\":\"https:\\\/\\\/www.eryxfitness.com\\\/es\\\/inicio\\\/\"},{\"@type\":\"ListItem\",\"position\":2,\"name\":\"Comercio\",\"item\":\"https:\\\/\\\/www.eryxfitness.com\\\/es\\\/comercio\\\/\"},{\"@type\":\"ListItem\",\"position\":3,\"name\":\"Mochila crossfit CrossPak\u00ae\"}]},{\"@type\":\"WebSite\",\"@id\":\"https:\\\/\\\/www.eryxfitness.com\\\/es\\\/#website\",\"url\":\"https:\\\/\\\/www.eryxfitness.com\\\/es\\\/\",\"name\":\"ERYX FITNESS\",\"description\":\"Adjustable and portable fitness equipment\",\"publisher\":{\"@id\":\"https:\\\/\\\/www.eryxfitness.com\\\/es\\\/#organization\"},\"alternateName\":\"ERYX\",\"potentialAction\":[{\"@type\":\"SearchAction\",\"target\":{\"@type\":\"EntryPoint\",\"urlTemplate\":\"https:\\\/\\\/www.eryxfitness.com\\\/es\\\/?s={search_term_string}\"},\"query-input\":{\"@type\":\"PropertyValueSpecification\",\"valueRequired\":true,\"valueName\":\"search_term_string\"}}],\"inLanguage\":\"es\"},{\"@type\":\"Organization\",\"@id\":\"https:\\\/\\\/www.eryxfitness.com\\\/es\\\/#organization\",\"name\":\"ERYX FITNESS\",\"alternateName\":\"ERYX\",\"url\":\"https:\\\/\\\/www.eryxfitness.com\\\/es\\\/\",\"logo\":{\"@type\":\"ImageObject\",\"inLanguage\":\"es\",\"@id\":\"https:\\\/\\\/www.eryxfitness.com\\\/es\\\/#\\\/schema\\\/logo\\\/image\\\/\",\"url\":\"https:\\\/\\\/i0.wp.com\\\/www.eryxfitness.com\\\/wp-content\\\/uploads\\\/2023\\\/06\\\/INSTA.png?fit=2000%2C2000&ssl=1\",\"contentUrl\":\"https:\\\/\\\/i0.wp.com\\\/www.eryxfitness.com\\\/wp-content\\\/uploads\\\/2023\\\/06\\\/INSTA.png?fit=2000%2C2000&ssl=1\",\"width\":2000,\"height\":2000,\"caption\":\"ERYX FITNESS\"},\"image\":{\"@id\":\"https:\\\/\\\/www.eryxfitness.com\\\/es\\\/#\\\/schema\\\/logo\\\/image\\\/\"}}]}<\/script>\n<!-- \/ Yoast SEO plugin. -->","yoast_head_json":{"title":"Mochila crossfit CrossPak\u00ae &#8211; Eryx Fitness","description":"La mochila crossfit CrossPak\u00ae es una herramienta esencial para cualquier persona involucrada en el entrenamiento con pesas, crossfit o deportes de combate.","robots":{"index":"index","follow":"follow","max-snippet":"max-snippet:-1","max-image-preview":"max-image-preview:large","max-video-preview":"max-video-preview:-1"},"canonical":"https:\/\/www.eryxfitness.com\/es\/produit\/mochila-crossfit\/","og_locale":"es_ES","og_type":"article","og_title":"Mochila crossfit CrossPak\u00ae &#8211; Eryx Fitness","og_description":"La mochila crossfit CrossPak\u00ae es una herramienta esencial para cualquier persona involucrada en el entrenamiento con pesas, crossfit o deportes de combate.","og_url":"https:\/\/www.eryxfitness.com\/es\/produit\/mochila-crossfit\/","og_site_name":"Eryx Fitness","article_modified_time":"2025-11-30T23:12:04+00:00","og_image":[{"width":2500,"height":2500,"url":"https:\/\/www.eryxfitness.com\/wp-content\/uploads\/2023\/01\/crossfit-gym-bag-army-green.webp","type":"image\/webp"}],"twitter_card":"summary_large_image","twitter_misc":{"Tiempo de lectura":"2 minutos"},"schema":{"@context":"https:\/\/schema.org","@graph":[{"@type":"WebPage","@id":"https:\/\/www.eryxfitness.com\/es\/produit\/mochila-crossfit\/","url":"https:\/\/www.eryxfitness.com\/es\/produit\/mochila-crossfit\/","name":"Mochila crossfit CrossPak\u00ae &#8211; Eryx Fitness","isPartOf":{"@id":"https:\/\/www.eryxfitness.com\/es\/#website"},"primaryImageOfPage":{"@id":"https:\/\/www.eryxfitness.com\/es\/produit\/mochila-crossfit\/#primaryimage"},"image":{"@id":"https:\/\/www.eryxfitness.com\/es\/produit\/mochila-crossfit\/#primaryimage"},"thumbnailUrl":"https:\/\/www.eryxfitness.com\/wp-content\/uploads\/2023\/01\/crossfit-gym-bag-army-green.webp","datePublished":"2022-11-04T10:19:11+00:00","dateModified":"2025-11-30T23:12:04+00:00","description":"La mochila crossfit CrossPak\u00ae es una herramienta esencial para cualquier persona involucrada en el entrenamiento con pesas, crossfit o deportes de combate.","breadcrumb":{"@id":"https:\/\/www.eryxfitness.com\/es\/produit\/mochila-crossfit\/#breadcrumb"},"inLanguage":"es","potentialAction":[{"@type":"ReadAction","target":["https:\/\/www.eryxfitness.com\/es\/produit\/mochila-crossfit\/"]}]},{"@type":"ImageObject","inLanguage":"es","@id":"https:\/\/www.eryxfitness.com\/es\/produit\/mochila-crossfit\/#primaryimage","url":"https:\/\/www.eryxfitness.com\/wp-content\/uploads\/2023\/01\/crossfit-gym-bag-army-green.webp","contentUrl":"https:\/\/www.eryxfitness.com\/wp-content\/uploads\/2023\/01\/crossfit-gym-bag-army-green.webp","width":2500,"height":2500},{"@type":"BreadcrumbList","@id":"https:\/\/www.eryxfitness.com\/es\/produit\/mochila-crossfit\/#breadcrumb","itemListElement":[{"@type":"ListItem","position":1,"name":"Accueil","item":"https:\/\/www.eryxfitness.com\/es\/inicio\/"},{"@type":"ListItem","position":2,"name":"Comercio","item":"https:\/\/www.eryxfitness.com\/es\/comercio\/"},{"@type":"ListItem","position":3,"name":"Mochila crossfit CrossPak\u00ae"}]},{"@type":"WebSite","@id":"https:\/\/www.eryxfitness.com\/es\/#website","url":"https:\/\/www.eryxfitness.com\/es\/","name":"ERYX FITNESS","description":"Adjustable and portable fitness equipment","publisher":{"@id":"https:\/\/www.eryxfitness.com\/es\/#organization"},"alternateName":"ERYX","potentialAction":[{"@type":"SearchAction","target":{"@type":"EntryPoint","urlTemplate":"https:\/\/www.eryxfitness.com\/es\/?s={search_term_string}"},"query-input":{"@type":"PropertyValueSpecification","valueRequired":true,"valueName":"search_term_string"}}],"inLanguage":"es"},{"@type":"Organization","@id":"https:\/\/www.eryxfitness.com\/es\/#organization","name":"ERYX FITNESS","alternateName":"ERYX","url":"https:\/\/www.eryxfitness.com\/es\/","logo":{"@type":"ImageObject","inLanguage":"es","@id":"https:\/\/www.eryxfitness.com\/es\/#\/schema\/logo\/image\/","url":"https:\/\/i0.wp.com\/www.eryxfitness.com\/wp-content\/uploads\/2023\/06\/INSTA.png?fit=2000%2C2000&ssl=1","contentUrl":"https:\/\/i0.wp.com\/www.eryxfitness.com\/wp-content\/uploads\/2023\/06\/INSTA.png?fit=2000%2C2000&ssl=1","width":2000,"height":2000,"caption":"ERYX FITNESS"},"image":{"@id":"https:\/\/www.eryxfitness.com\/es\/#\/schema\/logo\/image\/"}}]}},"_links":{"self":[{"href":"https:\/\/www.eryxfitness.com\/es\/wp-json\/wp\/v2\/product\/14926","targetHints":{"allow":["GET"]}}],"collection":[{"href":"https:\/\/www.eryxfitness.com\/es\/wp-json\/wp\/v2\/product"}],"about":[{"href":"https:\/\/www.eryxfitness.com\/es\/wp-json\/wp\/v2\/types\/product"}],"replies":[{"embeddable":true,"href":"https:\/\/www.eryxfitness.com\/es\/wp-json\/wp\/v2\/comments?post=14926"}],"wp:featuredmedia":[{"embeddable":true,"href":"https:\/\/www.eryxfitness.com\/es\/wp-json\/wp\/v2\/media\/14080"}],"wp:attachment":[{"href":"https:\/\/www.eryxfitness.com\/es\/wp-json\/wp\/v2\/media?parent=14926"}],"wp:term":[{"taxonomy":"product_brand","embeddable":true,"href":"https:\/\/www.eryxfitness.com\/es\/wp-json\/wp\/v2\/product_brand?post=14926"},{"taxonomy":"product_cat","embeddable":true,"href":"https:\/\/www.eryxfitness.com\/es\/wp-json\/wp\/v2\/product_cat?post=14926"},{"taxonomy":"product_tag","embeddable":true,"href":"https:\/\/www.eryxfitness.com\/es\/wp-json\/wp\/v2\/product_tag?post=14926"}],"curies":[{"name":"wp","href":"https:\/\/api.w.org\/{rel}","templated":true}]}}