{"id":19095,"date":"2024-07-02T11:43:54","date_gmt":"2024-07-02T09:43:54","guid":{"rendered":"https:\/\/www.eryxfitness.com\/produit\/macebell-ajustable-de-competicion-6-30kg-onemace\/"},"modified":"2026-01-04T14:07:32","modified_gmt":"2026-01-04T13:07:32","slug":"macebell-ajustable-competicion","status":"publish","type":"product","link":"https:\/\/www.eryxfitness.com\/es\/produit\/macebell-ajustable-competicion\/","title":{"rendered":"Macebell ajustable de competici\u00f3n 6-30kg OneMace\u00ae"},"content":{"rendered":"<h1>MACEBELL AJUSTABLE COMPETICI\u00d3N<\/h1>\n<p>Entrenar con una macebell de competici\u00f3n puede aportar grandes beneficios a tu capacidad deportiva y a tu salud f\u00edsica y mental. Sin embargo, adquirir un juego completo de macebells de competici\u00f3n puede resultar caro r\u00e1pidamente y requiere un espacio de almacenamiento adecuado.<\/p>\n<p>OneMace\u00ae, nuestra macebell de competici\u00f3n ajustable de 6 a 30 kg, es la soluci\u00f3n ideal para los macelifters que no tienen presupuesto ni espacio para equiparse con varias macebells. 21 macebells en 1 para ahorrar espacio y dinero.<\/p>\n<p><strong>COMPACTO<\/strong><\/p>\n<p>La principal ventaja de OneMace\u00ae es que ahorra espacio de almacenamiento. Si vives en un piso donde no puedes permitirte tener varias macebells de distintos pesos, la OneMace\u00ae es la soluci\u00f3n perfecta.<\/p>\n<p><strong>ECON\u00d3MICO<\/strong><\/p>\n<p>Un conjunto b\u00e1sico con 2 \u00f3 3 macebells de competici\u00f3n suele costar entre 400 y 500 euros, seg\u00fan la marca. Para un juego completo con pesas intermedias, tendr\u00e1s que gastarte varios cientos de euros, o incluso m\u00e1s de 1.000 euros dependiendo de la marca. Con el OneMace\u00ae, por el precio de un juego b\u00e1sico obtienes 21 macebells de competici\u00f3n, que van de 6 a 30 kg en incrementos de 1 kg (excepto 7 kg, 9 kg, 11 kg y 29 kg).<\/p>\n<p><strong>TRANSPORTABLE<\/strong><\/p>\n<p>\u00bfTe vas de vacaciones o quieres entrenar al aire libre? OneMace\u00ae cabe perfectamente en el maletero de su coche, para que pueda entrenar en cualquier lugar y en cualquier momento.<\/p>\n<p><strong>ERGONOM\u00cdA<\/strong><\/p>\n<p>A diferencia de la mayor\u00eda de las macebells ajustables del mercado, la OneMace\u00ae tiene la forma de una macebell real, con un mango de 4 cm de di\u00e1metro y cabeza redonda. Puede tardar un poco m\u00e1s en montarse que otros modelos, pero a cambio se obtiene un macebell muy ergon\u00f3mico y totalmente seguro.<\/p>\n\n\n","protected":false},"excerpt":{"rendered":"<p>OneMace\u00ae, la maza ajustable de <strong>6 a 30 kg<\/strong> en incrementos de 1 kg (excepto 7 kg, 9 kg, 11 kg y 29 kg). Esta maza ajustable combina <strong>21 mazas en 1<\/strong> para ahorrar espacio y dinero. Mango de acero barnizado con bola de tope, <strong>formato de competici\u00f3n<\/strong> (normas Macelifting).<\/p>\n","protected":false},"featured_media":20696,"comment_status":"open","ping_status":"closed","template":"","meta":{"_monsterinsights_skip_tracking":false,"_monsterinsights_sitenote_active":false,"_monsterinsights_sitenote_note":"","_monsterinsights_sitenote_category":0},"product_brand":[],"product_cat":[183],"product_tag":[],"class_list":{"0":"post-19095","1":"product","2":"type-product","3":"status-publish","4":"has-post-thumbnail","6":"product_cat-macebells","8":"first","9":"outofstock","10":"taxable","11":"shipping-taxable","12":"purchasable","13":"product-type-simple"},"yoast_head":"<!-- This site is optimized with the Yoast SEO plugin v27.3 - https:\/\/yoast.com\/product\/yoast-seo-wordpress\/ -->\n<title>Macebell ajustable de competici\u00f3n 6-30kg OneMace\u00ae &#8211; Eryx Fitness<\/title>\n<meta name=\"description\" content=\"La macebell de competici\u00f3n ajustable OneMace\u00ae re\u00fane 21 macebells de competici\u00f3n en 1 : ahorra espacio y dinero.\" \/>\n<meta name=\"robots\" content=\"index, follow, max-snippet:-1, max-image-preview:large, max-video-preview:-1\" \/>\n<link rel=\"canonical\" href=\"https:\/\/www.eryxfitness.com\/es\/produit\/macebell-ajustable-competicion\/\" \/>\n<meta property=\"og:locale\" content=\"es_ES\" \/>\n<meta property=\"og:type\" content=\"article\" \/>\n<meta property=\"og:title\" content=\"Macebell ajustable de competici\u00f3n 6-30kg OneMace\u00ae &#8211; Eryx Fitness\" \/>\n<meta property=\"og:description\" content=\"La macebell de competici\u00f3n ajustable OneMace\u00ae re\u00fane 21 macebells de competici\u00f3n en 1 : ahorra espacio y dinero.\" \/>\n<meta property=\"og:url\" content=\"https:\/\/www.eryxfitness.com\/es\/produit\/macebell-ajustable-competicion\/\" \/>\n<meta property=\"og:site_name\" content=\"Eryx Fitness\" \/>\n<meta property=\"article:modified_time\" content=\"2026-01-04T13:07:32+00:00\" \/>\n<meta property=\"og:image\" content=\"https:\/\/www.eryxfitness.com\/wp-content\/uploads\/2024\/07\/adjustable-competition-macebell-6-30-kg-1.webp\" \/>\n\t<meta property=\"og:image:width\" content=\"1200\" \/>\n\t<meta property=\"og:image:height\" content=\"1200\" \/>\n\t<meta property=\"og:image:type\" content=\"image\/webp\" \/>\n<meta name=\"twitter:card\" content=\"summary_large_image\" \/>\n<meta name=\"twitter:label1\" content=\"Tiempo de lectura\" \/>\n\t<meta name=\"twitter:data1\" content=\"2 minutos\" \/>\n<script type=\"application\/ld+json\" class=\"yoast-schema-graph\">{\"@context\":\"https:\\\/\\\/schema.org\",\"@graph\":[{\"@type\":\"WebPage\",\"@id\":\"https:\\\/\\\/www.eryxfitness.com\\\/es\\\/produit\\\/macebell-ajustable-competicion\\\/\",\"url\":\"https:\\\/\\\/www.eryxfitness.com\\\/es\\\/produit\\\/macebell-ajustable-competicion\\\/\",\"name\":\"Macebell ajustable de competici\u00f3n 6-30kg OneMace\u00ae &#8211; Eryx Fitness\",\"isPartOf\":{\"@id\":\"https:\\\/\\\/www.eryxfitness.com\\\/es\\\/#website\"},\"primaryImageOfPage\":{\"@id\":\"https:\\\/\\\/www.eryxfitness.com\\\/es\\\/produit\\\/macebell-ajustable-competicion\\\/#primaryimage\"},\"image\":{\"@id\":\"https:\\\/\\\/www.eryxfitness.com\\\/es\\\/produit\\\/macebell-ajustable-competicion\\\/#primaryimage\"},\"thumbnailUrl\":\"https:\\\/\\\/www.eryxfitness.com\\\/wp-content\\\/uploads\\\/2024\\\/07\\\/adjustable-competition-macebell-6-30-kg-1.webp\",\"datePublished\":\"2024-07-02T09:43:54+00:00\",\"dateModified\":\"2026-01-04T13:07:32+00:00\",\"description\":\"La macebell de competici\u00f3n ajustable OneMace\u00ae re\u00fane 21 macebells de competici\u00f3n en 1 : ahorra espacio y dinero.\",\"breadcrumb\":{\"@id\":\"https:\\\/\\\/www.eryxfitness.com\\\/es\\\/produit\\\/macebell-ajustable-competicion\\\/#breadcrumb\"},\"inLanguage\":\"es\",\"potentialAction\":[{\"@type\":\"ReadAction\",\"target\":[\"https:\\\/\\\/www.eryxfitness.com\\\/es\\\/produit\\\/macebell-ajustable-competicion\\\/\"]}]},{\"@type\":\"ImageObject\",\"inLanguage\":\"es\",\"@id\":\"https:\\\/\\\/www.eryxfitness.com\\\/es\\\/produit\\\/macebell-ajustable-competicion\\\/#primaryimage\",\"url\":\"https:\\\/\\\/www.eryxfitness.com\\\/wp-content\\\/uploads\\\/2024\\\/07\\\/adjustable-competition-macebell-6-30-kg-1.webp\",\"contentUrl\":\"https:\\\/\\\/www.eryxfitness.com\\\/wp-content\\\/uploads\\\/2024\\\/07\\\/adjustable-competition-macebell-6-30-kg-1.webp\",\"width\":1200,\"height\":1200},{\"@type\":\"BreadcrumbList\",\"@id\":\"https:\\\/\\\/www.eryxfitness.com\\\/es\\\/produit\\\/macebell-ajustable-competicion\\\/#breadcrumb\",\"itemListElement\":[{\"@type\":\"ListItem\",\"position\":1,\"name\":\"Accueil\",\"item\":\"https:\\\/\\\/www.eryxfitness.com\\\/es\\\/inicio\\\/\"},{\"@type\":\"ListItem\",\"position\":2,\"name\":\"Comercio\",\"item\":\"https:\\\/\\\/www.eryxfitness.com\\\/es\\\/comercio\\\/\"},{\"@type\":\"ListItem\",\"position\":3,\"name\":\"Macebell ajustable de competici\u00f3n 6-30kg OneMace\u00ae\"}]},{\"@type\":\"WebSite\",\"@id\":\"https:\\\/\\\/www.eryxfitness.com\\\/es\\\/#website\",\"url\":\"https:\\\/\\\/www.eryxfitness.com\\\/es\\\/\",\"name\":\"ERYX FITNESS\",\"description\":\"Adjustable and portable fitness equipment\",\"publisher\":{\"@id\":\"https:\\\/\\\/www.eryxfitness.com\\\/es\\\/#organization\"},\"alternateName\":\"ERYX\",\"potentialAction\":[{\"@type\":\"SearchAction\",\"target\":{\"@type\":\"EntryPoint\",\"urlTemplate\":\"https:\\\/\\\/www.eryxfitness.com\\\/es\\\/?s={search_term_string}\"},\"query-input\":{\"@type\":\"PropertyValueSpecification\",\"valueRequired\":true,\"valueName\":\"search_term_string\"}}],\"inLanguage\":\"es\"},{\"@type\":\"Organization\",\"@id\":\"https:\\\/\\\/www.eryxfitness.com\\\/es\\\/#organization\",\"name\":\"ERYX FITNESS\",\"alternateName\":\"ERYX\",\"url\":\"https:\\\/\\\/www.eryxfitness.com\\\/es\\\/\",\"logo\":{\"@type\":\"ImageObject\",\"inLanguage\":\"es\",\"@id\":\"https:\\\/\\\/www.eryxfitness.com\\\/es\\\/#\\\/schema\\\/logo\\\/image\\\/\",\"url\":\"https:\\\/\\\/i0.wp.com\\\/www.eryxfitness.com\\\/wp-content\\\/uploads\\\/2023\\\/06\\\/INSTA.png?fit=2000%2C2000&ssl=1\",\"contentUrl\":\"https:\\\/\\\/i0.wp.com\\\/www.eryxfitness.com\\\/wp-content\\\/uploads\\\/2023\\\/06\\\/INSTA.png?fit=2000%2C2000&ssl=1\",\"width\":2000,\"height\":2000,\"caption\":\"ERYX FITNESS\"},\"image\":{\"@id\":\"https:\\\/\\\/www.eryxfitness.com\\\/es\\\/#\\\/schema\\\/logo\\\/image\\\/\"}}]}<\/script>\n<!-- \/ Yoast SEO plugin. -->","yoast_head_json":{"title":"Macebell ajustable de competici\u00f3n 6-30kg OneMace\u00ae &#8211; Eryx Fitness","description":"La macebell de competici\u00f3n ajustable OneMace\u00ae re\u00fane 21 macebells de competici\u00f3n en 1 : ahorra espacio y dinero.","robots":{"index":"index","follow":"follow","max-snippet":"max-snippet:-1","max-image-preview":"max-image-preview:large","max-video-preview":"max-video-preview:-1"},"canonical":"https:\/\/www.eryxfitness.com\/es\/produit\/macebell-ajustable-competicion\/","og_locale":"es_ES","og_type":"article","og_title":"Macebell ajustable de competici\u00f3n 6-30kg OneMace\u00ae &#8211; Eryx Fitness","og_description":"La macebell de competici\u00f3n ajustable OneMace\u00ae re\u00fane 21 macebells de competici\u00f3n en 1 : ahorra espacio y dinero.","og_url":"https:\/\/www.eryxfitness.com\/es\/produit\/macebell-ajustable-competicion\/","og_site_name":"Eryx Fitness","article_modified_time":"2026-01-04T13:07:32+00:00","og_image":[{"width":1200,"height":1200,"url":"https:\/\/www.eryxfitness.com\/wp-content\/uploads\/2024\/07\/adjustable-competition-macebell-6-30-kg-1.webp","type":"image\/webp"}],"twitter_card":"summary_large_image","twitter_misc":{"Tiempo de lectura":"2 minutos"},"schema":{"@context":"https:\/\/schema.org","@graph":[{"@type":"WebPage","@id":"https:\/\/www.eryxfitness.com\/es\/produit\/macebell-ajustable-competicion\/","url":"https:\/\/www.eryxfitness.com\/es\/produit\/macebell-ajustable-competicion\/","name":"Macebell ajustable de competici\u00f3n 6-30kg OneMace\u00ae &#8211; Eryx Fitness","isPartOf":{"@id":"https:\/\/www.eryxfitness.com\/es\/#website"},"primaryImageOfPage":{"@id":"https:\/\/www.eryxfitness.com\/es\/produit\/macebell-ajustable-competicion\/#primaryimage"},"image":{"@id":"https:\/\/www.eryxfitness.com\/es\/produit\/macebell-ajustable-competicion\/#primaryimage"},"thumbnailUrl":"https:\/\/www.eryxfitness.com\/wp-content\/uploads\/2024\/07\/adjustable-competition-macebell-6-30-kg-1.webp","datePublished":"2024-07-02T09:43:54+00:00","dateModified":"2026-01-04T13:07:32+00:00","description":"La macebell de competici\u00f3n ajustable OneMace\u00ae re\u00fane 21 macebells de competici\u00f3n en 1 : ahorra espacio y dinero.","breadcrumb":{"@id":"https:\/\/www.eryxfitness.com\/es\/produit\/macebell-ajustable-competicion\/#breadcrumb"},"inLanguage":"es","potentialAction":[{"@type":"ReadAction","target":["https:\/\/www.eryxfitness.com\/es\/produit\/macebell-ajustable-competicion\/"]}]},{"@type":"ImageObject","inLanguage":"es","@id":"https:\/\/www.eryxfitness.com\/es\/produit\/macebell-ajustable-competicion\/#primaryimage","url":"https:\/\/www.eryxfitness.com\/wp-content\/uploads\/2024\/07\/adjustable-competition-macebell-6-30-kg-1.webp","contentUrl":"https:\/\/www.eryxfitness.com\/wp-content\/uploads\/2024\/07\/adjustable-competition-macebell-6-30-kg-1.webp","width":1200,"height":1200},{"@type":"BreadcrumbList","@id":"https:\/\/www.eryxfitness.com\/es\/produit\/macebell-ajustable-competicion\/#breadcrumb","itemListElement":[{"@type":"ListItem","position":1,"name":"Accueil","item":"https:\/\/www.eryxfitness.com\/es\/inicio\/"},{"@type":"ListItem","position":2,"name":"Comercio","item":"https:\/\/www.eryxfitness.com\/es\/comercio\/"},{"@type":"ListItem","position":3,"name":"Macebell ajustable de competici\u00f3n 6-30kg OneMace\u00ae"}]},{"@type":"WebSite","@id":"https:\/\/www.eryxfitness.com\/es\/#website","url":"https:\/\/www.eryxfitness.com\/es\/","name":"ERYX FITNESS","description":"Adjustable and portable fitness equipment","publisher":{"@id":"https:\/\/www.eryxfitness.com\/es\/#organization"},"alternateName":"ERYX","potentialAction":[{"@type":"SearchAction","target":{"@type":"EntryPoint","urlTemplate":"https:\/\/www.eryxfitness.com\/es\/?s={search_term_string}"},"query-input":{"@type":"PropertyValueSpecification","valueRequired":true,"valueName":"search_term_string"}}],"inLanguage":"es"},{"@type":"Organization","@id":"https:\/\/www.eryxfitness.com\/es\/#organization","name":"ERYX FITNESS","alternateName":"ERYX","url":"https:\/\/www.eryxfitness.com\/es\/","logo":{"@type":"ImageObject","inLanguage":"es","@id":"https:\/\/www.eryxfitness.com\/es\/#\/schema\/logo\/image\/","url":"https:\/\/i0.wp.com\/www.eryxfitness.com\/wp-content\/uploads\/2023\/06\/INSTA.png?fit=2000%2C2000&ssl=1","contentUrl":"https:\/\/i0.wp.com\/www.eryxfitness.com\/wp-content\/uploads\/2023\/06\/INSTA.png?fit=2000%2C2000&ssl=1","width":2000,"height":2000,"caption":"ERYX FITNESS"},"image":{"@id":"https:\/\/www.eryxfitness.com\/es\/#\/schema\/logo\/image\/"}}]}},"_links":{"self":[{"href":"https:\/\/www.eryxfitness.com\/es\/wp-json\/wp\/v2\/product\/19095","targetHints":{"allow":["GET"]}}],"collection":[{"href":"https:\/\/www.eryxfitness.com\/es\/wp-json\/wp\/v2\/product"}],"about":[{"href":"https:\/\/www.eryxfitness.com\/es\/wp-json\/wp\/v2\/types\/product"}],"replies":[{"embeddable":true,"href":"https:\/\/www.eryxfitness.com\/es\/wp-json\/wp\/v2\/comments?post=19095"}],"wp:featuredmedia":[{"embeddable":true,"href":"https:\/\/www.eryxfitness.com\/es\/wp-json\/wp\/v2\/media\/20696"}],"wp:attachment":[{"href":"https:\/\/www.eryxfitness.com\/es\/wp-json\/wp\/v2\/media?parent=19095"}],"wp:term":[{"taxonomy":"product_brand","embeddable":true,"href":"https:\/\/www.eryxfitness.com\/es\/wp-json\/wp\/v2\/product_brand?post=19095"},{"taxonomy":"product_cat","embeddable":true,"href":"https:\/\/www.eryxfitness.com\/es\/wp-json\/wp\/v2\/product_cat?post=19095"},{"taxonomy":"product_tag","embeddable":true,"href":"https:\/\/www.eryxfitness.com\/es\/wp-json\/wp\/v2\/product_tag?post=19095"}],"curies":[{"name":"wp","href":"https:\/\/api.w.org\/{rel}","templated":true}]}}