{"id":26452,"date":"2025-11-19T16:42:49","date_gmt":"2025-11-19T15:42:49","guid":{"rendered":"https:\/\/www.eryxfitness.com\/?post_type=product&#038;p=26452"},"modified":"2026-03-22T19:01:17","modified_gmt":"2026-03-22T18:01:17","slug":"macebell-ajustable-lite","status":"publish","type":"product","link":"https:\/\/www.eryxfitness.com\/es\/produit\/macebell-ajustable-lite\/","title":{"rendered":"Macebell ajustable 4-14 kg OneMace\u00ae Lite"},"content":{"rendered":"<h1>CLUBBELL AJUSTABLE<\/h1>\n<p>El entrenamiento con clubbell puede aportar grandes beneficios a tu capacidad deportiva y a tu salud f\u00edsica y mental. Sin embargo, adquirir un juego completo de clubbells puede resultar caro r\u00e1pidamente y requiere un espacio de almacenamiento adecuado.<\/p>\n<p>OneClub\u00ae, nuestra clubbell ajustable de 6 a 16 kg, es la soluci\u00f3n ideal para los deportistas que no disponen de presupuesto o espacio para equiparse con varias clubbells. 11 clubbells en 1 para ahorrar espacio y dinero.<\/p>\n<p><strong>COMPACTO<\/strong><\/p>\n<p>La principal ventaja de OneClub\u00ae es que ahorra espacio de almacenamiento. Si vives en un piso en el que no puedes permitirte varias clubbells de distintos pesos, el OneClub\u00ae es la soluci\u00f3n perfecta.<\/p>\n<p><strong>ECON\u00d3MICO<\/strong><\/p>\n<p>Un juego b\u00e1sico con 2 o 3 clubbells suele costar entre 100 y 200 euros, seg\u00fan la marca. Un juego completo con pesas intermedias costar\u00e1 varios cientos de euros. Con el OneClub\u00ae, por el precio de un juego b\u00e1sico obtienes 11 clubbells, que van de 6 a 16 kg en incrementos de 1 kg.<\/p>\n<p><strong>TRANSPORTABLE<\/strong><\/p>\n<p>\u00bfTe vas de vacaciones o quieres entrenar al aire libre? El OneClub\u00ae cabe perfectamente en el maletero de tu coche, para que puedas entrenar en cualquier lugar y en cualquier momento.<\/p>\n<p><strong>PR\u00c1CTICA<\/strong><\/p>\n<p>Gracias al eficaz sistema de ajuste del OneClub\u00ae, nuestro clubbell puede ajustarse muy r\u00e1pidamente.<\/p>\n\n\n","protected":false},"excerpt":{"rendered":"<p>OneMace\u00ae Lite, la macebell ajustable de <strong>4 a 14 kg<\/strong> en incrementos de 1 kg. Este macebell ajustable re\u00fane <strong>11 macebells en 1<\/strong> para ahorrar espacio y dinero. Mango moleteado para un agarre \u00f3ptimo.<\/p>\n","protected":false},"featured_media":26480,"comment_status":"open","ping_status":"closed","template":"","meta":{"_monsterinsights_skip_tracking":false,"_monsterinsights_sitenote_active":false,"_monsterinsights_sitenote_note":"","_monsterinsights_sitenote_category":0},"product_brand":[],"product_cat":[184,183],"product_tag":[],"class_list":{"0":"post-26452","1":"product","2":"type-product","3":"status-publish","4":"has-post-thumbnail","6":"product_cat-clubbells","7":"product_cat-macebells","9":"first","10":"instock","11":"taxable","12":"shipping-taxable","13":"purchasable","14":"product-type-variable","15":"has-default-attributes"},"yoast_head":"<!-- This site is optimized with the Yoast SEO plugin v27.3 - https:\/\/yoast.com\/product\/yoast-seo-wordpress\/ -->\n<title>Macebell ajustable 4-14 kg OneMace\u00ae Lite &#8211; Eryx Fitness<\/title>\n<meta name=\"description\" content=\"El macebell modular OneMace\u00ae Lite re\u00fane 11 macebells en 1: ahorra espacio y dinero. Entrene en cualquier lugar y en cualquier momento.\" \/>\n<meta name=\"robots\" content=\"index, follow, max-snippet:-1, max-image-preview:large, max-video-preview:-1\" \/>\n<link rel=\"canonical\" href=\"https:\/\/www.eryxfitness.com\/es\/produit\/macebell-ajustable-lite\/\" \/>\n<meta property=\"og:locale\" content=\"es_ES\" \/>\n<meta property=\"og:type\" content=\"article\" \/>\n<meta property=\"og:title\" content=\"Macebell ajustable 4-14 kg OneMace\u00ae Lite &#8211; Eryx Fitness\" \/>\n<meta property=\"og:description\" content=\"El macebell modular OneMace\u00ae Lite re\u00fane 11 macebells en 1: ahorra espacio y dinero. Entrene en cualquier lugar y en cualquier momento.\" \/>\n<meta property=\"og:url\" content=\"https:\/\/www.eryxfitness.com\/es\/produit\/macebell-ajustable-lite\/\" \/>\n<meta property=\"og:site_name\" content=\"Eryx Fitness\" \/>\n<meta property=\"article:modified_time\" content=\"2026-03-22T18:01:17+00:00\" \/>\n<meta property=\"og:image\" content=\"https:\/\/www.eryxfitness.com\/wp-content\/uploads\/2025\/11\/adjustable-macebell-4-14-kg-onemace-lite.webp\" \/>\n\t<meta property=\"og:image:width\" content=\"1200\" \/>\n\t<meta property=\"og:image:height\" content=\"1200\" \/>\n\t<meta property=\"og:image:type\" content=\"image\/webp\" \/>\n<meta name=\"twitter:card\" content=\"summary_large_image\" \/>\n<meta name=\"twitter:label1\" content=\"Tiempo de lectura\" \/>\n\t<meta name=\"twitter:data1\" content=\"2 minutos\" \/>\n<script type=\"application\/ld+json\" class=\"yoast-schema-graph\">{\"@context\":\"https:\\\/\\\/schema.org\",\"@graph\":[{\"@type\":\"WebPage\",\"@id\":\"https:\\\/\\\/www.eryxfitness.com\\\/es\\\/produit\\\/macebell-ajustable-lite\\\/\",\"url\":\"https:\\\/\\\/www.eryxfitness.com\\\/es\\\/produit\\\/macebell-ajustable-lite\\\/\",\"name\":\"Macebell ajustable 4-14 kg OneMace\u00ae Lite &#8211; Eryx Fitness\",\"isPartOf\":{\"@id\":\"https:\\\/\\\/www.eryxfitness.com\\\/es\\\/#website\"},\"primaryImageOfPage\":{\"@id\":\"https:\\\/\\\/www.eryxfitness.com\\\/es\\\/produit\\\/macebell-ajustable-lite\\\/#primaryimage\"},\"image\":{\"@id\":\"https:\\\/\\\/www.eryxfitness.com\\\/es\\\/produit\\\/macebell-ajustable-lite\\\/#primaryimage\"},\"thumbnailUrl\":\"https:\\\/\\\/www.eryxfitness.com\\\/wp-content\\\/uploads\\\/2025\\\/11\\\/adjustable-macebell-4-14-kg-onemace-lite.webp\",\"datePublished\":\"2025-11-19T15:42:49+00:00\",\"dateModified\":\"2026-03-22T18:01:17+00:00\",\"description\":\"El macebell modular OneMace\u00ae Lite re\u00fane 11 macebells en 1: ahorra espacio y dinero. Entrene en cualquier lugar y en cualquier momento.\",\"breadcrumb\":{\"@id\":\"https:\\\/\\\/www.eryxfitness.com\\\/es\\\/produit\\\/macebell-ajustable-lite\\\/#breadcrumb\"},\"inLanguage\":\"es\",\"potentialAction\":[{\"@type\":\"ReadAction\",\"target\":[\"https:\\\/\\\/www.eryxfitness.com\\\/es\\\/produit\\\/macebell-ajustable-lite\\\/\"]}]},{\"@type\":\"ImageObject\",\"inLanguage\":\"es\",\"@id\":\"https:\\\/\\\/www.eryxfitness.com\\\/es\\\/produit\\\/macebell-ajustable-lite\\\/#primaryimage\",\"url\":\"https:\\\/\\\/www.eryxfitness.com\\\/wp-content\\\/uploads\\\/2025\\\/11\\\/adjustable-macebell-4-14-kg-onemace-lite.webp\",\"contentUrl\":\"https:\\\/\\\/www.eryxfitness.com\\\/wp-content\\\/uploads\\\/2025\\\/11\\\/adjustable-macebell-4-14-kg-onemace-lite.webp\",\"width\":1200,\"height\":1200},{\"@type\":\"BreadcrumbList\",\"@id\":\"https:\\\/\\\/www.eryxfitness.com\\\/es\\\/produit\\\/macebell-ajustable-lite\\\/#breadcrumb\",\"itemListElement\":[{\"@type\":\"ListItem\",\"position\":1,\"name\":\"Accueil\",\"item\":\"https:\\\/\\\/www.eryxfitness.com\\\/es\\\/inicio\\\/\"},{\"@type\":\"ListItem\",\"position\":2,\"name\":\"Comercio\",\"item\":\"https:\\\/\\\/www.eryxfitness.com\\\/es\\\/comercio\\\/\"},{\"@type\":\"ListItem\",\"position\":3,\"name\":\"Macebell ajustable 4-14 kg OneMace\u00ae Lite\"}]},{\"@type\":\"WebSite\",\"@id\":\"https:\\\/\\\/www.eryxfitness.com\\\/es\\\/#website\",\"url\":\"https:\\\/\\\/www.eryxfitness.com\\\/es\\\/\",\"name\":\"ERYX FITNESS\",\"description\":\"Adjustable and portable fitness equipment\",\"publisher\":{\"@id\":\"https:\\\/\\\/www.eryxfitness.com\\\/es\\\/#organization\"},\"alternateName\":\"ERYX\",\"potentialAction\":[{\"@type\":\"SearchAction\",\"target\":{\"@type\":\"EntryPoint\",\"urlTemplate\":\"https:\\\/\\\/www.eryxfitness.com\\\/es\\\/?s={search_term_string}\"},\"query-input\":{\"@type\":\"PropertyValueSpecification\",\"valueRequired\":true,\"valueName\":\"search_term_string\"}}],\"inLanguage\":\"es\"},{\"@type\":\"Organization\",\"@id\":\"https:\\\/\\\/www.eryxfitness.com\\\/es\\\/#organization\",\"name\":\"ERYX FITNESS\",\"alternateName\":\"ERYX\",\"url\":\"https:\\\/\\\/www.eryxfitness.com\\\/es\\\/\",\"logo\":{\"@type\":\"ImageObject\",\"inLanguage\":\"es\",\"@id\":\"https:\\\/\\\/www.eryxfitness.com\\\/es\\\/#\\\/schema\\\/logo\\\/image\\\/\",\"url\":\"https:\\\/\\\/i0.wp.com\\\/www.eryxfitness.com\\\/wp-content\\\/uploads\\\/2023\\\/06\\\/INSTA.png?fit=2000%2C2000&ssl=1\",\"contentUrl\":\"https:\\\/\\\/i0.wp.com\\\/www.eryxfitness.com\\\/wp-content\\\/uploads\\\/2023\\\/06\\\/INSTA.png?fit=2000%2C2000&ssl=1\",\"width\":2000,\"height\":2000,\"caption\":\"ERYX FITNESS\"},\"image\":{\"@id\":\"https:\\\/\\\/www.eryxfitness.com\\\/es\\\/#\\\/schema\\\/logo\\\/image\\\/\"}}]}<\/script>\n<!-- \/ Yoast SEO plugin. -->","yoast_head_json":{"title":"Macebell ajustable 4-14 kg OneMace\u00ae Lite &#8211; Eryx Fitness","description":"El macebell modular OneMace\u00ae Lite re\u00fane 11 macebells en 1: ahorra espacio y dinero. Entrene en cualquier lugar y en cualquier momento.","robots":{"index":"index","follow":"follow","max-snippet":"max-snippet:-1","max-image-preview":"max-image-preview:large","max-video-preview":"max-video-preview:-1"},"canonical":"https:\/\/www.eryxfitness.com\/es\/produit\/macebell-ajustable-lite\/","og_locale":"es_ES","og_type":"article","og_title":"Macebell ajustable 4-14 kg OneMace\u00ae Lite &#8211; Eryx Fitness","og_description":"El macebell modular OneMace\u00ae Lite re\u00fane 11 macebells en 1: ahorra espacio y dinero. Entrene en cualquier lugar y en cualquier momento.","og_url":"https:\/\/www.eryxfitness.com\/es\/produit\/macebell-ajustable-lite\/","og_site_name":"Eryx Fitness","article_modified_time":"2026-03-22T18:01:17+00:00","og_image":[{"width":1200,"height":1200,"url":"https:\/\/www.eryxfitness.com\/wp-content\/uploads\/2025\/11\/adjustable-macebell-4-14-kg-onemace-lite.webp","type":"image\/webp"}],"twitter_card":"summary_large_image","twitter_misc":{"Tiempo de lectura":"2 minutos"},"schema":{"@context":"https:\/\/schema.org","@graph":[{"@type":"WebPage","@id":"https:\/\/www.eryxfitness.com\/es\/produit\/macebell-ajustable-lite\/","url":"https:\/\/www.eryxfitness.com\/es\/produit\/macebell-ajustable-lite\/","name":"Macebell ajustable 4-14 kg OneMace\u00ae Lite &#8211; Eryx Fitness","isPartOf":{"@id":"https:\/\/www.eryxfitness.com\/es\/#website"},"primaryImageOfPage":{"@id":"https:\/\/www.eryxfitness.com\/es\/produit\/macebell-ajustable-lite\/#primaryimage"},"image":{"@id":"https:\/\/www.eryxfitness.com\/es\/produit\/macebell-ajustable-lite\/#primaryimage"},"thumbnailUrl":"https:\/\/www.eryxfitness.com\/wp-content\/uploads\/2025\/11\/adjustable-macebell-4-14-kg-onemace-lite.webp","datePublished":"2025-11-19T15:42:49+00:00","dateModified":"2026-03-22T18:01:17+00:00","description":"El macebell modular OneMace\u00ae Lite re\u00fane 11 macebells en 1: ahorra espacio y dinero. Entrene en cualquier lugar y en cualquier momento.","breadcrumb":{"@id":"https:\/\/www.eryxfitness.com\/es\/produit\/macebell-ajustable-lite\/#breadcrumb"},"inLanguage":"es","potentialAction":[{"@type":"ReadAction","target":["https:\/\/www.eryxfitness.com\/es\/produit\/macebell-ajustable-lite\/"]}]},{"@type":"ImageObject","inLanguage":"es","@id":"https:\/\/www.eryxfitness.com\/es\/produit\/macebell-ajustable-lite\/#primaryimage","url":"https:\/\/www.eryxfitness.com\/wp-content\/uploads\/2025\/11\/adjustable-macebell-4-14-kg-onemace-lite.webp","contentUrl":"https:\/\/www.eryxfitness.com\/wp-content\/uploads\/2025\/11\/adjustable-macebell-4-14-kg-onemace-lite.webp","width":1200,"height":1200},{"@type":"BreadcrumbList","@id":"https:\/\/www.eryxfitness.com\/es\/produit\/macebell-ajustable-lite\/#breadcrumb","itemListElement":[{"@type":"ListItem","position":1,"name":"Accueil","item":"https:\/\/www.eryxfitness.com\/es\/inicio\/"},{"@type":"ListItem","position":2,"name":"Comercio","item":"https:\/\/www.eryxfitness.com\/es\/comercio\/"},{"@type":"ListItem","position":3,"name":"Macebell ajustable 4-14 kg OneMace\u00ae Lite"}]},{"@type":"WebSite","@id":"https:\/\/www.eryxfitness.com\/es\/#website","url":"https:\/\/www.eryxfitness.com\/es\/","name":"ERYX FITNESS","description":"Adjustable and portable fitness equipment","publisher":{"@id":"https:\/\/www.eryxfitness.com\/es\/#organization"},"alternateName":"ERYX","potentialAction":[{"@type":"SearchAction","target":{"@type":"EntryPoint","urlTemplate":"https:\/\/www.eryxfitness.com\/es\/?s={search_term_string}"},"query-input":{"@type":"PropertyValueSpecification","valueRequired":true,"valueName":"search_term_string"}}],"inLanguage":"es"},{"@type":"Organization","@id":"https:\/\/www.eryxfitness.com\/es\/#organization","name":"ERYX FITNESS","alternateName":"ERYX","url":"https:\/\/www.eryxfitness.com\/es\/","logo":{"@type":"ImageObject","inLanguage":"es","@id":"https:\/\/www.eryxfitness.com\/es\/#\/schema\/logo\/image\/","url":"https:\/\/i0.wp.com\/www.eryxfitness.com\/wp-content\/uploads\/2023\/06\/INSTA.png?fit=2000%2C2000&ssl=1","contentUrl":"https:\/\/i0.wp.com\/www.eryxfitness.com\/wp-content\/uploads\/2023\/06\/INSTA.png?fit=2000%2C2000&ssl=1","width":2000,"height":2000,"caption":"ERYX FITNESS"},"image":{"@id":"https:\/\/www.eryxfitness.com\/es\/#\/schema\/logo\/image\/"}}]}},"_links":{"self":[{"href":"https:\/\/www.eryxfitness.com\/es\/wp-json\/wp\/v2\/product\/26452","targetHints":{"allow":["GET"]}}],"collection":[{"href":"https:\/\/www.eryxfitness.com\/es\/wp-json\/wp\/v2\/product"}],"about":[{"href":"https:\/\/www.eryxfitness.com\/es\/wp-json\/wp\/v2\/types\/product"}],"replies":[{"embeddable":true,"href":"https:\/\/www.eryxfitness.com\/es\/wp-json\/wp\/v2\/comments?post=26452"}],"wp:featuredmedia":[{"embeddable":true,"href":"https:\/\/www.eryxfitness.com\/es\/wp-json\/wp\/v2\/media\/26480"}],"wp:attachment":[{"href":"https:\/\/www.eryxfitness.com\/es\/wp-json\/wp\/v2\/media?parent=26452"}],"wp:term":[{"taxonomy":"product_brand","embeddable":true,"href":"https:\/\/www.eryxfitness.com\/es\/wp-json\/wp\/v2\/product_brand?post=26452"},{"taxonomy":"product_cat","embeddable":true,"href":"https:\/\/www.eryxfitness.com\/es\/wp-json\/wp\/v2\/product_cat?post=26452"},{"taxonomy":"product_tag","embeddable":true,"href":"https:\/\/www.eryxfitness.com\/es\/wp-json\/wp\/v2\/product_tag?post=26452"}],"curies":[{"name":"wp","href":"https:\/\/api.w.org\/{rel}","templated":true}]}}