{"id":26673,"date":"2025-11-23T10:48:39","date_gmt":"2025-11-23T09:48:39","guid":{"rendered":"https:\/\/www.eryxfitness.com\/produit\/pack-strong-v1\/"},"modified":"2025-11-26T21:46:01","modified_gmt":"2025-11-26T20:46:01","slug":"pack-strong-v1","status":"publish","type":"product","link":"https:\/\/www.eryxfitness.com\/es\/produit\/pack-strong-v1\/","title":{"rendered":"Pack Strong V1"},"content":{"rendered":"","protected":false},"excerpt":{"rendered":"<p>El <strong data-start=\"156\" data-end=\"174\">Pack Strong V1<\/strong> re\u00fane las herramientas esenciales para desarrollar <strong data-start=\"220\" data-end=\"252\">la fuerza, la potencia y el control<\/strong>.<br data-start=\"253\" data-end=\"256\" \/>Incluye <strong data-start=\"268\" data-end=\"304\">2 kettlebells hardstyle de 12-32 kg<\/strong> y <strong data-start=\"308\" data-end=\"331\" data-is-only-node=\"\">2 clubbells de 6-16 kg<\/strong> para superar tus l\u00edmites y desarrollar una fuerza s\u00f3lida, funcional y duradera.<br data-start=\"419\" data-end=\"422\" \/>Dise\u00f1ado para quienes entrenan con est\u00e1ndares exigentes, este pack te da libertad para <strong data-start=\"500\" data-end=\"517\">cargar pesado<\/strong>, <strong data-start=\"519\" data-end=\"545\">moverte a tu ritmo<\/strong> y trabajar tu cuerpo al m\u00e1ximo.<\/p>\n","protected":false},"featured_media":26666,"comment_status":"closed","ping_status":"closed","template":"","meta":{"_monsterinsights_skip_tracking":false,"_monsterinsights_sitenote_active":false,"_monsterinsights_sitenote_note":"","_monsterinsights_sitenote_category":0},"product_brand":[],"product_cat":[219],"product_tag":[],"class_list":{"0":"post-26673","1":"product","2":"type-product","3":"status-publish","4":"has-post-thumbnail","6":"product_cat-packs","8":"first","9":"outofstock","10":"taxable","11":"shipping-taxable","12":"purchasable","13":"product-type-woosb"},"yoast_head":"<!-- This site is optimized with the Yoast SEO plugin v26.8 - https:\/\/yoast.com\/product\/yoast-seo-wordpress\/ -->\n<title>Pack Strong V1 &#8211; Eryx Fitness<\/title>\n<meta name=\"robots\" content=\"index, follow, max-snippet:-1, max-image-preview:large, max-video-preview:-1\" \/>\n<link rel=\"canonical\" href=\"https:\/\/www.eryxfitness.com\/es\/produit\/pack-strong-v1\/\" \/>\n<meta property=\"og:locale\" content=\"es_ES\" \/>\n<meta property=\"og:type\" content=\"article\" \/>\n<meta property=\"og:title\" content=\"Pack Strong V1 &#8211; Eryx Fitness\" \/>\n<meta property=\"og:description\" content=\"El Pack Strong V1 re\u00fane las herramientas esenciales para desarrollar la fuerza, la potencia y el control.Incluye 2 kettlebells hardstyle de 12-32 kg y 2 clubbells de 6-16 kg para superar tus l\u00edmites y desarrollar una fuerza s\u00f3lida, funcional y duradera.Dise\u00f1ado para quienes entrenan con est\u00e1ndares exigentes, este pack te da libertad para cargar pesado, moverte a tu ritmo y trabajar tu cuerpo al m\u00e1ximo.\" \/>\n<meta property=\"og:url\" content=\"https:\/\/www.eryxfitness.com\/es\/produit\/pack-strong-v1\/\" \/>\n<meta property=\"og:site_name\" content=\"Eryx Fitness\" \/>\n<meta property=\"article:modified_time\" content=\"2025-11-26T20:46:01+00:00\" \/>\n<meta property=\"og:image\" content=\"https:\/\/www.eryxfitness.com\/wp-content\/uploads\/2025\/11\/PACK-STRONG-V1-2.webp\" \/>\n\t<meta property=\"og:image:width\" content=\"1162\" \/>\n\t<meta property=\"og:image:height\" content=\"1161\" \/>\n\t<meta property=\"og:image:type\" content=\"image\/webp\" \/>\n<meta name=\"twitter:card\" content=\"summary_large_image\" \/>\n<meta name=\"twitter:label1\" content=\"Tiempo de lectura\" \/>\n\t<meta name=\"twitter:data1\" content=\"1 minuto\" \/>\n<script type=\"application\/ld+json\" class=\"yoast-schema-graph\">{\"@context\":\"https:\/\/schema.org\",\"@graph\":[{\"@type\":\"WebPage\",\"@id\":\"https:\/\/www.eryxfitness.com\/es\/produit\/pack-strong-v1\/\",\"url\":\"https:\/\/www.eryxfitness.com\/es\/produit\/pack-strong-v1\/\",\"name\":\"Pack Strong V1 &#8211; Eryx Fitness\",\"isPartOf\":{\"@id\":\"https:\/\/www.eryxfitness.com\/es\/#website\"},\"primaryImageOfPage\":{\"@id\":\"https:\/\/www.eryxfitness.com\/es\/produit\/pack-strong-v1\/#primaryimage\"},\"image\":{\"@id\":\"https:\/\/www.eryxfitness.com\/es\/produit\/pack-strong-v1\/#primaryimage\"},\"thumbnailUrl\":\"https:\/\/www.eryxfitness.com\/wp-content\/uploads\/2025\/11\/PACK-STRONG-V1-2.webp\",\"datePublished\":\"2025-11-23T09:48:39+00:00\",\"dateModified\":\"2025-11-26T20:46:01+00:00\",\"breadcrumb\":{\"@id\":\"https:\/\/www.eryxfitness.com\/es\/produit\/pack-strong-v1\/#breadcrumb\"},\"inLanguage\":\"es\",\"potentialAction\":[{\"@type\":\"ReadAction\",\"target\":[\"https:\/\/www.eryxfitness.com\/es\/produit\/pack-strong-v1\/\"]}]},{\"@type\":\"ImageObject\",\"inLanguage\":\"es\",\"@id\":\"https:\/\/www.eryxfitness.com\/es\/produit\/pack-strong-v1\/#primaryimage\",\"url\":\"https:\/\/www.eryxfitness.com\/wp-content\/uploads\/2025\/11\/PACK-STRONG-V1-2.webp\",\"contentUrl\":\"https:\/\/www.eryxfitness.com\/wp-content\/uploads\/2025\/11\/PACK-STRONG-V1-2.webp\",\"width\":1162,\"height\":1161},{\"@type\":\"BreadcrumbList\",\"@id\":\"https:\/\/www.eryxfitness.com\/es\/produit\/pack-strong-v1\/#breadcrumb\",\"itemListElement\":[{\"@type\":\"ListItem\",\"position\":1,\"name\":\"Accueil\",\"item\":\"https:\/\/www.eryxfitness.com\/es\/inicio\/\"},{\"@type\":\"ListItem\",\"position\":2,\"name\":\"Comercio\",\"item\":\"https:\/\/www.eryxfitness.com\/es\/comercio\/\"},{\"@type\":\"ListItem\",\"position\":3,\"name\":\"Pack Strong V1\"}]},{\"@type\":\"WebSite\",\"@id\":\"https:\/\/www.eryxfitness.com\/es\/#website\",\"url\":\"https:\/\/www.eryxfitness.com\/es\/\",\"name\":\"ERYX FITNESS\",\"description\":\"Adjustable and portable fitness equipment\",\"publisher\":{\"@id\":\"https:\/\/www.eryxfitness.com\/es\/#organization\"},\"alternateName\":\"ERYX\",\"potentialAction\":[{\"@type\":\"SearchAction\",\"target\":{\"@type\":\"EntryPoint\",\"urlTemplate\":\"https:\/\/www.eryxfitness.com\/es\/?s={search_term_string}\"},\"query-input\":{\"@type\":\"PropertyValueSpecification\",\"valueRequired\":true,\"valueName\":\"search_term_string\"}}],\"inLanguage\":\"es\"},{\"@type\":\"Organization\",\"@id\":\"https:\/\/www.eryxfitness.com\/es\/#organization\",\"name\":\"ERYX FITNESS\",\"alternateName\":\"ERYX\",\"url\":\"https:\/\/www.eryxfitness.com\/es\/\",\"logo\":{\"@type\":\"ImageObject\",\"inLanguage\":\"es\",\"@id\":\"https:\/\/www.eryxfitness.com\/es\/#\/schema\/logo\/image\/\",\"url\":\"https:\/\/i0.wp.com\/www.eryxfitness.com\/wp-content\/uploads\/2023\/06\/INSTA.png?fit=2000%2C2000&ssl=1\",\"contentUrl\":\"https:\/\/i0.wp.com\/www.eryxfitness.com\/wp-content\/uploads\/2023\/06\/INSTA.png?fit=2000%2C2000&ssl=1\",\"width\":2000,\"height\":2000,\"caption\":\"ERYX FITNESS\"},\"image\":{\"@id\":\"https:\/\/www.eryxfitness.com\/es\/#\/schema\/logo\/image\/\"}}]}<\/script>\n<!-- \/ Yoast SEO plugin. -->","yoast_head_json":{"title":"Pack Strong V1 &#8211; Eryx Fitness","robots":{"index":"index","follow":"follow","max-snippet":"max-snippet:-1","max-image-preview":"max-image-preview:large","max-video-preview":"max-video-preview:-1"},"canonical":"https:\/\/www.eryxfitness.com\/es\/produit\/pack-strong-v1\/","og_locale":"es_ES","og_type":"article","og_title":"Pack Strong V1 &#8211; Eryx Fitness","og_description":"El Pack Strong V1 re\u00fane las herramientas esenciales para desarrollar la fuerza, la potencia y el control.Incluye 2 kettlebells hardstyle de 12-32 kg y 2 clubbells de 6-16 kg para superar tus l\u00edmites y desarrollar una fuerza s\u00f3lida, funcional y duradera.Dise\u00f1ado para quienes entrenan con est\u00e1ndares exigentes, este pack te da libertad para cargar pesado, moverte a tu ritmo y trabajar tu cuerpo al m\u00e1ximo.","og_url":"https:\/\/www.eryxfitness.com\/es\/produit\/pack-strong-v1\/","og_site_name":"Eryx Fitness","article_modified_time":"2025-11-26T20:46:01+00:00","og_image":[{"width":1162,"height":1161,"url":"https:\/\/www.eryxfitness.com\/wp-content\/uploads\/2025\/11\/PACK-STRONG-V1-2.webp","type":"image\/webp"}],"twitter_card":"summary_large_image","twitter_misc":{"Tiempo de lectura":"1 minuto"},"schema":{"@context":"https:\/\/schema.org","@graph":[{"@type":"WebPage","@id":"https:\/\/www.eryxfitness.com\/es\/produit\/pack-strong-v1\/","url":"https:\/\/www.eryxfitness.com\/es\/produit\/pack-strong-v1\/","name":"Pack Strong V1 &#8211; Eryx Fitness","isPartOf":{"@id":"https:\/\/www.eryxfitness.com\/es\/#website"},"primaryImageOfPage":{"@id":"https:\/\/www.eryxfitness.com\/es\/produit\/pack-strong-v1\/#primaryimage"},"image":{"@id":"https:\/\/www.eryxfitness.com\/es\/produit\/pack-strong-v1\/#primaryimage"},"thumbnailUrl":"https:\/\/www.eryxfitness.com\/wp-content\/uploads\/2025\/11\/PACK-STRONG-V1-2.webp","datePublished":"2025-11-23T09:48:39+00:00","dateModified":"2025-11-26T20:46:01+00:00","breadcrumb":{"@id":"https:\/\/www.eryxfitness.com\/es\/produit\/pack-strong-v1\/#breadcrumb"},"inLanguage":"es","potentialAction":[{"@type":"ReadAction","target":["https:\/\/www.eryxfitness.com\/es\/produit\/pack-strong-v1\/"]}]},{"@type":"ImageObject","inLanguage":"es","@id":"https:\/\/www.eryxfitness.com\/es\/produit\/pack-strong-v1\/#primaryimage","url":"https:\/\/www.eryxfitness.com\/wp-content\/uploads\/2025\/11\/PACK-STRONG-V1-2.webp","contentUrl":"https:\/\/www.eryxfitness.com\/wp-content\/uploads\/2025\/11\/PACK-STRONG-V1-2.webp","width":1162,"height":1161},{"@type":"BreadcrumbList","@id":"https:\/\/www.eryxfitness.com\/es\/produit\/pack-strong-v1\/#breadcrumb","itemListElement":[{"@type":"ListItem","position":1,"name":"Accueil","item":"https:\/\/www.eryxfitness.com\/es\/inicio\/"},{"@type":"ListItem","position":2,"name":"Comercio","item":"https:\/\/www.eryxfitness.com\/es\/comercio\/"},{"@type":"ListItem","position":3,"name":"Pack Strong V1"}]},{"@type":"WebSite","@id":"https:\/\/www.eryxfitness.com\/es\/#website","url":"https:\/\/www.eryxfitness.com\/es\/","name":"ERYX FITNESS","description":"Adjustable and portable fitness equipment","publisher":{"@id":"https:\/\/www.eryxfitness.com\/es\/#organization"},"alternateName":"ERYX","potentialAction":[{"@type":"SearchAction","target":{"@type":"EntryPoint","urlTemplate":"https:\/\/www.eryxfitness.com\/es\/?s={search_term_string}"},"query-input":{"@type":"PropertyValueSpecification","valueRequired":true,"valueName":"search_term_string"}}],"inLanguage":"es"},{"@type":"Organization","@id":"https:\/\/www.eryxfitness.com\/es\/#organization","name":"ERYX FITNESS","alternateName":"ERYX","url":"https:\/\/www.eryxfitness.com\/es\/","logo":{"@type":"ImageObject","inLanguage":"es","@id":"https:\/\/www.eryxfitness.com\/es\/#\/schema\/logo\/image\/","url":"https:\/\/i0.wp.com\/www.eryxfitness.com\/wp-content\/uploads\/2023\/06\/INSTA.png?fit=2000%2C2000&ssl=1","contentUrl":"https:\/\/i0.wp.com\/www.eryxfitness.com\/wp-content\/uploads\/2023\/06\/INSTA.png?fit=2000%2C2000&ssl=1","width":2000,"height":2000,"caption":"ERYX FITNESS"},"image":{"@id":"https:\/\/www.eryxfitness.com\/es\/#\/schema\/logo\/image\/"}}]}},"_links":{"self":[{"href":"https:\/\/www.eryxfitness.com\/es\/wp-json\/wp\/v2\/product\/26673","targetHints":{"allow":["GET"]}}],"collection":[{"href":"https:\/\/www.eryxfitness.com\/es\/wp-json\/wp\/v2\/product"}],"about":[{"href":"https:\/\/www.eryxfitness.com\/es\/wp-json\/wp\/v2\/types\/product"}],"replies":[{"embeddable":true,"href":"https:\/\/www.eryxfitness.com\/es\/wp-json\/wp\/v2\/comments?post=26673"}],"wp:featuredmedia":[{"embeddable":true,"href":"https:\/\/www.eryxfitness.com\/es\/wp-json\/wp\/v2\/media\/26666"}],"wp:attachment":[{"href":"https:\/\/www.eryxfitness.com\/es\/wp-json\/wp\/v2\/media?parent=26673"}],"wp:term":[{"taxonomy":"product_brand","embeddable":true,"href":"https:\/\/www.eryxfitness.com\/es\/wp-json\/wp\/v2\/product_brand?post=26673"},{"taxonomy":"product_cat","embeddable":true,"href":"https:\/\/www.eryxfitness.com\/es\/wp-json\/wp\/v2\/product_cat?post=26673"},{"taxonomy":"product_tag","embeddable":true,"href":"https:\/\/www.eryxfitness.com\/es\/wp-json\/wp\/v2\/product_tag?post=26673"}],"curies":[{"name":"wp","href":"https:\/\/api.w.org\/{rel}","templated":true}]}}