{"id":15028,"date":"2023-07-25T14:59:49","date_gmt":"2023-07-25T12:59:49","guid":{"rendered":"https:\/\/www.eryxfitness.com\/informativa-sulla-privacy\/"},"modified":"2024-09-27T15:35:57","modified_gmt":"2024-09-27T13:35:57","slug":"informativa-sulla-privacy","status":"publish","type":"page","link":"https:\/\/www.eryxfitness.com\/it\/informativa-sulla-privacy\/","title":{"rendered":"Informativa sulla privacy"},"content":{"rendered":"\n\t<section class=\"section\" id=\"section_487804213\">\n\t\t<div class=\"section-bg fill\" >\n\t\t\t\t\t\t\t\t\t\n\t\t\t\n\n\t\t<\/div>\n\n\t\t\n\n\t\t<div class=\"section-content relative\">\n\t\t\t\n\n<div class=\"row\"  id=\"row-1071688502\">\n\n\n\t<div id=\"col-984904558\" class=\"col small-12 large-12\"  >\n\t\t\t\t<div class=\"col-inner\"  >\n\t\t\t\n\t\t\t\n\n<\/p><h1><span style=\"font-size: 120%;\">INFORMATIVA SULLA PRIVACY<\/span><\/h1>\n<h2 class=\"wp-block-heading\">Chi siamo?<\/h2>\n<p>Eryx Fitness \u00e8 un marchio di attrezzature per l\u2019allenamento fitness modulari e trasportabili.<\/p>\n<p>SIRET: 892 602 327 00017<\/p>\n<p>Sito web: https:\/\/www.eryxfitness.com<\/p>\n<p>Indirizzo e-mail: contact@eryxfitness.com<\/p>\n<h2 class=\"wp-block-heading\">Utilizzo dei dati personali raccolti<\/h2>\n<h3 class=\"wp-block-heading\">Commenti<\/h3>\n<p>Quando lasciate un commento sul nostro sito web, i dati inseriti nel modulo di commento, il vostro indirizzo IP e l\u2019user agent del vostro browser vengono raccolti per aiutarci a individuare i commenti indesiderati.<\/p>\n<p>Una stringa anonima creata dal vostro indirizzo e-mail (nota anche come hash) pu\u00f2 essere inviata al servizio Gravatar per verificare che lo stiate utilizzando. L\u2019informativa sulla privacy di Gravatar \u00e8 disponibile qui: https:\/\/automattic.com\/privacy\/. Una volta che il commento \u00e8 stato convalidato, la foto del profilo sar\u00e0 visibile pubblicamente accanto al commento.<\/p>\n<h3 class=\"wp-block-heading\">Media<\/h3>\n<p>Se siete un utente registrato e state caricando immagini sul sito, vi consigliamo di evitare di caricare immagini contenenti dati EXIF di coordinate GPS. I visitatori del vostro sito web possono scaricare ed estrarre i dati di localizzazione da queste immagini.<\/p>\n<h3 class=\"wp-block-heading\">Moduli di contatto<\/h3>\n<p>Utilizziamo il software Brevo per raccogliere informazioni come il tuo nome e il tuo indirizzo e-mail, in particolare quando ti iscrivi alla nostra newsletter. Questi dati vengono conservati per creare un database dei clienti. Dopo esserti registrato utilizzando uno dei nostri moduli, potrai ricevere offerte di prodotti via e-mail. \u00c8 possibile annullare l\u2019iscrizione in qualsiasi momento facendo clic sul link in fondo a ogni e-mail ricevuta da noi.<\/p>\n<h3 class=\"wp-block-heading\">Biscotti<\/h3>\n<p>Se lasciate un commento sul nostro sito, vi verr\u00e0 chiesto di salvare il vostro nome, indirizzo e-mail e sito web nei cookie. Questo \u00e8 solo per comodit\u00e0, in modo da non dover inserire queste informazioni se si pubblica un altro commento in seguito. Questi cookie scadono dopo un anno.<\/p>\n<p>Se si accede alla pagina di login, viene creato un cookie temporaneo per determinare se il browser accetta i cookie. Non contiene dati personali e verr\u00e0 cancellato automaticamente alla chiusura del browser.<\/p>\n<p>Quando l\u2019utente accede, vengono impostati alcuni cookie per registrare i dati di accesso e le preferenze dello schermo. La durata di un cookie di connessione \u00e8 di due giorni, quella di un cookie di opzione dello schermo \u00e8 di un anno. Se si seleziona \u201cRicordami\u201d, il cookie di connessione verr\u00e0 memorizzato per quindici giorni. Se si esce dal proprio account, il cookie di connessione viene cancellato.<\/p>\n<p>Modificando o pubblicando una pubblicazione, un ulteriore cookie verr\u00e0 memorizzato nel vostro browser. Questo cookie non contiene dati personali. Indica semplicemente l\u2019ID della pubblicazione appena modificata. Scade dopo un giorno.<\/p>\n<h3 class=\"wp-block-heading\">Contenuti incorporati da altri siti<\/h3>\n<p>Gli articoli di questo sito possono includere contenuti incorporati (ad esempio video, immagini, articoli\u2026). I contenuti incorporati da altri siti si comportano come se il visitatore si trovasse su quell\u2019altro sito.<\/p>\n<p>Questi siti web possono raccogliere dati sull\u2019utente, utilizzare cookie, incorporare strumenti di tracciamento di terze parti, tracciare le interazioni dell\u2019utente con questi contenuti incorporati se l\u2019utente ha un account registrato sul loro sito web.<\/p>\n<h3 class=\"wp-block-heading\">Statistiche e misurazione dell\u2019audience<\/h3>\n<p>Questo sito utilizza Google Analytics come strumento statistico. I siti che utilizzano questo servizio sono tenuti a includere un testo standard per i visitatori, inserito nel paragrafo seguente e racchiuso tra virgolette:<\/p>\n<p>\u201cQuesto sito web utilizza Google Analytics, un servizio di analisi web fornito da Google Inc (\u201cGoogle\u201d). Google Analytics utilizza dei \u201ccookies\u201d, file di testo che vengono depositati sul vostro computer per consentire al sito web di analizzare come gli utenti utilizzano il sito. Le informazioni generate dal cookie sull\u2019utilizzo del sito web da parte dell\u2019utente (compreso il suo indirizzo IP) vengono trasmesse e memorizzate da Google su un server negli Stati Uniti. Google utilizzer\u00e0 queste informazioni per valutare l\u2019utilizzo del sito web da parte dell\u2019utente, per redigere rapporti sulle attivit\u00e0 del sito web per gli operatori del sito e per fornire altri servizi relativi alle attivit\u00e0 del sito web e all\u2019utilizzo di Internet. Google pu\u00f2 anche trasferire queste informazioni a terzi, se ci\u00f2 \u00e8 richiesto dalla legge o se tali terzi elaborano le informazioni per conto di Google. Google non assocer\u00e0 il vostro indirizzo IP a nessun altro dato posseduto da Google. Potete rifiutarvi di usare i cookie selezionando l\u2019impostazione appropriata sul vostro browser, ma tenete presente che in tal caso potreste non essere in grado di utilizzare tutte le funzionalit\u00e0 di questo sito web. Tuttavia, se lo fate, potreste non essere in grado di utilizzare tutte le funzionalit\u00e0 di questo sito web. Utilizzando il presente sito web, l\u2019utente acconsente al trattamento dei propri dati da parte di Google per le modalit\u00e0 e i fini sopraindicati.<\/p>\n<h2 class=\"wp-block-heading\">Utilizzo e trasmissione dei dati personali<\/h2>\n<p>I vostri dati personali saranno trasmessi ai seguenti dipartimenti:<\/p>\n<ul class=\"wp-block-list\">\n<li>Brevo per i moduli di contatto<\/li>\n<li>PayPal e Payplug per i pagamenti sul sito<\/li>\n<\/ul>\n<h2 class=\"wp-block-heading\">Periodi di conservazione dei dati<\/h2>\n<p>Se si lascia un commento, il commento e i relativi metadati vengono conservati a tempo indeterminato. In questo modo i commenti successivi vengono riconosciuti e approvati automaticamente, invece di rimanere nella coda di moderazione.<\/p>\n<p>Per gli utenti che si registrano sul nostro sito (ove possibile), memorizziamo anche i dati personali indicati nel loro profilo. Tutti gli utenti possono visualizzare, modificare o cancellare le proprie informazioni personali in qualsiasi momento (ad eccezione del proprio nome utente). Anche i responsabili del sito possono visualizzare e modificare queste informazioni.<\/p>\n<p>I registri di sicurezza vengono conservati per 14 giorni.<\/p>\n<h2 class=\"wp-block-heading\">I diritti che avete sui vostri dati<\/h2>\n<p>Se avete un account o se avete lasciato commenti sul sito, potete richiedere di ricevere un file contenente tutti i dati personali in nostro possesso, compresi quelli che ci avete fornito. Potete anche chiedere la cancellazione dei vostri dati personali. Non sono compresi i dati memorizzati per scopi amministrativi, legali o di sicurezza.<\/p>\n<h2 class=\"wp-block-heading\">Trasmissione dei dati personali<\/h2>\n<p>I commenti dei visitatori possono essere controllati con un servizio automatico per individuare i commenti indesiderati.<\/p>\n<h2 class=\"wp-block-heading\">Informazioni di contatto<\/h2>\n<p>Per qualsiasi richiesta relativa alla privacy e ai tuoi dati personali, puoi contattarci tramite l\u2019indirizzo e-mail dell\u2019azienda:<\/p>\n<p>contact@eryxfitness.com<\/p>\n<h2 class=\"wp-block-heading\">Negozio<\/h2>\n<p>Raccogliamo informazioni quando si effettua un ordine nel nostro negozio.<\/p>\n<h3 class=\"wp-block-heading\">Cosa raccogliamo e memorizziamo<\/h3>\n<p>Durante la vostra visita al sito, monitoriamo :<\/p>\n<ul class=\"wp-block-list\">\n<li>Prodotti che hai visto: li utilizziamo per visualizzare, ad esempio, i prodotti che hai visto di recente.<\/li>\n<li>Posizione, indirizzo IP e tipo di browser: li utilizziamo per stimare le tasse e le spese di consegna.<\/li>\n<li>Indirizzo di consegna: vi chiederemo di inserirlo per poter stimare le spese di consegna prima di effettuare l\u2019ordine e spedirvelo!<\/li>\n<\/ul>\n<p>Utilizziamo i cookie per tenere traccia del contenuto del vostro carrello mentre navigate sul nostro sito.<\/p>\n<p>Quando acquistate dal nostro sito web, vi chiederemo di fornire informazioni quali il vostro nome, l\u2019indirizzo di fatturazione, l\u2019indirizzo di consegna, l\u2019indirizzo e-mail, il numero di telefono, i dati della carta di credito o di pagamento ed eventualmente i dati dell\u2019account, come il nome utente e la password. Queste informazioni saranno utilizzate per :<\/p>\n<ul class=\"wp-block-list\">\n<li>Invio di informazioni sull\u2019account e sull\u2019ordine<\/li>\n<li>Rispondere alle richieste di informazioni, compresi i rimborsi e i reclami.<\/li>\n<li>Elaborazione dei pagamenti e prevenzione delle frodi<\/li>\n<li>Configura il tuo account per il nostro negozio<\/li>\n<li>Adempiere a qualsiasi obbligo di legge, come ad esempio il calcolo delle imposte.<\/li>\n<li>Migliorare l\u2019offerta del nostro negozio<\/li>\n<li>Per inviarle messaggi di marketing, se sceglie di riceverli<\/li>\n<\/ul>\n<p>Se si crea un account, memorizziamo il nome, l\u2019indirizzo, l\u2019e-mail e il numero di telefono dell\u2019utente, che verranno utilizzati per precompilare la convalida dell\u2019ordine per gli ordini futuri.<\/p>\n<p>In genere conserviamo i tuoi dati per il tempo necessario a raggiungere gli scopi per cui li raccogliamo e li utilizziamo, e non abbiamo alcun obbligo legale di continuare a farlo. Ad esempio, conserviamo le informazioni sugli ordini per XXX anni a fini fiscali e contabili. Ci\u00f2 include il nome, l\u2019indirizzo e-mail e gli indirizzi di fatturazione e consegna.<\/p>\n<p>Memorizziamo anche i commenti o le opinioni, se decidete di inviarli.<\/p>\n<h3 class=\"wp-block-heading\">Chi nel nostro team ha accesso ai dati<\/h3>\n<p>I membri del nostro team hanno accesso alle informazioni fornite dall\u2019utente. Ad esempio, gli amministratori e i responsabili del negozio hanno accesso a :<\/p>\n<ul class=\"wp-block-list\">\n<li>Informazioni sull\u2019ordine, come ad esempio i prodotti acquistati, la data e il luogo di spedizione, e<\/li>\n<li>Informazioni sul cliente, come il nome, l\u2019indirizzo e-mail e i dati di fatturazione e consegna.<\/li>\n<\/ul>\n<p>Il nostro team ha accesso a queste informazioni per elaborare gli ordini, i rimborsi e aiutarvi.<\/p>\n<h3 class=\"wp-block-heading\">Pagamenti<\/h3>\n<p>Accettiamo pagamenti con PayPal e con carta di credito tramite la soluzione Payplug.<\/p>\n<p>Per quanto riguarda i pagamenti con PayPal, durante l\u2019elaborazione dei pagamenti, alcuni dati saranno trasmessi a PayPal, comprese le informazioni necessarie per elaborare il pagamento, come l\u2019importo totale o le informazioni di fatturazione.<\/p>\n<p>Per maggiori dettagli, leggere l\u2019informativa sulla privacy di PayPal: https:\/\/www.paypal.com\/us\/webapps\/mpp\/ua\/privacy-full.<\/p>\n<h2 class=\"wp-block-heading\">Ulteriori informazioni<\/h2>\n<h3 class=\"wp-block-heading\">Come proteggiamo i vostri dati<\/h3>\n<p>Il sito utilizza un certificato SSL, quindi \u00e8 crittografato in HTTPS. Ci\u00f2 significa che le comunicazioni tra il browser e il server del sito sono sicure.<\/p>\n<p>Gli indirizzi IP dei visitatori, gli ID degli utenti connessi e gli identificatori dei tentativi di accesso vengono registrati in modo condizionato per verificare la presenza di attivit\u00e0 dannose e proteggere il sito da specifici tipi di attacco. Esempi di condizioni di accesso: tentativi di accesso, richieste di logout, richieste di URL sospetti, modifiche al contenuto del sito e aggiornamenti della password. Queste informazioni vengono conservate per 14 giorni.<\/p>\n<p>Questo sito viene scansionato per malware e vulnerabilit\u00e0 da SiteCheck di Sucuri. Non inviamo alcuna informazione personale a Sucuri, che tuttavia potrebbe trovare informazioni personali pubblicate pubblicamente (ad esempio nei commenti) durante la sua analisi. Per maggiori dettagli, consultare l\u2019informativa sulla privacy di Sucuri: https:\/\/sucuri.net\/privacy.<\/p>\n<h3 class=\"wp-block-heading\">Procedure attuate in caso di fuga di dati<\/h3>\n<p>Il Regolamento generale sulla protezione dei dati (GDPR) impone ai responsabili del trattamento di documentare internamente le violazioni dei dati personali e di notificare le violazioni che presentano un rischio per i diritti e le libert\u00e0 delle persone al CNIL e, in alcuni casi in cui il rischio \u00e8 elevato, alle persone interessate.<\/p>\n<p>Qualsiasi fuga di dati sar\u00e0 quindi notificata alle persone che hanno subito il danno e segnalata alla CNIL entro 72 ore.<\/p>\n\n\t\t<\/div>\n\t\t\t\t\t<\/div>\n\n\t\n\n<\/div>\n\n\t\t<\/div>\n\n\t\t\n<style>\n#section_487804213 {\n  padding-top: 30px;\n  padding-bottom: 30px;\n}\n<\/style>\n\t<\/section>\n\t\n\n\n\n\n\n","protected":false},"excerpt":{"rendered":"","protected":false},"author":1,"featured_media":0,"parent":0,"menu_order":0,"comment_status":"closed","ping_status":"closed","template":"","meta":{"_monsterinsights_skip_tracking":false,"_monsterinsights_sitenote_active":false,"_monsterinsights_sitenote_note":"","_monsterinsights_sitenote_category":0,"footnotes":""},"class_list":["post-15028","page","type-page","status-publish","hentry"],"yoast_head":"<!-- This site is optimized with the Yoast SEO plugin v27.3 - https:\/\/yoast.com\/product\/yoast-seo-wordpress\/ -->\n<title>Informativa sulla privacy &#8211; Eryx Fitness<\/title>\n<meta name=\"robots\" content=\"noindex, nofollow\" \/>\n<meta property=\"og:locale\" content=\"it_IT\" \/>\n<meta property=\"og:type\" content=\"article\" \/>\n<meta property=\"og:title\" content=\"Informativa sulla privacy &#8211; Eryx Fitness\" \/>\n<meta property=\"og:url\" content=\"https:\/\/www.eryxfitness.com\/it\/informativa-sulla-privacy\/\" \/>\n<meta property=\"og:site_name\" content=\"Eryx Fitness\" \/>\n<meta property=\"article:modified_time\" content=\"2024-09-27T13:35:57+00:00\" \/>\n<meta property=\"og:image\" content=\"https:\/\/www.eryxfitness.com\/wp-content\/uploads\/2023\/06\/IMG_0866-copie-scaled.webp\" \/>\n\t<meta property=\"og:image:width\" content=\"2560\" \/>\n\t<meta property=\"og:image:height\" content=\"1707\" \/>\n\t<meta property=\"og:image:type\" content=\"image\/webp\" \/>\n<meta name=\"twitter:card\" content=\"summary_large_image\" \/>\n<meta name=\"twitter:label1\" content=\"Tempo di lettura stimato\" \/>\n\t<meta name=\"twitter:data1\" content=\"8 minuti\" \/>\n<script type=\"application\/ld+json\" class=\"yoast-schema-graph\">{\"@context\":\"https:\\\/\\\/schema.org\",\"@graph\":[{\"@type\":\"WebPage\",\"@id\":\"https:\\\/\\\/www.eryxfitness.com\\\/it\\\/informativa-sulla-privacy\\\/\",\"url\":\"https:\\\/\\\/www.eryxfitness.com\\\/it\\\/informativa-sulla-privacy\\\/\",\"name\":\"Informativa sulla privacy &#8211; Eryx Fitness\",\"isPartOf\":{\"@id\":\"https:\\\/\\\/www.eryxfitness.com\\\/it\\\/#website\"},\"datePublished\":\"2023-07-25T12:59:49+00:00\",\"dateModified\":\"2024-09-27T13:35:57+00:00\",\"breadcrumb\":{\"@id\":\"https:\\\/\\\/www.eryxfitness.com\\\/it\\\/informativa-sulla-privacy\\\/#breadcrumb\"},\"inLanguage\":\"it-IT\",\"potentialAction\":[{\"@type\":\"ReadAction\",\"target\":[\"https:\\\/\\\/www.eryxfitness.com\\\/it\\\/informativa-sulla-privacy\\\/\"]}]},{\"@type\":\"BreadcrumbList\",\"@id\":\"https:\\\/\\\/www.eryxfitness.com\\\/it\\\/informativa-sulla-privacy\\\/#breadcrumb\",\"itemListElement\":[{\"@type\":\"ListItem\",\"position\":1,\"name\":\"Accueil\",\"item\":\"https:\\\/\\\/www.eryxfitness.com\\\/it\\\/casa\\\/\"},{\"@type\":\"ListItem\",\"position\":2,\"name\":\"Informativa sulla privacy\"}]},{\"@type\":\"WebSite\",\"@id\":\"https:\\\/\\\/www.eryxfitness.com\\\/it\\\/#website\",\"url\":\"https:\\\/\\\/www.eryxfitness.com\\\/it\\\/\",\"name\":\"ERYX FITNESS\",\"description\":\"Adjustable and portable fitness equipment\",\"publisher\":{\"@id\":\"https:\\\/\\\/www.eryxfitness.com\\\/it\\\/#organization\"},\"alternateName\":\"ERYX\",\"potentialAction\":[{\"@type\":\"SearchAction\",\"target\":{\"@type\":\"EntryPoint\",\"urlTemplate\":\"https:\\\/\\\/www.eryxfitness.com\\\/it\\\/?s={search_term_string}\"},\"query-input\":{\"@type\":\"PropertyValueSpecification\",\"valueRequired\":true,\"valueName\":\"search_term_string\"}}],\"inLanguage\":\"it-IT\"},{\"@type\":\"Organization\",\"@id\":\"https:\\\/\\\/www.eryxfitness.com\\\/it\\\/#organization\",\"name\":\"ERYX FITNESS\",\"alternateName\":\"ERYX\",\"url\":\"https:\\\/\\\/www.eryxfitness.com\\\/it\\\/\",\"logo\":{\"@type\":\"ImageObject\",\"inLanguage\":\"it-IT\",\"@id\":\"https:\\\/\\\/www.eryxfitness.com\\\/it\\\/#\\\/schema\\\/logo\\\/image\\\/\",\"url\":\"https:\\\/\\\/i0.wp.com\\\/www.eryxfitness.com\\\/wp-content\\\/uploads\\\/2023\\\/06\\\/INSTA.png?fit=2000%2C2000&ssl=1\",\"contentUrl\":\"https:\\\/\\\/i0.wp.com\\\/www.eryxfitness.com\\\/wp-content\\\/uploads\\\/2023\\\/06\\\/INSTA.png?fit=2000%2C2000&ssl=1\",\"width\":2000,\"height\":2000,\"caption\":\"ERYX FITNESS\"},\"image\":{\"@id\":\"https:\\\/\\\/www.eryxfitness.com\\\/it\\\/#\\\/schema\\\/logo\\\/image\\\/\"}}]}<\/script>\n<!-- \/ Yoast SEO plugin. -->","yoast_head_json":{"title":"Informativa sulla privacy &#8211; Eryx Fitness","robots":{"index":"noindex","follow":"nofollow"},"og_locale":"it_IT","og_type":"article","og_title":"Informativa sulla privacy &#8211; Eryx Fitness","og_url":"https:\/\/www.eryxfitness.com\/it\/informativa-sulla-privacy\/","og_site_name":"Eryx Fitness","article_modified_time":"2024-09-27T13:35:57+00:00","og_image":[{"width":2560,"height":1707,"url":"https:\/\/www.eryxfitness.com\/wp-content\/uploads\/2023\/06\/IMG_0866-copie-scaled.webp","type":"image\/webp"}],"twitter_card":"summary_large_image","twitter_misc":{"Tempo di lettura stimato":"8 minuti"},"schema":{"@context":"https:\/\/schema.org","@graph":[{"@type":"WebPage","@id":"https:\/\/www.eryxfitness.com\/it\/informativa-sulla-privacy\/","url":"https:\/\/www.eryxfitness.com\/it\/informativa-sulla-privacy\/","name":"Informativa sulla privacy &#8211; Eryx Fitness","isPartOf":{"@id":"https:\/\/www.eryxfitness.com\/it\/#website"},"datePublished":"2023-07-25T12:59:49+00:00","dateModified":"2024-09-27T13:35:57+00:00","breadcrumb":{"@id":"https:\/\/www.eryxfitness.com\/it\/informativa-sulla-privacy\/#breadcrumb"},"inLanguage":"it-IT","potentialAction":[{"@type":"ReadAction","target":["https:\/\/www.eryxfitness.com\/it\/informativa-sulla-privacy\/"]}]},{"@type":"BreadcrumbList","@id":"https:\/\/www.eryxfitness.com\/it\/informativa-sulla-privacy\/#breadcrumb","itemListElement":[{"@type":"ListItem","position":1,"name":"Accueil","item":"https:\/\/www.eryxfitness.com\/it\/casa\/"},{"@type":"ListItem","position":2,"name":"Informativa sulla privacy"}]},{"@type":"WebSite","@id":"https:\/\/www.eryxfitness.com\/it\/#website","url":"https:\/\/www.eryxfitness.com\/it\/","name":"ERYX FITNESS","description":"Adjustable and portable fitness equipment","publisher":{"@id":"https:\/\/www.eryxfitness.com\/it\/#organization"},"alternateName":"ERYX","potentialAction":[{"@type":"SearchAction","target":{"@type":"EntryPoint","urlTemplate":"https:\/\/www.eryxfitness.com\/it\/?s={search_term_string}"},"query-input":{"@type":"PropertyValueSpecification","valueRequired":true,"valueName":"search_term_string"}}],"inLanguage":"it-IT"},{"@type":"Organization","@id":"https:\/\/www.eryxfitness.com\/it\/#organization","name":"ERYX FITNESS","alternateName":"ERYX","url":"https:\/\/www.eryxfitness.com\/it\/","logo":{"@type":"ImageObject","inLanguage":"it-IT","@id":"https:\/\/www.eryxfitness.com\/it\/#\/schema\/logo\/image\/","url":"https:\/\/i0.wp.com\/www.eryxfitness.com\/wp-content\/uploads\/2023\/06\/INSTA.png?fit=2000%2C2000&ssl=1","contentUrl":"https:\/\/i0.wp.com\/www.eryxfitness.com\/wp-content\/uploads\/2023\/06\/INSTA.png?fit=2000%2C2000&ssl=1","width":2000,"height":2000,"caption":"ERYX FITNESS"},"image":{"@id":"https:\/\/www.eryxfitness.com\/it\/#\/schema\/logo\/image\/"}}]}},"_links":{"self":[{"href":"https:\/\/www.eryxfitness.com\/it\/wp-json\/wp\/v2\/pages\/15028","targetHints":{"allow":["GET"]}}],"collection":[{"href":"https:\/\/www.eryxfitness.com\/it\/wp-json\/wp\/v2\/pages"}],"about":[{"href":"https:\/\/www.eryxfitness.com\/it\/wp-json\/wp\/v2\/types\/page"}],"author":[{"embeddable":true,"href":"https:\/\/www.eryxfitness.com\/it\/wp-json\/wp\/v2\/users\/1"}],"replies":[{"embeddable":true,"href":"https:\/\/www.eryxfitness.com\/it\/wp-json\/wp\/v2\/comments?post=15028"}],"version-history":[{"count":2,"href":"https:\/\/www.eryxfitness.com\/it\/wp-json\/wp\/v2\/pages\/15028\/revisions"}],"predecessor-version":[{"id":21809,"href":"https:\/\/www.eryxfitness.com\/it\/wp-json\/wp\/v2\/pages\/15028\/revisions\/21809"}],"wp:attachment":[{"href":"https:\/\/www.eryxfitness.com\/it\/wp-json\/wp\/v2\/media?parent=15028"}],"curies":[{"name":"wp","href":"https:\/\/api.w.org\/{rel}","templated":true}]}}