{"id":14739,"date":"2019-09-26T17:56:16","date_gmt":"2019-09-26T15:56:16","guid":{"rendered":"https:\/\/www.eryxfitness.com\/produit\/kettlebell-regolabile-12-32-kg-onebell\/"},"modified":"2026-03-25T08:57:06","modified_gmt":"2026-03-25T07:57:06","slug":"kettlebell-regolabile","status":"publish","type":"product","link":"https:\/\/www.eryxfitness.com\/it\/produit\/kettlebell-regolabile\/","title":{"rendered":"Kettlebell regolabile 12-32 kg OneBell\u00ae"},"content":{"rendered":"<h1>KETTLEBELL REGOLABILE<\/h1>\n<p>L\u2019allenamento con i kettlebell pu\u00f2 apportare incredibili benefici alle prestazioni sportive e alla salute. Tuttavia, l\u2019acquisto di un set completo di kettlebell pu\u00f2 essere costoso e richiede uno spazio relativamente ampio.<\/p>\n<p>OneBell\u00ae, il nostro kettlebell regolabile da 12 a 32 kg, \u00e8 la soluzione ideale per gli utilizzatori di kettlebell che non hanno il budget o lo spazio per acquistare diversi kettlebell. 19 kettlebell in 1 per risparmiare spazio e denaro.<\/p>\n<p><strong>COMPATTO<\/strong><\/p>\n<p>Il vantaggio principale di OneBell\u00ae \u00e8 il risparmio di spazio. Se vivete in un appartamento dove non potete permettervi di schierare una dozzina di kettlebell di peso diverso, OneBell\u00ae \u00e8 la soluzione perfetta.<\/p>\n<p><strong>ECONOMICO<\/strong><\/p>\n<p>Il costo dell\u2019acquisto di un set base di kettlebell (16 kg, 24 kg e 32 kg) si aggira spesso intorno ai 200-300 euro, a seconda della marca. Per un set completo con pesi intermedi, \u00e8 necessario spendere diverse centinaia di euro, o anche pi\u00f9 di 1.000 euro a seconda della marca. Con OneBell\u00ae, al prezzo di un set base si ottengono 19 kettlebell, da 12 a 32 kg con incrementi di 1 kg.<\/p>\n<p><strong>TRASPORTABILE<\/strong><\/p>\n<p>Andate in vacanza o volete allenarvi all\u2019aperto? OneBell\u00ae pu\u00f2 essere riposto perfettamente nel bagagliaio dell\u2019auto, per allenarsi ovunque e in qualsiasi momento.<\/p>\n<p><strong>ERGONOMIA<\/strong><\/p>\n<p>A differenza della maggior parte delle kettlebell regolabili presenti sul mercato, la OneBell\u00ae ha la forma di una vera kettlebell: \u00e8 possibile eseguire tutti gli esercizi balistici e di macinazione. Sebbene il tempo di installazione possa essere un po\u2019 pi\u00f9 lungo rispetto ad altri modelli, ci\u00f2 che si ottiene in cambio \u00e8 un kettlebell altamente ergonomico e totalmente sicuro.<\/p>\n\n\n","protected":false},"excerpt":{"rendered":"<p>OneBell\u00ae, il kettlebell regolabile da <strong>12 a 32 kg<\/strong> con incrementi di 1 kg. Questo kettlebell regolabile combina <strong>19 kettlebell in uno per<\/strong> risparmiare spazio e denaro. Manico in acciaio verniciato e <strong>formato da competizione<\/strong> (standard Girevoy Sport).<\/p>\n","protected":false},"featured_media":24781,"comment_status":"open","ping_status":"closed","template":"","meta":{"_monsterinsights_skip_tracking":false,"_monsterinsights_sitenote_active":false,"_monsterinsights_sitenote_note":"","_monsterinsights_sitenote_category":0},"product_brand":[],"product_cat":[176],"product_tag":[],"class_list":{"0":"post-14739","1":"product","2":"type-product","3":"status-publish","4":"has-post-thumbnail","6":"product_cat-kettlebells","8":"first","9":"instock","10":"taxable","11":"shipping-taxable","12":"purchasable","13":"product-type-simple"},"yoast_head":"<!-- This site is optimized with the Yoast SEO plugin v27.3 - https:\/\/yoast.com\/product\/yoast-seo-wordpress\/ -->\n<title>Kettlebell regolabile 12-32 kg OneBell\u00ae &#8211; Eryx Fitness<\/title>\n<meta name=\"description\" content=\"Il kettlebell regolabile da competizione OneBell\u00ae racchiude 19 kettlebell da competizione in un solo pezzo: risparmio di spazio e denaro.\" \/>\n<meta name=\"robots\" content=\"index, follow, max-snippet:-1, max-image-preview:large, max-video-preview:-1\" \/>\n<link rel=\"canonical\" href=\"https:\/\/www.eryxfitness.com\/it\/produit\/kettlebell-regolabile\/\" \/>\n<meta property=\"og:locale\" content=\"it_IT\" \/>\n<meta property=\"og:type\" content=\"article\" \/>\n<meta property=\"og:title\" content=\"Kettlebell regolabile 12-32 kg OneBell\u00ae &#8211; Eryx Fitness\" \/>\n<meta property=\"og:description\" content=\"Il kettlebell regolabile da competizione OneBell\u00ae racchiude 19 kettlebell da competizione in un solo pezzo: risparmio di spazio e denaro.\" \/>\n<meta property=\"og:url\" content=\"https:\/\/www.eryxfitness.com\/it\/produit\/kettlebell-regolabile\/\" \/>\n<meta property=\"og:site_name\" content=\"Eryx Fitness\" \/>\n<meta property=\"article:modified_time\" content=\"2026-03-25T07:57:06+00:00\" \/>\n<meta property=\"og:image\" content=\"https:\/\/www.eryxfitness.com\/wp-content\/uploads\/2019\/09\/12-32-kg-competition-adjustable-kettlebell-eryx-fitness.webp\" \/>\n\t<meta property=\"og:image:width\" content=\"1000\" \/>\n\t<meta property=\"og:image:height\" content=\"1000\" \/>\n\t<meta property=\"og:image:type\" content=\"image\/webp\" \/>\n<meta name=\"twitter:card\" content=\"summary_large_image\" \/>\n<meta name=\"twitter:label1\" content=\"Tempo di lettura stimato\" \/>\n\t<meta name=\"twitter:data1\" content=\"2 minuti\" \/>\n<script type=\"application\/ld+json\" class=\"yoast-schema-graph\">{\"@context\":\"https:\\\/\\\/schema.org\",\"@graph\":[{\"@type\":\"WebPage\",\"@id\":\"https:\\\/\\\/www.eryxfitness.com\\\/it\\\/produit\\\/kettlebell-regolabile\\\/\",\"url\":\"https:\\\/\\\/www.eryxfitness.com\\\/it\\\/produit\\\/kettlebell-regolabile\\\/\",\"name\":\"Kettlebell regolabile 12-32 kg OneBell\u00ae &#8211; Eryx Fitness\",\"isPartOf\":{\"@id\":\"https:\\\/\\\/www.eryxfitness.com\\\/it\\\/#website\"},\"primaryImageOfPage\":{\"@id\":\"https:\\\/\\\/www.eryxfitness.com\\\/it\\\/produit\\\/kettlebell-regolabile\\\/#primaryimage\"},\"image\":{\"@id\":\"https:\\\/\\\/www.eryxfitness.com\\\/it\\\/produit\\\/kettlebell-regolabile\\\/#primaryimage\"},\"thumbnailUrl\":\"https:\\\/\\\/www.eryxfitness.com\\\/wp-content\\\/uploads\\\/2019\\\/09\\\/12-32-kg-competition-adjustable-kettlebell-eryx-fitness.webp\",\"datePublished\":\"2019-09-26T15:56:16+00:00\",\"dateModified\":\"2026-03-25T07:57:06+00:00\",\"description\":\"Il kettlebell regolabile da competizione OneBell\u00ae racchiude 19 kettlebell da competizione in un solo pezzo: risparmio di spazio e denaro.\",\"breadcrumb\":{\"@id\":\"https:\\\/\\\/www.eryxfitness.com\\\/it\\\/produit\\\/kettlebell-regolabile\\\/#breadcrumb\"},\"inLanguage\":\"it-IT\",\"potentialAction\":[{\"@type\":\"ReadAction\",\"target\":[\"https:\\\/\\\/www.eryxfitness.com\\\/it\\\/produit\\\/kettlebell-regolabile\\\/\"]}]},{\"@type\":\"ImageObject\",\"inLanguage\":\"it-IT\",\"@id\":\"https:\\\/\\\/www.eryxfitness.com\\\/it\\\/produit\\\/kettlebell-regolabile\\\/#primaryimage\",\"url\":\"https:\\\/\\\/www.eryxfitness.com\\\/wp-content\\\/uploads\\\/2019\\\/09\\\/12-32-kg-competition-adjustable-kettlebell-eryx-fitness.webp\",\"contentUrl\":\"https:\\\/\\\/www.eryxfitness.com\\\/wp-content\\\/uploads\\\/2019\\\/09\\\/12-32-kg-competition-adjustable-kettlebell-eryx-fitness.webp\",\"width\":1000,\"height\":1000},{\"@type\":\"BreadcrumbList\",\"@id\":\"https:\\\/\\\/www.eryxfitness.com\\\/it\\\/produit\\\/kettlebell-regolabile\\\/#breadcrumb\",\"itemListElement\":[{\"@type\":\"ListItem\",\"position\":1,\"name\":\"Accueil\",\"item\":\"https:\\\/\\\/www.eryxfitness.com\\\/it\\\/casa\\\/\"},{\"@type\":\"ListItem\",\"position\":2,\"name\":\"Negozio\",\"item\":\"https:\\\/\\\/www.eryxfitness.com\\\/it\\\/negozio\\\/\"},{\"@type\":\"ListItem\",\"position\":3,\"name\":\"Kettlebell regolabile 12-32 kg OneBell\u00ae\"}]},{\"@type\":\"WebSite\",\"@id\":\"https:\\\/\\\/www.eryxfitness.com\\\/it\\\/#website\",\"url\":\"https:\\\/\\\/www.eryxfitness.com\\\/it\\\/\",\"name\":\"ERYX FITNESS\",\"description\":\"Adjustable and portable fitness equipment\",\"publisher\":{\"@id\":\"https:\\\/\\\/www.eryxfitness.com\\\/it\\\/#organization\"},\"alternateName\":\"ERYX\",\"potentialAction\":[{\"@type\":\"SearchAction\",\"target\":{\"@type\":\"EntryPoint\",\"urlTemplate\":\"https:\\\/\\\/www.eryxfitness.com\\\/it\\\/?s={search_term_string}\"},\"query-input\":{\"@type\":\"PropertyValueSpecification\",\"valueRequired\":true,\"valueName\":\"search_term_string\"}}],\"inLanguage\":\"it-IT\"},{\"@type\":\"Organization\",\"@id\":\"https:\\\/\\\/www.eryxfitness.com\\\/it\\\/#organization\",\"name\":\"ERYX FITNESS\",\"alternateName\":\"ERYX\",\"url\":\"https:\\\/\\\/www.eryxfitness.com\\\/it\\\/\",\"logo\":{\"@type\":\"ImageObject\",\"inLanguage\":\"it-IT\",\"@id\":\"https:\\\/\\\/www.eryxfitness.com\\\/it\\\/#\\\/schema\\\/logo\\\/image\\\/\",\"url\":\"https:\\\/\\\/i0.wp.com\\\/www.eryxfitness.com\\\/wp-content\\\/uploads\\\/2023\\\/06\\\/INSTA.png?fit=2000%2C2000&ssl=1\",\"contentUrl\":\"https:\\\/\\\/i0.wp.com\\\/www.eryxfitness.com\\\/wp-content\\\/uploads\\\/2023\\\/06\\\/INSTA.png?fit=2000%2C2000&ssl=1\",\"width\":2000,\"height\":2000,\"caption\":\"ERYX FITNESS\"},\"image\":{\"@id\":\"https:\\\/\\\/www.eryxfitness.com\\\/it\\\/#\\\/schema\\\/logo\\\/image\\\/\"}}]}<\/script>\n<!-- \/ Yoast SEO plugin. -->","yoast_head_json":{"title":"Kettlebell regolabile 12-32 kg OneBell\u00ae &#8211; Eryx Fitness","description":"Il kettlebell regolabile da competizione OneBell\u00ae racchiude 19 kettlebell da competizione in un solo pezzo: risparmio di spazio e denaro.","robots":{"index":"index","follow":"follow","max-snippet":"max-snippet:-1","max-image-preview":"max-image-preview:large","max-video-preview":"max-video-preview:-1"},"canonical":"https:\/\/www.eryxfitness.com\/it\/produit\/kettlebell-regolabile\/","og_locale":"it_IT","og_type":"article","og_title":"Kettlebell regolabile 12-32 kg OneBell\u00ae &#8211; Eryx Fitness","og_description":"Il kettlebell regolabile da competizione OneBell\u00ae racchiude 19 kettlebell da competizione in un solo pezzo: risparmio di spazio e denaro.","og_url":"https:\/\/www.eryxfitness.com\/it\/produit\/kettlebell-regolabile\/","og_site_name":"Eryx Fitness","article_modified_time":"2026-03-25T07:57:06+00:00","og_image":[{"width":1000,"height":1000,"url":"https:\/\/www.eryxfitness.com\/wp-content\/uploads\/2019\/09\/12-32-kg-competition-adjustable-kettlebell-eryx-fitness.webp","type":"image\/webp"}],"twitter_card":"summary_large_image","twitter_misc":{"Tempo di lettura stimato":"2 minuti"},"schema":{"@context":"https:\/\/schema.org","@graph":[{"@type":"WebPage","@id":"https:\/\/www.eryxfitness.com\/it\/produit\/kettlebell-regolabile\/","url":"https:\/\/www.eryxfitness.com\/it\/produit\/kettlebell-regolabile\/","name":"Kettlebell regolabile 12-32 kg OneBell\u00ae &#8211; Eryx Fitness","isPartOf":{"@id":"https:\/\/www.eryxfitness.com\/it\/#website"},"primaryImageOfPage":{"@id":"https:\/\/www.eryxfitness.com\/it\/produit\/kettlebell-regolabile\/#primaryimage"},"image":{"@id":"https:\/\/www.eryxfitness.com\/it\/produit\/kettlebell-regolabile\/#primaryimage"},"thumbnailUrl":"https:\/\/www.eryxfitness.com\/wp-content\/uploads\/2019\/09\/12-32-kg-competition-adjustable-kettlebell-eryx-fitness.webp","datePublished":"2019-09-26T15:56:16+00:00","dateModified":"2026-03-25T07:57:06+00:00","description":"Il kettlebell regolabile da competizione OneBell\u00ae racchiude 19 kettlebell da competizione in un solo pezzo: risparmio di spazio e denaro.","breadcrumb":{"@id":"https:\/\/www.eryxfitness.com\/it\/produit\/kettlebell-regolabile\/#breadcrumb"},"inLanguage":"it-IT","potentialAction":[{"@type":"ReadAction","target":["https:\/\/www.eryxfitness.com\/it\/produit\/kettlebell-regolabile\/"]}]},{"@type":"ImageObject","inLanguage":"it-IT","@id":"https:\/\/www.eryxfitness.com\/it\/produit\/kettlebell-regolabile\/#primaryimage","url":"https:\/\/www.eryxfitness.com\/wp-content\/uploads\/2019\/09\/12-32-kg-competition-adjustable-kettlebell-eryx-fitness.webp","contentUrl":"https:\/\/www.eryxfitness.com\/wp-content\/uploads\/2019\/09\/12-32-kg-competition-adjustable-kettlebell-eryx-fitness.webp","width":1000,"height":1000},{"@type":"BreadcrumbList","@id":"https:\/\/www.eryxfitness.com\/it\/produit\/kettlebell-regolabile\/#breadcrumb","itemListElement":[{"@type":"ListItem","position":1,"name":"Accueil","item":"https:\/\/www.eryxfitness.com\/it\/casa\/"},{"@type":"ListItem","position":2,"name":"Negozio","item":"https:\/\/www.eryxfitness.com\/it\/negozio\/"},{"@type":"ListItem","position":3,"name":"Kettlebell regolabile 12-32 kg OneBell\u00ae"}]},{"@type":"WebSite","@id":"https:\/\/www.eryxfitness.com\/it\/#website","url":"https:\/\/www.eryxfitness.com\/it\/","name":"ERYX FITNESS","description":"Adjustable and portable fitness equipment","publisher":{"@id":"https:\/\/www.eryxfitness.com\/it\/#organization"},"alternateName":"ERYX","potentialAction":[{"@type":"SearchAction","target":{"@type":"EntryPoint","urlTemplate":"https:\/\/www.eryxfitness.com\/it\/?s={search_term_string}"},"query-input":{"@type":"PropertyValueSpecification","valueRequired":true,"valueName":"search_term_string"}}],"inLanguage":"it-IT"},{"@type":"Organization","@id":"https:\/\/www.eryxfitness.com\/it\/#organization","name":"ERYX FITNESS","alternateName":"ERYX","url":"https:\/\/www.eryxfitness.com\/it\/","logo":{"@type":"ImageObject","inLanguage":"it-IT","@id":"https:\/\/www.eryxfitness.com\/it\/#\/schema\/logo\/image\/","url":"https:\/\/i0.wp.com\/www.eryxfitness.com\/wp-content\/uploads\/2023\/06\/INSTA.png?fit=2000%2C2000&ssl=1","contentUrl":"https:\/\/i0.wp.com\/www.eryxfitness.com\/wp-content\/uploads\/2023\/06\/INSTA.png?fit=2000%2C2000&ssl=1","width":2000,"height":2000,"caption":"ERYX FITNESS"},"image":{"@id":"https:\/\/www.eryxfitness.com\/it\/#\/schema\/logo\/image\/"}}]}},"_links":{"self":[{"href":"https:\/\/www.eryxfitness.com\/it\/wp-json\/wp\/v2\/product\/14739","targetHints":{"allow":["GET"]}}],"collection":[{"href":"https:\/\/www.eryxfitness.com\/it\/wp-json\/wp\/v2\/product"}],"about":[{"href":"https:\/\/www.eryxfitness.com\/it\/wp-json\/wp\/v2\/types\/product"}],"replies":[{"embeddable":true,"href":"https:\/\/www.eryxfitness.com\/it\/wp-json\/wp\/v2\/comments?post=14739"}],"wp:featuredmedia":[{"embeddable":true,"href":"https:\/\/www.eryxfitness.com\/it\/wp-json\/wp\/v2\/media\/24781"}],"wp:attachment":[{"href":"https:\/\/www.eryxfitness.com\/it\/wp-json\/wp\/v2\/media?parent=14739"}],"wp:term":[{"taxonomy":"product_brand","embeddable":true,"href":"https:\/\/www.eryxfitness.com\/it\/wp-json\/wp\/v2\/product_brand?post=14739"},{"taxonomy":"product_cat","embeddable":true,"href":"https:\/\/www.eryxfitness.com\/it\/wp-json\/wp\/v2\/product_cat?post=14739"},{"taxonomy":"product_tag","embeddable":true,"href":"https:\/\/www.eryxfitness.com\/it\/wp-json\/wp\/v2\/product_tag?post=14739"}],"curies":[{"name":"wp","href":"https:\/\/api.w.org\/{rel}","templated":true}]}}