{"id":14924,"date":"2022-11-04T11:19:11","date_gmt":"2022-11-04T10:19:11","guid":{"rendered":"https:\/\/www.eryxfitness.com\/produit\/zaino-crossfit-crosspak\/"},"modified":"2025-12-01T00:12:04","modified_gmt":"2025-11-30T23:12:04","slug":"zaino-crossfit","status":"publish","type":"product","link":"https:\/\/www.eryxfitness.com\/it\/produit\/zaino-crossfit\/","title":{"rendered":"Zaino crossfit CrossPak\u00ae"},"content":{"rendered":"<div>\n<h1>ZAINO CROSSFIT CROSSPAK\u00ae<\/h1>\n<p>Lo zaino CrossPak\u00ae crossfit \u00e8 uno zaino spazioso progettato per gli atleti che hanno bisogno di una borsa per trasportare tutta l\u2019attrezzatura per l\u2019allenamento. \u00c8 realizzato con materiali di alta qualit\u00e0, che garantiscono una resistenza e una durata ineguagliabili.<\/p>\n<h2>Uno zaino crossfit spazioso e confortevole<\/h2>\n<p>Questo zaino ha una capacit\u00e0 di 45 litri, il che significa che pu\u00f2 trasportare tutti gli accessori per l\u2019allenamento, comprese le scarpe, un cambio di vestiti, un asciugamano, bottiglie d\u2019acqua, polsiere, ginocchiere e persino un computer portatile. Dispone di numerose tasche e scomparti per organizzare i vostri effetti personali, consentendovi di accedere rapidamente a tutti gli accessori per l\u2019allenamento.<\/p>\n<p>Gli spallacci imbottiti e regolabili offrono una vestibilit\u00e0 personalizzata per adattarsi alla forma del corpo e ridurre la pressione sulle spalle. Il pannello posteriore \u00e8 inoltre dotato di un\u2019imbottitura che consente all\u2019aria di circolare tra la schiena e la borsa, riducendo la sudorazione.<\/p>\n<h2>Uno zaino crossfit resistente<\/h2>\n<p>Realizzato in nylon Oxford 900D per una lunga durata contro l\u2019usura. Le cerniere lisce KAM sono progettate per resistere all\u2019usura e all\u2019abrasione. Inoltre, la nostra borsa \u00e8 dotata di una fodera interna resistente all\u2019acqua per proteggere i vostri accessori da allenamento dall\u2019umidit\u00e0 e dagli agenti atmosferici.<\/p>\n<h2>Un elegante zaino crossfit<\/h2>\n<p>Questo zaino da 45L non \u00e8 solo pratico per trasportare l\u2019attrezzatura da allenamento, ma ha anche un design elegante che consente di utilizzarlo come zaino per tutti i giorni. \u00c8 disponibile in diversi colori, tra cui nero, blu, rosso e verde, in modo da poter scegliere quello pi\u00f9 adatto al proprio stile.<\/p>\n<p>In conclusione, se siete atleti di crossfit alla ricerca di uno zaino spazioso, resistente e comodo per trasportare tutta l\u2019attrezzatura per l\u2019allenamento, lo zaino crossfit CrossPak\u00ae \u00e8 la soluzione ideale per voi. Grazie alla capacit\u00e0 di 45 litri, alle molteplici tasche e scomparti, al sistema di sospensione traspirante, alla lunga durata e al design elegante, non vi pentirete di aver scelto questo zaino da crossfit per i vostri allenamenti.<\/p>\n<\/div>\n\n\n\n\n","protected":false},"excerpt":{"rendered":"<div>Uno zaino da crossfit \u00e8 uno strumento essenziale per chiunque pratichi bodybuilding, crossfit, cross training, functional fitness o sport da combattimento. Uno zaino CrossPak\u00ae 45L crossfit \u00e8 ancora meglio: grande capacit\u00e0 di stoccaggio, pratico da trasportare ed elegante da vedere.<\/div>\n<div> <\/div>\n<div>CrossPak\u00ae \u00e8 realizzato in tessuto Oxford 900D ad alta densit\u00e0 con cerniera KAM liscia: resistente all&#8217;acqua, antistrappo, durevole e antiruggine, la borsa durer\u00e0 a lungo.<\/div>\n","protected":false},"featured_media":14078,"comment_status":"open","ping_status":"closed","template":"","meta":{"_monsterinsights_skip_tracking":false,"_monsterinsights_sitenote_active":false,"_monsterinsights_sitenote_note":"","_monsterinsights_sitenote_category":0},"product_brand":[],"product_cat":[144],"product_tag":[],"class_list":{"0":"post-14924","1":"product","2":"type-product","3":"status-publish","4":"has-post-thumbnail","6":"product_cat-senza-categoria","8":"first","9":"instock","10":"taxable","11":"shipping-taxable","12":"purchasable","13":"product-type-variable"},"yoast_head":"<!-- This site is optimized with the Yoast SEO plugin v27.5 - https:\/\/yoast.com\/product\/yoast-seo-wordpress\/ -->\n<title>Zaino crossfit CrossPak\u00ae &#8211; Eryx Fitness<\/title>\n<meta name=\"description\" content=\"Lo zaino CrossPak\u00ae per il crossfit \u00e8 uno strumento essenziale per chiunque pratichi l&#039;allenamento con i pesi, il crossfit o gli sport da combattimento.\" \/>\n<meta name=\"robots\" content=\"index, follow, max-snippet:-1, max-image-preview:large, max-video-preview:-1\" \/>\n<link rel=\"canonical\" href=\"https:\/\/www.eryxfitness.com\/it\/produit\/zaino-crossfit\/\" \/>\n<meta property=\"og:locale\" content=\"it_IT\" \/>\n<meta property=\"og:type\" content=\"article\" \/>\n<meta property=\"og:title\" content=\"Zaino crossfit CrossPak\u00ae &#8211; Eryx Fitness\" \/>\n<meta property=\"og:description\" content=\"Lo zaino CrossPak\u00ae per il crossfit \u00e8 uno strumento essenziale per chiunque pratichi l&#039;allenamento con i pesi, il crossfit o gli sport da combattimento.\" \/>\n<meta property=\"og:url\" content=\"https:\/\/www.eryxfitness.com\/it\/produit\/zaino-crossfit\/\" \/>\n<meta property=\"og:site_name\" content=\"Eryx Fitness\" \/>\n<meta property=\"article:modified_time\" content=\"2025-11-30T23:12:04+00:00\" \/>\n<meta property=\"og:image\" content=\"https:\/\/www.eryxfitness.com\/wp-content\/uploads\/2023\/01\/crossfit-gym-bag-army-green.webp\" \/>\n\t<meta property=\"og:image:width\" content=\"2500\" \/>\n\t<meta property=\"og:image:height\" content=\"2500\" \/>\n\t<meta property=\"og:image:type\" content=\"image\/webp\" \/>\n<meta name=\"twitter:card\" content=\"summary_large_image\" \/>\n<meta name=\"twitter:label1\" content=\"Tempo di lettura stimato\" \/>\n\t<meta name=\"twitter:data1\" content=\"2 minuti\" \/>\n<script type=\"application\/ld+json\" class=\"yoast-schema-graph\">{\"@context\":\"https:\\\/\\\/schema.org\",\"@graph\":[{\"@type\":\"WebPage\",\"@id\":\"https:\\\/\\\/www.eryxfitness.com\\\/it\\\/produit\\\/zaino-crossfit\\\/\",\"url\":\"https:\\\/\\\/www.eryxfitness.com\\\/it\\\/produit\\\/zaino-crossfit\\\/\",\"name\":\"Zaino crossfit CrossPak\u00ae &#8211; Eryx Fitness\",\"isPartOf\":{\"@id\":\"https:\\\/\\\/www.eryxfitness.com\\\/it\\\/#website\"},\"primaryImageOfPage\":{\"@id\":\"https:\\\/\\\/www.eryxfitness.com\\\/it\\\/produit\\\/zaino-crossfit\\\/#primaryimage\"},\"image\":{\"@id\":\"https:\\\/\\\/www.eryxfitness.com\\\/it\\\/produit\\\/zaino-crossfit\\\/#primaryimage\"},\"thumbnailUrl\":\"https:\\\/\\\/www.eryxfitness.com\\\/wp-content\\\/uploads\\\/2023\\\/01\\\/crossfit-gym-bag-army-green.webp\",\"datePublished\":\"2022-11-04T10:19:11+00:00\",\"dateModified\":\"2025-11-30T23:12:04+00:00\",\"description\":\"Lo zaino CrossPak\u00ae per il crossfit \u00e8 uno strumento essenziale per chiunque pratichi l'allenamento con i pesi, il crossfit o gli sport da combattimento.\",\"breadcrumb\":{\"@id\":\"https:\\\/\\\/www.eryxfitness.com\\\/it\\\/produit\\\/zaino-crossfit\\\/#breadcrumb\"},\"inLanguage\":\"it-IT\",\"potentialAction\":[{\"@type\":\"ReadAction\",\"target\":[\"https:\\\/\\\/www.eryxfitness.com\\\/it\\\/produit\\\/zaino-crossfit\\\/\"]}]},{\"@type\":\"ImageObject\",\"inLanguage\":\"it-IT\",\"@id\":\"https:\\\/\\\/www.eryxfitness.com\\\/it\\\/produit\\\/zaino-crossfit\\\/#primaryimage\",\"url\":\"https:\\\/\\\/www.eryxfitness.com\\\/wp-content\\\/uploads\\\/2023\\\/01\\\/crossfit-gym-bag-army-green.webp\",\"contentUrl\":\"https:\\\/\\\/www.eryxfitness.com\\\/wp-content\\\/uploads\\\/2023\\\/01\\\/crossfit-gym-bag-army-green.webp\",\"width\":2500,\"height\":2500},{\"@type\":\"BreadcrumbList\",\"@id\":\"https:\\\/\\\/www.eryxfitness.com\\\/it\\\/produit\\\/zaino-crossfit\\\/#breadcrumb\",\"itemListElement\":[{\"@type\":\"ListItem\",\"position\":1,\"name\":\"Accueil\",\"item\":\"https:\\\/\\\/www.eryxfitness.com\\\/it\\\/casa\\\/\"},{\"@type\":\"ListItem\",\"position\":2,\"name\":\"Negozio\",\"item\":\"https:\\\/\\\/www.eryxfitness.com\\\/it\\\/negozio\\\/\"},{\"@type\":\"ListItem\",\"position\":3,\"name\":\"Zaino crossfit CrossPak\u00ae\"}]},{\"@type\":\"WebSite\",\"@id\":\"https:\\\/\\\/www.eryxfitness.com\\\/it\\\/#website\",\"url\":\"https:\\\/\\\/www.eryxfitness.com\\\/it\\\/\",\"name\":\"ERYX FITNESS\",\"description\":\"Adjustable and portable fitness equipment\",\"publisher\":{\"@id\":\"https:\\\/\\\/www.eryxfitness.com\\\/it\\\/#organization\"},\"alternateName\":\"ERYX\",\"potentialAction\":[{\"@type\":\"SearchAction\",\"target\":{\"@type\":\"EntryPoint\",\"urlTemplate\":\"https:\\\/\\\/www.eryxfitness.com\\\/it\\\/?s={search_term_string}\"},\"query-input\":{\"@type\":\"PropertyValueSpecification\",\"valueRequired\":true,\"valueName\":\"search_term_string\"}}],\"inLanguage\":\"it-IT\"},{\"@type\":\"Organization\",\"@id\":\"https:\\\/\\\/www.eryxfitness.com\\\/it\\\/#organization\",\"name\":\"ERYX FITNESS\",\"alternateName\":\"ERYX\",\"url\":\"https:\\\/\\\/www.eryxfitness.com\\\/it\\\/\",\"logo\":{\"@type\":\"ImageObject\",\"inLanguage\":\"it-IT\",\"@id\":\"https:\\\/\\\/www.eryxfitness.com\\\/it\\\/#\\\/schema\\\/logo\\\/image\\\/\",\"url\":\"https:\\\/\\\/i0.wp.com\\\/www.eryxfitness.com\\\/wp-content\\\/uploads\\\/2023\\\/06\\\/INSTA.png?fit=2000%2C2000&ssl=1\",\"contentUrl\":\"https:\\\/\\\/i0.wp.com\\\/www.eryxfitness.com\\\/wp-content\\\/uploads\\\/2023\\\/06\\\/INSTA.png?fit=2000%2C2000&ssl=1\",\"width\":2000,\"height\":2000,\"caption\":\"ERYX FITNESS\"},\"image\":{\"@id\":\"https:\\\/\\\/www.eryxfitness.com\\\/it\\\/#\\\/schema\\\/logo\\\/image\\\/\"}}]}<\/script>\n<!-- \/ Yoast SEO plugin. -->","yoast_head_json":{"title":"Zaino crossfit CrossPak\u00ae &#8211; Eryx Fitness","description":"Lo zaino CrossPak\u00ae per il crossfit \u00e8 uno strumento essenziale per chiunque pratichi l'allenamento con i pesi, il crossfit o gli sport da combattimento.","robots":{"index":"index","follow":"follow","max-snippet":"max-snippet:-1","max-image-preview":"max-image-preview:large","max-video-preview":"max-video-preview:-1"},"canonical":"https:\/\/www.eryxfitness.com\/it\/produit\/zaino-crossfit\/","og_locale":"it_IT","og_type":"article","og_title":"Zaino crossfit CrossPak\u00ae &#8211; Eryx Fitness","og_description":"Lo zaino CrossPak\u00ae per il crossfit \u00e8 uno strumento essenziale per chiunque pratichi l'allenamento con i pesi, il crossfit o gli sport da combattimento.","og_url":"https:\/\/www.eryxfitness.com\/it\/produit\/zaino-crossfit\/","og_site_name":"Eryx Fitness","article_modified_time":"2025-11-30T23:12:04+00:00","og_image":[{"width":2500,"height":2500,"url":"https:\/\/www.eryxfitness.com\/wp-content\/uploads\/2023\/01\/crossfit-gym-bag-army-green.webp","type":"image\/webp"}],"twitter_card":"summary_large_image","twitter_misc":{"Tempo di lettura stimato":"2 minuti"},"schema":{"@context":"https:\/\/schema.org","@graph":[{"@type":"WebPage","@id":"https:\/\/www.eryxfitness.com\/it\/produit\/zaino-crossfit\/","url":"https:\/\/www.eryxfitness.com\/it\/produit\/zaino-crossfit\/","name":"Zaino crossfit CrossPak\u00ae &#8211; Eryx Fitness","isPartOf":{"@id":"https:\/\/www.eryxfitness.com\/it\/#website"},"primaryImageOfPage":{"@id":"https:\/\/www.eryxfitness.com\/it\/produit\/zaino-crossfit\/#primaryimage"},"image":{"@id":"https:\/\/www.eryxfitness.com\/it\/produit\/zaino-crossfit\/#primaryimage"},"thumbnailUrl":"https:\/\/www.eryxfitness.com\/wp-content\/uploads\/2023\/01\/crossfit-gym-bag-army-green.webp","datePublished":"2022-11-04T10:19:11+00:00","dateModified":"2025-11-30T23:12:04+00:00","description":"Lo zaino CrossPak\u00ae per il crossfit \u00e8 uno strumento essenziale per chiunque pratichi l'allenamento con i pesi, il crossfit o gli sport da combattimento.","breadcrumb":{"@id":"https:\/\/www.eryxfitness.com\/it\/produit\/zaino-crossfit\/#breadcrumb"},"inLanguage":"it-IT","potentialAction":[{"@type":"ReadAction","target":["https:\/\/www.eryxfitness.com\/it\/produit\/zaino-crossfit\/"]}]},{"@type":"ImageObject","inLanguage":"it-IT","@id":"https:\/\/www.eryxfitness.com\/it\/produit\/zaino-crossfit\/#primaryimage","url":"https:\/\/www.eryxfitness.com\/wp-content\/uploads\/2023\/01\/crossfit-gym-bag-army-green.webp","contentUrl":"https:\/\/www.eryxfitness.com\/wp-content\/uploads\/2023\/01\/crossfit-gym-bag-army-green.webp","width":2500,"height":2500},{"@type":"BreadcrumbList","@id":"https:\/\/www.eryxfitness.com\/it\/produit\/zaino-crossfit\/#breadcrumb","itemListElement":[{"@type":"ListItem","position":1,"name":"Accueil","item":"https:\/\/www.eryxfitness.com\/it\/casa\/"},{"@type":"ListItem","position":2,"name":"Negozio","item":"https:\/\/www.eryxfitness.com\/it\/negozio\/"},{"@type":"ListItem","position":3,"name":"Zaino crossfit CrossPak\u00ae"}]},{"@type":"WebSite","@id":"https:\/\/www.eryxfitness.com\/it\/#website","url":"https:\/\/www.eryxfitness.com\/it\/","name":"ERYX FITNESS","description":"Adjustable and portable fitness equipment","publisher":{"@id":"https:\/\/www.eryxfitness.com\/it\/#organization"},"alternateName":"ERYX","potentialAction":[{"@type":"SearchAction","target":{"@type":"EntryPoint","urlTemplate":"https:\/\/www.eryxfitness.com\/it\/?s={search_term_string}"},"query-input":{"@type":"PropertyValueSpecification","valueRequired":true,"valueName":"search_term_string"}}],"inLanguage":"it-IT"},{"@type":"Organization","@id":"https:\/\/www.eryxfitness.com\/it\/#organization","name":"ERYX FITNESS","alternateName":"ERYX","url":"https:\/\/www.eryxfitness.com\/it\/","logo":{"@type":"ImageObject","inLanguage":"it-IT","@id":"https:\/\/www.eryxfitness.com\/it\/#\/schema\/logo\/image\/","url":"https:\/\/i0.wp.com\/www.eryxfitness.com\/wp-content\/uploads\/2023\/06\/INSTA.png?fit=2000%2C2000&ssl=1","contentUrl":"https:\/\/i0.wp.com\/www.eryxfitness.com\/wp-content\/uploads\/2023\/06\/INSTA.png?fit=2000%2C2000&ssl=1","width":2000,"height":2000,"caption":"ERYX FITNESS"},"image":{"@id":"https:\/\/www.eryxfitness.com\/it\/#\/schema\/logo\/image\/"}}]}},"_links":{"self":[{"href":"https:\/\/www.eryxfitness.com\/it\/wp-json\/wp\/v2\/product\/14924","targetHints":{"allow":["GET"]}}],"collection":[{"href":"https:\/\/www.eryxfitness.com\/it\/wp-json\/wp\/v2\/product"}],"about":[{"href":"https:\/\/www.eryxfitness.com\/it\/wp-json\/wp\/v2\/types\/product"}],"replies":[{"embeddable":true,"href":"https:\/\/www.eryxfitness.com\/it\/wp-json\/wp\/v2\/comments?post=14924"}],"wp:featuredmedia":[{"embeddable":true,"href":"https:\/\/www.eryxfitness.com\/it\/wp-json\/wp\/v2\/media\/14078"}],"wp:attachment":[{"href":"https:\/\/www.eryxfitness.com\/it\/wp-json\/wp\/v2\/media?parent=14924"}],"wp:term":[{"taxonomy":"product_brand","embeddable":true,"href":"https:\/\/www.eryxfitness.com\/it\/wp-json\/wp\/v2\/product_brand?post=14924"},{"taxonomy":"product_cat","embeddable":true,"href":"https:\/\/www.eryxfitness.com\/it\/wp-json\/wp\/v2\/product_cat?post=14924"},{"taxonomy":"product_tag","embeddable":true,"href":"https:\/\/www.eryxfitness.com\/it\/wp-json\/wp\/v2\/product_tag?post=14924"}],"curies":[{"name":"wp","href":"https:\/\/api.w.org\/{rel}","templated":true}]}}