{"id":15030,"date":"2023-07-25T15:00:42","date_gmt":"2023-07-25T13:00:42","guid":{"rendered":"https:\/\/www.eryxfitness.com\/polityka-prywatnosci\/"},"modified":"2024-09-27T15:36:28","modified_gmt":"2024-09-27T13:36:28","slug":"polityka-prywatnosci","status":"publish","type":"page","link":"https:\/\/www.eryxfitness.com\/pl\/polityka-prywatnosci\/","title":{"rendered":"Polityka prywatno\u015bci"},"content":{"rendered":"\n\t<section class=\"section\" id=\"section_2070077049\">\n\t\t<div class=\"section-bg fill\" >\n\t\t\t\t\t\t\t\t\t\n\t\t\t\n\n\t\t<\/div>\n\n\t\t\n\n\t\t<div class=\"section-content relative\">\n\t\t\t\n\n<div class=\"row\"  id=\"row-1981447860\">\n\n\n\t<div id=\"col-274782162\" class=\"col small-12 large-12\"  >\n\t\t\t\t<div class=\"col-inner\"  >\n\t\t\t\n\t\t\t\n\n<\/p><h1><span style=\"font-size: 120%;\">POLITYKA PRYWATNO\u015aCI<\/span><\/h1>\n<h2 class=\"wp-block-heading\">Kim jeste\u015bmy?<\/h2>\n<p>Eryx Fitness to marka modu\u0142owego, przeno\u015bnego sprz\u0119tu do treningu fitness.<\/p>\n<p>SIRET: 892 602 327 00017<\/p>\n<p>Strona internetowa: https:\/\/www.eryxfitness.com<\/p>\n<p>Adres e-mail: contact@eryxfitness.com<\/p>\n<h2 class=\"wp-block-heading\">Wykorzystanie zebranych danych osobowych<\/h2>\n<h3 class=\"wp-block-heading\">Komentarze<\/h3>\n<p>Gdy u\u017cytkownik zostawia komentarz na naszej stronie internetowej, dane wprowadzone w formularzu komentarza, adres IP i agent u\u017cytkownika przegl\u0105darki s\u0105 gromadzone, aby pom\u00f3c nam wykry\u0107 niepo\u017c\u0105dane komentarze.<\/p>\n<p>Zanonimizowany ci\u0105g znak\u00f3w utworzony z adresu e-mail u\u017cytkownika (znany r\u00f3wnie\u017c jako hash) mo\u017ce zosta\u0107 wys\u0142any do us\u0142ugi Gravatar w celu sprawdzenia, czy u\u017cytkownik z niej korzysta. Polityka prywatno\u015bci Gravatar jest dost\u0119pna tutaj: https:\/\/automattic.com\/privacy\/. Po zatwierdzeniu komentarza zdj\u0119cie profilowe b\u0119dzie widoczne publicznie obok komentarza.<\/p>\n<h3 class=\"wp-block-heading\">Media<\/h3>\n<p>Je\u015bli jeste\u015b zarejestrowanym u\u017cytkownikiem i przesy\u0142asz obrazy do witryny, zalecamy unikanie przesy\u0142ania obraz\u00f3w zawieraj\u0105cych dane EXIF wsp\u00f3\u0142rz\u0119dnych GPS. Odwiedzaj\u0105cy witryn\u0119 mog\u0105 pobra\u0107 i wyodr\u0119bni\u0107 dane lokalizacji z tych obraz\u00f3w.<\/p>\n<h3 class=\"wp-block-heading\">Formularze kontaktowe<\/h3>\n<p>U\u017cywamy oprogramowania Brevo do zbierania informacji, takich jak imi\u0119 i nazwisko oraz adres e-mail, w szczeg\u00f3lno\u015bci podczas subskrypcji naszego biuletynu. Dane te s\u0105 przechowywane w celu utworzenia bazy danych klient\u00f3w. Po zarejestrowaniu si\u0119 za pomoc\u0105 jednego z naszych formularzy mo\u017cesz otrzymywa\u0107 oferty produkt\u00f3w poczt\u0105 elektroniczn\u0105. U\u017cytkownik mo\u017ce w dowolnym momencie zrezygnowa\u0107 z subskrypcji, klikaj\u0105c \u0142\u0105cze znajduj\u0105ce si\u0119 na dole ka\u017cdej otrzymanej od nas wiadomo\u015bci e-mail.<\/p>\n<h3 class=\"wp-block-heading\">Pliki cookie<\/h3>\n<p>Je\u015bli zostawisz komentarz na naszej stronie, zostaniesz poproszony o zapisanie swojego imienia i nazwiska, adresu e-mail i strony internetowej w plikach cookie. To tylko dla Twojej wygody, aby\u015b nie musia\u0142 wprowadza\u0107 tych informacji, je\u015bli p\u00f3\u017aniej opublikujesz kolejny komentarz. Te pliki cookie trac\u0105 wa\u017cno\u015b\u0107 po roku.<\/p>\n<p>Po przej\u015bciu na stron\u0119 logowania zostanie utworzony tymczasowy plik cookie w celu ustalenia, czy przegl\u0105darka u\u017cytkownika akceptuje pliki cookie. Nie zawiera on \u017cadnych danych osobowych i zostanie automatycznie usuni\u0119ty po zamkni\u0119ciu przegl\u0105darki.<\/p>\n<p>Podczas logowania ustawimy pewn\u0105 liczb\u0119 plik\u00f3w cookie w celu zapisania danych logowania i preferencji ekranu. \u017bywotno\u015b\u0107 pliku cookie po\u0142\u0105czenia wynosi dwa dni, a pliku cookie opcji ekranu jeden rok. Je\u015bli zaznaczysz opcj\u0119 \u201eZapami\u0119taj mnie\u201d, plik cookie po\u0142\u0105czenia b\u0119dzie przechowywany przez dwa tygodnie. Je\u015bli u\u017cytkownik wyloguje si\u0119 ze swojego konta, plik cookie po\u0142\u0105czenia zostanie usuni\u0119ty.<\/p>\n<p>Modyfikuj\u0105c lub publikuj\u0105c publikacj\u0119, w przegl\u0105darce u\u017cytkownika zostanie zapisany dodatkowy plik cookie. Ten plik cookie nie zawiera \u017cadnych danych osobowych. Wskazuje on po prostu identyfikator w\u0142a\u015bnie zmodyfikowanej publikacji. Wygasa po jednym dniu.<\/p>\n<h3 class=\"wp-block-heading\">Osadzona zawarto\u015b\u0107 z innych witryn<\/h3>\n<p>Artyku\u0142y na tej stronie mog\u0105 zawiera\u0107 osadzone tre\u015bci (np. filmy, obrazy, artyku\u0142y itp.). Zawarto\u015b\u0107 zintegrowana z innymi witrynami zachowuje si\u0119 w taki sam spos\u00f3b, jakby u\u017cytkownik odwiedza\u0142 t\u0119 inn\u0105 witryn\u0119.<\/p>\n<p>Witryny te mog\u0105 gromadzi\u0107 dane o u\u017cytkowniku, wykorzystywa\u0107 pliki cookie, osadza\u0107 narz\u0119dzia \u015bledz\u0105ce stron trzecich i \u015bledzi\u0107 interakcje u\u017cytkownika z t\u0105 osadzon\u0105 zawarto\u015bci\u0105, je\u015bli u\u017cytkownik ma zalogowane konto w ich witrynie.<\/p>\n<h3 class=\"wp-block-heading\">Statystyki i pomiary ogl\u0105dalno\u015bci<\/h3>\n<p>Ta strona korzysta z Google Analytics jako narz\u0119dzia statystycznego. Witryny korzystaj\u0105ce z tej us\u0142ugi s\u0105 zobowi\u0105zane do zamieszczenia standardowego tekstu dla odwiedzaj\u0105cych, kt\u00f3ry jest umieszczony w poni\u017cszym akapicie i uj\u0119ty w cudzys\u0142\u00f3w:<\/p>\n<p>\u201eNiniejsza witryna internetowa korzysta z Google Analytics, us\u0142ugi analizy ogl\u0105dalno\u015bci stron internetowych udost\u0119pnianej przez Google Inc (\u201eGoogle\u201d). Google Analytics u\u017cywa \u201ecookies\u201d, czyli plik\u00f3w tekstowych umieszczanych na komputerze u\u017cytkownika w celu umo\u017cliwienia witrynie przeanalizowania sposobu, w jaki u\u017cytkownicy z niej korzystaj\u0105. Informacje generowane przez pliki cookie na temat korzystania z witryny przez u\u017cytkownika (w tym adres IP u\u017cytkownika) b\u0119d\u0105 przekazywane firmie Google i przechowywane przez ni\u0105 na serwerach w Stanach Zjednoczonych. Google b\u0119dzie wykorzystywa\u0107 te informacje w celu oceny korzystania z witryny przez u\u017cytkownika, tworzenia raport\u00f3w dotycz\u0105cych ruchu na stronach dla operator\u00f3w witryn oraz \u015bwiadczenia innych us\u0142ug zwi\u0105zanych z ruchem na witrynach internetowych i korzystaniem z Internetu. Google mo\u017ce r\u00f3wnie\u017c przekazywa\u0107 te informacje stronom trzecim, je\u015bli jest to wymagane przez prawo lub je\u015bli takie strony trzecie przetwarzaj\u0105 informacje w imieniu Google. Google nie b\u0119dzie \u0142\u0105czy\u0107 adresu IP u\u017cytkownika z \u017cadnymi innymi danymi przechowywanymi przez Google. U\u017cytkownik mo\u017ce odm\u00f3wi\u0107 korzystania z plik\u00f3w cookie, wybieraj\u0105c odpowiednie ustawienia w przegl\u0105darce, jednak nale\u017cy pami\u0119ta\u0107, \u017ce w takim przypadku korzystanie z pe\u0142nej funkcjonalno\u015bci tej witryny mo\u017ce nie by\u0107 mo\u017cliwe. Je\u015bli jednak to zrobisz, mo\u017cesz nie by\u0107 w stanie korzysta\u0107 z pe\u0142nej funkcjonalno\u015bci tej witryny. Korzystaj\u0105c z tej strony internetowej, u\u017cytkownik wyra\u017ca zgod\u0119 na przetwarzanie jego danych przez Google w spos\u00f3b i w celach okre\u015blonych powy\u017cej.<\/p>\n<h2 class=\"wp-block-heading\">Wykorzystywanie i przekazywanie danych osobowych u\u017cytkownika<\/h2>\n<p>Dane osobowe u\u017cytkownika b\u0119d\u0105 przekazywane do nast\u0119puj\u0105cych dzia\u0142\u00f3w:<\/p>\n<ul class=\"wp-block-list\">\n<li>Brevo dla formularzy kontaktowych<\/li>\n<li>PayPal i Payplug do p\u0142atno\u015bci w witrynie<\/li>\n<\/ul>\n<h2 class=\"wp-block-heading\">Okresy przechowywania danych<\/h2>\n<p>Je\u015bli zostawisz komentarz, komentarz i jego metadane b\u0119d\u0105 przechowywane przez czas nieokre\u015blony. Dzi\u0119ki temu kolejne komentarze b\u0119d\u0105 automatycznie rozpoznawane i zatwierdzane, zamiast pozostawa\u0107 w kolejce moderacji.<\/p>\n<p>W przypadku u\u017cytkownik\u00f3w, kt\u00f3rzy zarejestruj\u0105 si\u0119 na naszej stronie (o ile to mo\u017cliwe), przechowujemy r\u00f3wnie\u017c dane osobowe wskazane w ich profilu. Wszyscy u\u017cytkownicy mog\u0105 przegl\u0105da\u0107, modyfikowa\u0107 lub usuwa\u0107 swoje dane osobowe w dowolnym momencie (z wyj\u0105tkiem nazwy u\u017cytkownika). Mened\u017cerowie witryn mog\u0105 r\u00f3wnie\u017c przegl\u0105da\u0107 i modyfikowa\u0107 te informacje.<\/p>\n<p>Dzienniki bezpiecze\u0144stwa s\u0105 przechowywane przez 14 dni.<\/p>\n<h2 class=\"wp-block-heading\">Prawa przys\u0142uguj\u0105ce u\u017cytkownikowi w odniesieniu do jego danych<\/h2>\n<p>Je\u015bli u\u017cytkownik posiada konto lub pozostawi\u0142 komentarze w witrynie, mo\u017ce za\u017c\u0105da\u0107 otrzymania pliku zawieraj\u0105cego wszystkie dane osobowe, kt\u00f3re posiadamy na jego temat, w tym te, kt\u00f3re nam przekaza\u0142. U\u017cytkownik mo\u017ce r\u00f3wnie\u017c poprosi\u0107 o usuni\u0119cie swoich danych osobowych. Nie obejmuje to danych przechowywanych do cel\u00f3w administracyjnych, prawnych lub bezpiecze\u0144stwa.<\/p>\n<h2 class=\"wp-block-heading\">Przekazywanie danych osobowych u\u017cytkownika<\/h2>\n<p>Komentarze odwiedzaj\u0105cych mog\u0105 by\u0107 sprawdzane za pomoc\u0105 zautomatyzowanej us\u0142ugi w celu wykrycia niepo\u017c\u0105danych komentarzy.<\/p>\n<h2 class=\"wp-block-heading\">Informacje kontaktowe<\/h2>\n<p>W przypadku jakichkolwiek pyta\u0144 dotycz\u0105cych prywatno\u015bci i danych osobowych mo\u017cna skontaktowa\u0107 si\u0119 z nami za po\u015brednictwem adresu e-mail firmy:<\/p>\n<p>contact@eryxfitness.com<\/p>\n<h2 class=\"wp-block-heading\">Sklep<\/h2>\n<p>Zbieramy informacje podczas sk\u0142adania zam\u00f3wienia w naszym sklepie.<\/p>\n<h3 class=\"wp-block-heading\">Co zbieramy i przechowujemy<\/h3>\n<p>Podczas wizyty na stronie monitorujemy :<\/p>\n<ul class=\"wp-block-list\">\n<li>Ostatnio ogl\u0105dane produkty: u\u017cywamy ich na przyk\u0142ad do wy\u015bwietlania ostatnio ogl\u0105danych produkt\u00f3w.<\/li>\n<li>Lokalizacja, adres IP i typ przegl\u0105darki: u\u017cywamy ich do szacowania podatk\u00f3w i koszt\u00f3w dostawy.<\/li>\n<li>Adres dostawy: poprosimy Ci\u0119 o podanie tego adresu, aby\u015bmy mogli oszacowa\u0107 koszty dostawy przed z\u0142o\u017ceniem zam\u00f3wienia i wys\u0142a\u0107 je do Ciebie!<\/li>\n<\/ul>\n<p>U\u017cywamy plik\u00f3w cookie do \u015bledzenia zawarto\u015bci koszyka podczas przegl\u0105dania naszej witryny.<\/p>\n<p>Podczas dokonywania zakup\u00f3w w naszej witrynie internetowej poprosimy u\u017cytkownika o podanie informacji, w tym imienia i nazwiska, adresu rozliczeniowego, adresu dostawy, adresu e-mail, numeru telefonu, danych karty p\u0142atniczej\/kredytowej i ewentualnie danych konta, takich jak nazwa u\u017cytkownika i has\u0142o. Informacje te b\u0119d\u0105 wykorzystywane do :<\/p>\n<ul class=\"wp-block-list\">\n<li>Wysy\u0142anie informacji o koncie i zam\u00f3wieniu<\/li>\n<li>Odpowiadanie na zapytania, w tym zwroty i reklamacje<\/li>\n<li>Przetwarzanie p\u0142atno\u015bci i zapobieganie oszustwom<\/li>\n<li>Konfiguracja konta dla naszego sklepu<\/li>\n<li>Przestrzeganie wszelkich zobowi\u0105za\u0144 prawnych, takich jak obliczenia podatkowe<\/li>\n<li>Ulepszanie oferty naszego sklepu<\/li>\n<li>Wysy\u0142anie u\u017cytkownikowi wiadomo\u015bci marketingowych, je\u015bli u\u017cytkownik wyrazi zgod\u0119 na ich otrzymywanie<\/li>\n<\/ul>\n<p>Je\u015bli u\u017cytkownik utworzy konto, przechowujemy jego imi\u0119 i nazwisko, adres, adres e-mail i numer telefonu, kt\u00f3re zostan\u0105 wykorzystane do wst\u0119pnego wype\u0142nienia potwierdzenia zam\u00f3wienia dla przysz\u0142ych zam\u00f3wie\u0144.<\/p>\n<p>Zasadniczo przechowujemy dane u\u017cytkownika tak d\u0142ugo, jak s\u0105 nam potrzebne do cel\u00f3w, dla kt\u00f3rych je gromadzimy i wykorzystujemy, i nie jeste\u015bmy prawnie zobowi\u0105zani do ich dalszego przechowywania. Na przyk\u0142ad przechowujemy informacje o zam\u00f3wieniach przez XXX lat do cel\u00f3w podatkowych i ksi\u0119gowych. Obejmuje to imi\u0119 i nazwisko, adres e-mail oraz adresy rozliczeniowe i dostawy.<\/p>\n<p>Przechowujemy r\u00f3wnie\u017c komentarze lub opinie, je\u015bli u\u017cytkownik zdecyduje si\u0119 je przes\u0142a\u0107.<\/p>\n<h3 class=\"wp-block-heading\">Kto w naszym zespole ma dost\u0119p do danych?<\/h3>\n<p>Cz\u0142onkowie naszego zespo\u0142u maj\u0105 dost\u0119p do podanych przez u\u017cytkownika informacji. Na przyk\u0142ad administratorzy i kierownicy sklep\u00f3w maj\u0105 dost\u0119p do :<\/p>\n<ul class=\"wp-block-list\">\n<li>Informacje o zam\u00f3wieniu, takie jak zakupiony towar, czas i miejsce wysy\u0142ki oraz<\/li>\n<li>Informacje o kliencie, takie jak imi\u0119 i nazwisko, adres e-mail oraz informacje dotycz\u0105ce fakturowania i dostawy.<\/li>\n<\/ul>\n<p>Nasz zesp\u00f3\u0142 ma dost\u0119p do tych informacji w celu przetwarzania zam\u00f3wie\u0144, dokonywania zwrot\u00f3w i udzielania pomocy.<\/p>\n<h3 class=\"wp-block-heading\">P\u0142atno\u015bci<\/h3>\n<p>Akceptujemy p\u0142atno\u015bci przez PayPal i kart\u0105 kredytow\u0105 za po\u015brednictwem rozwi\u0105zania Payplug.<\/p>\n<p>W odniesieniu do p\u0142atno\u015bci dokonywanych przez PayPal, podczas przetwarzania p\u0142atno\u015bci pewne dane b\u0119d\u0105 przekazywane do PayPal, w tym informacje wymagane do przetworzenia p\u0142atno\u015bci, takie jak ca\u0142kowita kwota lub informacje rozliczeniowe.<\/p>\n<p>Wi\u0119cej informacji mo\u017cna znale\u017a\u0107 w polityce prywatno\u015bci PayPal: https:\/\/www.paypal.com\/us\/webapps\/mpp\/ua\/privacy-full<\/p>\n<h2 class=\"wp-block-heading\">Wi\u0119cej informacji<\/h2>\n<h3 class=\"wp-block-heading\">Jak chronimy dane u\u017cytkownik\u00f3w<\/h3>\n<p>Witryna korzysta z certyfikatu SSL, wi\u0119c jest szyfrowana w HTTPS. Oznacza to, \u017ce komunikacja mi\u0119dzy przegl\u0105dark\u0105 u\u017cytkownika a serwerem witryny jest bezpieczna.<\/p>\n<p>Adresy IP odwiedzaj\u0105cych, identyfikatory zalogowanych u\u017cytkownik\u00f3w i identyfikatory pr\u00f3b logowania s\u0105 warunkowo rejestrowane w celu sprawdzenia z\u0142o\u015bliwej aktywno\u015bci i ochrony witryny przed okre\u015blonymi rodzajami atak\u00f3w. Przyk\u0142ady warunk\u00f3w logowania: pr\u00f3by logowania, \u017c\u0105dania wylogowania, podejrzane \u017c\u0105dania URL, zmiany zawarto\u015bci witryny i aktualizacje hase\u0142. Informacje te s\u0105 przechowywane przez 14 dni.<\/p>\n<p>Ta strona jest skanowana pod k\u0105tem z\u0142o\u015bliwego oprogramowania i luk w zabezpieczeniach przez SiteCheck od Sucuri. Nie wysy\u0142amy \u017cadnych danych osobowych do Sucuri, jednak podczas analizy mog\u0105 oni znale\u017a\u0107 dane osobowe opublikowane publicznie (np. w komentarzach). Aby uzyska\u0107 wi\u0119cej informacji, zapoznaj si\u0119 z polityk\u0105 prywatno\u015bci Sucuri: https:\/\/sucuri.net\/privacy<\/p>\n<h3 class=\"wp-block-heading\">Procedury wdro\u017cone w przypadku wycieku danych<\/h3>\n<p>Og\u00f3lne rozporz\u0105dzenie o ochronie danych (RODO) wymaga od administrator\u00f3w danych wewn\u0119trznego dokumentowania narusze\u0144 ochrony danych osobowych oraz zg\u0142aszania narusze\u0144 stwarzaj\u0105cych ryzyko dla praw i wolno\u015bci os\u00f3b fizycznych do CNIL, a w niekt\u00f3rych przypadkach, gdy ryzyko jest wysokie, do zainteresowanych os\u00f3b fizycznych.<\/p>\n<p>Wszelkie wycieki danych b\u0119d\u0105 zatem zg\u0142aszane osobom, kt\u00f3re ponios\u0142y szkod\u0119, oraz CNIL w ci\u0105gu 72 godzin.<\/p>\n\n\t\t<\/div>\n\t\t\t\t\t<\/div>\n\n\t\n\n<\/div>\n\n\t\t<\/div>\n\n\t\t\n<style>\n#section_2070077049 {\n  padding-top: 30px;\n  padding-bottom: 30px;\n}\n<\/style>\n\t<\/section>\n\t\n\n\n\n\n\n","protected":false},"excerpt":{"rendered":"","protected":false},"author":1,"featured_media":0,"parent":0,"menu_order":0,"comment_status":"closed","ping_status":"closed","template":"","meta":{"_monsterinsights_skip_tracking":false,"_monsterinsights_sitenote_active":false,"_monsterinsights_sitenote_note":"","_monsterinsights_sitenote_category":0,"footnotes":""},"class_list":["post-15030","page","type-page","status-publish","hentry"],"yoast_head":"<!-- This site is optimized with the Yoast SEO plugin v27.6 - https:\/\/yoast.com\/product\/yoast-seo-wordpress\/ -->\n<title>Polityka prywatno\u015bci &#8211; Eryx Fitness<\/title>\n<meta name=\"robots\" content=\"noindex, nofollow\" \/>\n<meta property=\"og:locale\" content=\"pl_PL\" \/>\n<meta property=\"og:type\" content=\"article\" \/>\n<meta property=\"og:title\" content=\"Polityka prywatno\u015bci &#8211; Eryx Fitness\" \/>\n<meta property=\"og:url\" content=\"https:\/\/www.eryxfitness.com\/pl\/polityka-prywatnosci\/\" \/>\n<meta property=\"og:site_name\" content=\"Eryx Fitness\" \/>\n<meta property=\"article:modified_time\" content=\"2024-09-27T13:36:28+00:00\" \/>\n<meta property=\"og:image\" content=\"https:\/\/www.eryxfitness.com\/wp-content\/uploads\/2023\/06\/IMG_0866-copie-scaled.webp\" \/>\n\t<meta property=\"og:image:width\" content=\"2560\" \/>\n\t<meta property=\"og:image:height\" content=\"1707\" \/>\n\t<meta property=\"og:image:type\" content=\"image\/webp\" \/>\n<meta name=\"twitter:card\" content=\"summary_large_image\" \/>\n<meta name=\"twitter:label1\" content=\"Szacowany czas czytania\" \/>\n\t<meta name=\"twitter:data1\" content=\"9 minut\" \/>\n<script type=\"application\/ld+json\" class=\"yoast-schema-graph\">{\"@context\":\"https:\\\/\\\/schema.org\",\"@graph\":[{\"@type\":\"WebPage\",\"@id\":\"https:\\\/\\\/www.eryxfitness.com\\\/pl\\\/polityka-prywatnosci\\\/\",\"url\":\"https:\\\/\\\/www.eryxfitness.com\\\/pl\\\/polityka-prywatnosci\\\/\",\"name\":\"Polityka prywatno\u015bci &#8211; Eryx Fitness\",\"isPartOf\":{\"@id\":\"https:\\\/\\\/www.eryxfitness.com\\\/pl\\\/#website\"},\"datePublished\":\"2023-07-25T13:00:42+00:00\",\"dateModified\":\"2024-09-27T13:36:28+00:00\",\"breadcrumb\":{\"@id\":\"https:\\\/\\\/www.eryxfitness.com\\\/pl\\\/polityka-prywatnosci\\\/#breadcrumb\"},\"inLanguage\":\"pl-PL\",\"potentialAction\":[{\"@type\":\"ReadAction\",\"target\":[\"https:\\\/\\\/www.eryxfitness.com\\\/pl\\\/polityka-prywatnosci\\\/\"]}]},{\"@type\":\"BreadcrumbList\",\"@id\":\"https:\\\/\\\/www.eryxfitness.com\\\/pl\\\/polityka-prywatnosci\\\/#breadcrumb\",\"itemListElement\":[{\"@type\":\"ListItem\",\"position\":1,\"name\":\"Accueil\",\"item\":\"https:\\\/\\\/www.eryxfitness.com\\\/pl\\\/strona-glowna\\\/\"},{\"@type\":\"ListItem\",\"position\":2,\"name\":\"Polityka prywatno\u015bci\"}]},{\"@type\":\"WebSite\",\"@id\":\"https:\\\/\\\/www.eryxfitness.com\\\/pl\\\/#website\",\"url\":\"https:\\\/\\\/www.eryxfitness.com\\\/pl\\\/\",\"name\":\"ERYX FITNESS\",\"description\":\"Adjustable and portable fitness equipment\",\"publisher\":{\"@id\":\"https:\\\/\\\/www.eryxfitness.com\\\/pl\\\/#organization\"},\"alternateName\":\"ERYX\",\"potentialAction\":[{\"@type\":\"SearchAction\",\"target\":{\"@type\":\"EntryPoint\",\"urlTemplate\":\"https:\\\/\\\/www.eryxfitness.com\\\/pl\\\/?s={search_term_string}\"},\"query-input\":{\"@type\":\"PropertyValueSpecification\",\"valueRequired\":true,\"valueName\":\"search_term_string\"}}],\"inLanguage\":\"pl-PL\"},{\"@type\":\"Organization\",\"@id\":\"https:\\\/\\\/www.eryxfitness.com\\\/pl\\\/#organization\",\"name\":\"ERYX FITNESS\",\"alternateName\":\"ERYX\",\"url\":\"https:\\\/\\\/www.eryxfitness.com\\\/pl\\\/\",\"logo\":{\"@type\":\"ImageObject\",\"inLanguage\":\"pl-PL\",\"@id\":\"https:\\\/\\\/www.eryxfitness.com\\\/pl\\\/#\\\/schema\\\/logo\\\/image\\\/\",\"url\":\"https:\\\/\\\/i0.wp.com\\\/www.eryxfitness.com\\\/wp-content\\\/uploads\\\/2023\\\/06\\\/INSTA.png?fit=2000%2C2000&ssl=1\",\"contentUrl\":\"https:\\\/\\\/i0.wp.com\\\/www.eryxfitness.com\\\/wp-content\\\/uploads\\\/2023\\\/06\\\/INSTA.png?fit=2000%2C2000&ssl=1\",\"width\":2000,\"height\":2000,\"caption\":\"ERYX FITNESS\"},\"image\":{\"@id\":\"https:\\\/\\\/www.eryxfitness.com\\\/pl\\\/#\\\/schema\\\/logo\\\/image\\\/\"}}]}<\/script>\n<!-- \/ Yoast SEO plugin. -->","yoast_head_json":{"title":"Polityka prywatno\u015bci &#8211; Eryx Fitness","robots":{"index":"noindex","follow":"nofollow"},"og_locale":"pl_PL","og_type":"article","og_title":"Polityka prywatno\u015bci &#8211; Eryx Fitness","og_url":"https:\/\/www.eryxfitness.com\/pl\/polityka-prywatnosci\/","og_site_name":"Eryx Fitness","article_modified_time":"2024-09-27T13:36:28+00:00","og_image":[{"width":2560,"height":1707,"url":"https:\/\/www.eryxfitness.com\/wp-content\/uploads\/2023\/06\/IMG_0866-copie-scaled.webp","type":"image\/webp"}],"twitter_card":"summary_large_image","twitter_misc":{"Szacowany czas czytania":"9 minut"},"schema":{"@context":"https:\/\/schema.org","@graph":[{"@type":"WebPage","@id":"https:\/\/www.eryxfitness.com\/pl\/polityka-prywatnosci\/","url":"https:\/\/www.eryxfitness.com\/pl\/polityka-prywatnosci\/","name":"Polityka prywatno\u015bci &#8211; Eryx Fitness","isPartOf":{"@id":"https:\/\/www.eryxfitness.com\/pl\/#website"},"datePublished":"2023-07-25T13:00:42+00:00","dateModified":"2024-09-27T13:36:28+00:00","breadcrumb":{"@id":"https:\/\/www.eryxfitness.com\/pl\/polityka-prywatnosci\/#breadcrumb"},"inLanguage":"pl-PL","potentialAction":[{"@type":"ReadAction","target":["https:\/\/www.eryxfitness.com\/pl\/polityka-prywatnosci\/"]}]},{"@type":"BreadcrumbList","@id":"https:\/\/www.eryxfitness.com\/pl\/polityka-prywatnosci\/#breadcrumb","itemListElement":[{"@type":"ListItem","position":1,"name":"Accueil","item":"https:\/\/www.eryxfitness.com\/pl\/strona-glowna\/"},{"@type":"ListItem","position":2,"name":"Polityka prywatno\u015bci"}]},{"@type":"WebSite","@id":"https:\/\/www.eryxfitness.com\/pl\/#website","url":"https:\/\/www.eryxfitness.com\/pl\/","name":"ERYX FITNESS","description":"Adjustable and portable fitness equipment","publisher":{"@id":"https:\/\/www.eryxfitness.com\/pl\/#organization"},"alternateName":"ERYX","potentialAction":[{"@type":"SearchAction","target":{"@type":"EntryPoint","urlTemplate":"https:\/\/www.eryxfitness.com\/pl\/?s={search_term_string}"},"query-input":{"@type":"PropertyValueSpecification","valueRequired":true,"valueName":"search_term_string"}}],"inLanguage":"pl-PL"},{"@type":"Organization","@id":"https:\/\/www.eryxfitness.com\/pl\/#organization","name":"ERYX FITNESS","alternateName":"ERYX","url":"https:\/\/www.eryxfitness.com\/pl\/","logo":{"@type":"ImageObject","inLanguage":"pl-PL","@id":"https:\/\/www.eryxfitness.com\/pl\/#\/schema\/logo\/image\/","url":"https:\/\/i0.wp.com\/www.eryxfitness.com\/wp-content\/uploads\/2023\/06\/INSTA.png?fit=2000%2C2000&ssl=1","contentUrl":"https:\/\/i0.wp.com\/www.eryxfitness.com\/wp-content\/uploads\/2023\/06\/INSTA.png?fit=2000%2C2000&ssl=1","width":2000,"height":2000,"caption":"ERYX FITNESS"},"image":{"@id":"https:\/\/www.eryxfitness.com\/pl\/#\/schema\/logo\/image\/"}}]}},"_links":{"self":[{"href":"https:\/\/www.eryxfitness.com\/pl\/wp-json\/wp\/v2\/pages\/15030","targetHints":{"allow":["GET"]}}],"collection":[{"href":"https:\/\/www.eryxfitness.com\/pl\/wp-json\/wp\/v2\/pages"}],"about":[{"href":"https:\/\/www.eryxfitness.com\/pl\/wp-json\/wp\/v2\/types\/page"}],"author":[{"embeddable":true,"href":"https:\/\/www.eryxfitness.com\/pl\/wp-json\/wp\/v2\/users\/1"}],"replies":[{"embeddable":true,"href":"https:\/\/www.eryxfitness.com\/pl\/wp-json\/wp\/v2\/comments?post=15030"}],"version-history":[{"count":2,"href":"https:\/\/www.eryxfitness.com\/pl\/wp-json\/wp\/v2\/pages\/15030\/revisions"}],"predecessor-version":[{"id":21810,"href":"https:\/\/www.eryxfitness.com\/pl\/wp-json\/wp\/v2\/pages\/15030\/revisions\/21810"}],"wp:attachment":[{"href":"https:\/\/www.eryxfitness.com\/pl\/wp-json\/wp\/v2\/media?parent=15030"}],"curies":[{"name":"wp","href":"https:\/\/api.w.org\/{rel}","templated":true}]}}