{"id":14741,"date":"2019-09-26T17:56:16","date_gmt":"2019-09-26T15:56:16","guid":{"rendered":"https:\/\/www.eryxfitness.com\/produit\/regulowany-kettlebell-12-32-kg-onebell\/"},"modified":"2026-03-27T19:14:05","modified_gmt":"2026-03-27T18:14:05","slug":"regulowany-kettlebell","status":"publish","type":"product","link":"https:\/\/www.eryxfitness.com\/pl\/produit\/regulowany-kettlebell\/","title":{"rendered":"Regulowany kettlebell 12-32 kg OneBell\u00ae"},"content":{"rendered":"<h1>REGULOWANY KETTLEBELL<\/h1>\n<p>Trening z kettlebell mo\u017ce przynie\u015b\u0107 niesamowite korzy\u015bci dla wynik\u00f3w sportowych i zdrowia. Jednak zakup kompletnego zestawu kettlebells mo\u017ce by\u0107 kosztowny i wymaga stosunkowo du\u017cej ilo\u015bci miejsca do przechowywania.<\/p>\n<p>OneBell\u00ae, nasz regulowany kettlebell od 12 do 32 kg, jest idealnym rozwi\u0105zaniem dla u\u017cytkownik\u00f3w kettlebell, kt\u00f3rzy nie maj\u0105 bud\u017cetu lub miejsca na zakup kilku kettlebell. 19 kettlebells w 1, aby zaoszcz\u0119dzi\u0107 miejsce i pieni\u0105dze.<\/p>\n<p><strong>COMPACT<\/strong><\/p>\n<p>G\u0142\u00f3wn\u0105 zalet\u0105 OneBell\u00ae jest oszcz\u0119dno\u015b\u0107 miejsca. Je\u015bli mieszkasz w mieszkaniu, w kt\u00f3rym nie mo\u017cesz sobie pozwoli\u0107 na ustawienie tuzina kettlebells o r\u00f3\u017cnej wadze, OneBell\u00ae jest idealnym rozwi\u0105zaniem.<\/p>\n<p><strong>GOSPODARKA<\/strong><\/p>\n<p>Koszt zakupu podstawowego zestawu kettlebells (16 kg, 24 kg i 32 kg) wynosi cz\u0119sto oko\u0142o 200-300 euro, w zale\u017cno\u015bci od marki. Za kompletny zestaw z obci\u0105\u017cnikami po\u015brednimi trzeba b\u0119dzie wyda\u0107 kilkaset euro, a nawet ponad 1000 euro w zale\u017cno\u015bci od marki. Dzi\u0119ki OneBell\u00ae za cen\u0119 podstawowego zestawu otrzymujesz 19 kettlebells o wadze od 12 do 32 kg w odst\u0119pach co 1 kg.<\/p>\n<p><strong>PRZENO\u015aNY<\/strong><\/p>\n<p>Wybierasz si\u0119 na wakacje lub chcesz trenowa\u0107 na \u015bwie\u017cym powietrzu? OneBell\u00ae idealnie mie\u015bci si\u0119 w baga\u017cniku samochodu, dzi\u0119ki czemu mo\u017cesz trenowa\u0107 w dowolnym miejscu i czasie.<\/p>\n<p><strong>ERGONOMIA<\/strong><\/p>\n<p>W przeciwie\u0144stwie do wi\u0119kszo\u015bci regulowanych kettlebells dost\u0119pnych na rynku, OneBell\u00ae ma kszta\u0142t prawdziwego kettlebell: mo\u017cesz wykonywa\u0107 wszystkie \u0107wiczenia balistyczne i grindowe. Cho\u0107 czas konfiguracji mo\u017ce by\u0107 nieco d\u0142u\u017cszy ni\u017c w przypadku innych modeli, w zamian otrzymujesz kettlebell, kt\u00f3ry jest wysoce ergonomiczny i ca\u0142kowicie bezpieczny.<\/p>\n\n\n","protected":false},"excerpt":{"rendered":"<p>OneBell\u00ae, regulowany kettlebell od <strong>12 do 32 kg<\/strong> w odst\u0119pach co 1 kg. Ten regulowany kettlebell \u0142\u0105czy <strong>19 kettlebells w 1<\/strong>, aby zaoszcz\u0119dzi\u0107 miejsce i pieni\u0105dze. Lakierowany stalowy uchwyt i <strong>zawodniczy format<\/strong> (standardy Girevoy Sport).<\/p>\n","protected":false},"featured_media":24782,"comment_status":"open","ping_status":"closed","template":"","meta":{"_monsterinsights_skip_tracking":false,"_monsterinsights_sitenote_active":false,"_monsterinsights_sitenote_note":"","_monsterinsights_sitenote_category":0},"product_brand":[],"product_cat":[179],"product_tag":[],"class_list":{"0":"post-14741","1":"product","2":"type-product","3":"status-publish","4":"has-post-thumbnail","6":"product_cat-kettlebells","8":"first","9":"instock","10":"taxable","11":"shipping-taxable","12":"purchasable","13":"product-type-simple"},"yoast_head":"<!-- This site is optimized with the Yoast SEO plugin v27.3 - https:\/\/yoast.com\/product\/yoast-seo-wordpress\/ -->\n<title>Regulowany kettlebell 12-32 kg OneBell\u00ae &#8211; Eryx Fitness<\/title>\n<meta name=\"description\" content=\"Regulowany kettlebell OneBell\u00ae mie\u015bci 19 kettlebells w 1: oszcz\u0119dno\u015b\u0107 miejsca i pieni\u0119dzy.\" \/>\n<meta name=\"robots\" content=\"index, follow, max-snippet:-1, max-image-preview:large, max-video-preview:-1\" \/>\n<link rel=\"canonical\" href=\"https:\/\/www.eryxfitness.com\/pl\/produit\/regulowany-kettlebell\/\" \/>\n<meta property=\"og:locale\" content=\"pl_PL\" \/>\n<meta property=\"og:type\" content=\"article\" \/>\n<meta property=\"og:title\" content=\"Regulowany kettlebell 12-32 kg OneBell\u00ae &#8211; Eryx Fitness\" \/>\n<meta property=\"og:description\" content=\"Regulowany kettlebell OneBell\u00ae mie\u015bci 19 kettlebells w 1: oszcz\u0119dno\u015b\u0107 miejsca i pieni\u0119dzy.\" \/>\n<meta property=\"og:url\" content=\"https:\/\/www.eryxfitness.com\/pl\/produit\/regulowany-kettlebell\/\" \/>\n<meta property=\"og:site_name\" content=\"Eryx Fitness\" \/>\n<meta property=\"article:modified_time\" content=\"2026-03-27T18:14:05+00:00\" \/>\n<meta property=\"og:image\" content=\"https:\/\/www.eryxfitness.com\/wp-content\/uploads\/2019\/09\/12-32-kg-competition-adjustable-kettlebell-eryx-fitness.webp\" \/>\n\t<meta property=\"og:image:width\" content=\"1000\" \/>\n\t<meta property=\"og:image:height\" content=\"1000\" \/>\n\t<meta property=\"og:image:type\" content=\"image\/webp\" \/>\n<meta name=\"twitter:card\" content=\"summary_large_image\" \/>\n<meta name=\"twitter:label1\" content=\"Szacowany czas czytania\" \/>\n\t<meta name=\"twitter:data1\" content=\"2 minuty\" \/>\n<script type=\"application\/ld+json\" class=\"yoast-schema-graph\">{\"@context\":\"https:\\\/\\\/schema.org\",\"@graph\":[{\"@type\":\"WebPage\",\"@id\":\"https:\\\/\\\/www.eryxfitness.com\\\/pl\\\/produit\\\/regulowany-kettlebell\\\/\",\"url\":\"https:\\\/\\\/www.eryxfitness.com\\\/pl\\\/produit\\\/regulowany-kettlebell\\\/\",\"name\":\"Regulowany kettlebell 12-32 kg OneBell\u00ae &#8211; Eryx Fitness\",\"isPartOf\":{\"@id\":\"https:\\\/\\\/www.eryxfitness.com\\\/pl\\\/#website\"},\"primaryImageOfPage\":{\"@id\":\"https:\\\/\\\/www.eryxfitness.com\\\/pl\\\/produit\\\/regulowany-kettlebell\\\/#primaryimage\"},\"image\":{\"@id\":\"https:\\\/\\\/www.eryxfitness.com\\\/pl\\\/produit\\\/regulowany-kettlebell\\\/#primaryimage\"},\"thumbnailUrl\":\"https:\\\/\\\/www.eryxfitness.com\\\/wp-content\\\/uploads\\\/2019\\\/09\\\/12-32-kg-competition-adjustable-kettlebell-eryx-fitness.webp\",\"datePublished\":\"2019-09-26T15:56:16+00:00\",\"dateModified\":\"2026-03-27T18:14:05+00:00\",\"description\":\"Regulowany kettlebell OneBell\u00ae mie\u015bci 19 kettlebells w 1: oszcz\u0119dno\u015b\u0107 miejsca i pieni\u0119dzy.\",\"breadcrumb\":{\"@id\":\"https:\\\/\\\/www.eryxfitness.com\\\/pl\\\/produit\\\/regulowany-kettlebell\\\/#breadcrumb\"},\"inLanguage\":\"pl-PL\",\"potentialAction\":[{\"@type\":\"ReadAction\",\"target\":[\"https:\\\/\\\/www.eryxfitness.com\\\/pl\\\/produit\\\/regulowany-kettlebell\\\/\"]}]},{\"@type\":\"ImageObject\",\"inLanguage\":\"pl-PL\",\"@id\":\"https:\\\/\\\/www.eryxfitness.com\\\/pl\\\/produit\\\/regulowany-kettlebell\\\/#primaryimage\",\"url\":\"https:\\\/\\\/www.eryxfitness.com\\\/wp-content\\\/uploads\\\/2019\\\/09\\\/12-32-kg-competition-adjustable-kettlebell-eryx-fitness.webp\",\"contentUrl\":\"https:\\\/\\\/www.eryxfitness.com\\\/wp-content\\\/uploads\\\/2019\\\/09\\\/12-32-kg-competition-adjustable-kettlebell-eryx-fitness.webp\",\"width\":1000,\"height\":1000},{\"@type\":\"BreadcrumbList\",\"@id\":\"https:\\\/\\\/www.eryxfitness.com\\\/pl\\\/produit\\\/regulowany-kettlebell\\\/#breadcrumb\",\"itemListElement\":[{\"@type\":\"ListItem\",\"position\":1,\"name\":\"Accueil\",\"item\":\"https:\\\/\\\/www.eryxfitness.com\\\/pl\\\/strona-glowna\\\/\"},{\"@type\":\"ListItem\",\"position\":2,\"name\":\"Sklep\",\"item\":\"https:\\\/\\\/www.eryxfitness.com\\\/pl\\\/sklep\\\/\"},{\"@type\":\"ListItem\",\"position\":3,\"name\":\"Regulowany kettlebell 12-32 kg OneBell\u00ae\"}]},{\"@type\":\"WebSite\",\"@id\":\"https:\\\/\\\/www.eryxfitness.com\\\/pl\\\/#website\",\"url\":\"https:\\\/\\\/www.eryxfitness.com\\\/pl\\\/\",\"name\":\"ERYX FITNESS\",\"description\":\"Adjustable and portable fitness equipment\",\"publisher\":{\"@id\":\"https:\\\/\\\/www.eryxfitness.com\\\/pl\\\/#organization\"},\"alternateName\":\"ERYX\",\"potentialAction\":[{\"@type\":\"SearchAction\",\"target\":{\"@type\":\"EntryPoint\",\"urlTemplate\":\"https:\\\/\\\/www.eryxfitness.com\\\/pl\\\/?s={search_term_string}\"},\"query-input\":{\"@type\":\"PropertyValueSpecification\",\"valueRequired\":true,\"valueName\":\"search_term_string\"}}],\"inLanguage\":\"pl-PL\"},{\"@type\":\"Organization\",\"@id\":\"https:\\\/\\\/www.eryxfitness.com\\\/pl\\\/#organization\",\"name\":\"ERYX FITNESS\",\"alternateName\":\"ERYX\",\"url\":\"https:\\\/\\\/www.eryxfitness.com\\\/pl\\\/\",\"logo\":{\"@type\":\"ImageObject\",\"inLanguage\":\"pl-PL\",\"@id\":\"https:\\\/\\\/www.eryxfitness.com\\\/pl\\\/#\\\/schema\\\/logo\\\/image\\\/\",\"url\":\"https:\\\/\\\/i0.wp.com\\\/www.eryxfitness.com\\\/wp-content\\\/uploads\\\/2023\\\/06\\\/INSTA.png?fit=2000%2C2000&ssl=1\",\"contentUrl\":\"https:\\\/\\\/i0.wp.com\\\/www.eryxfitness.com\\\/wp-content\\\/uploads\\\/2023\\\/06\\\/INSTA.png?fit=2000%2C2000&ssl=1\",\"width\":2000,\"height\":2000,\"caption\":\"ERYX FITNESS\"},\"image\":{\"@id\":\"https:\\\/\\\/www.eryxfitness.com\\\/pl\\\/#\\\/schema\\\/logo\\\/image\\\/\"}}]}<\/script>\n<!-- \/ Yoast SEO plugin. -->","yoast_head_json":{"title":"Regulowany kettlebell 12-32 kg OneBell\u00ae &#8211; Eryx Fitness","description":"Regulowany kettlebell OneBell\u00ae mie\u015bci 19 kettlebells w 1: oszcz\u0119dno\u015b\u0107 miejsca i pieni\u0119dzy.","robots":{"index":"index","follow":"follow","max-snippet":"max-snippet:-1","max-image-preview":"max-image-preview:large","max-video-preview":"max-video-preview:-1"},"canonical":"https:\/\/www.eryxfitness.com\/pl\/produit\/regulowany-kettlebell\/","og_locale":"pl_PL","og_type":"article","og_title":"Regulowany kettlebell 12-32 kg OneBell\u00ae &#8211; Eryx Fitness","og_description":"Regulowany kettlebell OneBell\u00ae mie\u015bci 19 kettlebells w 1: oszcz\u0119dno\u015b\u0107 miejsca i pieni\u0119dzy.","og_url":"https:\/\/www.eryxfitness.com\/pl\/produit\/regulowany-kettlebell\/","og_site_name":"Eryx Fitness","article_modified_time":"2026-03-27T18:14:05+00:00","og_image":[{"width":1000,"height":1000,"url":"https:\/\/www.eryxfitness.com\/wp-content\/uploads\/2019\/09\/12-32-kg-competition-adjustable-kettlebell-eryx-fitness.webp","type":"image\/webp"}],"twitter_card":"summary_large_image","twitter_misc":{"Szacowany czas czytania":"2 minuty"},"schema":{"@context":"https:\/\/schema.org","@graph":[{"@type":"WebPage","@id":"https:\/\/www.eryxfitness.com\/pl\/produit\/regulowany-kettlebell\/","url":"https:\/\/www.eryxfitness.com\/pl\/produit\/regulowany-kettlebell\/","name":"Regulowany kettlebell 12-32 kg OneBell\u00ae &#8211; Eryx Fitness","isPartOf":{"@id":"https:\/\/www.eryxfitness.com\/pl\/#website"},"primaryImageOfPage":{"@id":"https:\/\/www.eryxfitness.com\/pl\/produit\/regulowany-kettlebell\/#primaryimage"},"image":{"@id":"https:\/\/www.eryxfitness.com\/pl\/produit\/regulowany-kettlebell\/#primaryimage"},"thumbnailUrl":"https:\/\/www.eryxfitness.com\/wp-content\/uploads\/2019\/09\/12-32-kg-competition-adjustable-kettlebell-eryx-fitness.webp","datePublished":"2019-09-26T15:56:16+00:00","dateModified":"2026-03-27T18:14:05+00:00","description":"Regulowany kettlebell OneBell\u00ae mie\u015bci 19 kettlebells w 1: oszcz\u0119dno\u015b\u0107 miejsca i pieni\u0119dzy.","breadcrumb":{"@id":"https:\/\/www.eryxfitness.com\/pl\/produit\/regulowany-kettlebell\/#breadcrumb"},"inLanguage":"pl-PL","potentialAction":[{"@type":"ReadAction","target":["https:\/\/www.eryxfitness.com\/pl\/produit\/regulowany-kettlebell\/"]}]},{"@type":"ImageObject","inLanguage":"pl-PL","@id":"https:\/\/www.eryxfitness.com\/pl\/produit\/regulowany-kettlebell\/#primaryimage","url":"https:\/\/www.eryxfitness.com\/wp-content\/uploads\/2019\/09\/12-32-kg-competition-adjustable-kettlebell-eryx-fitness.webp","contentUrl":"https:\/\/www.eryxfitness.com\/wp-content\/uploads\/2019\/09\/12-32-kg-competition-adjustable-kettlebell-eryx-fitness.webp","width":1000,"height":1000},{"@type":"BreadcrumbList","@id":"https:\/\/www.eryxfitness.com\/pl\/produit\/regulowany-kettlebell\/#breadcrumb","itemListElement":[{"@type":"ListItem","position":1,"name":"Accueil","item":"https:\/\/www.eryxfitness.com\/pl\/strona-glowna\/"},{"@type":"ListItem","position":2,"name":"Sklep","item":"https:\/\/www.eryxfitness.com\/pl\/sklep\/"},{"@type":"ListItem","position":3,"name":"Regulowany kettlebell 12-32 kg OneBell\u00ae"}]},{"@type":"WebSite","@id":"https:\/\/www.eryxfitness.com\/pl\/#website","url":"https:\/\/www.eryxfitness.com\/pl\/","name":"ERYX FITNESS","description":"Adjustable and portable fitness equipment","publisher":{"@id":"https:\/\/www.eryxfitness.com\/pl\/#organization"},"alternateName":"ERYX","potentialAction":[{"@type":"SearchAction","target":{"@type":"EntryPoint","urlTemplate":"https:\/\/www.eryxfitness.com\/pl\/?s={search_term_string}"},"query-input":{"@type":"PropertyValueSpecification","valueRequired":true,"valueName":"search_term_string"}}],"inLanguage":"pl-PL"},{"@type":"Organization","@id":"https:\/\/www.eryxfitness.com\/pl\/#organization","name":"ERYX FITNESS","alternateName":"ERYX","url":"https:\/\/www.eryxfitness.com\/pl\/","logo":{"@type":"ImageObject","inLanguage":"pl-PL","@id":"https:\/\/www.eryxfitness.com\/pl\/#\/schema\/logo\/image\/","url":"https:\/\/i0.wp.com\/www.eryxfitness.com\/wp-content\/uploads\/2023\/06\/INSTA.png?fit=2000%2C2000&ssl=1","contentUrl":"https:\/\/i0.wp.com\/www.eryxfitness.com\/wp-content\/uploads\/2023\/06\/INSTA.png?fit=2000%2C2000&ssl=1","width":2000,"height":2000,"caption":"ERYX FITNESS"},"image":{"@id":"https:\/\/www.eryxfitness.com\/pl\/#\/schema\/logo\/image\/"}}]}},"_links":{"self":[{"href":"https:\/\/www.eryxfitness.com\/pl\/wp-json\/wp\/v2\/product\/14741","targetHints":{"allow":["GET"]}}],"collection":[{"href":"https:\/\/www.eryxfitness.com\/pl\/wp-json\/wp\/v2\/product"}],"about":[{"href":"https:\/\/www.eryxfitness.com\/pl\/wp-json\/wp\/v2\/types\/product"}],"replies":[{"embeddable":true,"href":"https:\/\/www.eryxfitness.com\/pl\/wp-json\/wp\/v2\/comments?post=14741"}],"wp:featuredmedia":[{"embeddable":true,"href":"https:\/\/www.eryxfitness.com\/pl\/wp-json\/wp\/v2\/media\/24782"}],"wp:attachment":[{"href":"https:\/\/www.eryxfitness.com\/pl\/wp-json\/wp\/v2\/media?parent=14741"}],"wp:term":[{"taxonomy":"product_brand","embeddable":true,"href":"https:\/\/www.eryxfitness.com\/pl\/wp-json\/wp\/v2\/product_brand?post=14741"},{"taxonomy":"product_cat","embeddable":true,"href":"https:\/\/www.eryxfitness.com\/pl\/wp-json\/wp\/v2\/product_cat?post=14741"},{"taxonomy":"product_tag","embeddable":true,"href":"https:\/\/www.eryxfitness.com\/pl\/wp-json\/wp\/v2\/product_tag?post=14741"}],"curies":[{"name":"wp","href":"https:\/\/api.w.org\/{rel}","templated":true}]}}