{"id":14925,"date":"2022-11-04T11:19:11","date_gmt":"2022-11-04T10:19:11","guid":{"rendered":"https:\/\/www.eryxfitness.com\/produit\/plecak-crossfit-crosspak\/"},"modified":"2025-12-01T00:12:05","modified_gmt":"2025-11-30T23:12:05","slug":"plecak-crossfit","status":"publish","type":"product","link":"https:\/\/www.eryxfitness.com\/pl\/produit\/plecak-crossfit\/","title":{"rendered":"Plecak crossfit CrossPak\u00ae"},"content":{"rendered":"<div>\n<h1>PLECAK CROSSFIT CROSSPAK\u00ae<\/h1>\n<p>Plecak crossfit CrossPak\u00ae to przestronny plecak zaprojektowany dla sportowc\u00f3w, kt\u00f3rzy potrzebuj\u0105 torby do przenoszenia ca\u0142ego sprz\u0119tu treningowego. Wykonany jest z wysokiej jako\u015bci materia\u0142\u00f3w, gwarantuj\u0105cych niezr\u00f3wnan\u0105 wytrzyma\u0142o\u015b\u0107 i trwa\u0142o\u015b\u0107.<\/p>\n<h2>Przestronny i wygodny plecak crossfit<\/h2>\n<p>Ten plecak ma pojemno\u015b\u0107 45 litr\u00f3w, co oznacza, \u017ce pomie\u015bci wszystkie akcesoria treningowe, w tym buty, ubrania na zmian\u0119, r\u0119cznik, butelki z wod\u0105, paski na nadgarstki, paski na kolana, a nawet laptopa. Posiada kilka kieszeni i przegr\u00f3dek do organizacji rzeczy, u\u0142atwiaj\u0105c dost\u0119p do wszystkich akcesori\u00f3w treningowych.<\/p>\n<p>Wy\u015bcie\u0142ane, regulowane paski na ramiona zapewniaj\u0105 indywidualne dopasowanie do kszta\u0142tu cia\u0142a i zmniejszaj\u0105 nacisk na ramiona. Tylny panel ma r\u00f3wnie\u017c wy\u015bci\u00f3\u0142k\u0119, kt\u00f3ra umo\u017cliwia cyrkulacj\u0119 powietrza mi\u0119dzy plecami a torb\u0105, zmniejszaj\u0105c pocenie si\u0119.<\/p>\n<h2>Wytrzyma\u0142y plecak crossfit<\/h2>\n<p>Wykonana z nylonu 900D Oxford zapewnia d\u0142ugotrwa\u0142\u0105 wytrzyma\u0142o\u015b\u0107 na zu\u017cycie. G\u0142adkie zamki b\u0142yskawiczne KAM s\u0105 odporne na zu\u017cycie i \u015bcieranie. Co wi\u0119cej, nasza torba ma wodoodporn\u0105 wewn\u0119trzn\u0105 podszewk\u0119, kt\u00f3ra chroni akcesoria treningowe przed wilgoci\u0105 i \u017cywio\u0142ami.<\/p>\n<h2>Stylowy plecak crossfit<\/h2>\n<p>Ten 45-litrowy plecak jest nie tylko praktyczny do przenoszenia sprz\u0119tu treningowego, ale ma r\u00f3wnie\u017c stylowy wygl\u0105d, kt\u00f3ry pozwala u\u017cywa\u0107 go jako plecaka na co dzie\u0144. Jest dost\u0119pny w wielu kolorach, w tym czarnym, niebieskim, czerwonym i zielonym, dzi\u0119ki czemu mo\u017cesz wybra\u0107 ten, kt\u00f3ry najlepiej pasuje do Twojego stylu.<\/p>\n<p>Podsumowuj\u0105c, je\u015bli jeste\u015b sportowcem crossfit szukaj\u0105cym pojemnego, wytrzyma\u0142ego i wygodnego plecaka do przenoszenia ca\u0142ego sprz\u0119tu treningowego, plecak crossfit CrossPak\u00ae jest idealnym rozwi\u0105zaniem dla Ciebie. Dzi\u0119ki 45-litrowej pojemno\u015bci, wielu kieszeniom i przegrodom, oddychaj\u0105cemu systemowi zawieszenia, d\u0142ugotrwa\u0142ej trwa\u0142o\u015bci i stylowemu wzornictwu, nie po\u017ca\u0142ujesz wyboru tego plecaka crossfitowego na sw\u00f3j trening.<\/p>\n<\/div>\n\n\n\n\n","protected":false},"excerpt":{"rendered":"<div>Plecak crossfit jest niezb\u0119dnym narz\u0119dziem dla ka\u017cdego, kto uprawia kulturystyk\u0119, crossfit, trening przekrojowy, fitness funkcjonalny lub sporty walki. Plecak crossfit CrossPak\u00ae 45L jest jeszcze lepszy: du\u017ca pojemno\u015b\u0107, praktyczny w noszeniu i stylowy.<\/div>\n<div> <\/div>\n<div>CrossPak\u00ae jest wykonany z tkaniny Oxford o wysokiej g\u0119sto\u015bci 900D z g\u0142adkim zamkiem b\u0142yskawicznym KAM: wodoodporny, odporny na rozdarcia, trwa\u0142y i odporny na rdz\u0119, Twoja torba b\u0119dzie trwa\u0107 d\u0142ugo.<\/div>\n","protected":false},"featured_media":14079,"comment_status":"open","ping_status":"closed","template":"","meta":{"_monsterinsights_skip_tracking":false,"_monsterinsights_sitenote_active":false,"_monsterinsights_sitenote_note":"","_monsterinsights_sitenote_category":0},"product_brand":[],"product_cat":[146],"product_tag":[],"class_list":{"0":"post-14925","1":"product","2":"type-product","3":"status-publish","4":"has-post-thumbnail","6":"product_cat-uncategorized-pl","8":"first","9":"instock","10":"taxable","11":"shipping-taxable","12":"purchasable","13":"product-type-variable"},"yoast_head":"<!-- This site is optimized with the Yoast SEO plugin v27.3 - https:\/\/yoast.com\/product\/yoast-seo-wordpress\/ -->\n<title>Plecak crossfit CrossPak\u00ae &#8211; Eryx Fitness<\/title>\n<meta name=\"description\" content=\"Plecak crossfit CrossPak\u00ae jest niezb\u0119dnym narz\u0119dziem dla ka\u017cdego, kto uprawia trening si\u0142owy, crossfit lub sporty walki.\" \/>\n<meta name=\"robots\" content=\"index, follow, max-snippet:-1, max-image-preview:large, max-video-preview:-1\" \/>\n<link rel=\"canonical\" href=\"https:\/\/www.eryxfitness.com\/pl\/produit\/plecak-crossfit\/\" \/>\n<meta property=\"og:locale\" content=\"pl_PL\" \/>\n<meta property=\"og:type\" content=\"article\" \/>\n<meta property=\"og:title\" content=\"Plecak crossfit CrossPak\u00ae &#8211; Eryx Fitness\" \/>\n<meta property=\"og:description\" content=\"Plecak crossfit CrossPak\u00ae jest niezb\u0119dnym narz\u0119dziem dla ka\u017cdego, kto uprawia trening si\u0142owy, crossfit lub sporty walki.\" \/>\n<meta property=\"og:url\" content=\"https:\/\/www.eryxfitness.com\/pl\/produit\/plecak-crossfit\/\" \/>\n<meta property=\"og:site_name\" content=\"Eryx Fitness\" \/>\n<meta property=\"article:modified_time\" content=\"2025-11-30T23:12:05+00:00\" \/>\n<meta property=\"og:image\" content=\"https:\/\/www.eryxfitness.com\/wp-content\/uploads\/2023\/01\/crossfit-gym-bag-army-green.webp\" \/>\n\t<meta property=\"og:image:width\" content=\"2500\" \/>\n\t<meta property=\"og:image:height\" content=\"2500\" \/>\n\t<meta property=\"og:image:type\" content=\"image\/webp\" \/>\n<meta name=\"twitter:card\" content=\"summary_large_image\" \/>\n<meta name=\"twitter:label1\" content=\"Szacowany czas czytania\" \/>\n\t<meta name=\"twitter:data1\" content=\"2 minuty\" \/>\n<script type=\"application\/ld+json\" class=\"yoast-schema-graph\">{\"@context\":\"https:\\\/\\\/schema.org\",\"@graph\":[{\"@type\":\"WebPage\",\"@id\":\"https:\\\/\\\/www.eryxfitness.com\\\/pl\\\/produit\\\/plecak-crossfit\\\/\",\"url\":\"https:\\\/\\\/www.eryxfitness.com\\\/pl\\\/produit\\\/plecak-crossfit\\\/\",\"name\":\"Plecak crossfit CrossPak\u00ae &#8211; Eryx Fitness\",\"isPartOf\":{\"@id\":\"https:\\\/\\\/www.eryxfitness.com\\\/pl\\\/#website\"},\"primaryImageOfPage\":{\"@id\":\"https:\\\/\\\/www.eryxfitness.com\\\/pl\\\/produit\\\/plecak-crossfit\\\/#primaryimage\"},\"image\":{\"@id\":\"https:\\\/\\\/www.eryxfitness.com\\\/pl\\\/produit\\\/plecak-crossfit\\\/#primaryimage\"},\"thumbnailUrl\":\"https:\\\/\\\/www.eryxfitness.com\\\/wp-content\\\/uploads\\\/2023\\\/01\\\/crossfit-gym-bag-army-green.webp\",\"datePublished\":\"2022-11-04T10:19:11+00:00\",\"dateModified\":\"2025-11-30T23:12:05+00:00\",\"description\":\"Plecak crossfit CrossPak\u00ae jest niezb\u0119dnym narz\u0119dziem dla ka\u017cdego, kto uprawia trening si\u0142owy, crossfit lub sporty walki.\",\"breadcrumb\":{\"@id\":\"https:\\\/\\\/www.eryxfitness.com\\\/pl\\\/produit\\\/plecak-crossfit\\\/#breadcrumb\"},\"inLanguage\":\"pl-PL\",\"potentialAction\":[{\"@type\":\"ReadAction\",\"target\":[\"https:\\\/\\\/www.eryxfitness.com\\\/pl\\\/produit\\\/plecak-crossfit\\\/\"]}]},{\"@type\":\"ImageObject\",\"inLanguage\":\"pl-PL\",\"@id\":\"https:\\\/\\\/www.eryxfitness.com\\\/pl\\\/produit\\\/plecak-crossfit\\\/#primaryimage\",\"url\":\"https:\\\/\\\/www.eryxfitness.com\\\/wp-content\\\/uploads\\\/2023\\\/01\\\/crossfit-gym-bag-army-green.webp\",\"contentUrl\":\"https:\\\/\\\/www.eryxfitness.com\\\/wp-content\\\/uploads\\\/2023\\\/01\\\/crossfit-gym-bag-army-green.webp\",\"width\":2500,\"height\":2500},{\"@type\":\"BreadcrumbList\",\"@id\":\"https:\\\/\\\/www.eryxfitness.com\\\/pl\\\/produit\\\/plecak-crossfit\\\/#breadcrumb\",\"itemListElement\":[{\"@type\":\"ListItem\",\"position\":1,\"name\":\"Accueil\",\"item\":\"https:\\\/\\\/www.eryxfitness.com\\\/pl\\\/strona-glowna\\\/\"},{\"@type\":\"ListItem\",\"position\":2,\"name\":\"Sklep\",\"item\":\"https:\\\/\\\/www.eryxfitness.com\\\/pl\\\/sklep\\\/\"},{\"@type\":\"ListItem\",\"position\":3,\"name\":\"Plecak crossfit CrossPak\u00ae\"}]},{\"@type\":\"WebSite\",\"@id\":\"https:\\\/\\\/www.eryxfitness.com\\\/pl\\\/#website\",\"url\":\"https:\\\/\\\/www.eryxfitness.com\\\/pl\\\/\",\"name\":\"ERYX FITNESS\",\"description\":\"Adjustable and portable fitness equipment\",\"publisher\":{\"@id\":\"https:\\\/\\\/www.eryxfitness.com\\\/pl\\\/#organization\"},\"alternateName\":\"ERYX\",\"potentialAction\":[{\"@type\":\"SearchAction\",\"target\":{\"@type\":\"EntryPoint\",\"urlTemplate\":\"https:\\\/\\\/www.eryxfitness.com\\\/pl\\\/?s={search_term_string}\"},\"query-input\":{\"@type\":\"PropertyValueSpecification\",\"valueRequired\":true,\"valueName\":\"search_term_string\"}}],\"inLanguage\":\"pl-PL\"},{\"@type\":\"Organization\",\"@id\":\"https:\\\/\\\/www.eryxfitness.com\\\/pl\\\/#organization\",\"name\":\"ERYX FITNESS\",\"alternateName\":\"ERYX\",\"url\":\"https:\\\/\\\/www.eryxfitness.com\\\/pl\\\/\",\"logo\":{\"@type\":\"ImageObject\",\"inLanguage\":\"pl-PL\",\"@id\":\"https:\\\/\\\/www.eryxfitness.com\\\/pl\\\/#\\\/schema\\\/logo\\\/image\\\/\",\"url\":\"https:\\\/\\\/i0.wp.com\\\/www.eryxfitness.com\\\/wp-content\\\/uploads\\\/2023\\\/06\\\/INSTA.png?fit=2000%2C2000&ssl=1\",\"contentUrl\":\"https:\\\/\\\/i0.wp.com\\\/www.eryxfitness.com\\\/wp-content\\\/uploads\\\/2023\\\/06\\\/INSTA.png?fit=2000%2C2000&ssl=1\",\"width\":2000,\"height\":2000,\"caption\":\"ERYX FITNESS\"},\"image\":{\"@id\":\"https:\\\/\\\/www.eryxfitness.com\\\/pl\\\/#\\\/schema\\\/logo\\\/image\\\/\"}}]}<\/script>\n<!-- \/ Yoast SEO plugin. -->","yoast_head_json":{"title":"Plecak crossfit CrossPak\u00ae &#8211; Eryx Fitness","description":"Plecak crossfit CrossPak\u00ae jest niezb\u0119dnym narz\u0119dziem dla ka\u017cdego, kto uprawia trening si\u0142owy, crossfit lub sporty walki.","robots":{"index":"index","follow":"follow","max-snippet":"max-snippet:-1","max-image-preview":"max-image-preview:large","max-video-preview":"max-video-preview:-1"},"canonical":"https:\/\/www.eryxfitness.com\/pl\/produit\/plecak-crossfit\/","og_locale":"pl_PL","og_type":"article","og_title":"Plecak crossfit CrossPak\u00ae &#8211; Eryx Fitness","og_description":"Plecak crossfit CrossPak\u00ae jest niezb\u0119dnym narz\u0119dziem dla ka\u017cdego, kto uprawia trening si\u0142owy, crossfit lub sporty walki.","og_url":"https:\/\/www.eryxfitness.com\/pl\/produit\/plecak-crossfit\/","og_site_name":"Eryx Fitness","article_modified_time":"2025-11-30T23:12:05+00:00","og_image":[{"width":2500,"height":2500,"url":"https:\/\/www.eryxfitness.com\/wp-content\/uploads\/2023\/01\/crossfit-gym-bag-army-green.webp","type":"image\/webp"}],"twitter_card":"summary_large_image","twitter_misc":{"Szacowany czas czytania":"2 minuty"},"schema":{"@context":"https:\/\/schema.org","@graph":[{"@type":"WebPage","@id":"https:\/\/www.eryxfitness.com\/pl\/produit\/plecak-crossfit\/","url":"https:\/\/www.eryxfitness.com\/pl\/produit\/plecak-crossfit\/","name":"Plecak crossfit CrossPak\u00ae &#8211; Eryx Fitness","isPartOf":{"@id":"https:\/\/www.eryxfitness.com\/pl\/#website"},"primaryImageOfPage":{"@id":"https:\/\/www.eryxfitness.com\/pl\/produit\/plecak-crossfit\/#primaryimage"},"image":{"@id":"https:\/\/www.eryxfitness.com\/pl\/produit\/plecak-crossfit\/#primaryimage"},"thumbnailUrl":"https:\/\/www.eryxfitness.com\/wp-content\/uploads\/2023\/01\/crossfit-gym-bag-army-green.webp","datePublished":"2022-11-04T10:19:11+00:00","dateModified":"2025-11-30T23:12:05+00:00","description":"Plecak crossfit CrossPak\u00ae jest niezb\u0119dnym narz\u0119dziem dla ka\u017cdego, kto uprawia trening si\u0142owy, crossfit lub sporty walki.","breadcrumb":{"@id":"https:\/\/www.eryxfitness.com\/pl\/produit\/plecak-crossfit\/#breadcrumb"},"inLanguage":"pl-PL","potentialAction":[{"@type":"ReadAction","target":["https:\/\/www.eryxfitness.com\/pl\/produit\/plecak-crossfit\/"]}]},{"@type":"ImageObject","inLanguage":"pl-PL","@id":"https:\/\/www.eryxfitness.com\/pl\/produit\/plecak-crossfit\/#primaryimage","url":"https:\/\/www.eryxfitness.com\/wp-content\/uploads\/2023\/01\/crossfit-gym-bag-army-green.webp","contentUrl":"https:\/\/www.eryxfitness.com\/wp-content\/uploads\/2023\/01\/crossfit-gym-bag-army-green.webp","width":2500,"height":2500},{"@type":"BreadcrumbList","@id":"https:\/\/www.eryxfitness.com\/pl\/produit\/plecak-crossfit\/#breadcrumb","itemListElement":[{"@type":"ListItem","position":1,"name":"Accueil","item":"https:\/\/www.eryxfitness.com\/pl\/strona-glowna\/"},{"@type":"ListItem","position":2,"name":"Sklep","item":"https:\/\/www.eryxfitness.com\/pl\/sklep\/"},{"@type":"ListItem","position":3,"name":"Plecak crossfit CrossPak\u00ae"}]},{"@type":"WebSite","@id":"https:\/\/www.eryxfitness.com\/pl\/#website","url":"https:\/\/www.eryxfitness.com\/pl\/","name":"ERYX FITNESS","description":"Adjustable and portable fitness equipment","publisher":{"@id":"https:\/\/www.eryxfitness.com\/pl\/#organization"},"alternateName":"ERYX","potentialAction":[{"@type":"SearchAction","target":{"@type":"EntryPoint","urlTemplate":"https:\/\/www.eryxfitness.com\/pl\/?s={search_term_string}"},"query-input":{"@type":"PropertyValueSpecification","valueRequired":true,"valueName":"search_term_string"}}],"inLanguage":"pl-PL"},{"@type":"Organization","@id":"https:\/\/www.eryxfitness.com\/pl\/#organization","name":"ERYX FITNESS","alternateName":"ERYX","url":"https:\/\/www.eryxfitness.com\/pl\/","logo":{"@type":"ImageObject","inLanguage":"pl-PL","@id":"https:\/\/www.eryxfitness.com\/pl\/#\/schema\/logo\/image\/","url":"https:\/\/i0.wp.com\/www.eryxfitness.com\/wp-content\/uploads\/2023\/06\/INSTA.png?fit=2000%2C2000&ssl=1","contentUrl":"https:\/\/i0.wp.com\/www.eryxfitness.com\/wp-content\/uploads\/2023\/06\/INSTA.png?fit=2000%2C2000&ssl=1","width":2000,"height":2000,"caption":"ERYX FITNESS"},"image":{"@id":"https:\/\/www.eryxfitness.com\/pl\/#\/schema\/logo\/image\/"}}]}},"_links":{"self":[{"href":"https:\/\/www.eryxfitness.com\/pl\/wp-json\/wp\/v2\/product\/14925","targetHints":{"allow":["GET"]}}],"collection":[{"href":"https:\/\/www.eryxfitness.com\/pl\/wp-json\/wp\/v2\/product"}],"about":[{"href":"https:\/\/www.eryxfitness.com\/pl\/wp-json\/wp\/v2\/types\/product"}],"replies":[{"embeddable":true,"href":"https:\/\/www.eryxfitness.com\/pl\/wp-json\/wp\/v2\/comments?post=14925"}],"wp:featuredmedia":[{"embeddable":true,"href":"https:\/\/www.eryxfitness.com\/pl\/wp-json\/wp\/v2\/media\/14079"}],"wp:attachment":[{"href":"https:\/\/www.eryxfitness.com\/pl\/wp-json\/wp\/v2\/media?parent=14925"}],"wp:term":[{"taxonomy":"product_brand","embeddable":true,"href":"https:\/\/www.eryxfitness.com\/pl\/wp-json\/wp\/v2\/product_brand?post=14925"},{"taxonomy":"product_cat","embeddable":true,"href":"https:\/\/www.eryxfitness.com\/pl\/wp-json\/wp\/v2\/product_cat?post=14925"},{"taxonomy":"product_tag","embeddable":true,"href":"https:\/\/www.eryxfitness.com\/pl\/wp-json\/wp\/v2\/product_tag?post=14925"}],"curies":[{"name":"wp","href":"https:\/\/api.w.org\/{rel}","templated":true}]}}