{"id":19093,"date":"2024-07-02T11:43:54","date_gmt":"2024-07-02T09:43:54","guid":{"rendered":"https:\/\/www.eryxfitness.com\/produit\/konkurs-regulowany-macebell-6-30kg-onemace\/"},"modified":"2026-01-04T14:07:32","modified_gmt":"2026-01-04T13:07:32","slug":"konkurs-regulowany-macebell","status":"publish","type":"product","link":"https:\/\/www.eryxfitness.com\/pl\/produit\/konkurs-regulowany-macebell\/","title":{"rendered":"Konkurs regulowany macebell 6-30kg OneMace\u00ae"},"content":{"rendered":"<h1>KONKURS REGULOWANY MACEBELL<\/h1>\n<p>Trening z maczug\u0105 zawodnicz\u0105 mo\u017ce przynie\u015b\u0107 znaczne korzy\u015bci dla zdolno\u015bci sportowych oraz zdrowia fizycznego i psychicznego. Jednak nabycie kompletnego zestawu maczug do rywalizacji mo\u017ce szybko sta\u0107 si\u0119 kosztowne i wymaga odpowiedniej przestrzeni magazynowej.<\/p>\n<p>OneMace\u00ae, nasza modu\u0142owa maczuga zawodnicza o wadze od 6 do 30 kg, jest idealnym rozwi\u0105zaniem dla macelifter\u00f3w, kt\u00f3rzy nie maj\u0105 bud\u017cetu ani miejsca na wyposa\u017cenie si\u0119 w kilka maczug. 21 macebells w 1, aby zaoszcz\u0119dzi\u0107 miejsce i pieni\u0105dze.<\/p>\n<p><strong>COMPACT<\/strong><\/p>\n<p>G\u0142\u00f3wn\u0105 zalet\u0105 OneMace\u00ae jest oszcz\u0119dno\u015b\u0107 miejsca. Je\u015bli mieszkasz w mieszkaniu, w kt\u00f3rym nie mo\u017cesz sobie pozwoli\u0107 na posiadanie kilku maczug o r\u00f3\u017cnej wadze, OneMace\u00ae jest idealnym rozwi\u0105zaniem.<\/p>\n<p><strong>GOSPODARKA<\/strong><\/p>\n<p>Podstawowy zestaw z 2 lub 3 maczugami cz\u0119sto kosztuje od 400 do 500 euro, w zale\u017cno\u015bci od marki. Za kompletny zestaw z obci\u0105\u017cnikami po\u015brednimi trzeba b\u0119dzie wyda\u0107 kilkaset euro, a nawet ponad 1000 euro w zale\u017cno\u015bci od marki. Dzi\u0119ki OneMace\u00ae za cen\u0119 podstawowego zestawu otrzymujesz 21 hantli wyczynowych o wadze od 6 do 30 kg w odst\u0119pach co 1 kg (z wyj\u0105tkiem 7 kg, 9 kg, 11 kg i 29 kg).<\/p>\n<p><strong>PRZENO\u015aNY<\/strong><\/p>\n<p>Wybierasz si\u0119 na wakacje lub chcesz trenowa\u0107 na \u015bwie\u017cym powietrzu? OneMace\u00ae idealnie mie\u015bci si\u0119 w baga\u017cniku samochodu, dzi\u0119ki czemu mo\u017cesz trenowa\u0107 w dowolnym miejscu i czasie.<\/p>\n<p><strong>ERGONOMIA<\/strong><\/p>\n<p>W przeciwie\u0144stwie do wi\u0119kszo\u015bci regulowanych maczug dost\u0119pnych na rynku, OneMace\u00ae ma kszta\u0142t prawdziwej maczugi z uchwytem o \u015brednicy 4 cm i okr\u0105g\u0142\u0105 g\u0142owic\u0105. Jego konfiguracja mo\u017ce trwa\u0107 nieco d\u0142u\u017cej ni\u017c w przypadku innych modeli, ale w zamian otrzymujemy bardzo ergonomiczn\u0105 i ca\u0142kowicie bezpieczn\u0105 maczug\u0119.<\/p>\n\n\n","protected":false},"excerpt":{"rendered":"<p>OneMace\u00ae, regulowana maczuga od <strong>6 do 30 kg<\/strong> w odst\u0119pach co 1 kg (z wyj\u0105tkiem 7 kg, 9 kg, 11 kg i 29 kg). Ta regulowana maczuga \u0142\u0105czy <strong>21 maczug w 1<\/strong>, aby zaoszcz\u0119dzi\u0107 miejsce i pieni\u0105dze. Lakierowany stalowy uchwyt z kulk\u0105 oporow\u0105, <strong>format zawodniczy<\/strong> (standardy Macelifting).<\/p>\n","protected":false},"featured_media":20694,"comment_status":"open","ping_status":"closed","template":"","meta":{"_monsterinsights_skip_tracking":false,"_monsterinsights_sitenote_active":false,"_monsterinsights_sitenote_note":"","_monsterinsights_sitenote_category":0},"product_brand":[],"product_cat":[180],"product_tag":[],"class_list":{"0":"post-19093","1":"product","2":"type-product","3":"status-publish","4":"has-post-thumbnail","6":"product_cat-macebells","8":"first","9":"outofstock","10":"taxable","11":"shipping-taxable","12":"purchasable","13":"product-type-simple"},"yoast_head":"<!-- This site is optimized with the Yoast SEO plugin v27.3 - https:\/\/yoast.com\/product\/yoast-seo-wordpress\/ -->\n<title>Konkurs regulowany macebell 6-30kg OneMace\u00ae &#8211; Eryx Fitness<\/title>\n<meta name=\"description\" content=\"Regulowany macebell OneMace\u00ae mie\u015bci 21 macebells w 1 : oszcz\u0119dno\u015b\u0107 miejsca i pieni\u0119dzy.\" \/>\n<meta name=\"robots\" content=\"index, follow, max-snippet:-1, max-image-preview:large, max-video-preview:-1\" \/>\n<link rel=\"canonical\" href=\"https:\/\/www.eryxfitness.com\/pl\/produit\/konkurs-regulowany-macebell\/\" \/>\n<meta property=\"og:locale\" content=\"pl_PL\" \/>\n<meta property=\"og:type\" content=\"article\" \/>\n<meta property=\"og:title\" content=\"Konkurs regulowany macebell 6-30kg OneMace\u00ae &#8211; Eryx Fitness\" \/>\n<meta property=\"og:description\" content=\"Regulowany macebell OneMace\u00ae mie\u015bci 21 macebells w 1 : oszcz\u0119dno\u015b\u0107 miejsca i pieni\u0119dzy.\" \/>\n<meta property=\"og:url\" content=\"https:\/\/www.eryxfitness.com\/pl\/produit\/konkurs-regulowany-macebell\/\" \/>\n<meta property=\"og:site_name\" content=\"Eryx Fitness\" \/>\n<meta property=\"article:modified_time\" content=\"2026-01-04T13:07:32+00:00\" \/>\n<meta property=\"og:image\" content=\"https:\/\/www.eryxfitness.com\/wp-content\/uploads\/2024\/07\/adjustable-competition-macebell-6-30-kg-1.webp\" \/>\n\t<meta property=\"og:image:width\" content=\"1200\" \/>\n\t<meta property=\"og:image:height\" content=\"1200\" \/>\n\t<meta property=\"og:image:type\" content=\"image\/webp\" \/>\n<meta name=\"twitter:card\" content=\"summary_large_image\" \/>\n<meta name=\"twitter:label1\" content=\"Szacowany czas czytania\" \/>\n\t<meta name=\"twitter:data1\" content=\"2 minuty\" \/>\n<script type=\"application\/ld+json\" class=\"yoast-schema-graph\">{\"@context\":\"https:\\\/\\\/schema.org\",\"@graph\":[{\"@type\":\"WebPage\",\"@id\":\"https:\\\/\\\/www.eryxfitness.com\\\/pl\\\/produit\\\/konkurs-regulowany-macebell\\\/\",\"url\":\"https:\\\/\\\/www.eryxfitness.com\\\/pl\\\/produit\\\/konkurs-regulowany-macebell\\\/\",\"name\":\"Konkurs regulowany macebell 6-30kg OneMace\u00ae &#8211; Eryx Fitness\",\"isPartOf\":{\"@id\":\"https:\\\/\\\/www.eryxfitness.com\\\/pl\\\/#website\"},\"primaryImageOfPage\":{\"@id\":\"https:\\\/\\\/www.eryxfitness.com\\\/pl\\\/produit\\\/konkurs-regulowany-macebell\\\/#primaryimage\"},\"image\":{\"@id\":\"https:\\\/\\\/www.eryxfitness.com\\\/pl\\\/produit\\\/konkurs-regulowany-macebell\\\/#primaryimage\"},\"thumbnailUrl\":\"https:\\\/\\\/www.eryxfitness.com\\\/wp-content\\\/uploads\\\/2024\\\/07\\\/adjustable-competition-macebell-6-30-kg-1.webp\",\"datePublished\":\"2024-07-02T09:43:54+00:00\",\"dateModified\":\"2026-01-04T13:07:32+00:00\",\"description\":\"Regulowany macebell OneMace\u00ae mie\u015bci 21 macebells w 1 : oszcz\u0119dno\u015b\u0107 miejsca i pieni\u0119dzy.\",\"breadcrumb\":{\"@id\":\"https:\\\/\\\/www.eryxfitness.com\\\/pl\\\/produit\\\/konkurs-regulowany-macebell\\\/#breadcrumb\"},\"inLanguage\":\"pl-PL\",\"potentialAction\":[{\"@type\":\"ReadAction\",\"target\":[\"https:\\\/\\\/www.eryxfitness.com\\\/pl\\\/produit\\\/konkurs-regulowany-macebell\\\/\"]}]},{\"@type\":\"ImageObject\",\"inLanguage\":\"pl-PL\",\"@id\":\"https:\\\/\\\/www.eryxfitness.com\\\/pl\\\/produit\\\/konkurs-regulowany-macebell\\\/#primaryimage\",\"url\":\"https:\\\/\\\/www.eryxfitness.com\\\/wp-content\\\/uploads\\\/2024\\\/07\\\/adjustable-competition-macebell-6-30-kg-1.webp\",\"contentUrl\":\"https:\\\/\\\/www.eryxfitness.com\\\/wp-content\\\/uploads\\\/2024\\\/07\\\/adjustable-competition-macebell-6-30-kg-1.webp\",\"width\":1200,\"height\":1200},{\"@type\":\"BreadcrumbList\",\"@id\":\"https:\\\/\\\/www.eryxfitness.com\\\/pl\\\/produit\\\/konkurs-regulowany-macebell\\\/#breadcrumb\",\"itemListElement\":[{\"@type\":\"ListItem\",\"position\":1,\"name\":\"Accueil\",\"item\":\"https:\\\/\\\/www.eryxfitness.com\\\/pl\\\/strona-glowna\\\/\"},{\"@type\":\"ListItem\",\"position\":2,\"name\":\"Sklep\",\"item\":\"https:\\\/\\\/www.eryxfitness.com\\\/pl\\\/sklep\\\/\"},{\"@type\":\"ListItem\",\"position\":3,\"name\":\"Konkurs regulowany macebell 6-30kg OneMace\u00ae\"}]},{\"@type\":\"WebSite\",\"@id\":\"https:\\\/\\\/www.eryxfitness.com\\\/pl\\\/#website\",\"url\":\"https:\\\/\\\/www.eryxfitness.com\\\/pl\\\/\",\"name\":\"ERYX FITNESS\",\"description\":\"Adjustable and portable fitness equipment\",\"publisher\":{\"@id\":\"https:\\\/\\\/www.eryxfitness.com\\\/pl\\\/#organization\"},\"alternateName\":\"ERYX\",\"potentialAction\":[{\"@type\":\"SearchAction\",\"target\":{\"@type\":\"EntryPoint\",\"urlTemplate\":\"https:\\\/\\\/www.eryxfitness.com\\\/pl\\\/?s={search_term_string}\"},\"query-input\":{\"@type\":\"PropertyValueSpecification\",\"valueRequired\":true,\"valueName\":\"search_term_string\"}}],\"inLanguage\":\"pl-PL\"},{\"@type\":\"Organization\",\"@id\":\"https:\\\/\\\/www.eryxfitness.com\\\/pl\\\/#organization\",\"name\":\"ERYX FITNESS\",\"alternateName\":\"ERYX\",\"url\":\"https:\\\/\\\/www.eryxfitness.com\\\/pl\\\/\",\"logo\":{\"@type\":\"ImageObject\",\"inLanguage\":\"pl-PL\",\"@id\":\"https:\\\/\\\/www.eryxfitness.com\\\/pl\\\/#\\\/schema\\\/logo\\\/image\\\/\",\"url\":\"https:\\\/\\\/i0.wp.com\\\/www.eryxfitness.com\\\/wp-content\\\/uploads\\\/2023\\\/06\\\/INSTA.png?fit=2000%2C2000&ssl=1\",\"contentUrl\":\"https:\\\/\\\/i0.wp.com\\\/www.eryxfitness.com\\\/wp-content\\\/uploads\\\/2023\\\/06\\\/INSTA.png?fit=2000%2C2000&ssl=1\",\"width\":2000,\"height\":2000,\"caption\":\"ERYX FITNESS\"},\"image\":{\"@id\":\"https:\\\/\\\/www.eryxfitness.com\\\/pl\\\/#\\\/schema\\\/logo\\\/image\\\/\"}}]}<\/script>\n<!-- \/ Yoast SEO plugin. -->","yoast_head_json":{"title":"Konkurs regulowany macebell 6-30kg OneMace\u00ae &#8211; Eryx Fitness","description":"Regulowany macebell OneMace\u00ae mie\u015bci 21 macebells w 1 : oszcz\u0119dno\u015b\u0107 miejsca i pieni\u0119dzy.","robots":{"index":"index","follow":"follow","max-snippet":"max-snippet:-1","max-image-preview":"max-image-preview:large","max-video-preview":"max-video-preview:-1"},"canonical":"https:\/\/www.eryxfitness.com\/pl\/produit\/konkurs-regulowany-macebell\/","og_locale":"pl_PL","og_type":"article","og_title":"Konkurs regulowany macebell 6-30kg OneMace\u00ae &#8211; Eryx Fitness","og_description":"Regulowany macebell OneMace\u00ae mie\u015bci 21 macebells w 1 : oszcz\u0119dno\u015b\u0107 miejsca i pieni\u0119dzy.","og_url":"https:\/\/www.eryxfitness.com\/pl\/produit\/konkurs-regulowany-macebell\/","og_site_name":"Eryx Fitness","article_modified_time":"2026-01-04T13:07:32+00:00","og_image":[{"width":1200,"height":1200,"url":"https:\/\/www.eryxfitness.com\/wp-content\/uploads\/2024\/07\/adjustable-competition-macebell-6-30-kg-1.webp","type":"image\/webp"}],"twitter_card":"summary_large_image","twitter_misc":{"Szacowany czas czytania":"2 minuty"},"schema":{"@context":"https:\/\/schema.org","@graph":[{"@type":"WebPage","@id":"https:\/\/www.eryxfitness.com\/pl\/produit\/konkurs-regulowany-macebell\/","url":"https:\/\/www.eryxfitness.com\/pl\/produit\/konkurs-regulowany-macebell\/","name":"Konkurs regulowany macebell 6-30kg OneMace\u00ae &#8211; Eryx Fitness","isPartOf":{"@id":"https:\/\/www.eryxfitness.com\/pl\/#website"},"primaryImageOfPage":{"@id":"https:\/\/www.eryxfitness.com\/pl\/produit\/konkurs-regulowany-macebell\/#primaryimage"},"image":{"@id":"https:\/\/www.eryxfitness.com\/pl\/produit\/konkurs-regulowany-macebell\/#primaryimage"},"thumbnailUrl":"https:\/\/www.eryxfitness.com\/wp-content\/uploads\/2024\/07\/adjustable-competition-macebell-6-30-kg-1.webp","datePublished":"2024-07-02T09:43:54+00:00","dateModified":"2026-01-04T13:07:32+00:00","description":"Regulowany macebell OneMace\u00ae mie\u015bci 21 macebells w 1 : oszcz\u0119dno\u015b\u0107 miejsca i pieni\u0119dzy.","breadcrumb":{"@id":"https:\/\/www.eryxfitness.com\/pl\/produit\/konkurs-regulowany-macebell\/#breadcrumb"},"inLanguage":"pl-PL","potentialAction":[{"@type":"ReadAction","target":["https:\/\/www.eryxfitness.com\/pl\/produit\/konkurs-regulowany-macebell\/"]}]},{"@type":"ImageObject","inLanguage":"pl-PL","@id":"https:\/\/www.eryxfitness.com\/pl\/produit\/konkurs-regulowany-macebell\/#primaryimage","url":"https:\/\/www.eryxfitness.com\/wp-content\/uploads\/2024\/07\/adjustable-competition-macebell-6-30-kg-1.webp","contentUrl":"https:\/\/www.eryxfitness.com\/wp-content\/uploads\/2024\/07\/adjustable-competition-macebell-6-30-kg-1.webp","width":1200,"height":1200},{"@type":"BreadcrumbList","@id":"https:\/\/www.eryxfitness.com\/pl\/produit\/konkurs-regulowany-macebell\/#breadcrumb","itemListElement":[{"@type":"ListItem","position":1,"name":"Accueil","item":"https:\/\/www.eryxfitness.com\/pl\/strona-glowna\/"},{"@type":"ListItem","position":2,"name":"Sklep","item":"https:\/\/www.eryxfitness.com\/pl\/sklep\/"},{"@type":"ListItem","position":3,"name":"Konkurs regulowany macebell 6-30kg OneMace\u00ae"}]},{"@type":"WebSite","@id":"https:\/\/www.eryxfitness.com\/pl\/#website","url":"https:\/\/www.eryxfitness.com\/pl\/","name":"ERYX FITNESS","description":"Adjustable and portable fitness equipment","publisher":{"@id":"https:\/\/www.eryxfitness.com\/pl\/#organization"},"alternateName":"ERYX","potentialAction":[{"@type":"SearchAction","target":{"@type":"EntryPoint","urlTemplate":"https:\/\/www.eryxfitness.com\/pl\/?s={search_term_string}"},"query-input":{"@type":"PropertyValueSpecification","valueRequired":true,"valueName":"search_term_string"}}],"inLanguage":"pl-PL"},{"@type":"Organization","@id":"https:\/\/www.eryxfitness.com\/pl\/#organization","name":"ERYX FITNESS","alternateName":"ERYX","url":"https:\/\/www.eryxfitness.com\/pl\/","logo":{"@type":"ImageObject","inLanguage":"pl-PL","@id":"https:\/\/www.eryxfitness.com\/pl\/#\/schema\/logo\/image\/","url":"https:\/\/i0.wp.com\/www.eryxfitness.com\/wp-content\/uploads\/2023\/06\/INSTA.png?fit=2000%2C2000&ssl=1","contentUrl":"https:\/\/i0.wp.com\/www.eryxfitness.com\/wp-content\/uploads\/2023\/06\/INSTA.png?fit=2000%2C2000&ssl=1","width":2000,"height":2000,"caption":"ERYX FITNESS"},"image":{"@id":"https:\/\/www.eryxfitness.com\/pl\/#\/schema\/logo\/image\/"}}]}},"_links":{"self":[{"href":"https:\/\/www.eryxfitness.com\/pl\/wp-json\/wp\/v2\/product\/19093","targetHints":{"allow":["GET"]}}],"collection":[{"href":"https:\/\/www.eryxfitness.com\/pl\/wp-json\/wp\/v2\/product"}],"about":[{"href":"https:\/\/www.eryxfitness.com\/pl\/wp-json\/wp\/v2\/types\/product"}],"replies":[{"embeddable":true,"href":"https:\/\/www.eryxfitness.com\/pl\/wp-json\/wp\/v2\/comments?post=19093"}],"wp:featuredmedia":[{"embeddable":true,"href":"https:\/\/www.eryxfitness.com\/pl\/wp-json\/wp\/v2\/media\/20694"}],"wp:attachment":[{"href":"https:\/\/www.eryxfitness.com\/pl\/wp-json\/wp\/v2\/media?parent=19093"}],"wp:term":[{"taxonomy":"product_brand","embeddable":true,"href":"https:\/\/www.eryxfitness.com\/pl\/wp-json\/wp\/v2\/product_brand?post=19093"},{"taxonomy":"product_cat","embeddable":true,"href":"https:\/\/www.eryxfitness.com\/pl\/wp-json\/wp\/v2\/product_cat?post=19093"},{"taxonomy":"product_tag","embeddable":true,"href":"https:\/\/www.eryxfitness.com\/pl\/wp-json\/wp\/v2\/product_tag?post=19093"}],"curies":[{"name":"wp","href":"https:\/\/api.w.org\/{rel}","templated":true}]}}