{"id":22426,"date":"2024-11-17T15:47:48","date_gmt":"2024-11-17T14:47:48","guid":{"rendered":"https:\/\/www.eryxfitness.com\/?post_type=product&#038;p=22426"},"modified":"2024-11-18T14:33:29","modified_gmt":"2024-11-18T13:33:29","slug":"karta-podarunkowa","status":"publish","type":"product","link":"https:\/\/www.eryxfitness.com\/pl\/produit\/karta-podarunkowa\/","title":{"rendered":"Karta podarunkowa"},"content":{"rendered":"","protected":false},"excerpt":{"rendered":"<p>Dzi\u0119ki karcie podarunkowej Eryx Fitness entuzja\u015bci sportu mog\u0105 wybra\u0107 to, co pomo\u017ce im osi\u0105gn\u0105\u0107 ich cele. Prosty, przydatny prezent, kt\u00f3ry zawsze jest doceniany. <\/p>\n<ul>\n<li>Dostawa przez e-mail<\/li>\n<li>Brak ukrytych op\u0142at<\/li>\n<li>Brak daty wa\u017cno\u015bci<\/li>\n<\/ul>\n<p>&nbsp;<\/p>\n","protected":false},"featured_media":23059,"comment_status":"closed","ping_status":"closed","template":"","meta":{"_monsterinsights_skip_tracking":false,"_monsterinsights_sitenote_active":false,"_monsterinsights_sitenote_note":"","_monsterinsights_sitenote_category":0},"product_brand":[],"product_cat":[208],"product_tag":[],"class_list":{"0":"post-22426","1":"product","2":"type-product","3":"status-publish","4":"has-post-thumbnail","6":"product_cat-karta-podarunkowa","8":"first","9":"instock","10":"purchasable","11":"product-type-variable"},"yoast_head":"<!-- This site is optimized with the Yoast SEO plugin v27.3 - https:\/\/yoast.com\/product\/yoast-seo-wordpress\/ -->\n<title>Karta podarunkowa &#8211; Eryx Fitness<\/title>\n<meta name=\"robots\" content=\"index, follow, max-snippet:-1, max-image-preview:large, max-video-preview:-1\" \/>\n<link rel=\"canonical\" href=\"https:\/\/www.eryxfitness.com\/pl\/produit\/karta-podarunkowa\/\" \/>\n<meta property=\"og:locale\" content=\"pl_PL\" \/>\n<meta property=\"og:type\" content=\"article\" \/>\n<meta property=\"og:title\" content=\"Karta podarunkowa &#8211; Eryx Fitness\" \/>\n<meta property=\"og:description\" content=\"Dzi\u0119ki karcie podarunkowej Eryx Fitness entuzja\u015bci sportu mog\u0105 wybra\u0107 to, co pomo\u017ce im osi\u0105gn\u0105\u0107 ich cele. Prosty, przydatny prezent, kt\u00f3ry zawsze jest doceniany.   Dostawa przez e-mail  Brak ukrytych op\u0142at  Brak daty wa\u017cno\u015bci &nbsp;\" \/>\n<meta property=\"og:url\" content=\"https:\/\/www.eryxfitness.com\/pl\/produit\/karta-podarunkowa\/\" \/>\n<meta property=\"og:site_name\" content=\"Eryx Fitness\" \/>\n<meta property=\"article:modified_time\" content=\"2024-11-18T13:33:29+00:00\" \/>\n<meta property=\"og:image\" content=\"https:\/\/www.eryxfitness.com\/wp-content\/uploads\/2024\/11\/eryx-fitness-christmas-gift-card.webp\" \/>\n\t<meta property=\"og:image:width\" content=\"1000\" \/>\n\t<meta property=\"og:image:height\" content=\"1000\" \/>\n\t<meta property=\"og:image:type\" content=\"image\/webp\" \/>\n<meta name=\"twitter:card\" content=\"summary_large_image\" \/>\n<script type=\"application\/ld+json\" class=\"yoast-schema-graph\">{\"@context\":\"https:\\\/\\\/schema.org\",\"@graph\":[{\"@type\":\"WebPage\",\"@id\":\"https:\\\/\\\/www.eryxfitness.com\\\/pl\\\/produit\\\/karta-podarunkowa\\\/\",\"url\":\"https:\\\/\\\/www.eryxfitness.com\\\/pl\\\/produit\\\/karta-podarunkowa\\\/\",\"name\":\"Karta podarunkowa &#8211; Eryx Fitness\",\"isPartOf\":{\"@id\":\"https:\\\/\\\/www.eryxfitness.com\\\/pl\\\/#website\"},\"primaryImageOfPage\":{\"@id\":\"https:\\\/\\\/www.eryxfitness.com\\\/pl\\\/produit\\\/karta-podarunkowa\\\/#primaryimage\"},\"image\":{\"@id\":\"https:\\\/\\\/www.eryxfitness.com\\\/pl\\\/produit\\\/karta-podarunkowa\\\/#primaryimage\"},\"thumbnailUrl\":\"https:\\\/\\\/www.eryxfitness.com\\\/wp-content\\\/uploads\\\/2024\\\/11\\\/eryx-fitness-christmas-gift-card.webp\",\"datePublished\":\"2024-11-17T14:47:48+00:00\",\"dateModified\":\"2024-11-18T13:33:29+00:00\",\"breadcrumb\":{\"@id\":\"https:\\\/\\\/www.eryxfitness.com\\\/pl\\\/produit\\\/karta-podarunkowa\\\/#breadcrumb\"},\"inLanguage\":\"pl-PL\",\"potentialAction\":[{\"@type\":\"ReadAction\",\"target\":[\"https:\\\/\\\/www.eryxfitness.com\\\/pl\\\/produit\\\/karta-podarunkowa\\\/\"]}]},{\"@type\":\"ImageObject\",\"inLanguage\":\"pl-PL\",\"@id\":\"https:\\\/\\\/www.eryxfitness.com\\\/pl\\\/produit\\\/karta-podarunkowa\\\/#primaryimage\",\"url\":\"https:\\\/\\\/www.eryxfitness.com\\\/wp-content\\\/uploads\\\/2024\\\/11\\\/eryx-fitness-christmas-gift-card.webp\",\"contentUrl\":\"https:\\\/\\\/www.eryxfitness.com\\\/wp-content\\\/uploads\\\/2024\\\/11\\\/eryx-fitness-christmas-gift-card.webp\",\"width\":1000,\"height\":1000},{\"@type\":\"BreadcrumbList\",\"@id\":\"https:\\\/\\\/www.eryxfitness.com\\\/pl\\\/produit\\\/karta-podarunkowa\\\/#breadcrumb\",\"itemListElement\":[{\"@type\":\"ListItem\",\"position\":1,\"name\":\"Accueil\",\"item\":\"https:\\\/\\\/www.eryxfitness.com\\\/pl\\\/strona-glowna\\\/\"},{\"@type\":\"ListItem\",\"position\":2,\"name\":\"Sklep\",\"item\":\"https:\\\/\\\/www.eryxfitness.com\\\/pl\\\/sklep\\\/\"},{\"@type\":\"ListItem\",\"position\":3,\"name\":\"Karta podarunkowa\"}]},{\"@type\":\"WebSite\",\"@id\":\"https:\\\/\\\/www.eryxfitness.com\\\/pl\\\/#website\",\"url\":\"https:\\\/\\\/www.eryxfitness.com\\\/pl\\\/\",\"name\":\"ERYX FITNESS\",\"description\":\"Adjustable and portable fitness equipment\",\"publisher\":{\"@id\":\"https:\\\/\\\/www.eryxfitness.com\\\/pl\\\/#organization\"},\"alternateName\":\"ERYX\",\"potentialAction\":[{\"@type\":\"SearchAction\",\"target\":{\"@type\":\"EntryPoint\",\"urlTemplate\":\"https:\\\/\\\/www.eryxfitness.com\\\/pl\\\/?s={search_term_string}\"},\"query-input\":{\"@type\":\"PropertyValueSpecification\",\"valueRequired\":true,\"valueName\":\"search_term_string\"}}],\"inLanguage\":\"pl-PL\"},{\"@type\":\"Organization\",\"@id\":\"https:\\\/\\\/www.eryxfitness.com\\\/pl\\\/#organization\",\"name\":\"ERYX FITNESS\",\"alternateName\":\"ERYX\",\"url\":\"https:\\\/\\\/www.eryxfitness.com\\\/pl\\\/\",\"logo\":{\"@type\":\"ImageObject\",\"inLanguage\":\"pl-PL\",\"@id\":\"https:\\\/\\\/www.eryxfitness.com\\\/pl\\\/#\\\/schema\\\/logo\\\/image\\\/\",\"url\":\"https:\\\/\\\/i0.wp.com\\\/www.eryxfitness.com\\\/wp-content\\\/uploads\\\/2023\\\/06\\\/INSTA.png?fit=2000%2C2000&ssl=1\",\"contentUrl\":\"https:\\\/\\\/i0.wp.com\\\/www.eryxfitness.com\\\/wp-content\\\/uploads\\\/2023\\\/06\\\/INSTA.png?fit=2000%2C2000&ssl=1\",\"width\":2000,\"height\":2000,\"caption\":\"ERYX FITNESS\"},\"image\":{\"@id\":\"https:\\\/\\\/www.eryxfitness.com\\\/pl\\\/#\\\/schema\\\/logo\\\/image\\\/\"}}]}<\/script>\n<!-- \/ Yoast SEO plugin. -->","yoast_head_json":{"title":"Karta podarunkowa &#8211; Eryx Fitness","robots":{"index":"index","follow":"follow","max-snippet":"max-snippet:-1","max-image-preview":"max-image-preview:large","max-video-preview":"max-video-preview:-1"},"canonical":"https:\/\/www.eryxfitness.com\/pl\/produit\/karta-podarunkowa\/","og_locale":"pl_PL","og_type":"article","og_title":"Karta podarunkowa &#8211; Eryx Fitness","og_description":"Dzi\u0119ki karcie podarunkowej Eryx Fitness entuzja\u015bci sportu mog\u0105 wybra\u0107 to, co pomo\u017ce im osi\u0105gn\u0105\u0107 ich cele. Prosty, przydatny prezent, kt\u00f3ry zawsze jest doceniany.   Dostawa przez e-mail  Brak ukrytych op\u0142at  Brak daty wa\u017cno\u015bci &nbsp;","og_url":"https:\/\/www.eryxfitness.com\/pl\/produit\/karta-podarunkowa\/","og_site_name":"Eryx Fitness","article_modified_time":"2024-11-18T13:33:29+00:00","og_image":[{"width":1000,"height":1000,"url":"https:\/\/www.eryxfitness.com\/wp-content\/uploads\/2024\/11\/eryx-fitness-christmas-gift-card.webp","type":"image\/webp"}],"twitter_card":"summary_large_image","schema":{"@context":"https:\/\/schema.org","@graph":[{"@type":"WebPage","@id":"https:\/\/www.eryxfitness.com\/pl\/produit\/karta-podarunkowa\/","url":"https:\/\/www.eryxfitness.com\/pl\/produit\/karta-podarunkowa\/","name":"Karta podarunkowa &#8211; Eryx Fitness","isPartOf":{"@id":"https:\/\/www.eryxfitness.com\/pl\/#website"},"primaryImageOfPage":{"@id":"https:\/\/www.eryxfitness.com\/pl\/produit\/karta-podarunkowa\/#primaryimage"},"image":{"@id":"https:\/\/www.eryxfitness.com\/pl\/produit\/karta-podarunkowa\/#primaryimage"},"thumbnailUrl":"https:\/\/www.eryxfitness.com\/wp-content\/uploads\/2024\/11\/eryx-fitness-christmas-gift-card.webp","datePublished":"2024-11-17T14:47:48+00:00","dateModified":"2024-11-18T13:33:29+00:00","breadcrumb":{"@id":"https:\/\/www.eryxfitness.com\/pl\/produit\/karta-podarunkowa\/#breadcrumb"},"inLanguage":"pl-PL","potentialAction":[{"@type":"ReadAction","target":["https:\/\/www.eryxfitness.com\/pl\/produit\/karta-podarunkowa\/"]}]},{"@type":"ImageObject","inLanguage":"pl-PL","@id":"https:\/\/www.eryxfitness.com\/pl\/produit\/karta-podarunkowa\/#primaryimage","url":"https:\/\/www.eryxfitness.com\/wp-content\/uploads\/2024\/11\/eryx-fitness-christmas-gift-card.webp","contentUrl":"https:\/\/www.eryxfitness.com\/wp-content\/uploads\/2024\/11\/eryx-fitness-christmas-gift-card.webp","width":1000,"height":1000},{"@type":"BreadcrumbList","@id":"https:\/\/www.eryxfitness.com\/pl\/produit\/karta-podarunkowa\/#breadcrumb","itemListElement":[{"@type":"ListItem","position":1,"name":"Accueil","item":"https:\/\/www.eryxfitness.com\/pl\/strona-glowna\/"},{"@type":"ListItem","position":2,"name":"Sklep","item":"https:\/\/www.eryxfitness.com\/pl\/sklep\/"},{"@type":"ListItem","position":3,"name":"Karta podarunkowa"}]},{"@type":"WebSite","@id":"https:\/\/www.eryxfitness.com\/pl\/#website","url":"https:\/\/www.eryxfitness.com\/pl\/","name":"ERYX FITNESS","description":"Adjustable and portable fitness equipment","publisher":{"@id":"https:\/\/www.eryxfitness.com\/pl\/#organization"},"alternateName":"ERYX","potentialAction":[{"@type":"SearchAction","target":{"@type":"EntryPoint","urlTemplate":"https:\/\/www.eryxfitness.com\/pl\/?s={search_term_string}"},"query-input":{"@type":"PropertyValueSpecification","valueRequired":true,"valueName":"search_term_string"}}],"inLanguage":"pl-PL"},{"@type":"Organization","@id":"https:\/\/www.eryxfitness.com\/pl\/#organization","name":"ERYX FITNESS","alternateName":"ERYX","url":"https:\/\/www.eryxfitness.com\/pl\/","logo":{"@type":"ImageObject","inLanguage":"pl-PL","@id":"https:\/\/www.eryxfitness.com\/pl\/#\/schema\/logo\/image\/","url":"https:\/\/i0.wp.com\/www.eryxfitness.com\/wp-content\/uploads\/2023\/06\/INSTA.png?fit=2000%2C2000&ssl=1","contentUrl":"https:\/\/i0.wp.com\/www.eryxfitness.com\/wp-content\/uploads\/2023\/06\/INSTA.png?fit=2000%2C2000&ssl=1","width":2000,"height":2000,"caption":"ERYX FITNESS"},"image":{"@id":"https:\/\/www.eryxfitness.com\/pl\/#\/schema\/logo\/image\/"}}]}},"_links":{"self":[{"href":"https:\/\/www.eryxfitness.com\/pl\/wp-json\/wp\/v2\/product\/22426","targetHints":{"allow":["GET"]}}],"collection":[{"href":"https:\/\/www.eryxfitness.com\/pl\/wp-json\/wp\/v2\/product"}],"about":[{"href":"https:\/\/www.eryxfitness.com\/pl\/wp-json\/wp\/v2\/types\/product"}],"replies":[{"embeddable":true,"href":"https:\/\/www.eryxfitness.com\/pl\/wp-json\/wp\/v2\/comments?post=22426"}],"wp:featuredmedia":[{"embeddable":true,"href":"https:\/\/www.eryxfitness.com\/pl\/wp-json\/wp\/v2\/media\/23059"}],"wp:attachment":[{"href":"https:\/\/www.eryxfitness.com\/pl\/wp-json\/wp\/v2\/media?parent=22426"}],"wp:term":[{"taxonomy":"product_brand","embeddable":true,"href":"https:\/\/www.eryxfitness.com\/pl\/wp-json\/wp\/v2\/product_brand?post=22426"},{"taxonomy":"product_cat","embeddable":true,"href":"https:\/\/www.eryxfitness.com\/pl\/wp-json\/wp\/v2\/product_cat?post=22426"},{"taxonomy":"product_tag","embeddable":true,"href":"https:\/\/www.eryxfitness.com\/pl\/wp-json\/wp\/v2\/product_tag?post=22426"}],"curies":[{"name":"wp","href":"https:\/\/api.w.org\/{rel}","templated":true}]}}