{"id":26455,"date":"2025-11-19T16:42:49","date_gmt":"2025-11-19T15:42:49","guid":{"rendered":"https:\/\/www.eryxfitness.com\/?post_type=product&#038;p=26455"},"modified":"2026-03-22T19:01:17","modified_gmt":"2026-03-22T18:01:17","slug":"regulowany-macebell-lite","status":"publish","type":"product","link":"https:\/\/www.eryxfitness.com\/pl\/produit\/regulowany-macebell-lite\/","title":{"rendered":"Macebell regulowany 4-14kg OneMace\u00ae Lite"},"content":{"rendered":"<h1>REGULOWANY CLUBBELL<\/h1>\n<p>Trening ze sztang\u0105 mo\u017ce przynie\u015b\u0107 znaczne korzy\u015bci dla zdolno\u015bci sportowych oraz zdrowia fizycznego i psychicznego. Jednak nabycie kompletnego zestawu clubbells mo\u017ce szybko sta\u0107 si\u0119 kosztowne i wymaga odpowiedniej przestrzeni do przechowywania.<\/p>\n<p>OneClub\u00ae, nasza modu\u0142owa sztanga klubowa o wadze od 6 do 16 kg, jest idealnym rozwi\u0105zaniem dla sportowc\u00f3w, kt\u00f3rzy nie maj\u0105 bud\u017cetu ani miejsca na wyposa\u017cenie si\u0119 w kilka sztang. 11 clubbells w 1, aby zaoszcz\u0119dzi\u0107 miejsce i pieni\u0105dze.<\/p>\n<p><strong>COMPACT<\/strong><\/p>\n<p>G\u0142\u00f3wn\u0105 zalet\u0105 OneClub\u00ae jest oszcz\u0119dno\u015b\u0107 miejsca. Je\u015bli mieszkasz w mieszkaniu, w kt\u00f3rym nie mo\u017cesz sobie pozwoli\u0107 na kilka hantli o r\u00f3\u017cnej wadze, OneClub\u00ae jest idealnym rozwi\u0105zaniem.<\/p>\n<p><strong>GOSPODARKA<\/strong><\/p>\n<p>Podstawowy zestaw z 2 lub 3 sztangami cz\u0119sto kosztuje od 100 do 200 euro, w zale\u017cno\u015bci od marki. Kompletny zestaw z ci\u0119\u017carkami po\u015brednimi b\u0119dzie kosztowa\u0142 kilkaset euro. Dzi\u0119ki OneClub\u00ae za cen\u0119 podstawowego zestawu otrzymujesz 11 sztang, od 6 do 16 kg w odst\u0119pach co 1 kg.<\/p>\n<p><strong>PRZENO\u015aNY<\/strong><\/p>\n<p>Wybierasz si\u0119 na wakacje lub chcesz trenowa\u0107 na \u015bwie\u017cym powietrzu? OneClub\u00ae idealnie mie\u015bci si\u0119 w baga\u017cniku samochodu, dzi\u0119ki czemu mo\u017cesz trenowa\u0107 w dowolnym miejscu i czasie.<\/p>\n<p><strong>PRAKTYKA<\/strong><\/p>\n<p>Dzi\u0119ki wydajnemu systemowi regulacji OneClub\u00ae, nasza sztanga mo\u017ce by\u0107 regulowana bardzo szybko.<\/p>\n\n\n","protected":false},"excerpt":{"rendered":"<p>OneMace\u00ae Lite, regulowana macebell od <strong>4 do 14 kg<\/strong> w odst\u0119pach co 1 kg. Ten regulowany macebell pakuje <strong>11 macebells w 1<\/strong>, aby zaoszcz\u0119dzi\u0107 miejsce i pieni\u0105dze. Rade\u0142kowany uchwyt dla optymalnego chwytu.<\/p>\n","protected":false},"featured_media":26478,"comment_status":"open","ping_status":"closed","template":"","meta":{"_monsterinsights_skip_tracking":false,"_monsterinsights_sitenote_active":false,"_monsterinsights_sitenote_note":"","_monsterinsights_sitenote_category":0},"product_brand":[],"product_cat":[181,180],"product_tag":[],"class_list":{"0":"post-26455","1":"product","2":"type-product","3":"status-publish","4":"has-post-thumbnail","6":"product_cat-clubbells","7":"product_cat-macebells","9":"first","10":"instock","11":"taxable","12":"shipping-taxable","13":"purchasable","14":"product-type-variable","15":"has-default-attributes"},"yoast_head":"<!-- This site is optimized with the Yoast SEO plugin v27.3 - https:\/\/yoast.com\/product\/yoast-seo-wordpress\/ -->\n<title>Macebell regulowany 4-14kg OneMace\u00ae Lite &#8211; Eryx Fitness<\/title>\n<meta name=\"description\" content=\"Modu\u0142owy buzdygan OneMace\u00ae Lite mie\u015bci 11 buzdygan\u00f3w w 1: oszcz\u0119dno\u015b\u0107 miejsca i pieni\u0119dzy. Trenuj w dowolnym miejscu i czasie.\" \/>\n<meta name=\"robots\" content=\"index, follow, max-snippet:-1, max-image-preview:large, max-video-preview:-1\" \/>\n<link rel=\"canonical\" href=\"https:\/\/www.eryxfitness.com\/pl\/produit\/regulowany-macebell-lite\/\" \/>\n<meta property=\"og:locale\" content=\"pl_PL\" \/>\n<meta property=\"og:type\" content=\"article\" \/>\n<meta property=\"og:title\" content=\"Macebell regulowany 4-14kg OneMace\u00ae Lite &#8211; Eryx Fitness\" \/>\n<meta property=\"og:description\" content=\"Modu\u0142owy buzdygan OneMace\u00ae Lite mie\u015bci 11 buzdygan\u00f3w w 1: oszcz\u0119dno\u015b\u0107 miejsca i pieni\u0119dzy. Trenuj w dowolnym miejscu i czasie.\" \/>\n<meta property=\"og:url\" content=\"https:\/\/www.eryxfitness.com\/pl\/produit\/regulowany-macebell-lite\/\" \/>\n<meta property=\"og:site_name\" content=\"Eryx Fitness\" \/>\n<meta property=\"article:modified_time\" content=\"2026-03-22T18:01:17+00:00\" \/>\n<meta property=\"og:image\" content=\"https:\/\/www.eryxfitness.com\/wp-content\/uploads\/2025\/11\/adjustable-macebell-4-14-kg-onemace-lite.webp\" \/>\n\t<meta property=\"og:image:width\" content=\"1200\" \/>\n\t<meta property=\"og:image:height\" content=\"1200\" \/>\n\t<meta property=\"og:image:type\" content=\"image\/webp\" \/>\n<meta name=\"twitter:card\" content=\"summary_large_image\" \/>\n<meta name=\"twitter:label1\" content=\"Szacowany czas czytania\" \/>\n\t<meta name=\"twitter:data1\" content=\"2 minuty\" \/>\n<script type=\"application\/ld+json\" class=\"yoast-schema-graph\">{\"@context\":\"https:\\\/\\\/schema.org\",\"@graph\":[{\"@type\":\"WebPage\",\"@id\":\"https:\\\/\\\/www.eryxfitness.com\\\/pl\\\/produit\\\/regulowany-macebell-lite\\\/\",\"url\":\"https:\\\/\\\/www.eryxfitness.com\\\/pl\\\/produit\\\/regulowany-macebell-lite\\\/\",\"name\":\"Macebell regulowany 4-14kg OneMace\u00ae Lite &#8211; Eryx Fitness\",\"isPartOf\":{\"@id\":\"https:\\\/\\\/www.eryxfitness.com\\\/pl\\\/#website\"},\"primaryImageOfPage\":{\"@id\":\"https:\\\/\\\/www.eryxfitness.com\\\/pl\\\/produit\\\/regulowany-macebell-lite\\\/#primaryimage\"},\"image\":{\"@id\":\"https:\\\/\\\/www.eryxfitness.com\\\/pl\\\/produit\\\/regulowany-macebell-lite\\\/#primaryimage\"},\"thumbnailUrl\":\"https:\\\/\\\/www.eryxfitness.com\\\/wp-content\\\/uploads\\\/2025\\\/11\\\/adjustable-macebell-4-14-kg-onemace-lite.webp\",\"datePublished\":\"2025-11-19T15:42:49+00:00\",\"dateModified\":\"2026-03-22T18:01:17+00:00\",\"description\":\"Modu\u0142owy buzdygan OneMace\u00ae Lite mie\u015bci 11 buzdygan\u00f3w w 1: oszcz\u0119dno\u015b\u0107 miejsca i pieni\u0119dzy. Trenuj w dowolnym miejscu i czasie.\",\"breadcrumb\":{\"@id\":\"https:\\\/\\\/www.eryxfitness.com\\\/pl\\\/produit\\\/regulowany-macebell-lite\\\/#breadcrumb\"},\"inLanguage\":\"pl-PL\",\"potentialAction\":[{\"@type\":\"ReadAction\",\"target\":[\"https:\\\/\\\/www.eryxfitness.com\\\/pl\\\/produit\\\/regulowany-macebell-lite\\\/\"]}]},{\"@type\":\"ImageObject\",\"inLanguage\":\"pl-PL\",\"@id\":\"https:\\\/\\\/www.eryxfitness.com\\\/pl\\\/produit\\\/regulowany-macebell-lite\\\/#primaryimage\",\"url\":\"https:\\\/\\\/www.eryxfitness.com\\\/wp-content\\\/uploads\\\/2025\\\/11\\\/adjustable-macebell-4-14-kg-onemace-lite.webp\",\"contentUrl\":\"https:\\\/\\\/www.eryxfitness.com\\\/wp-content\\\/uploads\\\/2025\\\/11\\\/adjustable-macebell-4-14-kg-onemace-lite.webp\",\"width\":1200,\"height\":1200},{\"@type\":\"BreadcrumbList\",\"@id\":\"https:\\\/\\\/www.eryxfitness.com\\\/pl\\\/produit\\\/regulowany-macebell-lite\\\/#breadcrumb\",\"itemListElement\":[{\"@type\":\"ListItem\",\"position\":1,\"name\":\"Accueil\",\"item\":\"https:\\\/\\\/www.eryxfitness.com\\\/pl\\\/strona-glowna\\\/\"},{\"@type\":\"ListItem\",\"position\":2,\"name\":\"Sklep\",\"item\":\"https:\\\/\\\/www.eryxfitness.com\\\/pl\\\/sklep\\\/\"},{\"@type\":\"ListItem\",\"position\":3,\"name\":\"Macebell regulowany 4-14kg OneMace\u00ae Lite\"}]},{\"@type\":\"WebSite\",\"@id\":\"https:\\\/\\\/www.eryxfitness.com\\\/pl\\\/#website\",\"url\":\"https:\\\/\\\/www.eryxfitness.com\\\/pl\\\/\",\"name\":\"ERYX FITNESS\",\"description\":\"Adjustable and portable fitness equipment\",\"publisher\":{\"@id\":\"https:\\\/\\\/www.eryxfitness.com\\\/pl\\\/#organization\"},\"alternateName\":\"ERYX\",\"potentialAction\":[{\"@type\":\"SearchAction\",\"target\":{\"@type\":\"EntryPoint\",\"urlTemplate\":\"https:\\\/\\\/www.eryxfitness.com\\\/pl\\\/?s={search_term_string}\"},\"query-input\":{\"@type\":\"PropertyValueSpecification\",\"valueRequired\":true,\"valueName\":\"search_term_string\"}}],\"inLanguage\":\"pl-PL\"},{\"@type\":\"Organization\",\"@id\":\"https:\\\/\\\/www.eryxfitness.com\\\/pl\\\/#organization\",\"name\":\"ERYX FITNESS\",\"alternateName\":\"ERYX\",\"url\":\"https:\\\/\\\/www.eryxfitness.com\\\/pl\\\/\",\"logo\":{\"@type\":\"ImageObject\",\"inLanguage\":\"pl-PL\",\"@id\":\"https:\\\/\\\/www.eryxfitness.com\\\/pl\\\/#\\\/schema\\\/logo\\\/image\\\/\",\"url\":\"https:\\\/\\\/i0.wp.com\\\/www.eryxfitness.com\\\/wp-content\\\/uploads\\\/2023\\\/06\\\/INSTA.png?fit=2000%2C2000&ssl=1\",\"contentUrl\":\"https:\\\/\\\/i0.wp.com\\\/www.eryxfitness.com\\\/wp-content\\\/uploads\\\/2023\\\/06\\\/INSTA.png?fit=2000%2C2000&ssl=1\",\"width\":2000,\"height\":2000,\"caption\":\"ERYX FITNESS\"},\"image\":{\"@id\":\"https:\\\/\\\/www.eryxfitness.com\\\/pl\\\/#\\\/schema\\\/logo\\\/image\\\/\"}}]}<\/script>\n<!-- \/ Yoast SEO plugin. -->","yoast_head_json":{"title":"Macebell regulowany 4-14kg OneMace\u00ae Lite &#8211; Eryx Fitness","description":"Modu\u0142owy buzdygan OneMace\u00ae Lite mie\u015bci 11 buzdygan\u00f3w w 1: oszcz\u0119dno\u015b\u0107 miejsca i pieni\u0119dzy. Trenuj w dowolnym miejscu i czasie.","robots":{"index":"index","follow":"follow","max-snippet":"max-snippet:-1","max-image-preview":"max-image-preview:large","max-video-preview":"max-video-preview:-1"},"canonical":"https:\/\/www.eryxfitness.com\/pl\/produit\/regulowany-macebell-lite\/","og_locale":"pl_PL","og_type":"article","og_title":"Macebell regulowany 4-14kg OneMace\u00ae Lite &#8211; Eryx Fitness","og_description":"Modu\u0142owy buzdygan OneMace\u00ae Lite mie\u015bci 11 buzdygan\u00f3w w 1: oszcz\u0119dno\u015b\u0107 miejsca i pieni\u0119dzy. Trenuj w dowolnym miejscu i czasie.","og_url":"https:\/\/www.eryxfitness.com\/pl\/produit\/regulowany-macebell-lite\/","og_site_name":"Eryx Fitness","article_modified_time":"2026-03-22T18:01:17+00:00","og_image":[{"width":1200,"height":1200,"url":"https:\/\/www.eryxfitness.com\/wp-content\/uploads\/2025\/11\/adjustable-macebell-4-14-kg-onemace-lite.webp","type":"image\/webp"}],"twitter_card":"summary_large_image","twitter_misc":{"Szacowany czas czytania":"2 minuty"},"schema":{"@context":"https:\/\/schema.org","@graph":[{"@type":"WebPage","@id":"https:\/\/www.eryxfitness.com\/pl\/produit\/regulowany-macebell-lite\/","url":"https:\/\/www.eryxfitness.com\/pl\/produit\/regulowany-macebell-lite\/","name":"Macebell regulowany 4-14kg OneMace\u00ae Lite &#8211; Eryx Fitness","isPartOf":{"@id":"https:\/\/www.eryxfitness.com\/pl\/#website"},"primaryImageOfPage":{"@id":"https:\/\/www.eryxfitness.com\/pl\/produit\/regulowany-macebell-lite\/#primaryimage"},"image":{"@id":"https:\/\/www.eryxfitness.com\/pl\/produit\/regulowany-macebell-lite\/#primaryimage"},"thumbnailUrl":"https:\/\/www.eryxfitness.com\/wp-content\/uploads\/2025\/11\/adjustable-macebell-4-14-kg-onemace-lite.webp","datePublished":"2025-11-19T15:42:49+00:00","dateModified":"2026-03-22T18:01:17+00:00","description":"Modu\u0142owy buzdygan OneMace\u00ae Lite mie\u015bci 11 buzdygan\u00f3w w 1: oszcz\u0119dno\u015b\u0107 miejsca i pieni\u0119dzy. Trenuj w dowolnym miejscu i czasie.","breadcrumb":{"@id":"https:\/\/www.eryxfitness.com\/pl\/produit\/regulowany-macebell-lite\/#breadcrumb"},"inLanguage":"pl-PL","potentialAction":[{"@type":"ReadAction","target":["https:\/\/www.eryxfitness.com\/pl\/produit\/regulowany-macebell-lite\/"]}]},{"@type":"ImageObject","inLanguage":"pl-PL","@id":"https:\/\/www.eryxfitness.com\/pl\/produit\/regulowany-macebell-lite\/#primaryimage","url":"https:\/\/www.eryxfitness.com\/wp-content\/uploads\/2025\/11\/adjustable-macebell-4-14-kg-onemace-lite.webp","contentUrl":"https:\/\/www.eryxfitness.com\/wp-content\/uploads\/2025\/11\/adjustable-macebell-4-14-kg-onemace-lite.webp","width":1200,"height":1200},{"@type":"BreadcrumbList","@id":"https:\/\/www.eryxfitness.com\/pl\/produit\/regulowany-macebell-lite\/#breadcrumb","itemListElement":[{"@type":"ListItem","position":1,"name":"Accueil","item":"https:\/\/www.eryxfitness.com\/pl\/strona-glowna\/"},{"@type":"ListItem","position":2,"name":"Sklep","item":"https:\/\/www.eryxfitness.com\/pl\/sklep\/"},{"@type":"ListItem","position":3,"name":"Macebell regulowany 4-14kg OneMace\u00ae Lite"}]},{"@type":"WebSite","@id":"https:\/\/www.eryxfitness.com\/pl\/#website","url":"https:\/\/www.eryxfitness.com\/pl\/","name":"ERYX FITNESS","description":"Adjustable and portable fitness equipment","publisher":{"@id":"https:\/\/www.eryxfitness.com\/pl\/#organization"},"alternateName":"ERYX","potentialAction":[{"@type":"SearchAction","target":{"@type":"EntryPoint","urlTemplate":"https:\/\/www.eryxfitness.com\/pl\/?s={search_term_string}"},"query-input":{"@type":"PropertyValueSpecification","valueRequired":true,"valueName":"search_term_string"}}],"inLanguage":"pl-PL"},{"@type":"Organization","@id":"https:\/\/www.eryxfitness.com\/pl\/#organization","name":"ERYX FITNESS","alternateName":"ERYX","url":"https:\/\/www.eryxfitness.com\/pl\/","logo":{"@type":"ImageObject","inLanguage":"pl-PL","@id":"https:\/\/www.eryxfitness.com\/pl\/#\/schema\/logo\/image\/","url":"https:\/\/i0.wp.com\/www.eryxfitness.com\/wp-content\/uploads\/2023\/06\/INSTA.png?fit=2000%2C2000&ssl=1","contentUrl":"https:\/\/i0.wp.com\/www.eryxfitness.com\/wp-content\/uploads\/2023\/06\/INSTA.png?fit=2000%2C2000&ssl=1","width":2000,"height":2000,"caption":"ERYX FITNESS"},"image":{"@id":"https:\/\/www.eryxfitness.com\/pl\/#\/schema\/logo\/image\/"}}]}},"_links":{"self":[{"href":"https:\/\/www.eryxfitness.com\/pl\/wp-json\/wp\/v2\/product\/26455","targetHints":{"allow":["GET"]}}],"collection":[{"href":"https:\/\/www.eryxfitness.com\/pl\/wp-json\/wp\/v2\/product"}],"about":[{"href":"https:\/\/www.eryxfitness.com\/pl\/wp-json\/wp\/v2\/types\/product"}],"replies":[{"embeddable":true,"href":"https:\/\/www.eryxfitness.com\/pl\/wp-json\/wp\/v2\/comments?post=26455"}],"wp:featuredmedia":[{"embeddable":true,"href":"https:\/\/www.eryxfitness.com\/pl\/wp-json\/wp\/v2\/media\/26478"}],"wp:attachment":[{"href":"https:\/\/www.eryxfitness.com\/pl\/wp-json\/wp\/v2\/media?parent=26455"}],"wp:term":[{"taxonomy":"product_brand","embeddable":true,"href":"https:\/\/www.eryxfitness.com\/pl\/wp-json\/wp\/v2\/product_brand?post=26455"},{"taxonomy":"product_cat","embeddable":true,"href":"https:\/\/www.eryxfitness.com\/pl\/wp-json\/wp\/v2\/product_cat?post=26455"},{"taxonomy":"product_tag","embeddable":true,"href":"https:\/\/www.eryxfitness.com\/pl\/wp-json\/wp\/v2\/product_tag?post=26455"}],"curies":[{"name":"wp","href":"https:\/\/api.w.org\/{rel}","templated":true}]}}