{"id":26594,"date":"2025-11-21T09:37:42","date_gmt":"2025-11-21T08:37:42","guid":{"rendered":"https:\/\/www.eryxfitness.com\/produit\/hardstyle-pack\/"},"modified":"2025-11-22T16:05:16","modified_gmt":"2025-11-22T15:05:16","slug":"hardstyle-pack","status":"publish","type":"product","link":"https:\/\/www.eryxfitness.com\/pl\/produit\/hardstyle-pack\/","title":{"rendered":"Hardstyle Pack"},"content":{"rendered":"","protected":false},"excerpt":{"rendered":"<p>Zestaw <strong data-start=\"422\" data-end=\"440\">Hardstyle Pack<\/strong> oferuje pe\u0142n\u0105 gam\u0119 odwa\u017cnik\u00f3w od <strong data-start=\"485\" data-end=\"498\">6 do 32 kg<\/strong>, regulowanych <strong data-start=\"510\" data-end=\"536\">co 1 kg<\/strong> w celu uzyskania idealnie kontrolowanego post\u0119pu.<br data-start=\"581\" data-end=\"584\">Zawiera <strong data-start=\"596\" data-end=\"630\">2x hardstyle kettlebells 12-32 kg<\/strong> i <strong data-start=\"634\" data-end=\"672\" data-is-only-node=\"\">2x hardstyle kettlebells 6-12 kg<\/strong>, umo\u017cliwiaj\u0105c <strong data-start=\"700\" data-end=\"724\">podw\u00f3jny<\/strong> trening <strong data-start=\"700\" data-end=\"724\">kettlebell<\/strong> w ca\u0142ym zakresie obci\u0105\u017ce\u0144.<br data-start=\"755\" data-end=\"758\">Wszechstronny zestaw z mo\u017cliwo\u015bci\u0105 rozbudowy, idealny do rozwijania <strong data-start=\"812\" data-end=\"844\">si\u0142y, mocy i kontroli<\/strong>, zar\u00f3wno w domu, jak i na zewn\u0105trz.<\/p>\n","protected":false},"featured_media":26587,"comment_status":"closed","ping_status":"closed","template":"","meta":{"_monsterinsights_skip_tracking":false,"_monsterinsights_sitenote_active":false,"_monsterinsights_sitenote_note":"","_monsterinsights_sitenote_category":0},"product_brand":[],"product_cat":[217],"product_tag":[],"class_list":{"0":"post-26594","1":"product","2":"type-product","3":"status-publish","4":"has-post-thumbnail","6":"product_cat-packs","8":"first","9":"outofstock","10":"taxable","11":"shipping-taxable","12":"purchasable","13":"product-type-woosb"},"yoast_head":"<!-- This site is optimized with the Yoast SEO plugin v27.3 - https:\/\/yoast.com\/product\/yoast-seo-wordpress\/ -->\n<title>Hardstyle Pack &#8211; Eryx Fitness<\/title>\n<meta name=\"robots\" content=\"index, follow, max-snippet:-1, max-image-preview:large, max-video-preview:-1\" \/>\n<link rel=\"canonical\" href=\"https:\/\/www.eryxfitness.com\/pl\/produit\/hardstyle-pack\/\" \/>\n<meta property=\"og:locale\" content=\"pl_PL\" \/>\n<meta property=\"og:type\" content=\"article\" \/>\n<meta property=\"og:title\" content=\"Hardstyle Pack &#8211; Eryx Fitness\" \/>\n<meta property=\"og:description\" content=\"Zestaw Hardstyle Pack oferuje pe\u0142n\u0105 gam\u0119 odwa\u017cnik\u00f3w od 6 do 32 kg, regulowanych co 1 kg w celu uzyskania idealnie kontrolowanego post\u0119pu.Zawiera 2x hardstyle kettlebells 12-32 kg i 2x hardstyle kettlebells 6-12 kg, umo\u017cliwiaj\u0105c podw\u00f3jny trening kettlebell w ca\u0142ym zakresie obci\u0105\u017ce\u0144.Wszechstronny zestaw z mo\u017cliwo\u015bci\u0105 rozbudowy, idealny do rozwijania si\u0142y, mocy i kontroli, zar\u00f3wno w domu, jak i na zewn\u0105trz.\" \/>\n<meta property=\"og:url\" content=\"https:\/\/www.eryxfitness.com\/pl\/produit\/hardstyle-pack\/\" \/>\n<meta property=\"og:site_name\" content=\"Eryx Fitness\" \/>\n<meta property=\"article:modified_time\" content=\"2025-11-22T15:05:16+00:00\" \/>\n<meta property=\"og:image\" content=\"https:\/\/www.eryxfitness.com\/wp-content\/uploads\/2025\/11\/PACK-HARDSTYLE-1.webp\" \/>\n\t<meta property=\"og:image:width\" content=\"1122\" \/>\n\t<meta property=\"og:image:height\" content=\"1121\" \/>\n\t<meta property=\"og:image:type\" content=\"image\/webp\" \/>\n<meta name=\"twitter:card\" content=\"summary_large_image\" \/>\n<meta name=\"twitter:label1\" content=\"Szacowany czas czytania\" \/>\n\t<meta name=\"twitter:data1\" content=\"1 minuta\" \/>\n<script type=\"application\/ld+json\" class=\"yoast-schema-graph\">{\"@context\":\"https:\\\/\\\/schema.org\",\"@graph\":[{\"@type\":\"WebPage\",\"@id\":\"https:\\\/\\\/www.eryxfitness.com\\\/pl\\\/produit\\\/hardstyle-pack\\\/\",\"url\":\"https:\\\/\\\/www.eryxfitness.com\\\/pl\\\/produit\\\/hardstyle-pack\\\/\",\"name\":\"Hardstyle Pack &#8211; Eryx Fitness\",\"isPartOf\":{\"@id\":\"https:\\\/\\\/www.eryxfitness.com\\\/pl\\\/#website\"},\"primaryImageOfPage\":{\"@id\":\"https:\\\/\\\/www.eryxfitness.com\\\/pl\\\/produit\\\/hardstyle-pack\\\/#primaryimage\"},\"image\":{\"@id\":\"https:\\\/\\\/www.eryxfitness.com\\\/pl\\\/produit\\\/hardstyle-pack\\\/#primaryimage\"},\"thumbnailUrl\":\"https:\\\/\\\/www.eryxfitness.com\\\/wp-content\\\/uploads\\\/2025\\\/11\\\/PACK-HARDSTYLE-1.webp\",\"datePublished\":\"2025-11-21T08:37:42+00:00\",\"dateModified\":\"2025-11-22T15:05:16+00:00\",\"breadcrumb\":{\"@id\":\"https:\\\/\\\/www.eryxfitness.com\\\/pl\\\/produit\\\/hardstyle-pack\\\/#breadcrumb\"},\"inLanguage\":\"pl-PL\",\"potentialAction\":[{\"@type\":\"ReadAction\",\"target\":[\"https:\\\/\\\/www.eryxfitness.com\\\/pl\\\/produit\\\/hardstyle-pack\\\/\"]}]},{\"@type\":\"ImageObject\",\"inLanguage\":\"pl-PL\",\"@id\":\"https:\\\/\\\/www.eryxfitness.com\\\/pl\\\/produit\\\/hardstyle-pack\\\/#primaryimage\",\"url\":\"https:\\\/\\\/www.eryxfitness.com\\\/wp-content\\\/uploads\\\/2025\\\/11\\\/PACK-HARDSTYLE-1.webp\",\"contentUrl\":\"https:\\\/\\\/www.eryxfitness.com\\\/wp-content\\\/uploads\\\/2025\\\/11\\\/PACK-HARDSTYLE-1.webp\",\"width\":1122,\"height\":1121},{\"@type\":\"BreadcrumbList\",\"@id\":\"https:\\\/\\\/www.eryxfitness.com\\\/pl\\\/produit\\\/hardstyle-pack\\\/#breadcrumb\",\"itemListElement\":[{\"@type\":\"ListItem\",\"position\":1,\"name\":\"Accueil\",\"item\":\"https:\\\/\\\/www.eryxfitness.com\\\/pl\\\/strona-glowna\\\/\"},{\"@type\":\"ListItem\",\"position\":2,\"name\":\"Sklep\",\"item\":\"https:\\\/\\\/www.eryxfitness.com\\\/pl\\\/sklep\\\/\"},{\"@type\":\"ListItem\",\"position\":3,\"name\":\"Hardstyle Pack\"}]},{\"@type\":\"WebSite\",\"@id\":\"https:\\\/\\\/www.eryxfitness.com\\\/pl\\\/#website\",\"url\":\"https:\\\/\\\/www.eryxfitness.com\\\/pl\\\/\",\"name\":\"ERYX FITNESS\",\"description\":\"Adjustable and portable fitness equipment\",\"publisher\":{\"@id\":\"https:\\\/\\\/www.eryxfitness.com\\\/pl\\\/#organization\"},\"alternateName\":\"ERYX\",\"potentialAction\":[{\"@type\":\"SearchAction\",\"target\":{\"@type\":\"EntryPoint\",\"urlTemplate\":\"https:\\\/\\\/www.eryxfitness.com\\\/pl\\\/?s={search_term_string}\"},\"query-input\":{\"@type\":\"PropertyValueSpecification\",\"valueRequired\":true,\"valueName\":\"search_term_string\"}}],\"inLanguage\":\"pl-PL\"},{\"@type\":\"Organization\",\"@id\":\"https:\\\/\\\/www.eryxfitness.com\\\/pl\\\/#organization\",\"name\":\"ERYX FITNESS\",\"alternateName\":\"ERYX\",\"url\":\"https:\\\/\\\/www.eryxfitness.com\\\/pl\\\/\",\"logo\":{\"@type\":\"ImageObject\",\"inLanguage\":\"pl-PL\",\"@id\":\"https:\\\/\\\/www.eryxfitness.com\\\/pl\\\/#\\\/schema\\\/logo\\\/image\\\/\",\"url\":\"https:\\\/\\\/i0.wp.com\\\/www.eryxfitness.com\\\/wp-content\\\/uploads\\\/2023\\\/06\\\/INSTA.png?fit=2000%2C2000&ssl=1\",\"contentUrl\":\"https:\\\/\\\/i0.wp.com\\\/www.eryxfitness.com\\\/wp-content\\\/uploads\\\/2023\\\/06\\\/INSTA.png?fit=2000%2C2000&ssl=1\",\"width\":2000,\"height\":2000,\"caption\":\"ERYX FITNESS\"},\"image\":{\"@id\":\"https:\\\/\\\/www.eryxfitness.com\\\/pl\\\/#\\\/schema\\\/logo\\\/image\\\/\"}}]}<\/script>\n<!-- \/ Yoast SEO plugin. -->","yoast_head_json":{"title":"Hardstyle Pack &#8211; Eryx Fitness","robots":{"index":"index","follow":"follow","max-snippet":"max-snippet:-1","max-image-preview":"max-image-preview:large","max-video-preview":"max-video-preview:-1"},"canonical":"https:\/\/www.eryxfitness.com\/pl\/produit\/hardstyle-pack\/","og_locale":"pl_PL","og_type":"article","og_title":"Hardstyle Pack &#8211; Eryx Fitness","og_description":"Zestaw Hardstyle Pack oferuje pe\u0142n\u0105 gam\u0119 odwa\u017cnik\u00f3w od 6 do 32 kg, regulowanych co 1 kg w celu uzyskania idealnie kontrolowanego post\u0119pu.Zawiera 2x hardstyle kettlebells 12-32 kg i 2x hardstyle kettlebells 6-12 kg, umo\u017cliwiaj\u0105c podw\u00f3jny trening kettlebell w ca\u0142ym zakresie obci\u0105\u017ce\u0144.Wszechstronny zestaw z mo\u017cliwo\u015bci\u0105 rozbudowy, idealny do rozwijania si\u0142y, mocy i kontroli, zar\u00f3wno w domu, jak i na zewn\u0105trz.","og_url":"https:\/\/www.eryxfitness.com\/pl\/produit\/hardstyle-pack\/","og_site_name":"Eryx Fitness","article_modified_time":"2025-11-22T15:05:16+00:00","og_image":[{"width":1122,"height":1121,"url":"https:\/\/www.eryxfitness.com\/wp-content\/uploads\/2025\/11\/PACK-HARDSTYLE-1.webp","type":"image\/webp"}],"twitter_card":"summary_large_image","twitter_misc":{"Szacowany czas czytania":"1 minuta"},"schema":{"@context":"https:\/\/schema.org","@graph":[{"@type":"WebPage","@id":"https:\/\/www.eryxfitness.com\/pl\/produit\/hardstyle-pack\/","url":"https:\/\/www.eryxfitness.com\/pl\/produit\/hardstyle-pack\/","name":"Hardstyle Pack &#8211; Eryx Fitness","isPartOf":{"@id":"https:\/\/www.eryxfitness.com\/pl\/#website"},"primaryImageOfPage":{"@id":"https:\/\/www.eryxfitness.com\/pl\/produit\/hardstyle-pack\/#primaryimage"},"image":{"@id":"https:\/\/www.eryxfitness.com\/pl\/produit\/hardstyle-pack\/#primaryimage"},"thumbnailUrl":"https:\/\/www.eryxfitness.com\/wp-content\/uploads\/2025\/11\/PACK-HARDSTYLE-1.webp","datePublished":"2025-11-21T08:37:42+00:00","dateModified":"2025-11-22T15:05:16+00:00","breadcrumb":{"@id":"https:\/\/www.eryxfitness.com\/pl\/produit\/hardstyle-pack\/#breadcrumb"},"inLanguage":"pl-PL","potentialAction":[{"@type":"ReadAction","target":["https:\/\/www.eryxfitness.com\/pl\/produit\/hardstyle-pack\/"]}]},{"@type":"ImageObject","inLanguage":"pl-PL","@id":"https:\/\/www.eryxfitness.com\/pl\/produit\/hardstyle-pack\/#primaryimage","url":"https:\/\/www.eryxfitness.com\/wp-content\/uploads\/2025\/11\/PACK-HARDSTYLE-1.webp","contentUrl":"https:\/\/www.eryxfitness.com\/wp-content\/uploads\/2025\/11\/PACK-HARDSTYLE-1.webp","width":1122,"height":1121},{"@type":"BreadcrumbList","@id":"https:\/\/www.eryxfitness.com\/pl\/produit\/hardstyle-pack\/#breadcrumb","itemListElement":[{"@type":"ListItem","position":1,"name":"Accueil","item":"https:\/\/www.eryxfitness.com\/pl\/strona-glowna\/"},{"@type":"ListItem","position":2,"name":"Sklep","item":"https:\/\/www.eryxfitness.com\/pl\/sklep\/"},{"@type":"ListItem","position":3,"name":"Hardstyle Pack"}]},{"@type":"WebSite","@id":"https:\/\/www.eryxfitness.com\/pl\/#website","url":"https:\/\/www.eryxfitness.com\/pl\/","name":"ERYX FITNESS","description":"Adjustable and portable fitness equipment","publisher":{"@id":"https:\/\/www.eryxfitness.com\/pl\/#organization"},"alternateName":"ERYX","potentialAction":[{"@type":"SearchAction","target":{"@type":"EntryPoint","urlTemplate":"https:\/\/www.eryxfitness.com\/pl\/?s={search_term_string}"},"query-input":{"@type":"PropertyValueSpecification","valueRequired":true,"valueName":"search_term_string"}}],"inLanguage":"pl-PL"},{"@type":"Organization","@id":"https:\/\/www.eryxfitness.com\/pl\/#organization","name":"ERYX FITNESS","alternateName":"ERYX","url":"https:\/\/www.eryxfitness.com\/pl\/","logo":{"@type":"ImageObject","inLanguage":"pl-PL","@id":"https:\/\/www.eryxfitness.com\/pl\/#\/schema\/logo\/image\/","url":"https:\/\/i0.wp.com\/www.eryxfitness.com\/wp-content\/uploads\/2023\/06\/INSTA.png?fit=2000%2C2000&ssl=1","contentUrl":"https:\/\/i0.wp.com\/www.eryxfitness.com\/wp-content\/uploads\/2023\/06\/INSTA.png?fit=2000%2C2000&ssl=1","width":2000,"height":2000,"caption":"ERYX FITNESS"},"image":{"@id":"https:\/\/www.eryxfitness.com\/pl\/#\/schema\/logo\/image\/"}}]}},"_links":{"self":[{"href":"https:\/\/www.eryxfitness.com\/pl\/wp-json\/wp\/v2\/product\/26594","targetHints":{"allow":["GET"]}}],"collection":[{"href":"https:\/\/www.eryxfitness.com\/pl\/wp-json\/wp\/v2\/product"}],"about":[{"href":"https:\/\/www.eryxfitness.com\/pl\/wp-json\/wp\/v2\/types\/product"}],"replies":[{"embeddable":true,"href":"https:\/\/www.eryxfitness.com\/pl\/wp-json\/wp\/v2\/comments?post=26594"}],"wp:featuredmedia":[{"embeddable":true,"href":"https:\/\/www.eryxfitness.com\/pl\/wp-json\/wp\/v2\/media\/26587"}],"wp:attachment":[{"href":"https:\/\/www.eryxfitness.com\/pl\/wp-json\/wp\/v2\/media?parent=26594"}],"wp:term":[{"taxonomy":"product_brand","embeddable":true,"href":"https:\/\/www.eryxfitness.com\/pl\/wp-json\/wp\/v2\/product_brand?post=26594"},{"taxonomy":"product_cat","embeddable":true,"href":"https:\/\/www.eryxfitness.com\/pl\/wp-json\/wp\/v2\/product_cat?post=26594"},{"taxonomy":"product_tag","embeddable":true,"href":"https:\/\/www.eryxfitness.com\/pl\/wp-json\/wp\/v2\/product_tag?post=26594"}],"curies":[{"name":"wp","href":"https:\/\/api.w.org\/{rel}","templated":true}]}}