{"id":26616,"date":"2025-11-22T16:08:32","date_gmt":"2025-11-22T15:08:32","guid":{"rendered":"https:\/\/www.eryxfitness.com\/produit\/flow-pack-v1\/"},"modified":"2025-11-22T16:22:59","modified_gmt":"2025-11-22T15:22:59","slug":"flow-pack-v1","status":"publish","type":"product","link":"https:\/\/www.eryxfitness.com\/pl\/produit\/flow-pack-v1\/","title":{"rendered":"Flow Pack V1"},"content":{"rendered":"","protected":false},"excerpt":{"rendered":"<p><strong data-start=\"371\" data-end=\"386\">Zestaw Flow V1<\/strong> \u0142\u0105czy w sobie niezb\u0119dne narz\u0119dzia do odkrywania <strong data-start=\"433\" data-end=\"450\">treningu p\u0142ynno\u015bci<\/strong> i rozwijania p\u0142ynnej, kontrolowanej si\u0142y.<br data-start=\"499\" data-end=\"502\" \/>Zawiera <strong data-start=\"514\" data-end=\"550\">2x hantle 6-16 kg<\/strong> i <strong data-start=\"554\" data-end=\"588\" data-is-only-node=\"\">1x macebell 4-14 kg<\/strong>, do \u0142\u0105czenia dynamicznych ruch\u00f3w, wzmacniania koordynacji i poprawy og\u00f3lnej mobilno\u015bci.<br data-start=\"691\" data-end=\"694\" \/>Kompletny zestaw do kultywowania <strong data-start=\"724\" data-end=\"759\">stabilno\u015bci, kontroli i p\u0142ynno\u015bci<\/strong>, zar\u00f3wno w domu, na si\u0142owni, jak i na zewn\u0105trz.<\/p>\n","protected":false},"featured_media":26608,"comment_status":"closed","ping_status":"closed","template":"","meta":{"_monsterinsights_skip_tracking":false,"_monsterinsights_sitenote_active":false,"_monsterinsights_sitenote_note":"","_monsterinsights_sitenote_category":0},"product_brand":[],"product_cat":[217],"product_tag":[],"class_list":{"0":"post-26616","1":"product","2":"type-product","3":"status-publish","4":"has-post-thumbnail","6":"product_cat-packs","8":"first","9":"instock","10":"taxable","11":"shipping-taxable","12":"purchasable","13":"product-type-woosb"},"yoast_head":"<!-- This site is optimized with the Yoast SEO plugin v27.3 - https:\/\/yoast.com\/product\/yoast-seo-wordpress\/ -->\n<title>Flow Pack V1 &#8211; Eryx Fitness<\/title>\n<meta name=\"robots\" content=\"index, follow, max-snippet:-1, max-image-preview:large, max-video-preview:-1\" \/>\n<link rel=\"canonical\" href=\"https:\/\/www.eryxfitness.com\/pl\/produit\/flow-pack-v1\/\" \/>\n<meta property=\"og:locale\" content=\"pl_PL\" \/>\n<meta property=\"og:type\" content=\"article\" \/>\n<meta property=\"og:title\" content=\"Flow Pack V1 &#8211; Eryx Fitness\" \/>\n<meta property=\"og:description\" content=\"Zestaw Flow V1 \u0142\u0105czy w sobie niezb\u0119dne narz\u0119dzia do odkrywania treningu p\u0142ynno\u015bci i rozwijania p\u0142ynnej, kontrolowanej si\u0142y.Zawiera 2x hantle 6-16 kg i 1x macebell 4-14 kg, do \u0142\u0105czenia dynamicznych ruch\u00f3w, wzmacniania koordynacji i poprawy og\u00f3lnej mobilno\u015bci.Kompletny zestaw do kultywowania stabilno\u015bci, kontroli i p\u0142ynno\u015bci, zar\u00f3wno w domu, na si\u0142owni, jak i na zewn\u0105trz.\" \/>\n<meta property=\"og:url\" content=\"https:\/\/www.eryxfitness.com\/pl\/produit\/flow-pack-v1\/\" \/>\n<meta property=\"og:site_name\" content=\"Eryx Fitness\" \/>\n<meta property=\"article:modified_time\" content=\"2025-11-22T15:22:59+00:00\" \/>\n<meta property=\"og:image\" content=\"https:\/\/www.eryxfitness.com\/wp-content\/uploads\/2025\/11\/PACK-FLOW-V1-4.webp\" \/>\n\t<meta property=\"og:image:width\" content=\"986\" \/>\n\t<meta property=\"og:image:height\" content=\"985\" \/>\n\t<meta property=\"og:image:type\" content=\"image\/webp\" \/>\n<meta name=\"twitter:card\" content=\"summary_large_image\" \/>\n<meta name=\"twitter:label1\" content=\"Szacowany czas czytania\" \/>\n\t<meta name=\"twitter:data1\" content=\"1 minuta\" \/>\n<script type=\"application\/ld+json\" class=\"yoast-schema-graph\">{\"@context\":\"https:\\\/\\\/schema.org\",\"@graph\":[{\"@type\":\"WebPage\",\"@id\":\"https:\\\/\\\/www.eryxfitness.com\\\/pl\\\/produit\\\/flow-pack-v1\\\/\",\"url\":\"https:\\\/\\\/www.eryxfitness.com\\\/pl\\\/produit\\\/flow-pack-v1\\\/\",\"name\":\"Flow Pack V1 &#8211; Eryx Fitness\",\"isPartOf\":{\"@id\":\"https:\\\/\\\/www.eryxfitness.com\\\/pl\\\/#website\"},\"primaryImageOfPage\":{\"@id\":\"https:\\\/\\\/www.eryxfitness.com\\\/pl\\\/produit\\\/flow-pack-v1\\\/#primaryimage\"},\"image\":{\"@id\":\"https:\\\/\\\/www.eryxfitness.com\\\/pl\\\/produit\\\/flow-pack-v1\\\/#primaryimage\"},\"thumbnailUrl\":\"https:\\\/\\\/www.eryxfitness.com\\\/wp-content\\\/uploads\\\/2025\\\/11\\\/PACK-FLOW-V1-4.webp\",\"datePublished\":\"2025-11-22T15:08:32+00:00\",\"dateModified\":\"2025-11-22T15:22:59+00:00\",\"breadcrumb\":{\"@id\":\"https:\\\/\\\/www.eryxfitness.com\\\/pl\\\/produit\\\/flow-pack-v1\\\/#breadcrumb\"},\"inLanguage\":\"pl-PL\",\"potentialAction\":[{\"@type\":\"ReadAction\",\"target\":[\"https:\\\/\\\/www.eryxfitness.com\\\/pl\\\/produit\\\/flow-pack-v1\\\/\"]}]},{\"@type\":\"ImageObject\",\"inLanguage\":\"pl-PL\",\"@id\":\"https:\\\/\\\/www.eryxfitness.com\\\/pl\\\/produit\\\/flow-pack-v1\\\/#primaryimage\",\"url\":\"https:\\\/\\\/www.eryxfitness.com\\\/wp-content\\\/uploads\\\/2025\\\/11\\\/PACK-FLOW-V1-4.webp\",\"contentUrl\":\"https:\\\/\\\/www.eryxfitness.com\\\/wp-content\\\/uploads\\\/2025\\\/11\\\/PACK-FLOW-V1-4.webp\",\"width\":986,\"height\":985},{\"@type\":\"BreadcrumbList\",\"@id\":\"https:\\\/\\\/www.eryxfitness.com\\\/pl\\\/produit\\\/flow-pack-v1\\\/#breadcrumb\",\"itemListElement\":[{\"@type\":\"ListItem\",\"position\":1,\"name\":\"Accueil\",\"item\":\"https:\\\/\\\/www.eryxfitness.com\\\/pl\\\/strona-glowna\\\/\"},{\"@type\":\"ListItem\",\"position\":2,\"name\":\"Sklep\",\"item\":\"https:\\\/\\\/www.eryxfitness.com\\\/pl\\\/sklep\\\/\"},{\"@type\":\"ListItem\",\"position\":3,\"name\":\"Flow Pack V1\"}]},{\"@type\":\"WebSite\",\"@id\":\"https:\\\/\\\/www.eryxfitness.com\\\/pl\\\/#website\",\"url\":\"https:\\\/\\\/www.eryxfitness.com\\\/pl\\\/\",\"name\":\"ERYX FITNESS\",\"description\":\"Adjustable and portable fitness equipment\",\"publisher\":{\"@id\":\"https:\\\/\\\/www.eryxfitness.com\\\/pl\\\/#organization\"},\"alternateName\":\"ERYX\",\"potentialAction\":[{\"@type\":\"SearchAction\",\"target\":{\"@type\":\"EntryPoint\",\"urlTemplate\":\"https:\\\/\\\/www.eryxfitness.com\\\/pl\\\/?s={search_term_string}\"},\"query-input\":{\"@type\":\"PropertyValueSpecification\",\"valueRequired\":true,\"valueName\":\"search_term_string\"}}],\"inLanguage\":\"pl-PL\"},{\"@type\":\"Organization\",\"@id\":\"https:\\\/\\\/www.eryxfitness.com\\\/pl\\\/#organization\",\"name\":\"ERYX FITNESS\",\"alternateName\":\"ERYX\",\"url\":\"https:\\\/\\\/www.eryxfitness.com\\\/pl\\\/\",\"logo\":{\"@type\":\"ImageObject\",\"inLanguage\":\"pl-PL\",\"@id\":\"https:\\\/\\\/www.eryxfitness.com\\\/pl\\\/#\\\/schema\\\/logo\\\/image\\\/\",\"url\":\"https:\\\/\\\/i0.wp.com\\\/www.eryxfitness.com\\\/wp-content\\\/uploads\\\/2023\\\/06\\\/INSTA.png?fit=2000%2C2000&ssl=1\",\"contentUrl\":\"https:\\\/\\\/i0.wp.com\\\/www.eryxfitness.com\\\/wp-content\\\/uploads\\\/2023\\\/06\\\/INSTA.png?fit=2000%2C2000&ssl=1\",\"width\":2000,\"height\":2000,\"caption\":\"ERYX FITNESS\"},\"image\":{\"@id\":\"https:\\\/\\\/www.eryxfitness.com\\\/pl\\\/#\\\/schema\\\/logo\\\/image\\\/\"}}]}<\/script>\n<!-- \/ Yoast SEO plugin. -->","yoast_head_json":{"title":"Flow Pack V1 &#8211; Eryx Fitness","robots":{"index":"index","follow":"follow","max-snippet":"max-snippet:-1","max-image-preview":"max-image-preview:large","max-video-preview":"max-video-preview:-1"},"canonical":"https:\/\/www.eryxfitness.com\/pl\/produit\/flow-pack-v1\/","og_locale":"pl_PL","og_type":"article","og_title":"Flow Pack V1 &#8211; Eryx Fitness","og_description":"Zestaw Flow V1 \u0142\u0105czy w sobie niezb\u0119dne narz\u0119dzia do odkrywania treningu p\u0142ynno\u015bci i rozwijania p\u0142ynnej, kontrolowanej si\u0142y.Zawiera 2x hantle 6-16 kg i 1x macebell 4-14 kg, do \u0142\u0105czenia dynamicznych ruch\u00f3w, wzmacniania koordynacji i poprawy og\u00f3lnej mobilno\u015bci.Kompletny zestaw do kultywowania stabilno\u015bci, kontroli i p\u0142ynno\u015bci, zar\u00f3wno w domu, na si\u0142owni, jak i na zewn\u0105trz.","og_url":"https:\/\/www.eryxfitness.com\/pl\/produit\/flow-pack-v1\/","og_site_name":"Eryx Fitness","article_modified_time":"2025-11-22T15:22:59+00:00","og_image":[{"width":986,"height":985,"url":"https:\/\/www.eryxfitness.com\/wp-content\/uploads\/2025\/11\/PACK-FLOW-V1-4.webp","type":"image\/webp"}],"twitter_card":"summary_large_image","twitter_misc":{"Szacowany czas czytania":"1 minuta"},"schema":{"@context":"https:\/\/schema.org","@graph":[{"@type":"WebPage","@id":"https:\/\/www.eryxfitness.com\/pl\/produit\/flow-pack-v1\/","url":"https:\/\/www.eryxfitness.com\/pl\/produit\/flow-pack-v1\/","name":"Flow Pack V1 &#8211; Eryx Fitness","isPartOf":{"@id":"https:\/\/www.eryxfitness.com\/pl\/#website"},"primaryImageOfPage":{"@id":"https:\/\/www.eryxfitness.com\/pl\/produit\/flow-pack-v1\/#primaryimage"},"image":{"@id":"https:\/\/www.eryxfitness.com\/pl\/produit\/flow-pack-v1\/#primaryimage"},"thumbnailUrl":"https:\/\/www.eryxfitness.com\/wp-content\/uploads\/2025\/11\/PACK-FLOW-V1-4.webp","datePublished":"2025-11-22T15:08:32+00:00","dateModified":"2025-11-22T15:22:59+00:00","breadcrumb":{"@id":"https:\/\/www.eryxfitness.com\/pl\/produit\/flow-pack-v1\/#breadcrumb"},"inLanguage":"pl-PL","potentialAction":[{"@type":"ReadAction","target":["https:\/\/www.eryxfitness.com\/pl\/produit\/flow-pack-v1\/"]}]},{"@type":"ImageObject","inLanguage":"pl-PL","@id":"https:\/\/www.eryxfitness.com\/pl\/produit\/flow-pack-v1\/#primaryimage","url":"https:\/\/www.eryxfitness.com\/wp-content\/uploads\/2025\/11\/PACK-FLOW-V1-4.webp","contentUrl":"https:\/\/www.eryxfitness.com\/wp-content\/uploads\/2025\/11\/PACK-FLOW-V1-4.webp","width":986,"height":985},{"@type":"BreadcrumbList","@id":"https:\/\/www.eryxfitness.com\/pl\/produit\/flow-pack-v1\/#breadcrumb","itemListElement":[{"@type":"ListItem","position":1,"name":"Accueil","item":"https:\/\/www.eryxfitness.com\/pl\/strona-glowna\/"},{"@type":"ListItem","position":2,"name":"Sklep","item":"https:\/\/www.eryxfitness.com\/pl\/sklep\/"},{"@type":"ListItem","position":3,"name":"Flow Pack V1"}]},{"@type":"WebSite","@id":"https:\/\/www.eryxfitness.com\/pl\/#website","url":"https:\/\/www.eryxfitness.com\/pl\/","name":"ERYX FITNESS","description":"Adjustable and portable fitness equipment","publisher":{"@id":"https:\/\/www.eryxfitness.com\/pl\/#organization"},"alternateName":"ERYX","potentialAction":[{"@type":"SearchAction","target":{"@type":"EntryPoint","urlTemplate":"https:\/\/www.eryxfitness.com\/pl\/?s={search_term_string}"},"query-input":{"@type":"PropertyValueSpecification","valueRequired":true,"valueName":"search_term_string"}}],"inLanguage":"pl-PL"},{"@type":"Organization","@id":"https:\/\/www.eryxfitness.com\/pl\/#organization","name":"ERYX FITNESS","alternateName":"ERYX","url":"https:\/\/www.eryxfitness.com\/pl\/","logo":{"@type":"ImageObject","inLanguage":"pl-PL","@id":"https:\/\/www.eryxfitness.com\/pl\/#\/schema\/logo\/image\/","url":"https:\/\/i0.wp.com\/www.eryxfitness.com\/wp-content\/uploads\/2023\/06\/INSTA.png?fit=2000%2C2000&ssl=1","contentUrl":"https:\/\/i0.wp.com\/www.eryxfitness.com\/wp-content\/uploads\/2023\/06\/INSTA.png?fit=2000%2C2000&ssl=1","width":2000,"height":2000,"caption":"ERYX FITNESS"},"image":{"@id":"https:\/\/www.eryxfitness.com\/pl\/#\/schema\/logo\/image\/"}}]}},"_links":{"self":[{"href":"https:\/\/www.eryxfitness.com\/pl\/wp-json\/wp\/v2\/product\/26616","targetHints":{"allow":["GET"]}}],"collection":[{"href":"https:\/\/www.eryxfitness.com\/pl\/wp-json\/wp\/v2\/product"}],"about":[{"href":"https:\/\/www.eryxfitness.com\/pl\/wp-json\/wp\/v2\/types\/product"}],"replies":[{"embeddable":true,"href":"https:\/\/www.eryxfitness.com\/pl\/wp-json\/wp\/v2\/comments?post=26616"}],"wp:featuredmedia":[{"embeddable":true,"href":"https:\/\/www.eryxfitness.com\/pl\/wp-json\/wp\/v2\/media\/26608"}],"wp:attachment":[{"href":"https:\/\/www.eryxfitness.com\/pl\/wp-json\/wp\/v2\/media?parent=26616"}],"wp:term":[{"taxonomy":"product_brand","embeddable":true,"href":"https:\/\/www.eryxfitness.com\/pl\/wp-json\/wp\/v2\/product_brand?post=26616"},{"taxonomy":"product_cat","embeddable":true,"href":"https:\/\/www.eryxfitness.com\/pl\/wp-json\/wp\/v2\/product_cat?post=26616"},{"taxonomy":"product_tag","embeddable":true,"href":"https:\/\/www.eryxfitness.com\/pl\/wp-json\/wp\/v2\/product_tag?post=26616"}],"curies":[{"name":"wp","href":"https:\/\/api.w.org\/{rel}","templated":true}]}}