{"id":26654,"date":"2025-11-23T09:15:09","date_gmt":"2025-11-23T08:15:09","guid":{"rendered":"https:\/\/www.eryxfitness.com\/produit\/flow-pack-v3\/"},"modified":"2025-11-23T10:03:31","modified_gmt":"2025-11-23T09:03:31","slug":"flow-pack-v3","status":"publish","type":"product","link":"https:\/\/www.eryxfitness.com\/pl\/produit\/flow-pack-v3\/","title":{"rendered":"Flow Pack V3"},"content":{"rendered":"","protected":false},"excerpt":{"rendered":"<p><strong data-start=\"165\" data-end=\"181\">Zestaw Flow V3<\/strong> \u0142\u0105czy w sobie wszystkie narz\u0119dzia <strong data-start=\"214\" data-end=\"231\">treningu flow<\/strong>, aby rozwin\u0105\u0107 p\u0142ynno\u015b\u0107, mobilno\u015b\u0107 i si\u0142\u0119.<br data-start=\"290\" data-end=\"293\" \/>Zawiera <strong data-start=\"305\" data-end=\"341\" data-is-only-node=\"\">2 sztangi 6-16 kg<\/strong>, <strong data-start=\"343\" data-end=\"381\">2 kettlebells 6-12 kg<\/strong> i <strong data-start=\"385\" data-end=\"419\">1 sztang\u0119 4-14 kg<\/strong>, oferuj\u0105c niesko\u0144czon\u0105 liczb\u0119 kombinacji rozwijaj\u0105cych koordynacj\u0119, stabilno\u015b\u0107 i kontrol\u0119 ruchu.<br data-start=\"535\" data-end=\"538\" \/><strong data-start=\"546\" data-end=\"572\">Wszechstronny<\/strong> zestaw <strong data-start=\"546\" data-end=\"572\">z mo\u017cliwo\u015bci\u0105 rozbudowy<\/strong>, idealny do odkrywania ruchu we wszystkich jego formach, zar\u00f3wno w domu, na si\u0142owni, jak i na \u015bwie\u017cym powietrzu.<\/p>\n","protected":false},"featured_media":26645,"comment_status":"closed","ping_status":"closed","template":"","meta":{"_monsterinsights_skip_tracking":false,"_monsterinsights_sitenote_active":false,"_monsterinsights_sitenote_note":"","_monsterinsights_sitenote_category":0},"product_brand":[],"product_cat":[217],"product_tag":[],"class_list":{"0":"post-26654","1":"product","2":"type-product","3":"status-publish","4":"has-post-thumbnail","6":"product_cat-packs","8":"first","9":"instock","10":"taxable","11":"shipping-taxable","12":"purchasable","13":"product-type-woosb"},"yoast_head":"<!-- This site is optimized with the Yoast SEO plugin v27.3 - https:\/\/yoast.com\/product\/yoast-seo-wordpress\/ -->\n<title>Flow Pack V3 &#8211; Eryx Fitness<\/title>\n<meta name=\"robots\" content=\"index, follow, max-snippet:-1, max-image-preview:large, max-video-preview:-1\" \/>\n<link rel=\"canonical\" href=\"https:\/\/www.eryxfitness.com\/pl\/produit\/flow-pack-v3\/\" \/>\n<meta property=\"og:locale\" content=\"pl_PL\" \/>\n<meta property=\"og:type\" content=\"article\" \/>\n<meta property=\"og:title\" content=\"Flow Pack V3 &#8211; Eryx Fitness\" \/>\n<meta property=\"og:description\" content=\"Zestaw Flow V3 \u0142\u0105czy w sobie wszystkie narz\u0119dzia treningu flow, aby rozwin\u0105\u0107 p\u0142ynno\u015b\u0107, mobilno\u015b\u0107 i si\u0142\u0119.Zawiera 2 sztangi 6-16 kg, 2 kettlebells 6-12 kg i 1 sztang\u0119 4-14 kg, oferuj\u0105c niesko\u0144czon\u0105 liczb\u0119 kombinacji rozwijaj\u0105cych koordynacj\u0119, stabilno\u015b\u0107 i kontrol\u0119 ruchu.Wszechstronny zestaw z mo\u017cliwo\u015bci\u0105 rozbudowy, idealny do odkrywania ruchu we wszystkich jego formach, zar\u00f3wno w domu, na si\u0142owni, jak i na \u015bwie\u017cym powietrzu.\" \/>\n<meta property=\"og:url\" content=\"https:\/\/www.eryxfitness.com\/pl\/produit\/flow-pack-v3\/\" \/>\n<meta property=\"og:site_name\" content=\"Eryx Fitness\" \/>\n<meta property=\"article:modified_time\" content=\"2025-11-23T09:03:31+00:00\" \/>\n<meta property=\"og:image\" content=\"https:\/\/www.eryxfitness.com\/wp-content\/uploads\/2025\/11\/PACK-FLOW-V3-2.webp\" \/>\n\t<meta property=\"og:image:width\" content=\"1026\" \/>\n\t<meta property=\"og:image:height\" content=\"1025\" \/>\n\t<meta property=\"og:image:type\" content=\"image\/webp\" \/>\n<meta name=\"twitter:card\" content=\"summary_large_image\" \/>\n<meta name=\"twitter:label1\" content=\"Szacowany czas czytania\" \/>\n\t<meta name=\"twitter:data1\" content=\"1 minuta\" \/>\n<script type=\"application\/ld+json\" class=\"yoast-schema-graph\">{\"@context\":\"https:\\\/\\\/schema.org\",\"@graph\":[{\"@type\":\"WebPage\",\"@id\":\"https:\\\/\\\/www.eryxfitness.com\\\/pl\\\/produit\\\/flow-pack-v3\\\/\",\"url\":\"https:\\\/\\\/www.eryxfitness.com\\\/pl\\\/produit\\\/flow-pack-v3\\\/\",\"name\":\"Flow Pack V3 &#8211; Eryx Fitness\",\"isPartOf\":{\"@id\":\"https:\\\/\\\/www.eryxfitness.com\\\/pl\\\/#website\"},\"primaryImageOfPage\":{\"@id\":\"https:\\\/\\\/www.eryxfitness.com\\\/pl\\\/produit\\\/flow-pack-v3\\\/#primaryimage\"},\"image\":{\"@id\":\"https:\\\/\\\/www.eryxfitness.com\\\/pl\\\/produit\\\/flow-pack-v3\\\/#primaryimage\"},\"thumbnailUrl\":\"https:\\\/\\\/www.eryxfitness.com\\\/wp-content\\\/uploads\\\/2025\\\/11\\\/PACK-FLOW-V3-2.webp\",\"datePublished\":\"2025-11-23T08:15:09+00:00\",\"dateModified\":\"2025-11-23T09:03:31+00:00\",\"breadcrumb\":{\"@id\":\"https:\\\/\\\/www.eryxfitness.com\\\/pl\\\/produit\\\/flow-pack-v3\\\/#breadcrumb\"},\"inLanguage\":\"pl-PL\",\"potentialAction\":[{\"@type\":\"ReadAction\",\"target\":[\"https:\\\/\\\/www.eryxfitness.com\\\/pl\\\/produit\\\/flow-pack-v3\\\/\"]}]},{\"@type\":\"ImageObject\",\"inLanguage\":\"pl-PL\",\"@id\":\"https:\\\/\\\/www.eryxfitness.com\\\/pl\\\/produit\\\/flow-pack-v3\\\/#primaryimage\",\"url\":\"https:\\\/\\\/www.eryxfitness.com\\\/wp-content\\\/uploads\\\/2025\\\/11\\\/PACK-FLOW-V3-2.webp\",\"contentUrl\":\"https:\\\/\\\/www.eryxfitness.com\\\/wp-content\\\/uploads\\\/2025\\\/11\\\/PACK-FLOW-V3-2.webp\",\"width\":1026,\"height\":1025},{\"@type\":\"BreadcrumbList\",\"@id\":\"https:\\\/\\\/www.eryxfitness.com\\\/pl\\\/produit\\\/flow-pack-v3\\\/#breadcrumb\",\"itemListElement\":[{\"@type\":\"ListItem\",\"position\":1,\"name\":\"Accueil\",\"item\":\"https:\\\/\\\/www.eryxfitness.com\\\/pl\\\/strona-glowna\\\/\"},{\"@type\":\"ListItem\",\"position\":2,\"name\":\"Sklep\",\"item\":\"https:\\\/\\\/www.eryxfitness.com\\\/pl\\\/sklep\\\/\"},{\"@type\":\"ListItem\",\"position\":3,\"name\":\"Flow Pack V3\"}]},{\"@type\":\"WebSite\",\"@id\":\"https:\\\/\\\/www.eryxfitness.com\\\/pl\\\/#website\",\"url\":\"https:\\\/\\\/www.eryxfitness.com\\\/pl\\\/\",\"name\":\"ERYX FITNESS\",\"description\":\"Adjustable and portable fitness equipment\",\"publisher\":{\"@id\":\"https:\\\/\\\/www.eryxfitness.com\\\/pl\\\/#organization\"},\"alternateName\":\"ERYX\",\"potentialAction\":[{\"@type\":\"SearchAction\",\"target\":{\"@type\":\"EntryPoint\",\"urlTemplate\":\"https:\\\/\\\/www.eryxfitness.com\\\/pl\\\/?s={search_term_string}\"},\"query-input\":{\"@type\":\"PropertyValueSpecification\",\"valueRequired\":true,\"valueName\":\"search_term_string\"}}],\"inLanguage\":\"pl-PL\"},{\"@type\":\"Organization\",\"@id\":\"https:\\\/\\\/www.eryxfitness.com\\\/pl\\\/#organization\",\"name\":\"ERYX FITNESS\",\"alternateName\":\"ERYX\",\"url\":\"https:\\\/\\\/www.eryxfitness.com\\\/pl\\\/\",\"logo\":{\"@type\":\"ImageObject\",\"inLanguage\":\"pl-PL\",\"@id\":\"https:\\\/\\\/www.eryxfitness.com\\\/pl\\\/#\\\/schema\\\/logo\\\/image\\\/\",\"url\":\"https:\\\/\\\/i0.wp.com\\\/www.eryxfitness.com\\\/wp-content\\\/uploads\\\/2023\\\/06\\\/INSTA.png?fit=2000%2C2000&ssl=1\",\"contentUrl\":\"https:\\\/\\\/i0.wp.com\\\/www.eryxfitness.com\\\/wp-content\\\/uploads\\\/2023\\\/06\\\/INSTA.png?fit=2000%2C2000&ssl=1\",\"width\":2000,\"height\":2000,\"caption\":\"ERYX FITNESS\"},\"image\":{\"@id\":\"https:\\\/\\\/www.eryxfitness.com\\\/pl\\\/#\\\/schema\\\/logo\\\/image\\\/\"}}]}<\/script>\n<!-- \/ Yoast SEO plugin. -->","yoast_head_json":{"title":"Flow Pack V3 &#8211; Eryx Fitness","robots":{"index":"index","follow":"follow","max-snippet":"max-snippet:-1","max-image-preview":"max-image-preview:large","max-video-preview":"max-video-preview:-1"},"canonical":"https:\/\/www.eryxfitness.com\/pl\/produit\/flow-pack-v3\/","og_locale":"pl_PL","og_type":"article","og_title":"Flow Pack V3 &#8211; Eryx Fitness","og_description":"Zestaw Flow V3 \u0142\u0105czy w sobie wszystkie narz\u0119dzia treningu flow, aby rozwin\u0105\u0107 p\u0142ynno\u015b\u0107, mobilno\u015b\u0107 i si\u0142\u0119.Zawiera 2 sztangi 6-16 kg, 2 kettlebells 6-12 kg i 1 sztang\u0119 4-14 kg, oferuj\u0105c niesko\u0144czon\u0105 liczb\u0119 kombinacji rozwijaj\u0105cych koordynacj\u0119, stabilno\u015b\u0107 i kontrol\u0119 ruchu.Wszechstronny zestaw z mo\u017cliwo\u015bci\u0105 rozbudowy, idealny do odkrywania ruchu we wszystkich jego formach, zar\u00f3wno w domu, na si\u0142owni, jak i na \u015bwie\u017cym powietrzu.","og_url":"https:\/\/www.eryxfitness.com\/pl\/produit\/flow-pack-v3\/","og_site_name":"Eryx Fitness","article_modified_time":"2025-11-23T09:03:31+00:00","og_image":[{"width":1026,"height":1025,"url":"https:\/\/www.eryxfitness.com\/wp-content\/uploads\/2025\/11\/PACK-FLOW-V3-2.webp","type":"image\/webp"}],"twitter_card":"summary_large_image","twitter_misc":{"Szacowany czas czytania":"1 minuta"},"schema":{"@context":"https:\/\/schema.org","@graph":[{"@type":"WebPage","@id":"https:\/\/www.eryxfitness.com\/pl\/produit\/flow-pack-v3\/","url":"https:\/\/www.eryxfitness.com\/pl\/produit\/flow-pack-v3\/","name":"Flow Pack V3 &#8211; Eryx Fitness","isPartOf":{"@id":"https:\/\/www.eryxfitness.com\/pl\/#website"},"primaryImageOfPage":{"@id":"https:\/\/www.eryxfitness.com\/pl\/produit\/flow-pack-v3\/#primaryimage"},"image":{"@id":"https:\/\/www.eryxfitness.com\/pl\/produit\/flow-pack-v3\/#primaryimage"},"thumbnailUrl":"https:\/\/www.eryxfitness.com\/wp-content\/uploads\/2025\/11\/PACK-FLOW-V3-2.webp","datePublished":"2025-11-23T08:15:09+00:00","dateModified":"2025-11-23T09:03:31+00:00","breadcrumb":{"@id":"https:\/\/www.eryxfitness.com\/pl\/produit\/flow-pack-v3\/#breadcrumb"},"inLanguage":"pl-PL","potentialAction":[{"@type":"ReadAction","target":["https:\/\/www.eryxfitness.com\/pl\/produit\/flow-pack-v3\/"]}]},{"@type":"ImageObject","inLanguage":"pl-PL","@id":"https:\/\/www.eryxfitness.com\/pl\/produit\/flow-pack-v3\/#primaryimage","url":"https:\/\/www.eryxfitness.com\/wp-content\/uploads\/2025\/11\/PACK-FLOW-V3-2.webp","contentUrl":"https:\/\/www.eryxfitness.com\/wp-content\/uploads\/2025\/11\/PACK-FLOW-V3-2.webp","width":1026,"height":1025},{"@type":"BreadcrumbList","@id":"https:\/\/www.eryxfitness.com\/pl\/produit\/flow-pack-v3\/#breadcrumb","itemListElement":[{"@type":"ListItem","position":1,"name":"Accueil","item":"https:\/\/www.eryxfitness.com\/pl\/strona-glowna\/"},{"@type":"ListItem","position":2,"name":"Sklep","item":"https:\/\/www.eryxfitness.com\/pl\/sklep\/"},{"@type":"ListItem","position":3,"name":"Flow Pack V3"}]},{"@type":"WebSite","@id":"https:\/\/www.eryxfitness.com\/pl\/#website","url":"https:\/\/www.eryxfitness.com\/pl\/","name":"ERYX FITNESS","description":"Adjustable and portable fitness equipment","publisher":{"@id":"https:\/\/www.eryxfitness.com\/pl\/#organization"},"alternateName":"ERYX","potentialAction":[{"@type":"SearchAction","target":{"@type":"EntryPoint","urlTemplate":"https:\/\/www.eryxfitness.com\/pl\/?s={search_term_string}"},"query-input":{"@type":"PropertyValueSpecification","valueRequired":true,"valueName":"search_term_string"}}],"inLanguage":"pl-PL"},{"@type":"Organization","@id":"https:\/\/www.eryxfitness.com\/pl\/#organization","name":"ERYX FITNESS","alternateName":"ERYX","url":"https:\/\/www.eryxfitness.com\/pl\/","logo":{"@type":"ImageObject","inLanguage":"pl-PL","@id":"https:\/\/www.eryxfitness.com\/pl\/#\/schema\/logo\/image\/","url":"https:\/\/i0.wp.com\/www.eryxfitness.com\/wp-content\/uploads\/2023\/06\/INSTA.png?fit=2000%2C2000&ssl=1","contentUrl":"https:\/\/i0.wp.com\/www.eryxfitness.com\/wp-content\/uploads\/2023\/06\/INSTA.png?fit=2000%2C2000&ssl=1","width":2000,"height":2000,"caption":"ERYX FITNESS"},"image":{"@id":"https:\/\/www.eryxfitness.com\/pl\/#\/schema\/logo\/image\/"}}]}},"_links":{"self":[{"href":"https:\/\/www.eryxfitness.com\/pl\/wp-json\/wp\/v2\/product\/26654","targetHints":{"allow":["GET"]}}],"collection":[{"href":"https:\/\/www.eryxfitness.com\/pl\/wp-json\/wp\/v2\/product"}],"about":[{"href":"https:\/\/www.eryxfitness.com\/pl\/wp-json\/wp\/v2\/types\/product"}],"replies":[{"embeddable":true,"href":"https:\/\/www.eryxfitness.com\/pl\/wp-json\/wp\/v2\/comments?post=26654"}],"wp:featuredmedia":[{"embeddable":true,"href":"https:\/\/www.eryxfitness.com\/pl\/wp-json\/wp\/v2\/media\/26645"}],"wp:attachment":[{"href":"https:\/\/www.eryxfitness.com\/pl\/wp-json\/wp\/v2\/media?parent=26654"}],"wp:term":[{"taxonomy":"product_brand","embeddable":true,"href":"https:\/\/www.eryxfitness.com\/pl\/wp-json\/wp\/v2\/product_brand?post=26654"},{"taxonomy":"product_cat","embeddable":true,"href":"https:\/\/www.eryxfitness.com\/pl\/wp-json\/wp\/v2\/product_cat?post=26654"},{"taxonomy":"product_tag","embeddable":true,"href":"https:\/\/www.eryxfitness.com\/pl\/wp-json\/wp\/v2\/product_tag?post=26654"}],"curies":[{"name":"wp","href":"https:\/\/api.w.org\/{rel}","templated":true}]}}