{"id":16850,"date":"2024-01-28T14:08:06","date_gmt":"2024-01-28T13:08:06","guid":{"rendered":"https:\/\/www.eryxfitness.com\/politica-de-privacidade\/"},"modified":"2024-09-27T15:37:00","modified_gmt":"2024-09-27T13:37:00","slug":"politica-de-privacidade","status":"publish","type":"page","link":"https:\/\/www.eryxfitness.com\/pt-br\/politica-de-privacidade\/","title":{"rendered":"Pol\u00edtica de privacidade"},"content":{"rendered":"\n\t<section class=\"section\" id=\"section_334035421\">\n\t\t<div class=\"section-bg fill\" >\n\t\t\t\t\t\t\t\t\t\n\t\t\t\n\n\t\t<\/div>\n\n\t\t\n\n\t\t<div class=\"section-content relative\">\n\t\t\t\n\n<div class=\"row\"  id=\"row-1322668568\">\n\n\n\t<div id=\"col-1154784277\" class=\"col small-12 large-12\"  >\n\t\t\t\t<div class=\"col-inner\"  >\n\t\t\t\n\t\t\t\n\n<\/p><h1><span style=\"font-size: 120%;\">POL\u00cdTICA DE PRIVACIDADE<\/span><\/h1>\n<h2 class=\"wp-block-heading\">Quem somos n\u00f3s?<\/h2>\n<p>A Eryx Fitness \u00e9 uma marca de equipamentos de treinamento f\u00edsico modulares e transport\u00e1veis.<\/p>\n<p>SIRET: 892 602 327 00017<\/p>\n<p>Site: https:\/\/www.eryxfitness.com<\/p>\n<p>Endere\u00e7o de e-mail: contact@eryxfitness.com<\/p>\n<h2 class=\"wp-block-heading\">Uso dos dados pessoais coletados<\/h2>\n<h3 class=\"wp-block-heading\">Coment\u00e1rios<\/h3>\n<p>Quando voc\u00ea deixa um coment\u00e1rio em nosso site, os dados inseridos no formul\u00e1rio de coment\u00e1rio, seu endere\u00e7o IP e o agente de usu\u00e1rio do seu navegador s\u00e3o coletados para nos ajudar a detectar coment\u00e1rios indesejados.<\/p>\n<p>Uma cadeia an\u00f4nima criada a partir do seu endere\u00e7o de e-mail (tamb\u00e9m conhecida como hash) pode ser enviada ao servi\u00e7o Gravatar para verificar se voc\u00ea o est\u00e1 usando. A pol\u00edtica de privacidade do Gravatar est\u00e1 dispon\u00edvel aqui: https:\/\/automattic.com\/privacy\/. Depois que seu coment\u00e1rio for validado, sua foto de perfil ficar\u00e1 vis\u00edvel publicamente ao lado do seu coment\u00e1rio.<\/p>\n<h3 class=\"wp-block-heading\">M\u00eddia<\/h3>\n<p>Se voc\u00ea for um usu\u00e1rio registrado e estiver enviando imagens para o site, recomendamos que evite enviar imagens que contenham dados EXIF de coordenadas de GPS. Os visitantes do seu site podem baixar e extrair dados de localiza\u00e7\u00e3o dessas imagens.<\/p>\n<h3 class=\"wp-block-heading\">Formul\u00e1rios de contato<\/h3>\n<p>Usamos o software Brevo para coletar informa\u00e7\u00f5es como seu nome e endere\u00e7o de e-mail, especialmente quando voc\u00ea assina nosso boletim informativo. Esses dados s\u00e3o mantidos para criar um banco de dados de clientes. Depois de se registrar usando um de nossos formul\u00e1rios, voc\u00ea poder\u00e1 receber ofertas de produtos por e-mail. Voc\u00ea pode cancelar a assinatura a qualquer momento clicando no link na parte inferior de cada e-mail que receber de n\u00f3s.<\/p>\n<h3 class=\"wp-block-heading\">Cookies<\/h3>\n<p>Se voc\u00ea deixar um coment\u00e1rio em nosso site, ser\u00e1 solicitado que voc\u00ea salve seu nome, endere\u00e7o de e-mail e site nos cookies. Isso \u00e9 apenas para sua conveni\u00eancia, para que voc\u00ea n\u00e3o precise inserir essas informa\u00e7\u00f5es se postar outro coment\u00e1rio posteriormente. Esses cookies expiram ap\u00f3s um ano.<\/p>\n<p>Se voc\u00ea acessar a p\u00e1gina de login, ser\u00e1 criado um cookie tempor\u00e1rio para determinar se o seu navegador aceita cookies. Ele n\u00e3o cont\u00e9m nenhum dado pessoal e ser\u00e1 exclu\u00eddo automaticamente quando voc\u00ea fechar o navegador.<\/p>\n<p>Quando voc\u00ea fizer login, definiremos v\u00e1rios cookies para registrar seus detalhes de login e prefer\u00eancias de tela. A vida \u00fatil de um cookie de conex\u00e3o \u00e9 de dois dias e a de um cookie de op\u00e7\u00e3o de tela \u00e9 de um ano. Se voc\u00ea marcar \u201cRemember me\u201d, seu cookie de conex\u00e3o ser\u00e1 armazenado por quinze dias. Se voc\u00ea sair da sua conta, o cookie de conex\u00e3o ser\u00e1 exclu\u00eddo.<\/p>\n<p>Ao modificar ou publicar uma publica\u00e7\u00e3o, um cookie adicional ser\u00e1 armazenado em seu navegador. Esse cookie n\u00e3o cont\u00e9m nenhum dado pessoal. Ele simplesmente indica o ID da publica\u00e7\u00e3o que voc\u00ea acabou de modificar. Ele expira ap\u00f3s um dia.<\/p>\n<h3 class=\"wp-block-heading\">Conte\u00fado incorporado de outros sites<\/h3>\n<p>Os artigos deste site podem incluir conte\u00fado incorporado (por exemplo, v\u00eddeos, imagens, artigos, etc.). O conte\u00fado integrado de outros sites se comporta da mesma forma como se o visitante estivesse visitando esse outro site.<\/p>\n<p>Esses sites podem coletar dados sobre voc\u00ea, usar cookies, incorporar ferramentas de rastreamento de terceiros e rastrear suas intera\u00e7\u00f5es com esse conte\u00fado incorporado se voc\u00ea tiver uma conta conectada no site deles.<\/p>\n<h3 class=\"wp-block-heading\">Estat\u00edsticas e medi\u00e7\u00e3o de audi\u00eancia<\/h3>\n<p>Este site usa o Google Analytics como uma ferramenta estat\u00edstica. Os sites que usam esse servi\u00e7o devem incluir um texto padr\u00e3o para os visitantes, que est\u00e1 inserido no par\u00e1grafo a seguir e entre aspas:<\/p>\n<p>\u201cEste site usa o Google Analytics, um servi\u00e7o de an\u00e1lise da Web fornecido pelo Google Inc (\u201cGoogle\u201d). O Google Analytics usa \u201ccookies\u201d, que s\u00e3o arquivos de texto colocados no seu computador, para ajudar o site a analisar como os usu\u00e1rios usam o site. As informa\u00e7\u00f5es geradas pelo cookie sobre seu uso do site (incluindo seu endere\u00e7o IP) ser\u00e3o transmitidas e armazenadas pelo Google em servidores nos Estados Unidos. O Google usar\u00e1 essas informa\u00e7\u00f5es com o objetivo de avaliar o uso do site, compilar relat\u00f3rios sobre a atividade do site para os operadores do site e fornecer outros servi\u00e7os relacionados \u00e0 atividade do site e ao uso da Internet. O Google tamb\u00e9m poder\u00e1 transferir essas informa\u00e7\u00f5es a terceiros, quando exigido por lei, ou quando esses terceiros processarem as informa\u00e7\u00f5es em nome do Google. O Google n\u00e3o associar\u00e1 seu endere\u00e7o IP a nenhum outro dado mantido pelo Google. Voc\u00ea pode recusar o uso de cookies selecionando as configura\u00e7\u00f5es apropriadas no seu navegador; no entanto, observe que, se fizer isso, talvez n\u00e3o consiga usar todas as funcionalidades deste site. No entanto, se voc\u00ea fizer isso, talvez n\u00e3o consiga usar todas as funcionalidades deste site. Ao usar este site, voc\u00ea consente com o processamento de dados sobre voc\u00ea pelo Google da maneira e para os fins descritos acima.<\/p>\n<h2 class=\"wp-block-heading\">Uso e transmiss\u00e3o de seus dados pessoais<\/h2>\n<p>Seus dados pessoais ser\u00e3o repassados para os seguintes departamentos:<\/p>\n<ul class=\"wp-block-list\">\n<li>Brevo para formul\u00e1rios de contato<\/li>\n<li>PayPal e Payplug para pagamentos no site<\/li>\n<\/ul>\n<h2 class=\"wp-block-heading\">Per\u00edodos de armazenamento de seus dados<\/h2>\n<p>Se voc\u00ea deixar um coment\u00e1rio, o coment\u00e1rio e seus metadados ser\u00e3o mantidos indefinidamente. Isso permite que os coment\u00e1rios subsequentes sejam reconhecidos e aprovados automaticamente, em vez de ficarem na fila de modera\u00e7\u00e3o.<\/p>\n<p>Para os usu\u00e1rios que se registram em nosso site (quando poss\u00edvel), tamb\u00e9m armazenamos os dados pessoais indicados em seu perfil. Todos os usu\u00e1rios podem visualizar, modificar ou excluir suas informa\u00e7\u00f5es pessoais a qualquer momento (com exce\u00e7\u00e3o do nome de usu\u00e1rio). Os gerentes do site tamb\u00e9m podem visualizar e modificar essas informa\u00e7\u00f5es.<\/p>\n<p>Os registros de seguran\u00e7a s\u00e3o mantidos por 14 dias.<\/p>\n<h2 class=\"wp-block-heading\">Os direitos que voc\u00ea tem sobre seus dados<\/h2>\n<p>Se voc\u00ea tiver uma conta ou se tiver deixado coment\u00e1rios no site, poder\u00e1 solicitar o recebimento de um arquivo contendo todos os dados pessoais que mantemos sobre voc\u00ea, inclusive aqueles que voc\u00ea nos forneceu. Voc\u00ea tamb\u00e9m pode solicitar a exclus\u00e3o de seus dados pessoais. Isso n\u00e3o inclui dados armazenados para fins administrativos, legais ou de seguran\u00e7a.<\/p>\n<h2 class=\"wp-block-heading\">Transmiss\u00e3o de seus dados pessoais<\/h2>\n<p>Os coment\u00e1rios dos visitantes podem ser verificados usando um servi\u00e7o automatizado para detectar coment\u00e1rios indesej\u00e1veis.<\/p>\n<h2 class=\"wp-block-heading\">Informa\u00e7\u00f5es de contato<\/h2>\n<p>Para qualquer solicita\u00e7\u00e3o relacionada \u00e0 privacidade e \u00e0s suas informa\u00e7\u00f5es pessoais, voc\u00ea pode entrar em contato conosco por meio do endere\u00e7o de e-mail da empresa:<\/p>\n<p>contact@eryxfitness.com<\/p>\n<h2 class=\"wp-block-heading\">Shop<\/h2>\n<p>Coletamos informa\u00e7\u00f5es quando voc\u00ea faz um pedido em nossa loja.<\/p>\n<h3 class=\"wp-block-heading\">O que coletamos e armazenamos<\/h3>\n<p>Durante sua visita ao site, monitoramos :<\/p>\n<ul class=\"wp-block-list\">\n<li>Produtos que voc\u00ea viu: usamos isso para exibir produtos que voc\u00ea viu recentemente, por exemplo.<\/li>\n<li>Localiza\u00e7\u00e3o, endere\u00e7o IP e tipo de navegador: usamos esses dados para estimar impostos e taxas de entrega.<\/li>\n<li>Endere\u00e7o de entrega: pediremos que voc\u00ea informe esse endere\u00e7o para que possamos estimar os custos de entrega antes de voc\u00ea fazer o pedido e envi\u00e1-lo para voc\u00ea!<\/li>\n<\/ul>\n<p>Usamos cookies para rastrear o conte\u00fado da cesta de compras enquanto voc\u00ea navega em nosso site.<\/p>\n<p>Quando voc\u00ea compra em nosso site, pedimos que forne\u00e7a informa\u00e7\u00f5es como seu nome, endere\u00e7o de cobran\u00e7a, endere\u00e7o de entrega, endere\u00e7o de e-mail, n\u00famero de telefone, detalhes de pagamento\/cart\u00e3o de cr\u00e9dito e, possivelmente, detalhes da conta, como nome de usu\u00e1rio e senha. Essas informa\u00e7\u00f5es ser\u00e3o usadas para :<\/p>\n<ul class=\"wp-block-list\">\n<li>Envio de informa\u00e7\u00f5es sobre sua conta e pedido<\/li>\n<li>Responder a consultas, incluindo reembolsos e reclama\u00e7\u00f5es<\/li>\n<li>Processamento de pagamentos e preven\u00e7\u00e3o de fraudes<\/li>\n<li>Configure sua conta para nossa loja<\/li>\n<li>Cumprir com quaisquer obriga\u00e7\u00f5es legais, como c\u00e1lculos de impostos<\/li>\n<li>Melhorar as ofertas de nossa loja<\/li>\n<li>Para lhe enviar mensagens de marketing, se voc\u00ea optar por receb\u00ea-las<\/li>\n<\/ul>\n<p>Se voc\u00ea criar uma conta, armazenaremos seu nome, endere\u00e7o, e-mail e n\u00famero de telefone, que ser\u00e3o usados para preencher previamente a valida\u00e7\u00e3o do pedido para pedidos futuros.<\/p>\n<p>Geralmente, armazenamos suas informa\u00e7\u00f5es pelo tempo que for necess\u00e1rio para os fins para os quais as coletamos e usamos, e n\u00e3o temos nenhuma obriga\u00e7\u00e3o legal de continuar a faz\u00ea-lo. Por exemplo, armazenamos informa\u00e7\u00f5es de pedidos por XXX anos para fins fiscais e cont\u00e1beis. Isso inclui seu nome, endere\u00e7o de e-mail e endere\u00e7os de cobran\u00e7a e entrega.<\/p>\n<p>Tamb\u00e9m armazenamos coment\u00e1rios ou opini\u00f5es, se voc\u00ea optar por envi\u00e1-los.<\/p>\n<h3 class=\"wp-block-heading\">Quem em nossa equipe tem acesso aos dados<\/h3>\n<p>Os membros de nossa equipe t\u00eam acesso \u00e0s informa\u00e7\u00f5es que voc\u00ea fornece. Por exemplo, os administradores e gerentes da loja t\u00eam acesso a :<\/p>\n<ul class=\"wp-block-list\">\n<li>Informa\u00e7\u00f5es sobre o pedido, como o que foi comprado, quando e para onde deve ser enviado, e<\/li>\n<li>Informa\u00e7\u00f5es do cliente, como seu nome, endere\u00e7o de e-mail e informa\u00e7\u00f5es de faturamento e entrega.<\/li>\n<\/ul>\n<p>Nossa equipe tem acesso a essas informa\u00e7\u00f5es para processar pedidos, reembolsos e ajud\u00e1-lo.<\/p>\n<h3 class=\"wp-block-heading\">Pagamentos<\/h3>\n<p>Aceitamos pagamento por PayPal e por cart\u00e3o de cr\u00e9dito por meio da solu\u00e7\u00e3o Payplug.<\/p>\n<p>Com rela\u00e7\u00e3o aos pagamentos pelo PayPal, ao processar pagamentos, determinados dados ser\u00e3o transmitidos ao PayPal, incluindo as informa\u00e7\u00f5es necess\u00e1rias para processar o pagamento, como o valor total ou as informa\u00e7\u00f5es de cobran\u00e7a.<\/p>\n<p>Leia a pol\u00edtica de privacidade do PayPal para obter mais detalhes: https:\/\/www.paypal.com\/us\/webapps\/mpp\/ua\/privacy-full<\/p>\n<h2 class=\"wp-block-heading\">Mais informa\u00e7\u00f5es<\/h2>\n<h3 class=\"wp-block-heading\">Como protegemos seus dados<\/h3>\n<p>O site usa um certificado SSL, portanto, \u00e9 criptografado em HTTPS. Isso significa que as comunica\u00e7\u00f5es entre seu navegador e o servidor do site s\u00e3o seguras.<\/p>\n<p>Endere\u00e7os IP de visitantes, IDs de usu\u00e1rios conectados e identificadores de tentativas de login s\u00e3o registrados condicionalmente para verificar atividades maliciosas e proteger o site contra tipos espec\u00edficos de ataque. Exemplos de condi\u00e7\u00f5es de login: tentativas de login, solicita\u00e7\u00f5es de logout, solicita\u00e7\u00f5es de URL suspeitas, altera\u00e7\u00f5es no conte\u00fado do site e atualiza\u00e7\u00f5es de senha. Essas informa\u00e7\u00f5es s\u00e3o mantidas por 14 dias.<\/p>\n<p>Este site \u00e9 verificado quanto a malware e vulnerabilidades pelo SiteCheck da Sucuri. N\u00e3o enviamos nenhuma informa\u00e7\u00e3o pessoal para a Sucuri; no entanto, eles podem encontrar informa\u00e7\u00f5es pessoais publicadas publicamente (como em coment\u00e1rios) durante sua an\u00e1lise. Para obter mais detalhes, consulte a pol\u00edtica de privacidade da Sucuri: https:\/\/sucuri.net\/privacy<\/p>\n<h3 class=\"wp-block-heading\">Procedimentos implementados no caso de um vazamento de dados<\/h3>\n<p>O Regulamento Geral de Prote\u00e7\u00e3o de Dados (GDPR) exige que os controladores de dados documentem internamente as viola\u00e7\u00f5es de dados pessoais e notifiquem as viola\u00e7\u00f5es que apresentem risco aos direitos e liberdades dos indiv\u00edduos \u00e0 CNIL e, em certos casos em que o risco \u00e9 alto, aos indiv\u00edduos em quest\u00e3o.<\/p>\n<p>Qualquer vazamento de dados ser\u00e1, portanto, notificado \u00e0s pessoas que sofreram o dano e relatado \u00e0 CNIL dentro de 72 horas.<\/p>\n\n\t\t<\/div>\n\t\t\t\t\t<\/div>\n\n\t\n\n<\/div>\n\n\t\t<\/div>\n\n\t\t\n<style>\n#section_334035421 {\n  padding-top: 30px;\n  padding-bottom: 30px;\n}\n<\/style>\n\t<\/section>\n\t\n\n\n\n\n\n","protected":false},"excerpt":{"rendered":"","protected":false},"author":1,"featured_media":0,"parent":0,"menu_order":0,"comment_status":"closed","ping_status":"closed","template":"","meta":{"_monsterinsights_skip_tracking":false,"_monsterinsights_sitenote_active":false,"_monsterinsights_sitenote_note":"","_monsterinsights_sitenote_category":0,"footnotes":""},"class_list":["post-16850","page","type-page","status-publish","hentry"],"yoast_head":"<!-- This site is optimized with the Yoast SEO plugin v27.6 - https:\/\/yoast.com\/product\/yoast-seo-wordpress\/ -->\n<title>Pol\u00edtica de privacidade &#8211; Eryx Fitness<\/title>\n<meta name=\"robots\" content=\"noindex, nofollow\" \/>\n<meta property=\"og:locale\" content=\"pt_BR\" \/>\n<meta property=\"og:type\" content=\"article\" \/>\n<meta property=\"og:title\" content=\"Pol\u00edtica de privacidade &#8211; Eryx Fitness\" \/>\n<meta property=\"og:url\" content=\"https:\/\/www.eryxfitness.com\/pt-br\/politica-de-privacidade\/\" \/>\n<meta property=\"og:site_name\" content=\"Eryx Fitness\" \/>\n<meta property=\"article:modified_time\" content=\"2024-09-27T13:37:00+00:00\" \/>\n<meta property=\"og:image\" content=\"https:\/\/www.eryxfitness.com\/wp-content\/uploads\/2023\/06\/IMG_0866-copie-scaled.webp\" \/>\n\t<meta property=\"og:image:width\" content=\"2560\" \/>\n\t<meta property=\"og:image:height\" content=\"1707\" \/>\n\t<meta property=\"og:image:type\" content=\"image\/webp\" \/>\n<meta name=\"twitter:card\" content=\"summary_large_image\" \/>\n<meta name=\"twitter:label1\" content=\"Est. tempo de leitura\" \/>\n\t<meta name=\"twitter:data1\" content=\"9 minutos\" \/>\n<script type=\"application\/ld+json\" class=\"yoast-schema-graph\">{\"@context\":\"https:\\\/\\\/schema.org\",\"@graph\":[{\"@type\":\"WebPage\",\"@id\":\"https:\\\/\\\/www.eryxfitness.com\\\/pt-br\\\/politica-de-privacidade\\\/\",\"url\":\"https:\\\/\\\/www.eryxfitness.com\\\/pt-br\\\/politica-de-privacidade\\\/\",\"name\":\"Pol\u00edtica de privacidade &#8211; Eryx Fitness\",\"isPartOf\":{\"@id\":\"https:\\\/\\\/www.eryxfitness.com\\\/pt-br\\\/#website\"},\"datePublished\":\"2024-01-28T13:08:06+00:00\",\"dateModified\":\"2024-09-27T13:37:00+00:00\",\"breadcrumb\":{\"@id\":\"https:\\\/\\\/www.eryxfitness.com\\\/pt-br\\\/politica-de-privacidade\\\/#breadcrumb\"},\"inLanguage\":\"pt-BR\",\"potentialAction\":[{\"@type\":\"ReadAction\",\"target\":[\"https:\\\/\\\/www.eryxfitness.com\\\/pt-br\\\/politica-de-privacidade\\\/\"]}]},{\"@type\":\"BreadcrumbList\",\"@id\":\"https:\\\/\\\/www.eryxfitness.com\\\/pt-br\\\/politica-de-privacidade\\\/#breadcrumb\",\"itemListElement\":[{\"@type\":\"ListItem\",\"position\":1,\"name\":\"Accueil\",\"item\":\"https:\\\/\\\/www.eryxfitness.com\\\/pt-br\\\/inicio\\\/\"},{\"@type\":\"ListItem\",\"position\":2,\"name\":\"Pol\u00edtica de privacidade\"}]},{\"@type\":\"WebSite\",\"@id\":\"https:\\\/\\\/www.eryxfitness.com\\\/pt-br\\\/#website\",\"url\":\"https:\\\/\\\/www.eryxfitness.com\\\/pt-br\\\/\",\"name\":\"ERYX FITNESS\",\"description\":\"Adjustable and portable fitness equipment\",\"publisher\":{\"@id\":\"https:\\\/\\\/www.eryxfitness.com\\\/pt-br\\\/#organization\"},\"alternateName\":\"ERYX\",\"potentialAction\":[{\"@type\":\"SearchAction\",\"target\":{\"@type\":\"EntryPoint\",\"urlTemplate\":\"https:\\\/\\\/www.eryxfitness.com\\\/pt-br\\\/?s={search_term_string}\"},\"query-input\":{\"@type\":\"PropertyValueSpecification\",\"valueRequired\":true,\"valueName\":\"search_term_string\"}}],\"inLanguage\":\"pt-BR\"},{\"@type\":\"Organization\",\"@id\":\"https:\\\/\\\/www.eryxfitness.com\\\/pt-br\\\/#organization\",\"name\":\"ERYX FITNESS\",\"alternateName\":\"ERYX\",\"url\":\"https:\\\/\\\/www.eryxfitness.com\\\/pt-br\\\/\",\"logo\":{\"@type\":\"ImageObject\",\"inLanguage\":\"pt-BR\",\"@id\":\"https:\\\/\\\/www.eryxfitness.com\\\/pt-br\\\/#\\\/schema\\\/logo\\\/image\\\/\",\"url\":\"https:\\\/\\\/i0.wp.com\\\/www.eryxfitness.com\\\/wp-content\\\/uploads\\\/2023\\\/06\\\/INSTA.png?fit=2000%2C2000&ssl=1\",\"contentUrl\":\"https:\\\/\\\/i0.wp.com\\\/www.eryxfitness.com\\\/wp-content\\\/uploads\\\/2023\\\/06\\\/INSTA.png?fit=2000%2C2000&ssl=1\",\"width\":2000,\"height\":2000,\"caption\":\"ERYX FITNESS\"},\"image\":{\"@id\":\"https:\\\/\\\/www.eryxfitness.com\\\/pt-br\\\/#\\\/schema\\\/logo\\\/image\\\/\"}}]}<\/script>\n<!-- \/ Yoast SEO plugin. -->","yoast_head_json":{"title":"Pol\u00edtica de privacidade &#8211; Eryx Fitness","robots":{"index":"noindex","follow":"nofollow"},"og_locale":"pt_BR","og_type":"article","og_title":"Pol\u00edtica de privacidade &#8211; Eryx Fitness","og_url":"https:\/\/www.eryxfitness.com\/pt-br\/politica-de-privacidade\/","og_site_name":"Eryx Fitness","article_modified_time":"2024-09-27T13:37:00+00:00","og_image":[{"width":2560,"height":1707,"url":"https:\/\/www.eryxfitness.com\/wp-content\/uploads\/2023\/06\/IMG_0866-copie-scaled.webp","type":"image\/webp"}],"twitter_card":"summary_large_image","twitter_misc":{"Est. tempo de leitura":"9 minutos"},"schema":{"@context":"https:\/\/schema.org","@graph":[{"@type":"WebPage","@id":"https:\/\/www.eryxfitness.com\/pt-br\/politica-de-privacidade\/","url":"https:\/\/www.eryxfitness.com\/pt-br\/politica-de-privacidade\/","name":"Pol\u00edtica de privacidade &#8211; Eryx Fitness","isPartOf":{"@id":"https:\/\/www.eryxfitness.com\/pt-br\/#website"},"datePublished":"2024-01-28T13:08:06+00:00","dateModified":"2024-09-27T13:37:00+00:00","breadcrumb":{"@id":"https:\/\/www.eryxfitness.com\/pt-br\/politica-de-privacidade\/#breadcrumb"},"inLanguage":"pt-BR","potentialAction":[{"@type":"ReadAction","target":["https:\/\/www.eryxfitness.com\/pt-br\/politica-de-privacidade\/"]}]},{"@type":"BreadcrumbList","@id":"https:\/\/www.eryxfitness.com\/pt-br\/politica-de-privacidade\/#breadcrumb","itemListElement":[{"@type":"ListItem","position":1,"name":"Accueil","item":"https:\/\/www.eryxfitness.com\/pt-br\/inicio\/"},{"@type":"ListItem","position":2,"name":"Pol\u00edtica de privacidade"}]},{"@type":"WebSite","@id":"https:\/\/www.eryxfitness.com\/pt-br\/#website","url":"https:\/\/www.eryxfitness.com\/pt-br\/","name":"ERYX FITNESS","description":"Adjustable and portable fitness equipment","publisher":{"@id":"https:\/\/www.eryxfitness.com\/pt-br\/#organization"},"alternateName":"ERYX","potentialAction":[{"@type":"SearchAction","target":{"@type":"EntryPoint","urlTemplate":"https:\/\/www.eryxfitness.com\/pt-br\/?s={search_term_string}"},"query-input":{"@type":"PropertyValueSpecification","valueRequired":true,"valueName":"search_term_string"}}],"inLanguage":"pt-BR"},{"@type":"Organization","@id":"https:\/\/www.eryxfitness.com\/pt-br\/#organization","name":"ERYX FITNESS","alternateName":"ERYX","url":"https:\/\/www.eryxfitness.com\/pt-br\/","logo":{"@type":"ImageObject","inLanguage":"pt-BR","@id":"https:\/\/www.eryxfitness.com\/pt-br\/#\/schema\/logo\/image\/","url":"https:\/\/i0.wp.com\/www.eryxfitness.com\/wp-content\/uploads\/2023\/06\/INSTA.png?fit=2000%2C2000&ssl=1","contentUrl":"https:\/\/i0.wp.com\/www.eryxfitness.com\/wp-content\/uploads\/2023\/06\/INSTA.png?fit=2000%2C2000&ssl=1","width":2000,"height":2000,"caption":"ERYX FITNESS"},"image":{"@id":"https:\/\/www.eryxfitness.com\/pt-br\/#\/schema\/logo\/image\/"}}]}},"_links":{"self":[{"href":"https:\/\/www.eryxfitness.com\/pt-br\/wp-json\/wp\/v2\/pages\/16850","targetHints":{"allow":["GET"]}}],"collection":[{"href":"https:\/\/www.eryxfitness.com\/pt-br\/wp-json\/wp\/v2\/pages"}],"about":[{"href":"https:\/\/www.eryxfitness.com\/pt-br\/wp-json\/wp\/v2\/types\/page"}],"author":[{"embeddable":true,"href":"https:\/\/www.eryxfitness.com\/pt-br\/wp-json\/wp\/v2\/users\/1"}],"replies":[{"embeddable":true,"href":"https:\/\/www.eryxfitness.com\/pt-br\/wp-json\/wp\/v2\/comments?post=16850"}],"version-history":[{"count":2,"href":"https:\/\/www.eryxfitness.com\/pt-br\/wp-json\/wp\/v2\/pages\/16850\/revisions"}],"predecessor-version":[{"id":21811,"href":"https:\/\/www.eryxfitness.com\/pt-br\/wp-json\/wp\/v2\/pages\/16850\/revisions\/21811"}],"wp:attachment":[{"href":"https:\/\/www.eryxfitness.com\/pt-br\/wp-json\/wp\/v2\/media?parent=16850"}],"curies":[{"name":"wp","href":"https:\/\/api.w.org\/{rel}","templated":true}]}}