{"id":17534,"date":"2022-11-04T11:19:11","date_gmt":"2022-11-04T10:19:11","guid":{"rendered":"https:\/\/www.eryxfitness.com\/produit\/bolsa-crosspak-para-crossfit\/"},"modified":"2025-12-01T00:12:05","modified_gmt":"2025-11-30T23:12:05","slug":"bolsa-crosspak-para-crossfit","status":"publish","type":"product","link":"https:\/\/www.eryxfitness.com\/pt-br\/produto\/bolsa-crosspak-para-crossfit\/","title":{"rendered":"Bolsa CrossPak\u00ae para crossfit"},"content":{"rendered":"<div>\n<h1>MOCHILA CROSSFIT CROSSPAK\u00ae<\/h1>\n<p>A mochila crossfit CrossPak\u00ae \u00e9 uma mochila espa\u00e7osa projetada para atletas que precisam de uma bolsa para carregar todos os seus equipamentos de treinamento. Ele \u00e9 fabricado com materiais de alta qualidade, garantindo resist\u00eancia e durabilidade incompar\u00e1veis.<\/p>\n<h2>Uma bolsa de crossfit espa\u00e7osa e confort\u00e1vel<\/h2>\n<p>Essa mochila tem capacidade para 45 litros, o que significa que ela pode transportar todos os seus acess\u00f3rios de treinamento, incluindo cal\u00e7ados, uma muda de roupa, uma toalha, garrafas de \u00e1gua, pulseiras, joelheiras e at\u00e9 mesmo um laptop. Ele tem v\u00e1rios bolsos e compartimentos para organizar seus pertences, oferecendo acesso r\u00e1pido a todos os seus acess\u00f3rios de treinamento.<\/p>\n<p>As al\u00e7as de ombro acolchoadas e ajust\u00e1veis oferecem um ajuste personalizado para se adaptar ao formato do seu corpo e reduzir a press\u00e3o sobre os ombros. O painel traseiro tamb\u00e9m tem um acolchoamento que permite a circula\u00e7\u00e3o de ar entre as costas e a bolsa, reduzindo a transpira\u00e7\u00e3o.<\/p>\n<h2>Uma bolsa crossfit dur\u00e1vel<\/h2>\n<p>Fabricado em nylon Oxford 900D para durabilidade de longo prazo contra desgaste. Os z\u00edperes lisos KAM s\u00e3o projetados para resistir ao desgaste e \u00e0 abras\u00e3o. Al\u00e9m disso, nossa mochila tem um forro interno resistente \u00e0 \u00e1gua para proteger seus acess\u00f3rios de treinamento da umidade e das intemp\u00e9ries.<\/p>\n<h2>Uma bolsa elegante para crossfit<\/h2>\n<p>Essa mochila de 45L n\u00e3o \u00e9 apenas pr\u00e1tica para carregar seu equipamento de treinamento, mas tamb\u00e9m tem um design elegante que permite us\u00e1-la como uma mochila para o dia a dia. Ele est\u00e1 dispon\u00edvel em v\u00e1rias cores, incluindo preto, azul, vermelho e verde, para que voc\u00ea possa escolher a que melhor se adapta ao seu estilo.<\/p>\n<p>Concluindo, se voc\u00ea \u00e9 um atleta de crossfit e est\u00e1 procurando uma mochila espa\u00e7osa, dur\u00e1vel e confort\u00e1vel para carregar todos os seus equipamentos de treinamento, a mochila de crossfit CrossPak\u00ae \u00e9 a solu\u00e7\u00e3o ideal para voc\u00ea. Com sua capacidade de 45 litros, v\u00e1rios bolsos e compartimentos, sistema de suspens\u00e3o respir\u00e1vel, durabilidade de longo prazo e design elegante, voc\u00ea n\u00e3o se arrepender\u00e1 de ter escolhido essa mochila crossfit para seu treinamento.<\/p>\n<\/div>\n\n\n\n\n","protected":false},"excerpt":{"rendered":"<div>Uma bolsa de crossfit \u00e9 uma ferramenta essencial para qualquer pessoa envolvida em muscula\u00e7\u00e3o, crossfit, treinamento cruzado, condicionamento f\u00edsico funcional ou esportes de combate. Uma bolsa CrossPak\u00ae 45L para crossfit \u00e9 ainda melhor: grande capacidade de armazenamento, pr\u00e1tica de carregar e elegante de se ver.<\/div>\n<div> <\/div>\n<div>A CrossPak\u00ae \u00e9 feita de tecido Oxford 900D de alta densidade com um z\u00edper KAM suave: resistente \u00e0 \u00e1gua, \u00e0 prova de rasgos, dur\u00e1vel e \u00e0 prova de ferrugem, sua bolsa durar\u00e1 muito tempo.<\/div>\n","protected":false},"featured_media":17485,"comment_status":"open","ping_status":"closed","template":"","meta":{"_monsterinsights_skip_tracking":false,"_monsterinsights_sitenote_active":false,"_monsterinsights_sitenote_note":"","_monsterinsights_sitenote_category":0},"product_brand":[],"product_cat":[195],"product_tag":[],"class_list":{"0":"post-17534","1":"product","2":"type-product","3":"status-publish","4":"has-post-thumbnail","6":"product_cat-sem-categoria","8":"first","9":"instock","10":"taxable","11":"shipping-taxable","12":"purchasable","13":"product-type-variable"},"yoast_head":"<!-- This site is optimized with the Yoast SEO plugin v27.5 - https:\/\/yoast.com\/product\/yoast-seo-wordpress\/ -->\n<title>Bolsa CrossPak\u00ae para crossfit &#8211; Eryx Fitness<\/title>\n<meta name=\"description\" content=\"A bolsa CrossPak\u00ae para crossfit \u00e9 uma ferramenta essencial para qualquer pessoa envolvida em treinamento com pesos, crossfit ou esportes de combate.\" \/>\n<meta name=\"robots\" content=\"index, follow, max-snippet:-1, max-image-preview:large, max-video-preview:-1\" \/>\n<link rel=\"canonical\" href=\"https:\/\/www.eryxfitness.com\/pt-br\/produto\/bolsa-crosspak-para-crossfit\/\" \/>\n<meta property=\"og:locale\" content=\"pt_BR\" \/>\n<meta property=\"og:type\" content=\"article\" \/>\n<meta property=\"og:title\" content=\"Bolsa CrossPak\u00ae para crossfit &#8211; Eryx Fitness\" \/>\n<meta property=\"og:description\" content=\"A bolsa CrossPak\u00ae para crossfit \u00e9 uma ferramenta essencial para qualquer pessoa envolvida em treinamento com pesos, crossfit ou esportes de combate.\" \/>\n<meta property=\"og:url\" content=\"https:\/\/www.eryxfitness.com\/pt-br\/produto\/bolsa-crosspak-para-crossfit\/\" \/>\n<meta property=\"og:site_name\" content=\"Eryx Fitness\" \/>\n<meta property=\"article:modified_time\" content=\"2025-11-30T23:12:05+00:00\" \/>\n<meta property=\"og:image\" content=\"https:\/\/www.eryxfitness.com\/wp-content\/uploads\/2023\/01\/crossfit-gym-bag-army-green.webp\" \/>\n\t<meta property=\"og:image:width\" content=\"2500\" \/>\n\t<meta property=\"og:image:height\" content=\"2500\" \/>\n\t<meta property=\"og:image:type\" content=\"image\/webp\" \/>\n<meta name=\"twitter:card\" content=\"summary_large_image\" \/>\n<meta name=\"twitter:label1\" content=\"Est. tempo de leitura\" \/>\n\t<meta name=\"twitter:data1\" content=\"2 minutos\" \/>\n<script type=\"application\/ld+json\" class=\"yoast-schema-graph\">{\"@context\":\"https:\\\/\\\/schema.org\",\"@graph\":[{\"@type\":\"WebPage\",\"@id\":\"https:\\\/\\\/www.eryxfitness.com\\\/pt-br\\\/produto\\\/bolsa-crosspak-para-crossfit\\\/\",\"url\":\"https:\\\/\\\/www.eryxfitness.com\\\/pt-br\\\/produto\\\/bolsa-crosspak-para-crossfit\\\/\",\"name\":\"Bolsa CrossPak\u00ae para crossfit &#8211; Eryx Fitness\",\"isPartOf\":{\"@id\":\"https:\\\/\\\/www.eryxfitness.com\\\/pt-br\\\/#website\"},\"primaryImageOfPage\":{\"@id\":\"https:\\\/\\\/www.eryxfitness.com\\\/pt-br\\\/produto\\\/bolsa-crosspak-para-crossfit\\\/#primaryimage\"},\"image\":{\"@id\":\"https:\\\/\\\/www.eryxfitness.com\\\/pt-br\\\/produto\\\/bolsa-crosspak-para-crossfit\\\/#primaryimage\"},\"thumbnailUrl\":\"https:\\\/\\\/www.eryxfitness.com\\\/wp-content\\\/uploads\\\/2023\\\/01\\\/crossfit-gym-bag-army-green.webp\",\"datePublished\":\"2022-11-04T10:19:11+00:00\",\"dateModified\":\"2025-11-30T23:12:05+00:00\",\"description\":\"A bolsa CrossPak\u00ae para crossfit \u00e9 uma ferramenta essencial para qualquer pessoa envolvida em treinamento com pesos, crossfit ou esportes de combate.\",\"breadcrumb\":{\"@id\":\"https:\\\/\\\/www.eryxfitness.com\\\/pt-br\\\/produto\\\/bolsa-crosspak-para-crossfit\\\/#breadcrumb\"},\"inLanguage\":\"pt-BR\",\"potentialAction\":[{\"@type\":\"ReadAction\",\"target\":[\"https:\\\/\\\/www.eryxfitness.com\\\/pt-br\\\/produto\\\/bolsa-crosspak-para-crossfit\\\/\"]}]},{\"@type\":\"ImageObject\",\"inLanguage\":\"pt-BR\",\"@id\":\"https:\\\/\\\/www.eryxfitness.com\\\/pt-br\\\/produto\\\/bolsa-crosspak-para-crossfit\\\/#primaryimage\",\"url\":\"https:\\\/\\\/www.eryxfitness.com\\\/wp-content\\\/uploads\\\/2023\\\/01\\\/crossfit-gym-bag-army-green.webp\",\"contentUrl\":\"https:\\\/\\\/www.eryxfitness.com\\\/wp-content\\\/uploads\\\/2023\\\/01\\\/crossfit-gym-bag-army-green.webp\",\"width\":2500,\"height\":2500},{\"@type\":\"BreadcrumbList\",\"@id\":\"https:\\\/\\\/www.eryxfitness.com\\\/pt-br\\\/produto\\\/bolsa-crosspak-para-crossfit\\\/#breadcrumb\",\"itemListElement\":[{\"@type\":\"ListItem\",\"position\":1,\"name\":\"Accueil\",\"item\":\"https:\\\/\\\/www.eryxfitness.com\\\/pt-br\\\/inicio\\\/\"},{\"@type\":\"ListItem\",\"position\":2,\"name\":\"Shop\",\"item\":\"https:\\\/\\\/www.eryxfitness.com\\\/pt-br\\\/shop\\\/\"},{\"@type\":\"ListItem\",\"position\":3,\"name\":\"Bolsa CrossPak\u00ae para crossfit\"}]},{\"@type\":\"WebSite\",\"@id\":\"https:\\\/\\\/www.eryxfitness.com\\\/pt-br\\\/#website\",\"url\":\"https:\\\/\\\/www.eryxfitness.com\\\/pt-br\\\/\",\"name\":\"ERYX FITNESS\",\"description\":\"Adjustable and portable fitness equipment\",\"publisher\":{\"@id\":\"https:\\\/\\\/www.eryxfitness.com\\\/pt-br\\\/#organization\"},\"alternateName\":\"ERYX\",\"potentialAction\":[{\"@type\":\"SearchAction\",\"target\":{\"@type\":\"EntryPoint\",\"urlTemplate\":\"https:\\\/\\\/www.eryxfitness.com\\\/pt-br\\\/?s={search_term_string}\"},\"query-input\":{\"@type\":\"PropertyValueSpecification\",\"valueRequired\":true,\"valueName\":\"search_term_string\"}}],\"inLanguage\":\"pt-BR\"},{\"@type\":\"Organization\",\"@id\":\"https:\\\/\\\/www.eryxfitness.com\\\/pt-br\\\/#organization\",\"name\":\"ERYX FITNESS\",\"alternateName\":\"ERYX\",\"url\":\"https:\\\/\\\/www.eryxfitness.com\\\/pt-br\\\/\",\"logo\":{\"@type\":\"ImageObject\",\"inLanguage\":\"pt-BR\",\"@id\":\"https:\\\/\\\/www.eryxfitness.com\\\/pt-br\\\/#\\\/schema\\\/logo\\\/image\\\/\",\"url\":\"https:\\\/\\\/i0.wp.com\\\/www.eryxfitness.com\\\/wp-content\\\/uploads\\\/2023\\\/06\\\/INSTA.png?fit=2000%2C2000&ssl=1\",\"contentUrl\":\"https:\\\/\\\/i0.wp.com\\\/www.eryxfitness.com\\\/wp-content\\\/uploads\\\/2023\\\/06\\\/INSTA.png?fit=2000%2C2000&ssl=1\",\"width\":2000,\"height\":2000,\"caption\":\"ERYX FITNESS\"},\"image\":{\"@id\":\"https:\\\/\\\/www.eryxfitness.com\\\/pt-br\\\/#\\\/schema\\\/logo\\\/image\\\/\"}}]}<\/script>\n<!-- \/ Yoast SEO plugin. -->","yoast_head_json":{"title":"Bolsa CrossPak\u00ae para crossfit &#8211; Eryx Fitness","description":"A bolsa CrossPak\u00ae para crossfit \u00e9 uma ferramenta essencial para qualquer pessoa envolvida em treinamento com pesos, crossfit ou esportes de combate.","robots":{"index":"index","follow":"follow","max-snippet":"max-snippet:-1","max-image-preview":"max-image-preview:large","max-video-preview":"max-video-preview:-1"},"canonical":"https:\/\/www.eryxfitness.com\/pt-br\/produto\/bolsa-crosspak-para-crossfit\/","og_locale":"pt_BR","og_type":"article","og_title":"Bolsa CrossPak\u00ae para crossfit &#8211; Eryx Fitness","og_description":"A bolsa CrossPak\u00ae para crossfit \u00e9 uma ferramenta essencial para qualquer pessoa envolvida em treinamento com pesos, crossfit ou esportes de combate.","og_url":"https:\/\/www.eryxfitness.com\/pt-br\/produto\/bolsa-crosspak-para-crossfit\/","og_site_name":"Eryx Fitness","article_modified_time":"2025-11-30T23:12:05+00:00","og_image":[{"width":2500,"height":2500,"url":"https:\/\/www.eryxfitness.com\/wp-content\/uploads\/2023\/01\/crossfit-gym-bag-army-green.webp","type":"image\/webp"}],"twitter_card":"summary_large_image","twitter_misc":{"Est. tempo de leitura":"2 minutos"},"schema":{"@context":"https:\/\/schema.org","@graph":[{"@type":"WebPage","@id":"https:\/\/www.eryxfitness.com\/pt-br\/produto\/bolsa-crosspak-para-crossfit\/","url":"https:\/\/www.eryxfitness.com\/pt-br\/produto\/bolsa-crosspak-para-crossfit\/","name":"Bolsa CrossPak\u00ae para crossfit &#8211; Eryx Fitness","isPartOf":{"@id":"https:\/\/www.eryxfitness.com\/pt-br\/#website"},"primaryImageOfPage":{"@id":"https:\/\/www.eryxfitness.com\/pt-br\/produto\/bolsa-crosspak-para-crossfit\/#primaryimage"},"image":{"@id":"https:\/\/www.eryxfitness.com\/pt-br\/produto\/bolsa-crosspak-para-crossfit\/#primaryimage"},"thumbnailUrl":"https:\/\/www.eryxfitness.com\/wp-content\/uploads\/2023\/01\/crossfit-gym-bag-army-green.webp","datePublished":"2022-11-04T10:19:11+00:00","dateModified":"2025-11-30T23:12:05+00:00","description":"A bolsa CrossPak\u00ae para crossfit \u00e9 uma ferramenta essencial para qualquer pessoa envolvida em treinamento com pesos, crossfit ou esportes de combate.","breadcrumb":{"@id":"https:\/\/www.eryxfitness.com\/pt-br\/produto\/bolsa-crosspak-para-crossfit\/#breadcrumb"},"inLanguage":"pt-BR","potentialAction":[{"@type":"ReadAction","target":["https:\/\/www.eryxfitness.com\/pt-br\/produto\/bolsa-crosspak-para-crossfit\/"]}]},{"@type":"ImageObject","inLanguage":"pt-BR","@id":"https:\/\/www.eryxfitness.com\/pt-br\/produto\/bolsa-crosspak-para-crossfit\/#primaryimage","url":"https:\/\/www.eryxfitness.com\/wp-content\/uploads\/2023\/01\/crossfit-gym-bag-army-green.webp","contentUrl":"https:\/\/www.eryxfitness.com\/wp-content\/uploads\/2023\/01\/crossfit-gym-bag-army-green.webp","width":2500,"height":2500},{"@type":"BreadcrumbList","@id":"https:\/\/www.eryxfitness.com\/pt-br\/produto\/bolsa-crosspak-para-crossfit\/#breadcrumb","itemListElement":[{"@type":"ListItem","position":1,"name":"Accueil","item":"https:\/\/www.eryxfitness.com\/pt-br\/inicio\/"},{"@type":"ListItem","position":2,"name":"Shop","item":"https:\/\/www.eryxfitness.com\/pt-br\/shop\/"},{"@type":"ListItem","position":3,"name":"Bolsa CrossPak\u00ae para crossfit"}]},{"@type":"WebSite","@id":"https:\/\/www.eryxfitness.com\/pt-br\/#website","url":"https:\/\/www.eryxfitness.com\/pt-br\/","name":"ERYX FITNESS","description":"Adjustable and portable fitness equipment","publisher":{"@id":"https:\/\/www.eryxfitness.com\/pt-br\/#organization"},"alternateName":"ERYX","potentialAction":[{"@type":"SearchAction","target":{"@type":"EntryPoint","urlTemplate":"https:\/\/www.eryxfitness.com\/pt-br\/?s={search_term_string}"},"query-input":{"@type":"PropertyValueSpecification","valueRequired":true,"valueName":"search_term_string"}}],"inLanguage":"pt-BR"},{"@type":"Organization","@id":"https:\/\/www.eryxfitness.com\/pt-br\/#organization","name":"ERYX FITNESS","alternateName":"ERYX","url":"https:\/\/www.eryxfitness.com\/pt-br\/","logo":{"@type":"ImageObject","inLanguage":"pt-BR","@id":"https:\/\/www.eryxfitness.com\/pt-br\/#\/schema\/logo\/image\/","url":"https:\/\/i0.wp.com\/www.eryxfitness.com\/wp-content\/uploads\/2023\/06\/INSTA.png?fit=2000%2C2000&ssl=1","contentUrl":"https:\/\/i0.wp.com\/www.eryxfitness.com\/wp-content\/uploads\/2023\/06\/INSTA.png?fit=2000%2C2000&ssl=1","width":2000,"height":2000,"caption":"ERYX FITNESS"},"image":{"@id":"https:\/\/www.eryxfitness.com\/pt-br\/#\/schema\/logo\/image\/"}}]}},"_links":{"self":[{"href":"https:\/\/www.eryxfitness.com\/pt-br\/wp-json\/wp\/v2\/product\/17534","targetHints":{"allow":["GET"]}}],"collection":[{"href":"https:\/\/www.eryxfitness.com\/pt-br\/wp-json\/wp\/v2\/product"}],"about":[{"href":"https:\/\/www.eryxfitness.com\/pt-br\/wp-json\/wp\/v2\/types\/product"}],"replies":[{"embeddable":true,"href":"https:\/\/www.eryxfitness.com\/pt-br\/wp-json\/wp\/v2\/comments?post=17534"}],"wp:featuredmedia":[{"embeddable":true,"href":"https:\/\/www.eryxfitness.com\/pt-br\/wp-json\/wp\/v2\/media\/17485"}],"wp:attachment":[{"href":"https:\/\/www.eryxfitness.com\/pt-br\/wp-json\/wp\/v2\/media?parent=17534"}],"wp:term":[{"taxonomy":"product_brand","embeddable":true,"href":"https:\/\/www.eryxfitness.com\/pt-br\/wp-json\/wp\/v2\/product_brand?post=17534"},{"taxonomy":"product_cat","embeddable":true,"href":"https:\/\/www.eryxfitness.com\/pt-br\/wp-json\/wp\/v2\/product_cat?post=17534"},{"taxonomy":"product_tag","embeddable":true,"href":"https:\/\/www.eryxfitness.com\/pt-br\/wp-json\/wp\/v2\/product_tag?post=17534"}],"curies":[{"name":"wp","href":"https:\/\/api.w.org\/{rel}","templated":true}]}}