{"id":19094,"date":"2024-07-02T11:43:54","date_gmt":"2024-07-02T09:43:54","guid":{"rendered":"https:\/\/www.eryxfitness.com\/produit\/macebell-ajustavel-de-competicao-6-30kg-onemace\/"},"modified":"2026-01-04T14:07:32","modified_gmt":"2026-01-04T13:07:32","slug":"macebell-ajustavel-competicao","status":"publish","type":"product","link":"https:\/\/www.eryxfitness.com\/pt-br\/produto\/macebell-ajustavel-competicao\/","title":{"rendered":"Macebell ajust\u00e1vel de competi\u00e7\u00e3o 6-30kg OneMace\u00ae"},"content":{"rendered":"<h1>MACEBELL AJUST\u00c1VEL COMPETI\u00c7\u00c3O<\/h1>\n<p>O treinamento com um macebell de competi\u00e7\u00e3o pode trazer grandes benef\u00edcios \u00e0 sua capacidade esportiva e \u00e0 sua sa\u00fade f\u00edsica e mental. No entanto, a aquisi\u00e7\u00e3o de um conjunto completo de macebells de competi\u00e7\u00e3o pode se tornar rapidamente cara e requer espa\u00e7o de armazenamento adequado.<\/p>\n<p>O OneMace\u00ae, nosso macebell ajust\u00e1vel de competi\u00e7\u00e3o de 6 a 30kg, \u00e9 a solu\u00e7\u00e3o ideal para macelifters que n\u00e3o t\u00eam or\u00e7amento ou espa\u00e7o para se equipar com v\u00e1rios macebells. 21 macebells em 1 para economizar espa\u00e7o e dinheiro.<\/p>\n<p><strong>COMPACTO<\/strong><\/p>\n<p>A principal vantagem do OneMace\u00ae \u00e9 que ele economiza espa\u00e7o de armazenamento. Se voc\u00ea mora em um apartamento onde n\u00e3o pode se dar ao luxo de ter v\u00e1rios halteres de pesos diferentes, o OneMace\u00ae \u00e9 a solu\u00e7\u00e3o perfeita.<\/p>\n<p><strong>ECON\u00d4MICO<\/strong><\/p>\n<p>Um conjunto b\u00e1sico com 2 ou 3 macebells de competi\u00e7\u00e3o geralmente custa entre 400 e 500 euros, dependendo da marca. Para um conjunto completo com pesos intermedi\u00e1rios, voc\u00ea precisar\u00e1 gastar v\u00e1rias centenas de euros, ou at\u00e9 mais de 1.000 euros, dependendo da marca. Com o OneMace\u00ae, pelo pre\u00e7o de um conjunto b\u00e1sico, voc\u00ea obt\u00e9m 21 macebells de competi\u00e7\u00e3o, variando de 6 a 30 kg em incrementos de 1 kg (exceto 7 kg, 9 kg, 11 kg e 29 kg).<\/p>\n<p><strong>TRANSPORT\u00c1VEL<\/strong><\/p>\n<p>Voc\u00ea vai sair de f\u00e9rias ou quer treinar ao ar livre? O OneMace\u00ae cabe perfeitamente no porta-malas do seu carro, para que voc\u00ea possa treinar em qualquer lugar, a qualquer hora.<\/p>\n<p><strong>ERGON\u00d4MICA<\/strong><\/p>\n<p>Diferentemente da maioria das macebells ajust\u00e1veis do mercado, o OneMace\u00ae tem o formato de uma macebell de verdade, com um cabo de 4 cm de di\u00e2metro e cabe\u00e7a redonda. Pode levar um pouco mais de tempo para ser configurado do que outros modelos, mas em troca voc\u00ea obt\u00e9m uma macebell altamente ergon\u00f4mica e totalmente segura.<\/p>\n\n\n","protected":false},"excerpt":{"rendered":"<p>OneMace\u00ae, o haltere ajust\u00e1vel de <strong>6 a 30 kg<\/strong> em incrementos de 1 kg (exceto 7 kg, 9 kg, 11 kg e 29 kg). Esse macebell ajust\u00e1vel combina <strong>21 macebells em um<\/strong> para economizar espa\u00e7o e dinheiro. Cabo de a\u00e7o envernizado com bola de parada, <strong>formato de competi\u00e7\u00e3o<\/strong> (padr\u00f5es Macelifting).<\/p>\n","protected":false},"featured_media":20695,"comment_status":"open","ping_status":"closed","template":"","meta":{"_monsterinsights_skip_tracking":false,"_monsterinsights_sitenote_active":false,"_monsterinsights_sitenote_note":"","_monsterinsights_sitenote_category":0},"product_brand":[],"product_cat":[192],"product_tag":[],"class_list":{"0":"post-19094","1":"product","2":"type-product","3":"status-publish","4":"has-post-thumbnail","6":"product_cat-macebells","8":"first","9":"outofstock","10":"taxable","11":"shipping-taxable","12":"purchasable","13":"product-type-simple"},"yoast_head":"<!-- This site is optimized with the Yoast SEO plugin v27.3 - https:\/\/yoast.com\/product\/yoast-seo-wordpress\/ -->\n<title>Macebell ajust\u00e1vel de competi\u00e7\u00e3o 6-30kg OneMace\u00ae &#8211; Eryx Fitness<\/title>\n<meta name=\"description\" content=\"O macebell ajust\u00e1vel de competi\u00e7\u00e3o OneMace\u00ae re\u00fane 21 macebells de competi\u00e7\u00e3o em um s\u00f3 : voc\u00ea economiza espa\u00e7o e dinheiro.\" \/>\n<meta name=\"robots\" content=\"index, follow, max-snippet:-1, max-image-preview:large, max-video-preview:-1\" \/>\n<link rel=\"canonical\" href=\"https:\/\/www.eryxfitness.com\/pt-br\/produto\/macebell-ajustavel-competicao\/\" \/>\n<meta property=\"og:locale\" content=\"pt_BR\" \/>\n<meta property=\"og:type\" content=\"article\" \/>\n<meta property=\"og:title\" content=\"Macebell ajust\u00e1vel de competi\u00e7\u00e3o 6-30kg OneMace\u00ae &#8211; Eryx Fitness\" \/>\n<meta property=\"og:description\" content=\"O macebell ajust\u00e1vel de competi\u00e7\u00e3o OneMace\u00ae re\u00fane 21 macebells de competi\u00e7\u00e3o em um s\u00f3 : voc\u00ea economiza espa\u00e7o e dinheiro.\" \/>\n<meta property=\"og:url\" content=\"https:\/\/www.eryxfitness.com\/pt-br\/produto\/macebell-ajustavel-competicao\/\" \/>\n<meta property=\"og:site_name\" content=\"Eryx Fitness\" \/>\n<meta property=\"article:modified_time\" content=\"2026-01-04T13:07:32+00:00\" \/>\n<meta property=\"og:image\" content=\"https:\/\/www.eryxfitness.com\/wp-content\/uploads\/2024\/07\/adjustable-competition-macebell-6-30-kg-1.webp\" \/>\n\t<meta property=\"og:image:width\" content=\"1200\" \/>\n\t<meta property=\"og:image:height\" content=\"1200\" \/>\n\t<meta property=\"og:image:type\" content=\"image\/webp\" \/>\n<meta name=\"twitter:card\" content=\"summary_large_image\" \/>\n<meta name=\"twitter:label1\" content=\"Est. tempo de leitura\" \/>\n\t<meta name=\"twitter:data1\" content=\"2 minutos\" \/>\n<script type=\"application\/ld+json\" class=\"yoast-schema-graph\">{\"@context\":\"https:\\\/\\\/schema.org\",\"@graph\":[{\"@type\":\"WebPage\",\"@id\":\"https:\\\/\\\/www.eryxfitness.com\\\/pt-br\\\/produto\\\/macebell-ajustavel-competicao\\\/\",\"url\":\"https:\\\/\\\/www.eryxfitness.com\\\/pt-br\\\/produto\\\/macebell-ajustavel-competicao\\\/\",\"name\":\"Macebell ajust\u00e1vel de competi\u00e7\u00e3o 6-30kg OneMace\u00ae &#8211; Eryx Fitness\",\"isPartOf\":{\"@id\":\"https:\\\/\\\/www.eryxfitness.com\\\/pt-br\\\/#website\"},\"primaryImageOfPage\":{\"@id\":\"https:\\\/\\\/www.eryxfitness.com\\\/pt-br\\\/produto\\\/macebell-ajustavel-competicao\\\/#primaryimage\"},\"image\":{\"@id\":\"https:\\\/\\\/www.eryxfitness.com\\\/pt-br\\\/produto\\\/macebell-ajustavel-competicao\\\/#primaryimage\"},\"thumbnailUrl\":\"https:\\\/\\\/www.eryxfitness.com\\\/wp-content\\\/uploads\\\/2024\\\/07\\\/adjustable-competition-macebell-6-30-kg-1.webp\",\"datePublished\":\"2024-07-02T09:43:54+00:00\",\"dateModified\":\"2026-01-04T13:07:32+00:00\",\"description\":\"O macebell ajust\u00e1vel de competi\u00e7\u00e3o OneMace\u00ae re\u00fane 21 macebells de competi\u00e7\u00e3o em um s\u00f3 : voc\u00ea economiza espa\u00e7o e dinheiro.\",\"breadcrumb\":{\"@id\":\"https:\\\/\\\/www.eryxfitness.com\\\/pt-br\\\/produto\\\/macebell-ajustavel-competicao\\\/#breadcrumb\"},\"inLanguage\":\"pt-BR\",\"potentialAction\":[{\"@type\":\"ReadAction\",\"target\":[\"https:\\\/\\\/www.eryxfitness.com\\\/pt-br\\\/produto\\\/macebell-ajustavel-competicao\\\/\"]}]},{\"@type\":\"ImageObject\",\"inLanguage\":\"pt-BR\",\"@id\":\"https:\\\/\\\/www.eryxfitness.com\\\/pt-br\\\/produto\\\/macebell-ajustavel-competicao\\\/#primaryimage\",\"url\":\"https:\\\/\\\/www.eryxfitness.com\\\/wp-content\\\/uploads\\\/2024\\\/07\\\/adjustable-competition-macebell-6-30-kg-1.webp\",\"contentUrl\":\"https:\\\/\\\/www.eryxfitness.com\\\/wp-content\\\/uploads\\\/2024\\\/07\\\/adjustable-competition-macebell-6-30-kg-1.webp\",\"width\":1200,\"height\":1200},{\"@type\":\"BreadcrumbList\",\"@id\":\"https:\\\/\\\/www.eryxfitness.com\\\/pt-br\\\/produto\\\/macebell-ajustavel-competicao\\\/#breadcrumb\",\"itemListElement\":[{\"@type\":\"ListItem\",\"position\":1,\"name\":\"Accueil\",\"item\":\"https:\\\/\\\/www.eryxfitness.com\\\/pt-br\\\/inicio\\\/\"},{\"@type\":\"ListItem\",\"position\":2,\"name\":\"Shop\",\"item\":\"https:\\\/\\\/www.eryxfitness.com\\\/pt-br\\\/shop\\\/\"},{\"@type\":\"ListItem\",\"position\":3,\"name\":\"Macebell ajust\u00e1vel de competi\u00e7\u00e3o 6-30kg OneMace\u00ae\"}]},{\"@type\":\"WebSite\",\"@id\":\"https:\\\/\\\/www.eryxfitness.com\\\/pt-br\\\/#website\",\"url\":\"https:\\\/\\\/www.eryxfitness.com\\\/pt-br\\\/\",\"name\":\"ERYX FITNESS\",\"description\":\"Adjustable and portable fitness equipment\",\"publisher\":{\"@id\":\"https:\\\/\\\/www.eryxfitness.com\\\/pt-br\\\/#organization\"},\"alternateName\":\"ERYX\",\"potentialAction\":[{\"@type\":\"SearchAction\",\"target\":{\"@type\":\"EntryPoint\",\"urlTemplate\":\"https:\\\/\\\/www.eryxfitness.com\\\/pt-br\\\/?s={search_term_string}\"},\"query-input\":{\"@type\":\"PropertyValueSpecification\",\"valueRequired\":true,\"valueName\":\"search_term_string\"}}],\"inLanguage\":\"pt-BR\"},{\"@type\":\"Organization\",\"@id\":\"https:\\\/\\\/www.eryxfitness.com\\\/pt-br\\\/#organization\",\"name\":\"ERYX FITNESS\",\"alternateName\":\"ERYX\",\"url\":\"https:\\\/\\\/www.eryxfitness.com\\\/pt-br\\\/\",\"logo\":{\"@type\":\"ImageObject\",\"inLanguage\":\"pt-BR\",\"@id\":\"https:\\\/\\\/www.eryxfitness.com\\\/pt-br\\\/#\\\/schema\\\/logo\\\/image\\\/\",\"url\":\"https:\\\/\\\/i0.wp.com\\\/www.eryxfitness.com\\\/wp-content\\\/uploads\\\/2023\\\/06\\\/INSTA.png?fit=2000%2C2000&ssl=1\",\"contentUrl\":\"https:\\\/\\\/i0.wp.com\\\/www.eryxfitness.com\\\/wp-content\\\/uploads\\\/2023\\\/06\\\/INSTA.png?fit=2000%2C2000&ssl=1\",\"width\":2000,\"height\":2000,\"caption\":\"ERYX FITNESS\"},\"image\":{\"@id\":\"https:\\\/\\\/www.eryxfitness.com\\\/pt-br\\\/#\\\/schema\\\/logo\\\/image\\\/\"}}]}<\/script>\n<!-- \/ Yoast SEO plugin. -->","yoast_head_json":{"title":"Macebell ajust\u00e1vel de competi\u00e7\u00e3o 6-30kg OneMace\u00ae &#8211; Eryx Fitness","description":"O macebell ajust\u00e1vel de competi\u00e7\u00e3o OneMace\u00ae re\u00fane 21 macebells de competi\u00e7\u00e3o em um s\u00f3 : voc\u00ea economiza espa\u00e7o e dinheiro.","robots":{"index":"index","follow":"follow","max-snippet":"max-snippet:-1","max-image-preview":"max-image-preview:large","max-video-preview":"max-video-preview:-1"},"canonical":"https:\/\/www.eryxfitness.com\/pt-br\/produto\/macebell-ajustavel-competicao\/","og_locale":"pt_BR","og_type":"article","og_title":"Macebell ajust\u00e1vel de competi\u00e7\u00e3o 6-30kg OneMace\u00ae &#8211; Eryx Fitness","og_description":"O macebell ajust\u00e1vel de competi\u00e7\u00e3o OneMace\u00ae re\u00fane 21 macebells de competi\u00e7\u00e3o em um s\u00f3 : voc\u00ea economiza espa\u00e7o e dinheiro.","og_url":"https:\/\/www.eryxfitness.com\/pt-br\/produto\/macebell-ajustavel-competicao\/","og_site_name":"Eryx Fitness","article_modified_time":"2026-01-04T13:07:32+00:00","og_image":[{"width":1200,"height":1200,"url":"https:\/\/www.eryxfitness.com\/wp-content\/uploads\/2024\/07\/adjustable-competition-macebell-6-30-kg-1.webp","type":"image\/webp"}],"twitter_card":"summary_large_image","twitter_misc":{"Est. tempo de leitura":"2 minutos"},"schema":{"@context":"https:\/\/schema.org","@graph":[{"@type":"WebPage","@id":"https:\/\/www.eryxfitness.com\/pt-br\/produto\/macebell-ajustavel-competicao\/","url":"https:\/\/www.eryxfitness.com\/pt-br\/produto\/macebell-ajustavel-competicao\/","name":"Macebell ajust\u00e1vel de competi\u00e7\u00e3o 6-30kg OneMace\u00ae &#8211; Eryx Fitness","isPartOf":{"@id":"https:\/\/www.eryxfitness.com\/pt-br\/#website"},"primaryImageOfPage":{"@id":"https:\/\/www.eryxfitness.com\/pt-br\/produto\/macebell-ajustavel-competicao\/#primaryimage"},"image":{"@id":"https:\/\/www.eryxfitness.com\/pt-br\/produto\/macebell-ajustavel-competicao\/#primaryimage"},"thumbnailUrl":"https:\/\/www.eryxfitness.com\/wp-content\/uploads\/2024\/07\/adjustable-competition-macebell-6-30-kg-1.webp","datePublished":"2024-07-02T09:43:54+00:00","dateModified":"2026-01-04T13:07:32+00:00","description":"O macebell ajust\u00e1vel de competi\u00e7\u00e3o OneMace\u00ae re\u00fane 21 macebells de competi\u00e7\u00e3o em um s\u00f3 : voc\u00ea economiza espa\u00e7o e dinheiro.","breadcrumb":{"@id":"https:\/\/www.eryxfitness.com\/pt-br\/produto\/macebell-ajustavel-competicao\/#breadcrumb"},"inLanguage":"pt-BR","potentialAction":[{"@type":"ReadAction","target":["https:\/\/www.eryxfitness.com\/pt-br\/produto\/macebell-ajustavel-competicao\/"]}]},{"@type":"ImageObject","inLanguage":"pt-BR","@id":"https:\/\/www.eryxfitness.com\/pt-br\/produto\/macebell-ajustavel-competicao\/#primaryimage","url":"https:\/\/www.eryxfitness.com\/wp-content\/uploads\/2024\/07\/adjustable-competition-macebell-6-30-kg-1.webp","contentUrl":"https:\/\/www.eryxfitness.com\/wp-content\/uploads\/2024\/07\/adjustable-competition-macebell-6-30-kg-1.webp","width":1200,"height":1200},{"@type":"BreadcrumbList","@id":"https:\/\/www.eryxfitness.com\/pt-br\/produto\/macebell-ajustavel-competicao\/#breadcrumb","itemListElement":[{"@type":"ListItem","position":1,"name":"Accueil","item":"https:\/\/www.eryxfitness.com\/pt-br\/inicio\/"},{"@type":"ListItem","position":2,"name":"Shop","item":"https:\/\/www.eryxfitness.com\/pt-br\/shop\/"},{"@type":"ListItem","position":3,"name":"Macebell ajust\u00e1vel de competi\u00e7\u00e3o 6-30kg OneMace\u00ae"}]},{"@type":"WebSite","@id":"https:\/\/www.eryxfitness.com\/pt-br\/#website","url":"https:\/\/www.eryxfitness.com\/pt-br\/","name":"ERYX FITNESS","description":"Adjustable and portable fitness equipment","publisher":{"@id":"https:\/\/www.eryxfitness.com\/pt-br\/#organization"},"alternateName":"ERYX","potentialAction":[{"@type":"SearchAction","target":{"@type":"EntryPoint","urlTemplate":"https:\/\/www.eryxfitness.com\/pt-br\/?s={search_term_string}"},"query-input":{"@type":"PropertyValueSpecification","valueRequired":true,"valueName":"search_term_string"}}],"inLanguage":"pt-BR"},{"@type":"Organization","@id":"https:\/\/www.eryxfitness.com\/pt-br\/#organization","name":"ERYX FITNESS","alternateName":"ERYX","url":"https:\/\/www.eryxfitness.com\/pt-br\/","logo":{"@type":"ImageObject","inLanguage":"pt-BR","@id":"https:\/\/www.eryxfitness.com\/pt-br\/#\/schema\/logo\/image\/","url":"https:\/\/i0.wp.com\/www.eryxfitness.com\/wp-content\/uploads\/2023\/06\/INSTA.png?fit=2000%2C2000&ssl=1","contentUrl":"https:\/\/i0.wp.com\/www.eryxfitness.com\/wp-content\/uploads\/2023\/06\/INSTA.png?fit=2000%2C2000&ssl=1","width":2000,"height":2000,"caption":"ERYX FITNESS"},"image":{"@id":"https:\/\/www.eryxfitness.com\/pt-br\/#\/schema\/logo\/image\/"}}]}},"_links":{"self":[{"href":"https:\/\/www.eryxfitness.com\/pt-br\/wp-json\/wp\/v2\/product\/19094","targetHints":{"allow":["GET"]}}],"collection":[{"href":"https:\/\/www.eryxfitness.com\/pt-br\/wp-json\/wp\/v2\/product"}],"about":[{"href":"https:\/\/www.eryxfitness.com\/pt-br\/wp-json\/wp\/v2\/types\/product"}],"replies":[{"embeddable":true,"href":"https:\/\/www.eryxfitness.com\/pt-br\/wp-json\/wp\/v2\/comments?post=19094"}],"wp:featuredmedia":[{"embeddable":true,"href":"https:\/\/www.eryxfitness.com\/pt-br\/wp-json\/wp\/v2\/media\/20695"}],"wp:attachment":[{"href":"https:\/\/www.eryxfitness.com\/pt-br\/wp-json\/wp\/v2\/media?parent=19094"}],"wp:term":[{"taxonomy":"product_brand","embeddable":true,"href":"https:\/\/www.eryxfitness.com\/pt-br\/wp-json\/wp\/v2\/product_brand?post=19094"},{"taxonomy":"product_cat","embeddable":true,"href":"https:\/\/www.eryxfitness.com\/pt-br\/wp-json\/wp\/v2\/product_cat?post=19094"},{"taxonomy":"product_tag","embeddable":true,"href":"https:\/\/www.eryxfitness.com\/pt-br\/wp-json\/wp\/v2\/product_tag?post=19094"}],"curies":[{"name":"wp","href":"https:\/\/api.w.org\/{rel}","templated":true}]}}