{"id":19405,"date":"2024-07-17T18:45:02","date_gmt":"2024-07-17T17:05:25","guid":{"rendered":"https:\/\/www.eryxfitness.com\/produit\/peso-adicional-de-2kg-para-o-clubbell\/"},"modified":"2025-10-25T16:31:39","modified_gmt":"2025-10-25T14:31:39","slug":"peso-adicional-de-2kg-para-o-clubbell","status":"publish","type":"product","link":"https:\/\/www.eryxfitness.com\/pt-br\/produto\/peso-adicional-de-2kg-para-o-clubbell\/","title":{"rendered":"Peso adicional de 2kg para o clubbell"},"content":{"rendered":"","protected":false},"excerpt":{"rendered":"<div>Peso de 2kg para aumentar o peso do seu clubbell ajust\u00e1vel.<\/div>\n<div><\/div>\n<div>Recomendamos que voc\u00ea n\u00e3o exceda 24kg no total para o seu clubbell.<\/div>\n","protected":false},"featured_media":16912,"comment_status":"open","ping_status":"closed","template":"","meta":{"_monsterinsights_skip_tracking":false,"_monsterinsights_sitenote_active":false,"_monsterinsights_sitenote_note":"","_monsterinsights_sitenote_category":0},"product_brand":[],"product_cat":[190],"product_tag":[],"class_list":{"0":"post-19405","1":"product","2":"type-product","3":"status-publish","4":"has-post-thumbnail","6":"product_cat-clubbells","8":"first","9":"outofstock","10":"taxable","11":"shipping-taxable","12":"purchasable","13":"product-type-simple"},"yoast_head":"<!-- This site is optimized with the Yoast SEO plugin v27.3 - https:\/\/yoast.com\/product\/yoast-seo-wordpress\/ -->\n<title>Peso adicional de 2kg para o clubbell &#8211; Eryx Fitness<\/title>\n<meta name=\"robots\" content=\"index, follow, max-snippet:-1, max-image-preview:large, max-video-preview:-1\" \/>\n<link rel=\"canonical\" href=\"https:\/\/www.eryxfitness.com\/pt-br\/produto\/peso-adicional-de-2kg-para-o-clubbell\/\" \/>\n<meta property=\"og:locale\" content=\"pt_BR\" \/>\n<meta property=\"og:type\" content=\"article\" \/>\n<meta property=\"og:title\" content=\"Peso adicional de 2kg para o clubbell &#8211; Eryx Fitness\" \/>\n<meta property=\"og:description\" content=\"Peso de 2kg para aumentar o peso do seu clubbell ajust\u00e1vel.  Recomendamos que voc\u00ea n\u00e3o exceda 24kg no total para o seu clubbell.\" \/>\n<meta property=\"og:url\" content=\"https:\/\/www.eryxfitness.com\/pt-br\/produto\/peso-adicional-de-2kg-para-o-clubbell\/\" \/>\n<meta property=\"og:site_name\" content=\"Eryx Fitness\" \/>\n<meta property=\"article:modified_time\" content=\"2025-10-25T14:31:39+00:00\" \/>\n<meta property=\"og:image\" content=\"https:\/\/www.eryxfitness.com\/wp-content\/uploads\/2024\/01\/adjustable-clubbell-2kg-disc.webp\" \/>\n\t<meta property=\"og:image:width\" content=\"1200\" \/>\n\t<meta property=\"og:image:height\" content=\"1200\" \/>\n\t<meta property=\"og:image:type\" content=\"image\/webp\" \/>\n<meta name=\"twitter:card\" content=\"summary_large_image\" \/>\n<meta name=\"twitter:label1\" content=\"Est. tempo de leitura\" \/>\n\t<meta name=\"twitter:data1\" content=\"1 minuto\" \/>\n<script type=\"application\/ld+json\" class=\"yoast-schema-graph\">{\"@context\":\"https:\\\/\\\/schema.org\",\"@graph\":[{\"@type\":\"WebPage\",\"@id\":\"https:\\\/\\\/www.eryxfitness.com\\\/pt-br\\\/produto\\\/peso-adicional-de-2kg-para-o-clubbell\\\/\",\"url\":\"https:\\\/\\\/www.eryxfitness.com\\\/pt-br\\\/produto\\\/peso-adicional-de-2kg-para-o-clubbell\\\/\",\"name\":\"Peso adicional de 2kg para o clubbell &#8211; Eryx Fitness\",\"isPartOf\":{\"@id\":\"https:\\\/\\\/www.eryxfitness.com\\\/pt-br\\\/#website\"},\"primaryImageOfPage\":{\"@id\":\"https:\\\/\\\/www.eryxfitness.com\\\/pt-br\\\/produto\\\/peso-adicional-de-2kg-para-o-clubbell\\\/#primaryimage\"},\"image\":{\"@id\":\"https:\\\/\\\/www.eryxfitness.com\\\/pt-br\\\/produto\\\/peso-adicional-de-2kg-para-o-clubbell\\\/#primaryimage\"},\"thumbnailUrl\":\"https:\\\/\\\/www.eryxfitness.com\\\/wp-content\\\/uploads\\\/2024\\\/01\\\/adjustable-clubbell-2kg-disc.webp\",\"datePublished\":\"2024-07-17T17:05:25+00:00\",\"dateModified\":\"2025-10-25T14:31:39+00:00\",\"breadcrumb\":{\"@id\":\"https:\\\/\\\/www.eryxfitness.com\\\/pt-br\\\/produto\\\/peso-adicional-de-2kg-para-o-clubbell\\\/#breadcrumb\"},\"inLanguage\":\"pt-BR\",\"potentialAction\":[{\"@type\":\"ReadAction\",\"target\":[\"https:\\\/\\\/www.eryxfitness.com\\\/pt-br\\\/produto\\\/peso-adicional-de-2kg-para-o-clubbell\\\/\"]}]},{\"@type\":\"ImageObject\",\"inLanguage\":\"pt-BR\",\"@id\":\"https:\\\/\\\/www.eryxfitness.com\\\/pt-br\\\/produto\\\/peso-adicional-de-2kg-para-o-clubbell\\\/#primaryimage\",\"url\":\"https:\\\/\\\/www.eryxfitness.com\\\/wp-content\\\/uploads\\\/2024\\\/01\\\/adjustable-clubbell-2kg-disc.webp\",\"contentUrl\":\"https:\\\/\\\/www.eryxfitness.com\\\/wp-content\\\/uploads\\\/2024\\\/01\\\/adjustable-clubbell-2kg-disc.webp\",\"width\":1200,\"height\":1200},{\"@type\":\"BreadcrumbList\",\"@id\":\"https:\\\/\\\/www.eryxfitness.com\\\/pt-br\\\/produto\\\/peso-adicional-de-2kg-para-o-clubbell\\\/#breadcrumb\",\"itemListElement\":[{\"@type\":\"ListItem\",\"position\":1,\"name\":\"Accueil\",\"item\":\"https:\\\/\\\/www.eryxfitness.com\\\/pt-br\\\/inicio\\\/\"},{\"@type\":\"ListItem\",\"position\":2,\"name\":\"Shop\",\"item\":\"https:\\\/\\\/www.eryxfitness.com\\\/pt-br\\\/shop\\\/\"},{\"@type\":\"ListItem\",\"position\":3,\"name\":\"Peso adicional de 2kg para o clubbell\"}]},{\"@type\":\"WebSite\",\"@id\":\"https:\\\/\\\/www.eryxfitness.com\\\/pt-br\\\/#website\",\"url\":\"https:\\\/\\\/www.eryxfitness.com\\\/pt-br\\\/\",\"name\":\"ERYX FITNESS\",\"description\":\"Adjustable and portable fitness equipment\",\"publisher\":{\"@id\":\"https:\\\/\\\/www.eryxfitness.com\\\/pt-br\\\/#organization\"},\"alternateName\":\"ERYX\",\"potentialAction\":[{\"@type\":\"SearchAction\",\"target\":{\"@type\":\"EntryPoint\",\"urlTemplate\":\"https:\\\/\\\/www.eryxfitness.com\\\/pt-br\\\/?s={search_term_string}\"},\"query-input\":{\"@type\":\"PropertyValueSpecification\",\"valueRequired\":true,\"valueName\":\"search_term_string\"}}],\"inLanguage\":\"pt-BR\"},{\"@type\":\"Organization\",\"@id\":\"https:\\\/\\\/www.eryxfitness.com\\\/pt-br\\\/#organization\",\"name\":\"ERYX FITNESS\",\"alternateName\":\"ERYX\",\"url\":\"https:\\\/\\\/www.eryxfitness.com\\\/pt-br\\\/\",\"logo\":{\"@type\":\"ImageObject\",\"inLanguage\":\"pt-BR\",\"@id\":\"https:\\\/\\\/www.eryxfitness.com\\\/pt-br\\\/#\\\/schema\\\/logo\\\/image\\\/\",\"url\":\"https:\\\/\\\/i0.wp.com\\\/www.eryxfitness.com\\\/wp-content\\\/uploads\\\/2023\\\/06\\\/INSTA.png?fit=2000%2C2000&ssl=1\",\"contentUrl\":\"https:\\\/\\\/i0.wp.com\\\/www.eryxfitness.com\\\/wp-content\\\/uploads\\\/2023\\\/06\\\/INSTA.png?fit=2000%2C2000&ssl=1\",\"width\":2000,\"height\":2000,\"caption\":\"ERYX FITNESS\"},\"image\":{\"@id\":\"https:\\\/\\\/www.eryxfitness.com\\\/pt-br\\\/#\\\/schema\\\/logo\\\/image\\\/\"}}]}<\/script>\n<!-- \/ Yoast SEO plugin. -->","yoast_head_json":{"title":"Peso adicional de 2kg para o clubbell &#8211; Eryx Fitness","robots":{"index":"index","follow":"follow","max-snippet":"max-snippet:-1","max-image-preview":"max-image-preview:large","max-video-preview":"max-video-preview:-1"},"canonical":"https:\/\/www.eryxfitness.com\/pt-br\/produto\/peso-adicional-de-2kg-para-o-clubbell\/","og_locale":"pt_BR","og_type":"article","og_title":"Peso adicional de 2kg para o clubbell &#8211; Eryx Fitness","og_description":"Peso de 2kg para aumentar o peso do seu clubbell ajust\u00e1vel.  Recomendamos que voc\u00ea n\u00e3o exceda 24kg no total para o seu clubbell.","og_url":"https:\/\/www.eryxfitness.com\/pt-br\/produto\/peso-adicional-de-2kg-para-o-clubbell\/","og_site_name":"Eryx Fitness","article_modified_time":"2025-10-25T14:31:39+00:00","og_image":[{"width":1200,"height":1200,"url":"https:\/\/www.eryxfitness.com\/wp-content\/uploads\/2024\/01\/adjustable-clubbell-2kg-disc.webp","type":"image\/webp"}],"twitter_card":"summary_large_image","twitter_misc":{"Est. tempo de leitura":"1 minuto"},"schema":{"@context":"https:\/\/schema.org","@graph":[{"@type":"WebPage","@id":"https:\/\/www.eryxfitness.com\/pt-br\/produto\/peso-adicional-de-2kg-para-o-clubbell\/","url":"https:\/\/www.eryxfitness.com\/pt-br\/produto\/peso-adicional-de-2kg-para-o-clubbell\/","name":"Peso adicional de 2kg para o clubbell &#8211; Eryx Fitness","isPartOf":{"@id":"https:\/\/www.eryxfitness.com\/pt-br\/#website"},"primaryImageOfPage":{"@id":"https:\/\/www.eryxfitness.com\/pt-br\/produto\/peso-adicional-de-2kg-para-o-clubbell\/#primaryimage"},"image":{"@id":"https:\/\/www.eryxfitness.com\/pt-br\/produto\/peso-adicional-de-2kg-para-o-clubbell\/#primaryimage"},"thumbnailUrl":"https:\/\/www.eryxfitness.com\/wp-content\/uploads\/2024\/01\/adjustable-clubbell-2kg-disc.webp","datePublished":"2024-07-17T17:05:25+00:00","dateModified":"2025-10-25T14:31:39+00:00","breadcrumb":{"@id":"https:\/\/www.eryxfitness.com\/pt-br\/produto\/peso-adicional-de-2kg-para-o-clubbell\/#breadcrumb"},"inLanguage":"pt-BR","potentialAction":[{"@type":"ReadAction","target":["https:\/\/www.eryxfitness.com\/pt-br\/produto\/peso-adicional-de-2kg-para-o-clubbell\/"]}]},{"@type":"ImageObject","inLanguage":"pt-BR","@id":"https:\/\/www.eryxfitness.com\/pt-br\/produto\/peso-adicional-de-2kg-para-o-clubbell\/#primaryimage","url":"https:\/\/www.eryxfitness.com\/wp-content\/uploads\/2024\/01\/adjustable-clubbell-2kg-disc.webp","contentUrl":"https:\/\/www.eryxfitness.com\/wp-content\/uploads\/2024\/01\/adjustable-clubbell-2kg-disc.webp","width":1200,"height":1200},{"@type":"BreadcrumbList","@id":"https:\/\/www.eryxfitness.com\/pt-br\/produto\/peso-adicional-de-2kg-para-o-clubbell\/#breadcrumb","itemListElement":[{"@type":"ListItem","position":1,"name":"Accueil","item":"https:\/\/www.eryxfitness.com\/pt-br\/inicio\/"},{"@type":"ListItem","position":2,"name":"Shop","item":"https:\/\/www.eryxfitness.com\/pt-br\/shop\/"},{"@type":"ListItem","position":3,"name":"Peso adicional de 2kg para o clubbell"}]},{"@type":"WebSite","@id":"https:\/\/www.eryxfitness.com\/pt-br\/#website","url":"https:\/\/www.eryxfitness.com\/pt-br\/","name":"ERYX FITNESS","description":"Adjustable and portable fitness equipment","publisher":{"@id":"https:\/\/www.eryxfitness.com\/pt-br\/#organization"},"alternateName":"ERYX","potentialAction":[{"@type":"SearchAction","target":{"@type":"EntryPoint","urlTemplate":"https:\/\/www.eryxfitness.com\/pt-br\/?s={search_term_string}"},"query-input":{"@type":"PropertyValueSpecification","valueRequired":true,"valueName":"search_term_string"}}],"inLanguage":"pt-BR"},{"@type":"Organization","@id":"https:\/\/www.eryxfitness.com\/pt-br\/#organization","name":"ERYX FITNESS","alternateName":"ERYX","url":"https:\/\/www.eryxfitness.com\/pt-br\/","logo":{"@type":"ImageObject","inLanguage":"pt-BR","@id":"https:\/\/www.eryxfitness.com\/pt-br\/#\/schema\/logo\/image\/","url":"https:\/\/i0.wp.com\/www.eryxfitness.com\/wp-content\/uploads\/2023\/06\/INSTA.png?fit=2000%2C2000&ssl=1","contentUrl":"https:\/\/i0.wp.com\/www.eryxfitness.com\/wp-content\/uploads\/2023\/06\/INSTA.png?fit=2000%2C2000&ssl=1","width":2000,"height":2000,"caption":"ERYX FITNESS"},"image":{"@id":"https:\/\/www.eryxfitness.com\/pt-br\/#\/schema\/logo\/image\/"}}]}},"_links":{"self":[{"href":"https:\/\/www.eryxfitness.com\/pt-br\/wp-json\/wp\/v2\/product\/19405","targetHints":{"allow":["GET"]}}],"collection":[{"href":"https:\/\/www.eryxfitness.com\/pt-br\/wp-json\/wp\/v2\/product"}],"about":[{"href":"https:\/\/www.eryxfitness.com\/pt-br\/wp-json\/wp\/v2\/types\/product"}],"replies":[{"embeddable":true,"href":"https:\/\/www.eryxfitness.com\/pt-br\/wp-json\/wp\/v2\/comments?post=19405"}],"wp:featuredmedia":[{"embeddable":true,"href":"https:\/\/www.eryxfitness.com\/pt-br\/wp-json\/wp\/v2\/media\/16912"}],"wp:attachment":[{"href":"https:\/\/www.eryxfitness.com\/pt-br\/wp-json\/wp\/v2\/media?parent=19405"}],"wp:term":[{"taxonomy":"product_brand","embeddable":true,"href":"https:\/\/www.eryxfitness.com\/pt-br\/wp-json\/wp\/v2\/product_brand?post=19405"},{"taxonomy":"product_cat","embeddable":true,"href":"https:\/\/www.eryxfitness.com\/pt-br\/wp-json\/wp\/v2\/product_cat?post=19405"},{"taxonomy":"product_tag","embeddable":true,"href":"https:\/\/www.eryxfitness.com\/pt-br\/wp-json\/wp\/v2\/product_tag?post=19405"}],"curies":[{"name":"wp","href":"https:\/\/api.w.org\/{rel}","templated":true}]}}