{"id":26456,"date":"2025-11-19T16:42:49","date_gmt":"2025-11-19T15:42:49","guid":{"rendered":"https:\/\/www.eryxfitness.com\/?post_type=product&#038;p=26456"},"modified":"2026-03-22T19:01:17","modified_gmt":"2026-03-22T18:01:17","slug":"macebell-ajustavel-lite","status":"publish","type":"product","link":"https:\/\/www.eryxfitness.com\/pt-br\/produto\/macebell-ajustavel-lite\/","title":{"rendered":"Macebell ajust\u00e1vel 4-14 kg OneMace\u00ae Lite"},"content":{"rendered":"<h1>CLUBBELL AJUST\u00c1VEL<\/h1>\n<p>O treinamento com o clubbell pode trazer grandes benef\u00edcios \u00e0 sua capacidade esportiva e \u00e0 sua sa\u00fade f\u00edsica e mental. No entanto, a aquisi\u00e7\u00e3o de um conjunto completo de halteres pode se tornar rapidamente cara e requer espa\u00e7o de armazenamento adequado.<\/p>\n<p>O OneClub\u00ae, nosso clubbell ajust\u00e1vel de 6 a 16 kg, \u00e9 a solu\u00e7\u00e3o ideal para atletas que n\u00e3o t\u00eam or\u00e7amento ou espa\u00e7o para se equipar com v\u00e1rios clubbells. 11 clubbells em 1 para economizar espa\u00e7o e dinheiro.<\/p>\n<p><strong>COMPACTO<\/strong><\/p>\n<p>A principal vantagem do OneClub\u00ae \u00e9 que ele economiza espa\u00e7o de armazenamento. Se voc\u00ea mora em um apartamento onde n\u00e3o pode comprar v\u00e1rios halteres de pesos diferentes, o OneClub\u00ae \u00e9 a solu\u00e7\u00e3o perfeita.<\/p>\n<p><strong>ECON\u00d4MICO<\/strong><\/p>\n<p>Um conjunto b\u00e1sico com 2 ou 3 clubbells geralmente custa entre 100 e 200 euros, dependendo da marca. Um conjunto completo com pesos intermedi\u00e1rios custar\u00e1 v\u00e1rias centenas de euros. Com o OneClub\u00ae, pelo pre\u00e7o de um conjunto b\u00e1sico, voc\u00ea recebe 11 clubbells, variando de 6 a 16 kg em incrementos de 1 kg.<\/p>\n<p><strong>TRANSPORT\u00c1VEL<\/strong><\/p>\n<p>Voc\u00ea vai sair de f\u00e9rias ou quer treinar ao ar livre? O OneClub\u00ae cabe perfeitamente no porta-malas do seu carro, para que voc\u00ea possa treinar em qualquer lugar, a qualquer hora.<\/p>\n<p><strong>PR\u00c1TICA<\/strong><\/p>\n<p>Gra\u00e7as ao eficiente sistema de ajuste do OneClub\u00ae, nosso clubbell pode ser ajustado muito rapidamente.<\/p>\n\n\n","protected":false},"excerpt":{"rendered":"<p>OneMace\u00ae Lite, o macebell ajust\u00e1vel de <strong>4 a 14 kg<\/strong> em incrementos de 1 kg. Essa macebell ajust\u00e1vel re\u00fane <strong>11 macebells em uma<\/strong> para economizar espa\u00e7o e dinheiro. Cabo serrilhado para melhor ader\u00eancia.<\/p>\n","protected":false},"featured_media":26479,"comment_status":"open","ping_status":"closed","template":"","meta":{"_monsterinsights_skip_tracking":false,"_monsterinsights_sitenote_active":false,"_monsterinsights_sitenote_note":"","_monsterinsights_sitenote_category":0},"product_brand":[],"product_cat":[190,192],"product_tag":[],"class_list":{"0":"post-26456","1":"product","2":"type-product","3":"status-publish","4":"has-post-thumbnail","6":"product_cat-clubbells","7":"product_cat-macebells","9":"first","10":"instock","11":"taxable","12":"shipping-taxable","13":"purchasable","14":"product-type-variable","15":"has-default-attributes"},"yoast_head":"<!-- This site is optimized with the Yoast SEO plugin v27.3 - https:\/\/yoast.com\/product\/yoast-seo-wordpress\/ -->\n<title>Macebell ajust\u00e1vel 4-14 kg OneMace\u00ae Lite &#8211; Eryx Fitness<\/title>\n<meta name=\"description\" content=\"A macebell modular OneMace\u00ae Lite re\u00fane 11 macebells em uma: voc\u00ea economiza espa\u00e7o e dinheiro. Treine em qualquer lugar, a qualquer hora.\" \/>\n<meta name=\"robots\" content=\"index, follow, max-snippet:-1, max-image-preview:large, max-video-preview:-1\" \/>\n<link rel=\"canonical\" href=\"https:\/\/www.eryxfitness.com\/pt-br\/produto\/macebell-ajustavel-lite\/\" \/>\n<meta property=\"og:locale\" content=\"pt_BR\" \/>\n<meta property=\"og:type\" content=\"article\" \/>\n<meta property=\"og:title\" content=\"Macebell ajust\u00e1vel 4-14 kg OneMace\u00ae Lite &#8211; Eryx Fitness\" \/>\n<meta property=\"og:description\" content=\"A macebell modular OneMace\u00ae Lite re\u00fane 11 macebells em uma: voc\u00ea economiza espa\u00e7o e dinheiro. Treine em qualquer lugar, a qualquer hora.\" \/>\n<meta property=\"og:url\" content=\"https:\/\/www.eryxfitness.com\/pt-br\/produto\/macebell-ajustavel-lite\/\" \/>\n<meta property=\"og:site_name\" content=\"Eryx Fitness\" \/>\n<meta property=\"article:modified_time\" content=\"2026-03-22T18:01:17+00:00\" \/>\n<meta property=\"og:image\" content=\"https:\/\/www.eryxfitness.com\/wp-content\/uploads\/2025\/11\/adjustable-macebell-4-14-kg-onemace-lite.webp\" \/>\n\t<meta property=\"og:image:width\" content=\"1200\" \/>\n\t<meta property=\"og:image:height\" content=\"1200\" \/>\n\t<meta property=\"og:image:type\" content=\"image\/webp\" \/>\n<meta name=\"twitter:card\" content=\"summary_large_image\" \/>\n<meta name=\"twitter:label1\" content=\"Est. tempo de leitura\" \/>\n\t<meta name=\"twitter:data1\" content=\"2 minutos\" \/>\n<script type=\"application\/ld+json\" class=\"yoast-schema-graph\">{\"@context\":\"https:\\\/\\\/schema.org\",\"@graph\":[{\"@type\":\"WebPage\",\"@id\":\"https:\\\/\\\/www.eryxfitness.com\\\/pt-br\\\/produto\\\/macebell-ajustavel-lite\\\/\",\"url\":\"https:\\\/\\\/www.eryxfitness.com\\\/pt-br\\\/produto\\\/macebell-ajustavel-lite\\\/\",\"name\":\"Macebell ajust\u00e1vel 4-14 kg OneMace\u00ae Lite &#8211; Eryx Fitness\",\"isPartOf\":{\"@id\":\"https:\\\/\\\/www.eryxfitness.com\\\/pt-br\\\/#website\"},\"primaryImageOfPage\":{\"@id\":\"https:\\\/\\\/www.eryxfitness.com\\\/pt-br\\\/produto\\\/macebell-ajustavel-lite\\\/#primaryimage\"},\"image\":{\"@id\":\"https:\\\/\\\/www.eryxfitness.com\\\/pt-br\\\/produto\\\/macebell-ajustavel-lite\\\/#primaryimage\"},\"thumbnailUrl\":\"https:\\\/\\\/www.eryxfitness.com\\\/wp-content\\\/uploads\\\/2025\\\/11\\\/adjustable-macebell-4-14-kg-onemace-lite.webp\",\"datePublished\":\"2025-11-19T15:42:49+00:00\",\"dateModified\":\"2026-03-22T18:01:17+00:00\",\"description\":\"A macebell modular OneMace\u00ae Lite re\u00fane 11 macebells em uma: voc\u00ea economiza espa\u00e7o e dinheiro. Treine em qualquer lugar, a qualquer hora.\",\"breadcrumb\":{\"@id\":\"https:\\\/\\\/www.eryxfitness.com\\\/pt-br\\\/produto\\\/macebell-ajustavel-lite\\\/#breadcrumb\"},\"inLanguage\":\"pt-BR\",\"potentialAction\":[{\"@type\":\"ReadAction\",\"target\":[\"https:\\\/\\\/www.eryxfitness.com\\\/pt-br\\\/produto\\\/macebell-ajustavel-lite\\\/\"]}]},{\"@type\":\"ImageObject\",\"inLanguage\":\"pt-BR\",\"@id\":\"https:\\\/\\\/www.eryxfitness.com\\\/pt-br\\\/produto\\\/macebell-ajustavel-lite\\\/#primaryimage\",\"url\":\"https:\\\/\\\/www.eryxfitness.com\\\/wp-content\\\/uploads\\\/2025\\\/11\\\/adjustable-macebell-4-14-kg-onemace-lite.webp\",\"contentUrl\":\"https:\\\/\\\/www.eryxfitness.com\\\/wp-content\\\/uploads\\\/2025\\\/11\\\/adjustable-macebell-4-14-kg-onemace-lite.webp\",\"width\":1200,\"height\":1200},{\"@type\":\"BreadcrumbList\",\"@id\":\"https:\\\/\\\/www.eryxfitness.com\\\/pt-br\\\/produto\\\/macebell-ajustavel-lite\\\/#breadcrumb\",\"itemListElement\":[{\"@type\":\"ListItem\",\"position\":1,\"name\":\"Accueil\",\"item\":\"https:\\\/\\\/www.eryxfitness.com\\\/pt-br\\\/inicio\\\/\"},{\"@type\":\"ListItem\",\"position\":2,\"name\":\"Shop\",\"item\":\"https:\\\/\\\/www.eryxfitness.com\\\/pt-br\\\/shop\\\/\"},{\"@type\":\"ListItem\",\"position\":3,\"name\":\"Macebell ajust\u00e1vel 4-14 kg OneMace\u00ae Lite\"}]},{\"@type\":\"WebSite\",\"@id\":\"https:\\\/\\\/www.eryxfitness.com\\\/pt-br\\\/#website\",\"url\":\"https:\\\/\\\/www.eryxfitness.com\\\/pt-br\\\/\",\"name\":\"ERYX FITNESS\",\"description\":\"Adjustable and portable fitness equipment\",\"publisher\":{\"@id\":\"https:\\\/\\\/www.eryxfitness.com\\\/pt-br\\\/#organization\"},\"alternateName\":\"ERYX\",\"potentialAction\":[{\"@type\":\"SearchAction\",\"target\":{\"@type\":\"EntryPoint\",\"urlTemplate\":\"https:\\\/\\\/www.eryxfitness.com\\\/pt-br\\\/?s={search_term_string}\"},\"query-input\":{\"@type\":\"PropertyValueSpecification\",\"valueRequired\":true,\"valueName\":\"search_term_string\"}}],\"inLanguage\":\"pt-BR\"},{\"@type\":\"Organization\",\"@id\":\"https:\\\/\\\/www.eryxfitness.com\\\/pt-br\\\/#organization\",\"name\":\"ERYX FITNESS\",\"alternateName\":\"ERYX\",\"url\":\"https:\\\/\\\/www.eryxfitness.com\\\/pt-br\\\/\",\"logo\":{\"@type\":\"ImageObject\",\"inLanguage\":\"pt-BR\",\"@id\":\"https:\\\/\\\/www.eryxfitness.com\\\/pt-br\\\/#\\\/schema\\\/logo\\\/image\\\/\",\"url\":\"https:\\\/\\\/i0.wp.com\\\/www.eryxfitness.com\\\/wp-content\\\/uploads\\\/2023\\\/06\\\/INSTA.png?fit=2000%2C2000&ssl=1\",\"contentUrl\":\"https:\\\/\\\/i0.wp.com\\\/www.eryxfitness.com\\\/wp-content\\\/uploads\\\/2023\\\/06\\\/INSTA.png?fit=2000%2C2000&ssl=1\",\"width\":2000,\"height\":2000,\"caption\":\"ERYX FITNESS\"},\"image\":{\"@id\":\"https:\\\/\\\/www.eryxfitness.com\\\/pt-br\\\/#\\\/schema\\\/logo\\\/image\\\/\"}}]}<\/script>\n<!-- \/ Yoast SEO plugin. -->","yoast_head_json":{"title":"Macebell ajust\u00e1vel 4-14 kg OneMace\u00ae Lite &#8211; Eryx Fitness","description":"A macebell modular OneMace\u00ae Lite re\u00fane 11 macebells em uma: voc\u00ea economiza espa\u00e7o e dinheiro. Treine em qualquer lugar, a qualquer hora.","robots":{"index":"index","follow":"follow","max-snippet":"max-snippet:-1","max-image-preview":"max-image-preview:large","max-video-preview":"max-video-preview:-1"},"canonical":"https:\/\/www.eryxfitness.com\/pt-br\/produto\/macebell-ajustavel-lite\/","og_locale":"pt_BR","og_type":"article","og_title":"Macebell ajust\u00e1vel 4-14 kg OneMace\u00ae Lite &#8211; Eryx Fitness","og_description":"A macebell modular OneMace\u00ae Lite re\u00fane 11 macebells em uma: voc\u00ea economiza espa\u00e7o e dinheiro. Treine em qualquer lugar, a qualquer hora.","og_url":"https:\/\/www.eryxfitness.com\/pt-br\/produto\/macebell-ajustavel-lite\/","og_site_name":"Eryx Fitness","article_modified_time":"2026-03-22T18:01:17+00:00","og_image":[{"width":1200,"height":1200,"url":"https:\/\/www.eryxfitness.com\/wp-content\/uploads\/2025\/11\/adjustable-macebell-4-14-kg-onemace-lite.webp","type":"image\/webp"}],"twitter_card":"summary_large_image","twitter_misc":{"Est. tempo de leitura":"2 minutos"},"schema":{"@context":"https:\/\/schema.org","@graph":[{"@type":"WebPage","@id":"https:\/\/www.eryxfitness.com\/pt-br\/produto\/macebell-ajustavel-lite\/","url":"https:\/\/www.eryxfitness.com\/pt-br\/produto\/macebell-ajustavel-lite\/","name":"Macebell ajust\u00e1vel 4-14 kg OneMace\u00ae Lite &#8211; Eryx Fitness","isPartOf":{"@id":"https:\/\/www.eryxfitness.com\/pt-br\/#website"},"primaryImageOfPage":{"@id":"https:\/\/www.eryxfitness.com\/pt-br\/produto\/macebell-ajustavel-lite\/#primaryimage"},"image":{"@id":"https:\/\/www.eryxfitness.com\/pt-br\/produto\/macebell-ajustavel-lite\/#primaryimage"},"thumbnailUrl":"https:\/\/www.eryxfitness.com\/wp-content\/uploads\/2025\/11\/adjustable-macebell-4-14-kg-onemace-lite.webp","datePublished":"2025-11-19T15:42:49+00:00","dateModified":"2026-03-22T18:01:17+00:00","description":"A macebell modular OneMace\u00ae Lite re\u00fane 11 macebells em uma: voc\u00ea economiza espa\u00e7o e dinheiro. Treine em qualquer lugar, a qualquer hora.","breadcrumb":{"@id":"https:\/\/www.eryxfitness.com\/pt-br\/produto\/macebell-ajustavel-lite\/#breadcrumb"},"inLanguage":"pt-BR","potentialAction":[{"@type":"ReadAction","target":["https:\/\/www.eryxfitness.com\/pt-br\/produto\/macebell-ajustavel-lite\/"]}]},{"@type":"ImageObject","inLanguage":"pt-BR","@id":"https:\/\/www.eryxfitness.com\/pt-br\/produto\/macebell-ajustavel-lite\/#primaryimage","url":"https:\/\/www.eryxfitness.com\/wp-content\/uploads\/2025\/11\/adjustable-macebell-4-14-kg-onemace-lite.webp","contentUrl":"https:\/\/www.eryxfitness.com\/wp-content\/uploads\/2025\/11\/adjustable-macebell-4-14-kg-onemace-lite.webp","width":1200,"height":1200},{"@type":"BreadcrumbList","@id":"https:\/\/www.eryxfitness.com\/pt-br\/produto\/macebell-ajustavel-lite\/#breadcrumb","itemListElement":[{"@type":"ListItem","position":1,"name":"Accueil","item":"https:\/\/www.eryxfitness.com\/pt-br\/inicio\/"},{"@type":"ListItem","position":2,"name":"Shop","item":"https:\/\/www.eryxfitness.com\/pt-br\/shop\/"},{"@type":"ListItem","position":3,"name":"Macebell ajust\u00e1vel 4-14 kg OneMace\u00ae Lite"}]},{"@type":"WebSite","@id":"https:\/\/www.eryxfitness.com\/pt-br\/#website","url":"https:\/\/www.eryxfitness.com\/pt-br\/","name":"ERYX FITNESS","description":"Adjustable and portable fitness equipment","publisher":{"@id":"https:\/\/www.eryxfitness.com\/pt-br\/#organization"},"alternateName":"ERYX","potentialAction":[{"@type":"SearchAction","target":{"@type":"EntryPoint","urlTemplate":"https:\/\/www.eryxfitness.com\/pt-br\/?s={search_term_string}"},"query-input":{"@type":"PropertyValueSpecification","valueRequired":true,"valueName":"search_term_string"}}],"inLanguage":"pt-BR"},{"@type":"Organization","@id":"https:\/\/www.eryxfitness.com\/pt-br\/#organization","name":"ERYX FITNESS","alternateName":"ERYX","url":"https:\/\/www.eryxfitness.com\/pt-br\/","logo":{"@type":"ImageObject","inLanguage":"pt-BR","@id":"https:\/\/www.eryxfitness.com\/pt-br\/#\/schema\/logo\/image\/","url":"https:\/\/i0.wp.com\/www.eryxfitness.com\/wp-content\/uploads\/2023\/06\/INSTA.png?fit=2000%2C2000&ssl=1","contentUrl":"https:\/\/i0.wp.com\/www.eryxfitness.com\/wp-content\/uploads\/2023\/06\/INSTA.png?fit=2000%2C2000&ssl=1","width":2000,"height":2000,"caption":"ERYX FITNESS"},"image":{"@id":"https:\/\/www.eryxfitness.com\/pt-br\/#\/schema\/logo\/image\/"}}]}},"_links":{"self":[{"href":"https:\/\/www.eryxfitness.com\/pt-br\/wp-json\/wp\/v2\/product\/26456","targetHints":{"allow":["GET"]}}],"collection":[{"href":"https:\/\/www.eryxfitness.com\/pt-br\/wp-json\/wp\/v2\/product"}],"about":[{"href":"https:\/\/www.eryxfitness.com\/pt-br\/wp-json\/wp\/v2\/types\/product"}],"replies":[{"embeddable":true,"href":"https:\/\/www.eryxfitness.com\/pt-br\/wp-json\/wp\/v2\/comments?post=26456"}],"wp:featuredmedia":[{"embeddable":true,"href":"https:\/\/www.eryxfitness.com\/pt-br\/wp-json\/wp\/v2\/media\/26479"}],"wp:attachment":[{"href":"https:\/\/www.eryxfitness.com\/pt-br\/wp-json\/wp\/v2\/media?parent=26456"}],"wp:term":[{"taxonomy":"product_brand","embeddable":true,"href":"https:\/\/www.eryxfitness.com\/pt-br\/wp-json\/wp\/v2\/product_brand?post=26456"},{"taxonomy":"product_cat","embeddable":true,"href":"https:\/\/www.eryxfitness.com\/pt-br\/wp-json\/wp\/v2\/product_cat?post=26456"},{"taxonomy":"product_tag","embeddable":true,"href":"https:\/\/www.eryxfitness.com\/pt-br\/wp-json\/wp\/v2\/product_tag?post=26456"}],"curies":[{"name":"wp","href":"https:\/\/api.w.org\/{rel}","templated":true}]}}