{"id":26691,"date":"2025-11-23T14:03:46","date_gmt":"2025-11-23T13:03:46","guid":{"rendered":"https:\/\/www.eryxfitness.com\/produit\/pack-strong-v2\/"},"modified":"2025-11-23T14:20:18","modified_gmt":"2025-11-23T13:20:18","slug":"pack-strong-v2","status":"publish","type":"product","link":"https:\/\/www.eryxfitness.com\/pt-br\/produto\/pack-strong-v2\/","title":{"rendered":"Pack Strong V2"},"content":{"rendered":"","protected":false},"excerpt":{"rendered":"<p>O <strong data-start=\"342\" data-end=\"360\">Strong Pack V2<\/strong> re\u00fane as ferramentas essenciais para o desenvolvimento de <strong data-start=\"406\" data-end=\"438\">for\u00e7a, pot\u00eancia e controle<\/strong> por meio de movimentos completos e funcionais.<br data-start=\"489\" data-end=\"492\" \/>Inclui <strong data-start=\"504\" data-end=\"540\">2 kettlebells hardstyle de 12 a 32 kg<\/strong>, <strong data-start=\"542\" data-end=\"565\" data-is-only-node=\"\">2 clubbells de 6 a 16 kg<\/strong> e <strong data-start=\"569\" data-end=\"591\">1 macebell de 4 a 14 kg<\/strong>, para que voc\u00ea ultrapasse seus limites e desenvolva uma for\u00e7a s\u00f3lida e duradoura.<br data-start=\"702\" data-end=\"705\" \/>Projetado para aqueles que treinam com padr\u00f5es exigentes, este pacote d\u00e1 a voc\u00ea a liberdade de <strong data-start=\"783\" data-end=\"832\">variar cargas, \u00e2ngulos e alavancas<\/strong> e trabalhar o corpo em todo o seu potencial.<\/p>\n","protected":false},"featured_media":26684,"comment_status":"closed","ping_status":"closed","template":"","meta":{"_monsterinsights_skip_tracking":false,"_monsterinsights_sitenote_active":false,"_monsterinsights_sitenote_note":"","_monsterinsights_sitenote_category":0},"product_brand":[],"product_cat":[218],"product_tag":[],"class_list":{"0":"post-26691","1":"product","2":"type-product","3":"status-publish","4":"has-post-thumbnail","6":"product_cat-packs","8":"first","9":"outofstock","10":"taxable","11":"shipping-taxable","12":"purchasable","13":"product-type-woosb"},"yoast_head":"<!-- This site is optimized with the Yoast SEO plugin v27.3 - https:\/\/yoast.com\/product\/yoast-seo-wordpress\/ -->\n<title>Pack Strong V2 &#8211; Eryx Fitness<\/title>\n<meta name=\"robots\" content=\"index, follow, max-snippet:-1, max-image-preview:large, max-video-preview:-1\" \/>\n<link rel=\"canonical\" href=\"https:\/\/www.eryxfitness.com\/pt-br\/produto\/pack-strong-v2\/\" \/>\n<meta property=\"og:locale\" content=\"pt_BR\" \/>\n<meta property=\"og:type\" content=\"article\" \/>\n<meta property=\"og:title\" content=\"Pack Strong V2 &#8211; Eryx Fitness\" \/>\n<meta property=\"og:description\" content=\"O Strong Pack V2 re\u00fane as ferramentas essenciais para o desenvolvimento de for\u00e7a, pot\u00eancia e controle por meio de movimentos completos e funcionais.Inclui 2 kettlebells hardstyle de 12 a 32 kg, 2 clubbells de 6 a 16 kg e 1 macebell de 4 a 14 kg, para que voc\u00ea ultrapasse seus limites e desenvolva uma for\u00e7a s\u00f3lida e duradoura.Projetado para aqueles que treinam com padr\u00f5es exigentes, este pacote d\u00e1 a voc\u00ea a liberdade de variar cargas, \u00e2ngulos e alavancas e trabalhar o corpo em todo o seu potencial.\" \/>\n<meta property=\"og:url\" content=\"https:\/\/www.eryxfitness.com\/pt-br\/produto\/pack-strong-v2\/\" \/>\n<meta property=\"og:site_name\" content=\"Eryx Fitness\" \/>\n<meta property=\"article:modified_time\" content=\"2025-11-23T13:20:18+00:00\" \/>\n<meta property=\"og:image\" content=\"https:\/\/www.eryxfitness.com\/wp-content\/uploads\/2025\/11\/PACK-STRONG-V2-2.webp\" \/>\n\t<meta property=\"og:image:width\" content=\"936\" \/>\n\t<meta property=\"og:image:height\" content=\"935\" \/>\n\t<meta property=\"og:image:type\" content=\"image\/webp\" \/>\n<meta name=\"twitter:card\" content=\"summary_large_image\" \/>\n<meta name=\"twitter:label1\" content=\"Est. tempo de leitura\" \/>\n\t<meta name=\"twitter:data1\" content=\"1 minuto\" \/>\n<script type=\"application\/ld+json\" class=\"yoast-schema-graph\">{\"@context\":\"https:\\\/\\\/schema.org\",\"@graph\":[{\"@type\":\"WebPage\",\"@id\":\"https:\\\/\\\/www.eryxfitness.com\\\/pt-br\\\/produto\\\/pack-strong-v2\\\/\",\"url\":\"https:\\\/\\\/www.eryxfitness.com\\\/pt-br\\\/produto\\\/pack-strong-v2\\\/\",\"name\":\"Pack Strong V2 &#8211; Eryx Fitness\",\"isPartOf\":{\"@id\":\"https:\\\/\\\/www.eryxfitness.com\\\/pt-br\\\/#website\"},\"primaryImageOfPage\":{\"@id\":\"https:\\\/\\\/www.eryxfitness.com\\\/pt-br\\\/produto\\\/pack-strong-v2\\\/#primaryimage\"},\"image\":{\"@id\":\"https:\\\/\\\/www.eryxfitness.com\\\/pt-br\\\/produto\\\/pack-strong-v2\\\/#primaryimage\"},\"thumbnailUrl\":\"https:\\\/\\\/www.eryxfitness.com\\\/wp-content\\\/uploads\\\/2025\\\/11\\\/PACK-STRONG-V2-2.webp\",\"datePublished\":\"2025-11-23T13:03:46+00:00\",\"dateModified\":\"2025-11-23T13:20:18+00:00\",\"breadcrumb\":{\"@id\":\"https:\\\/\\\/www.eryxfitness.com\\\/pt-br\\\/produto\\\/pack-strong-v2\\\/#breadcrumb\"},\"inLanguage\":\"pt-BR\",\"potentialAction\":[{\"@type\":\"ReadAction\",\"target\":[\"https:\\\/\\\/www.eryxfitness.com\\\/pt-br\\\/produto\\\/pack-strong-v2\\\/\"]}]},{\"@type\":\"ImageObject\",\"inLanguage\":\"pt-BR\",\"@id\":\"https:\\\/\\\/www.eryxfitness.com\\\/pt-br\\\/produto\\\/pack-strong-v2\\\/#primaryimage\",\"url\":\"https:\\\/\\\/www.eryxfitness.com\\\/wp-content\\\/uploads\\\/2025\\\/11\\\/PACK-STRONG-V2-2.webp\",\"contentUrl\":\"https:\\\/\\\/www.eryxfitness.com\\\/wp-content\\\/uploads\\\/2025\\\/11\\\/PACK-STRONG-V2-2.webp\",\"width\":936,\"height\":935},{\"@type\":\"BreadcrumbList\",\"@id\":\"https:\\\/\\\/www.eryxfitness.com\\\/pt-br\\\/produto\\\/pack-strong-v2\\\/#breadcrumb\",\"itemListElement\":[{\"@type\":\"ListItem\",\"position\":1,\"name\":\"Accueil\",\"item\":\"https:\\\/\\\/www.eryxfitness.com\\\/pt-br\\\/inicio\\\/\"},{\"@type\":\"ListItem\",\"position\":2,\"name\":\"Shop\",\"item\":\"https:\\\/\\\/www.eryxfitness.com\\\/pt-br\\\/shop\\\/\"},{\"@type\":\"ListItem\",\"position\":3,\"name\":\"Pack Strong V2\"}]},{\"@type\":\"WebSite\",\"@id\":\"https:\\\/\\\/www.eryxfitness.com\\\/pt-br\\\/#website\",\"url\":\"https:\\\/\\\/www.eryxfitness.com\\\/pt-br\\\/\",\"name\":\"ERYX FITNESS\",\"description\":\"Adjustable and portable fitness equipment\",\"publisher\":{\"@id\":\"https:\\\/\\\/www.eryxfitness.com\\\/pt-br\\\/#organization\"},\"alternateName\":\"ERYX\",\"potentialAction\":[{\"@type\":\"SearchAction\",\"target\":{\"@type\":\"EntryPoint\",\"urlTemplate\":\"https:\\\/\\\/www.eryxfitness.com\\\/pt-br\\\/?s={search_term_string}\"},\"query-input\":{\"@type\":\"PropertyValueSpecification\",\"valueRequired\":true,\"valueName\":\"search_term_string\"}}],\"inLanguage\":\"pt-BR\"},{\"@type\":\"Organization\",\"@id\":\"https:\\\/\\\/www.eryxfitness.com\\\/pt-br\\\/#organization\",\"name\":\"ERYX FITNESS\",\"alternateName\":\"ERYX\",\"url\":\"https:\\\/\\\/www.eryxfitness.com\\\/pt-br\\\/\",\"logo\":{\"@type\":\"ImageObject\",\"inLanguage\":\"pt-BR\",\"@id\":\"https:\\\/\\\/www.eryxfitness.com\\\/pt-br\\\/#\\\/schema\\\/logo\\\/image\\\/\",\"url\":\"https:\\\/\\\/i0.wp.com\\\/www.eryxfitness.com\\\/wp-content\\\/uploads\\\/2023\\\/06\\\/INSTA.png?fit=2000%2C2000&ssl=1\",\"contentUrl\":\"https:\\\/\\\/i0.wp.com\\\/www.eryxfitness.com\\\/wp-content\\\/uploads\\\/2023\\\/06\\\/INSTA.png?fit=2000%2C2000&ssl=1\",\"width\":2000,\"height\":2000,\"caption\":\"ERYX FITNESS\"},\"image\":{\"@id\":\"https:\\\/\\\/www.eryxfitness.com\\\/pt-br\\\/#\\\/schema\\\/logo\\\/image\\\/\"}}]}<\/script>\n<!-- \/ Yoast SEO plugin. -->","yoast_head_json":{"title":"Pack Strong V2 &#8211; Eryx Fitness","robots":{"index":"index","follow":"follow","max-snippet":"max-snippet:-1","max-image-preview":"max-image-preview:large","max-video-preview":"max-video-preview:-1"},"canonical":"https:\/\/www.eryxfitness.com\/pt-br\/produto\/pack-strong-v2\/","og_locale":"pt_BR","og_type":"article","og_title":"Pack Strong V2 &#8211; Eryx Fitness","og_description":"O Strong Pack V2 re\u00fane as ferramentas essenciais para o desenvolvimento de for\u00e7a, pot\u00eancia e controle por meio de movimentos completos e funcionais.Inclui 2 kettlebells hardstyle de 12 a 32 kg, 2 clubbells de 6 a 16 kg e 1 macebell de 4 a 14 kg, para que voc\u00ea ultrapasse seus limites e desenvolva uma for\u00e7a s\u00f3lida e duradoura.Projetado para aqueles que treinam com padr\u00f5es exigentes, este pacote d\u00e1 a voc\u00ea a liberdade de variar cargas, \u00e2ngulos e alavancas e trabalhar o corpo em todo o seu potencial.","og_url":"https:\/\/www.eryxfitness.com\/pt-br\/produto\/pack-strong-v2\/","og_site_name":"Eryx Fitness","article_modified_time":"2025-11-23T13:20:18+00:00","og_image":[{"width":936,"height":935,"url":"https:\/\/www.eryxfitness.com\/wp-content\/uploads\/2025\/11\/PACK-STRONG-V2-2.webp","type":"image\/webp"}],"twitter_card":"summary_large_image","twitter_misc":{"Est. tempo de leitura":"1 minuto"},"schema":{"@context":"https:\/\/schema.org","@graph":[{"@type":"WebPage","@id":"https:\/\/www.eryxfitness.com\/pt-br\/produto\/pack-strong-v2\/","url":"https:\/\/www.eryxfitness.com\/pt-br\/produto\/pack-strong-v2\/","name":"Pack Strong V2 &#8211; Eryx Fitness","isPartOf":{"@id":"https:\/\/www.eryxfitness.com\/pt-br\/#website"},"primaryImageOfPage":{"@id":"https:\/\/www.eryxfitness.com\/pt-br\/produto\/pack-strong-v2\/#primaryimage"},"image":{"@id":"https:\/\/www.eryxfitness.com\/pt-br\/produto\/pack-strong-v2\/#primaryimage"},"thumbnailUrl":"https:\/\/www.eryxfitness.com\/wp-content\/uploads\/2025\/11\/PACK-STRONG-V2-2.webp","datePublished":"2025-11-23T13:03:46+00:00","dateModified":"2025-11-23T13:20:18+00:00","breadcrumb":{"@id":"https:\/\/www.eryxfitness.com\/pt-br\/produto\/pack-strong-v2\/#breadcrumb"},"inLanguage":"pt-BR","potentialAction":[{"@type":"ReadAction","target":["https:\/\/www.eryxfitness.com\/pt-br\/produto\/pack-strong-v2\/"]}]},{"@type":"ImageObject","inLanguage":"pt-BR","@id":"https:\/\/www.eryxfitness.com\/pt-br\/produto\/pack-strong-v2\/#primaryimage","url":"https:\/\/www.eryxfitness.com\/wp-content\/uploads\/2025\/11\/PACK-STRONG-V2-2.webp","contentUrl":"https:\/\/www.eryxfitness.com\/wp-content\/uploads\/2025\/11\/PACK-STRONG-V2-2.webp","width":936,"height":935},{"@type":"BreadcrumbList","@id":"https:\/\/www.eryxfitness.com\/pt-br\/produto\/pack-strong-v2\/#breadcrumb","itemListElement":[{"@type":"ListItem","position":1,"name":"Accueil","item":"https:\/\/www.eryxfitness.com\/pt-br\/inicio\/"},{"@type":"ListItem","position":2,"name":"Shop","item":"https:\/\/www.eryxfitness.com\/pt-br\/shop\/"},{"@type":"ListItem","position":3,"name":"Pack Strong V2"}]},{"@type":"WebSite","@id":"https:\/\/www.eryxfitness.com\/pt-br\/#website","url":"https:\/\/www.eryxfitness.com\/pt-br\/","name":"ERYX FITNESS","description":"Adjustable and portable fitness equipment","publisher":{"@id":"https:\/\/www.eryxfitness.com\/pt-br\/#organization"},"alternateName":"ERYX","potentialAction":[{"@type":"SearchAction","target":{"@type":"EntryPoint","urlTemplate":"https:\/\/www.eryxfitness.com\/pt-br\/?s={search_term_string}"},"query-input":{"@type":"PropertyValueSpecification","valueRequired":true,"valueName":"search_term_string"}}],"inLanguage":"pt-BR"},{"@type":"Organization","@id":"https:\/\/www.eryxfitness.com\/pt-br\/#organization","name":"ERYX FITNESS","alternateName":"ERYX","url":"https:\/\/www.eryxfitness.com\/pt-br\/","logo":{"@type":"ImageObject","inLanguage":"pt-BR","@id":"https:\/\/www.eryxfitness.com\/pt-br\/#\/schema\/logo\/image\/","url":"https:\/\/i0.wp.com\/www.eryxfitness.com\/wp-content\/uploads\/2023\/06\/INSTA.png?fit=2000%2C2000&ssl=1","contentUrl":"https:\/\/i0.wp.com\/www.eryxfitness.com\/wp-content\/uploads\/2023\/06\/INSTA.png?fit=2000%2C2000&ssl=1","width":2000,"height":2000,"caption":"ERYX FITNESS"},"image":{"@id":"https:\/\/www.eryxfitness.com\/pt-br\/#\/schema\/logo\/image\/"}}]}},"_links":{"self":[{"href":"https:\/\/www.eryxfitness.com\/pt-br\/wp-json\/wp\/v2\/product\/26691","targetHints":{"allow":["GET"]}}],"collection":[{"href":"https:\/\/www.eryxfitness.com\/pt-br\/wp-json\/wp\/v2\/product"}],"about":[{"href":"https:\/\/www.eryxfitness.com\/pt-br\/wp-json\/wp\/v2\/types\/product"}],"replies":[{"embeddable":true,"href":"https:\/\/www.eryxfitness.com\/pt-br\/wp-json\/wp\/v2\/comments?post=26691"}],"wp:featuredmedia":[{"embeddable":true,"href":"https:\/\/www.eryxfitness.com\/pt-br\/wp-json\/wp\/v2\/media\/26684"}],"wp:attachment":[{"href":"https:\/\/www.eryxfitness.com\/pt-br\/wp-json\/wp\/v2\/media?parent=26691"}],"wp:term":[{"taxonomy":"product_brand","embeddable":true,"href":"https:\/\/www.eryxfitness.com\/pt-br\/wp-json\/wp\/v2\/product_brand?post=26691"},{"taxonomy":"product_cat","embeddable":true,"href":"https:\/\/www.eryxfitness.com\/pt-br\/wp-json\/wp\/v2\/product_cat?post=26691"},{"taxonomy":"product_tag","embeddable":true,"href":"https:\/\/www.eryxfitness.com\/pt-br\/wp-json\/wp\/v2\/product_tag?post=26691"}],"curies":[{"name":"wp","href":"https:\/\/api.w.org\/{rel}","templated":true}]}}